{"id":1066,"date":"2019-01-20T00:36:07","date_gmt":"2019-01-20T02:36:07","guid":{"rendered":"http:\/\/www.abennacional.org.br\/validacao\/?page_id=1066"},"modified":"2019-02-20T00:06:44","modified_gmt":"2019-02-20T03:06:44","slug":"associe-se","status":"publish","type":"page","link":"https:\/\/www.abennacional.org.br\/site\/associe-se\/","title":{"rendered":"Associe-se"},"content":{"rendered":"\n<p><\/p>\n\n\n\n<figure class=\"wp-block-image\"><img loading=\"lazy\" width=\"1024\" height=\"360\" src=\"http:\/\/www.abennacional.org.br\/validacao\/wp-content\/uploads\/2019\/02\/pag_associe_se-1024x360.png\" alt=\"\" class=\"wp-image-2227\" srcset=\"https:\/\/www.abennacional.org.br\/site\/wp-content\/uploads\/2019\/02\/pag_associe_se-1024x360.png 1024w, https:\/\/www.abennacional.org.br\/site\/wp-content\/uploads\/2019\/02\/pag_associe_se-300x105.png 300w, https:\/\/www.abennacional.org.br\/site\/wp-content\/uploads\/2019\/02\/pag_associe_se-768x270.png 768w, https:\/\/www.abennacional.org.br\/site\/wp-content\/uploads\/2019\/02\/pag_associe_se.png 1278w\" sizes=\"(max-width: 1024px) 100vw, 1024px\" \/><\/figure>\n\n\n\n<p><br><strong>COMO ASSOCIAR-SE?<\/strong><br><br>Para associar-se \u00e0 ABEn basta entrar em contato com a Se\u00e7\u00e3o do seu  estado ou,  quando for o caso, no estado que tenha a ABEn mais pr\u00f3xima.<\/p>\n\n\n\n<p><br>Para entrar em contato com a se\u00e7\u00e3o do seu estado <a href=\"https:\/\/www.abennacional.org.br\/site\/encontre-a-aben\/\">clique aqui<\/a>.<\/p>\n\n\n\n<p><br>A ABEn Nacional recomenda que antes de solicitar maiores informa\u00e7\u00f5es, o interessado leia o <a href=\"https:\/\/www.abennacional.org.br\/site\/estatuto-2\/\">Estatuto <\/a>da ABEn.<\/p>\n\n\n\n<p><br><\/p>\n","protected":false},"excerpt":{"rendered":"<p>COMO ASSOCIAR-SE? Para associar-se \u00e0 ABEn basta entrar em contato com a Se\u00e7\u00e3o do seu estado ou, quando for o caso, no estado que tenha a ABEn mais pr\u00f3xima. Para entrar em contato com a se\u00e7\u00e3o do seu estado clique aqui. A ABEn Nacional recomenda que antes de solicitar maiores informa\u00e7\u00f5es, o interessado leia o [&hellip;]<\/p>\n","protected":false},"author":1,"featured_media":0,"parent":0,"menu_order":0,"comment_status":"closed","ping_status":"closed","template":"","meta":{"spay_email":""},"yoast_head":"<!-- This site is optimized with the Yoast SEO plugin v18.3 - https:\/\/yoast.com\/wordpress\/plugins\/seo\/ -->\n<title>Associe-se - ABEn Nacional<\/title>\n<meta name=\"robots\" content=\"index, follow, max-snippet:-1, max-image-preview:large, max-video-preview:-1\" \/>\n<link rel=\"canonical\" href=\"https:\/\/www.abennacional.org.br\/site\/associe-se\/\" \/>\n<meta property=\"og:locale\" content=\"pt_BR\" \/>\n<meta property=\"og:type\" content=\"article\" \/>\n<meta property=\"og:title\" content=\"Associe-se - ABEn Nacional\" \/>\n<meta property=\"og:description\" content=\"COMO ASSOCIAR-SE? Para associar-se \u00e0 ABEn basta entrar em contato com a Se\u00e7\u00e3o do seu estado ou, quando for o caso, no estado que tenha a ABEn mais pr\u00f3xima. Para entrar em contato com a se\u00e7\u00e3o do seu estado clique aqui. A ABEn Nacional recomenda que antes de solicitar maiores informa\u00e7\u00f5es, o interessado leia o [&hellip;]\" \/>\n<meta property=\"og:url\" content=\"https:\/\/www.abennacional.org.br\/site\/associe-se\/\" \/>\n<meta property=\"og:site_name\" content=\"ABEn Nacional\" \/>\n<meta property=\"article:publisher\" content=\"https:\/\/www.facebook.com\/ABEn-Nacional-202551919840028\/\" \/>\n<meta property=\"article:modified_time\" content=\"2019-02-20T03:06:44+00:00\" \/>\n<meta property=\"og:image\" content=\"http:\/\/www.abennacional.org.br\/validacao\/wp-content\/uploads\/2019\/02\/pag_associe_se-1024x360.png\" \/>\n<meta name=\"twitter:card\" content=\"summary_large_image\" \/>\n<script type=\"application\/ld+json\" class=\"yoast-schema-graph\">{\"@context\":\"https:\/\/schema.org\",\"@graph\":[{\"@type\":\"Organization\",\"@id\":\"https:\/\/www.abennacional.org.br\/site\/#organization\",\"name\":\"ABEn Nacional\",\"url\":\"https:\/\/www.abennacional.org.br\/site\/\",\"sameAs\":[\"https:\/\/www.facebook.com\/ABEn-Nacional-202551919840028\/\",\"https:\/\/br.linkedin.com\/in\/aben-nacional-42385511b\",\"https:\/\/www.youtube.com\/watch?v=m8cvAUgypCI\"],\"logo\":{\"@type\":\"ImageObject\",\"@id\":\"https:\/\/www.abennacional.org.br\/site\/#logo\",\"inLanguage\":\"pt-BR\",\"url\":\"https:\/\/www.abennacional.org.br\/site\/wp-content\/uploads\/2018\/12\/logoaben_grande-2.png\",\"contentUrl\":\"https:\/\/www.abennacional.org.br\/site\/wp-content\/uploads\/2018\/12\/logoaben_grande-2.png\",\"width\":410,\"height\":139,\"caption\":\"ABEn Nacional\"},\"image\":{\"@id\":\"https:\/\/www.abennacional.org.br\/site\/#logo\"}},{\"@type\":\"WebSite\",\"@id\":\"https:\/\/www.abennacional.org.br\/site\/#website\",\"url\":\"https:\/\/www.abennacional.org.br\/site\/\",\"name\":\"ABEn Nacional\",\"description\":\"Associa\u00e7\u00e3o Brasileira de Enfermagem\",\"publisher\":{\"@id\":\"https:\/\/www.abennacional.org.br\/site\/#organization\"},\"potentialAction\":[{\"@type\":\"SearchAction\",\"target\":{\"@type\":\"EntryPoint\",\"urlTemplate\":\"https:\/\/www.abennacional.org.br\/site\/?s={search_term_string}\"},\"query-input\":\"required name=search_term_string\"}],\"inLanguage\":\"pt-BR\"},{\"@type\":\"ImageObject\",\"@id\":\"https:\/\/www.abennacional.org.br\/site\/associe-se\/#primaryimage\",\"inLanguage\":\"pt-BR\",\"url\":\"http:\/\/www.abennacional.org.br\/validacao\/wp-content\/uploads\/2019\/02\/pag_associe_se-1024x360.png\",\"contentUrl\":\"http:\/\/www.abennacional.org.br\/validacao\/wp-content\/uploads\/2019\/02\/pag_associe_se-1024x360.png\"},{\"@type\":\"WebPage\",\"@id\":\"https:\/\/www.abennacional.org.br\/site\/associe-se\/#webpage\",\"url\":\"https:\/\/www.abennacional.org.br\/site\/associe-se\/\",\"name\":\"Associe-se - ABEn Nacional\",\"isPartOf\":{\"@id\":\"https:\/\/www.abennacional.org.br\/site\/#website\"},\"primaryImageOfPage\":{\"@id\":\"https:\/\/www.abennacional.org.br\/site\/associe-se\/#primaryimage\"},\"datePublished\":\"2019-01-20T02:36:07+00:00\",\"dateModified\":\"2019-02-20T03:06:44+00:00\",\"breadcrumb\":{\"@id\":\"https:\/\/www.abennacional.org.br\/site\/associe-se\/#breadcrumb\"},\"inLanguage\":\"pt-BR\",\"potentialAction\":[{\"@type\":\"ReadAction\",\"target\":[\"https:\/\/www.abennacional.org.br\/site\/associe-se\/\"]}]},{\"@type\":\"BreadcrumbList\",\"@id\":\"https:\/\/www.abennacional.org.br\/site\/associe-se\/#breadcrumb\",\"itemListElement\":[{\"@type\":\"ListItem\",\"position\":1,\"name\":\"In\u00edcio\",\"item\":\"https:\/\/www.abennacional.org.br\/site\/\"},{\"@type\":\"ListItem\",\"position\":2,\"name\":\"Associe-se\"}]}]}<\/script>\n<!-- \/ Yoast SEO plugin. -->","yoast_head_json":{"title":"Associe-se - ABEn Nacional","robots":{"index":"index","follow":"follow","max-snippet":"max-snippet:-1","max-image-preview":"max-image-preview:large","max-video-preview":"max-video-preview:-1"},"canonical":"https:\/\/www.abennacional.org.br\/site\/associe-se\/","og_locale":"pt_BR","og_type":"article","og_title":"Associe-se - ABEn Nacional","og_description":"COMO ASSOCIAR-SE? Para associar-se \u00e0 ABEn basta entrar em contato com a Se\u00e7\u00e3o do seu estado ou, quando for o caso, no estado que tenha a ABEn mais pr\u00f3xima. Para entrar em contato com a se\u00e7\u00e3o do seu estado clique aqui. A ABEn Nacional recomenda que antes de solicitar maiores informa\u00e7\u00f5es, o interessado leia o [&hellip;]","og_url":"https:\/\/www.abennacional.org.br\/site\/associe-se\/","og_site_name":"ABEn Nacional","article_publisher":"https:\/\/www.facebook.com\/ABEn-Nacional-202551919840028\/","article_modified_time":"2019-02-20T03:06:44+00:00","og_image":[{"url":"http:\/\/www.abennacional.org.br\/validacao\/wp-content\/uploads\/2019\/02\/pag_associe_se-1024x360.png"}],"twitter_card":"summary_large_image","schema":{"@context":"https:\/\/schema.org","@graph":[{"@type":"Organization","@id":"https:\/\/www.abennacional.org.br\/site\/#organization","name":"ABEn Nacional","url":"https:\/\/www.abennacional.org.br\/site\/","sameAs":["https:\/\/www.facebook.com\/ABEn-Nacional-202551919840028\/","https:\/\/br.linkedin.com\/in\/aben-nacional-42385511b","https:\/\/www.youtube.com\/watch?v=m8cvAUgypCI"],"logo":{"@type":"ImageObject","@id":"https:\/\/www.abennacional.org.br\/site\/#logo","inLanguage":"pt-BR","url":"https:\/\/www.abennacional.org.br\/site\/wp-content\/uploads\/2018\/12\/logoaben_grande-2.png","contentUrl":"https:\/\/www.abennacional.org.br\/site\/wp-content\/uploads\/2018\/12\/logoaben_grande-2.png","width":410,"height":139,"caption":"ABEn Nacional"},"image":{"@id":"https:\/\/www.abennacional.org.br\/site\/#logo"}},{"@type":"WebSite","@id":"https:\/\/www.abennacional.org.br\/site\/#website","url":"https:\/\/www.abennacional.org.br\/site\/","name":"ABEn Nacional","description":"Associa\u00e7\u00e3o Brasileira de Enfermagem","publisher":{"@id":"https:\/\/www.abennacional.org.br\/site\/#organization"},"potentialAction":[{"@type":"SearchAction","target":{"@type":"EntryPoint","urlTemplate":"https:\/\/www.abennacional.org.br\/site\/?s={search_term_string}"},"query-input":"required name=search_term_string"}],"inLanguage":"pt-BR"},{"@type":"ImageObject","@id":"https:\/\/www.abennacional.org.br\/site\/associe-se\/#primaryimage","inLanguage":"pt-BR","url":"http:\/\/www.abennacional.org.br\/validacao\/wp-content\/uploads\/2019\/02\/pag_associe_se-1024x360.png","contentUrl":"http:\/\/www.abennacional.org.br\/validacao\/wp-content\/uploads\/2019\/02\/pag_associe_se-1024x360.png"},{"@type":"WebPage","@id":"https:\/\/www.abennacional.org.br\/site\/associe-se\/#webpage","url":"https:\/\/www.abennacional.org.br\/site\/associe-se\/","name":"Associe-se - ABEn Nacional","isPartOf":{"@id":"https:\/\/www.abennacional.org.br\/site\/#website"},"primaryImageOfPage":{"@id":"https:\/\/www.abennacional.org.br\/site\/associe-se\/#primaryimage"},"datePublished":"2019-01-20T02:36:07+00:00","dateModified":"2019-02-20T03:06:44+00:00","breadcrumb":{"@id":"https:\/\/www.abennacional.org.br\/site\/associe-se\/#breadcrumb"},"inLanguage":"pt-BR","potentialAction":[{"@type":"ReadAction","target":["https:\/\/www.abennacional.org.br\/site\/associe-se\/"]}]},{"@type":"BreadcrumbList","@id":"https:\/\/www.abennacional.org.br\/site\/associe-se\/#breadcrumb","itemListElement":[{"@type":"ListItem","position":1,"name":"In\u00edcio","item":"https:\/\/www.abennacional.org.br\/site\/"},{"@type":"ListItem","position":2,"name":"Associe-se"}]}]}},"jetpack_sharing_enabled":true,"jetpack_shortlink":"https:\/\/wp.me\/PaUzFo-hc","_links":{"self":[{"href":"https:\/\/www.abennacional.org.br\/site\/wp-json\/wp\/v2\/pages\/1066"}],"collection":[{"href":"https:\/\/www.abennacional.org.br\/site\/wp-json\/wp\/v2\/pages"}],"about":[{"href":"https:\/\/www.abennacional.org.br\/site\/wp-json\/wp\/v2\/types\/page"}],"author":[{"embeddable":true,"href":"https:\/\/www.abennacional.org.br\/site\/wp-json\/wp\/v2\/users\/1"}],"replies":[{"embeddable":true,"href":"https:\/\/www.abennacional.org.br\/site\/wp-json\/wp\/v2\/comments?post=1066"}],"version-history":[{"count":8,"href":"https:\/\/www.abennacional.org.br\/site\/wp-json\/wp\/v2\/pages\/1066\/revisions"}],"predecessor-version":[{"id":2422,"href":"https:\/\/www.abennacional.org.br\/site\/wp-json\/wp\/v2\/pages\/1066\/revisions\/2422"}],"wp:attachment":[{"href":"https:\/\/www.abennacional.org.br\/site\/wp-json\/wp\/v2\/media?parent=1066"}],"curies":[{"name":"wp","href":"https:\/\/api.w.org\/{rel}","templated":true}]}}