{"id":11288,"date":"2021-07-28T16:55:21","date_gmt":"2021-07-28T19:55:21","guid":{"rendered":"https:\/\/www.abennacional.org.br\/site\/?page_id=11288"},"modified":"2021-08-17T15:10:13","modified_gmt":"2021-08-17T18:10:13","slug":"lives-da-presidente","status":"publish","type":"page","link":"https:\/\/www.abennacional.org.br\/site\/lives-da-presidente\/","title":{"rendered":"Lives da Presidente"},"content":{"rendered":"\n<p>\u2022 Presidente da ABEn Nacional Profa. Sonia Acioli participa da cerim\u00f4nia de Lan\u00e7amento da Alian\u00e7a Nacional para o Parto Seguro e Respeitoso.<br><a href=\"https:\/\/youtube.com\/sobrasp\" target=\"_blank\" rel=\"noreferrer noopener\">https:\/\/youtube.com\/sobrasp<\/a><br><br>\u2022 ABEn Nacional 95 anos &#8211; &#8220;Protagonismo da ABEn nas Lutas pelo Direito \u00e0 Sa\u00fade, Educa\u00e7\u00e3o e Trabalho&#8221;<br><a href=\"https:\/\/youtu.be\/E3hhWsfw9wE\" target=\"_blank\" rel=\"noreferrer noopener\">https:\/\/youtu.be\/E3hhWsfw9wE<\/a><br><br>\u2022 CPI DA COVID. Vacina no SUS J\u00e1! <br><a href=\"https:\/\/www.instagram.com\/p\/CRjXSf_HjBf\/\" target=\"_blank\" rel=\"noreferrer noopener\">https:\/\/www.instagram.com\/p\/CRjXSf_HjBf\/<\/a><br><br>\u2022 Valorizar a Enfermagem \u00e9 Valorizar o SUS.<br><a href=\"https:\/\/fb.watch\/70fqA6sK4A\/\" target=\"_blank\" rel=\"noreferrer noopener\">https:\/\/fb.watch\/70fqA6sK4A\/<\/a><\/p>\n","protected":false},"excerpt":{"rendered":"<p>\u2022 Presidente da ABEn Nacional Profa. Sonia Acioli participa da cerim\u00f4nia de Lan\u00e7amento da Alian\u00e7a Nacional para o Parto Seguro e Respeitoso.https:\/\/youtube.com\/sobrasp \u2022 ABEn Nacional 95 anos &#8211; &#8220;Protagonismo da ABEn nas Lutas pelo Direito \u00e0 Sa\u00fade, Educa\u00e7\u00e3o e Trabalho&#8221;https:\/\/youtu.be\/E3hhWsfw9wE \u2022 CPI DA COVID. Vacina no SUS J\u00e1! https:\/\/www.instagram.com\/p\/CRjXSf_HjBf\/ \u2022 Valorizar a Enfermagem \u00e9 Valorizar [&hellip;]<\/p>\n","protected":false},"author":1,"featured_media":0,"parent":0,"menu_order":0,"comment_status":"closed","ping_status":"closed","template":"","meta":{"spay_email":""},"yoast_head":"<!-- This site is optimized with the Yoast SEO plugin v18.3 - https:\/\/yoast.com\/wordpress\/plugins\/seo\/ -->\n<title>Lives da Presidente - ABEn Nacional<\/title>\n<meta name=\"robots\" content=\"index, follow, max-snippet:-1, max-image-preview:large, max-video-preview:-1\" \/>\n<link rel=\"canonical\" href=\"https:\/\/www.abennacional.org.br\/site\/lives-da-presidente\/\" \/>\n<meta property=\"og:locale\" content=\"pt_BR\" \/>\n<meta property=\"og:type\" content=\"article\" \/>\n<meta property=\"og:title\" content=\"Lives da Presidente - ABEn Nacional\" \/>\n<meta property=\"og:description\" content=\"\u2022 Presidente da ABEn Nacional Profa. Sonia Acioli participa da cerim\u00f4nia de Lan\u00e7amento da Alian\u00e7a Nacional para o Parto Seguro e Respeitoso.https:\/\/youtube.com\/sobrasp \u2022 ABEn Nacional 95 anos &#8211; &#8220;Protagonismo da ABEn nas Lutas pelo Direito \u00e0 Sa\u00fade, Educa\u00e7\u00e3o e Trabalho&#8221;https:\/\/youtu.be\/E3hhWsfw9wE \u2022 CPI DA COVID. Vacina no SUS J\u00e1! https:\/\/www.instagram.com\/p\/CRjXSf_HjBf\/ \u2022 Valorizar a Enfermagem \u00e9 Valorizar [&hellip;]\" \/>\n<meta property=\"og:url\" content=\"https:\/\/www.abennacional.org.br\/site\/lives-da-presidente\/\" \/>\n<meta property=\"og:site_name\" content=\"ABEn Nacional\" \/>\n<meta property=\"article:publisher\" content=\"https:\/\/www.facebook.com\/ABEn-Nacional-202551919840028\/\" \/>\n<meta property=\"article:modified_time\" content=\"2021-08-17T18:10:13+00:00\" \/>\n<meta name=\"twitter:card\" content=\"summary_large_image\" \/>\n<meta name=\"twitter:label1\" content=\"Est. tempo de leitura\" \/>\n\t<meta name=\"twitter:data1\" content=\"1 minuto\" \/>\n<script type=\"application\/ld+json\" class=\"yoast-schema-graph\">{\"@context\":\"https:\/\/schema.org\",\"@graph\":[{\"@type\":\"Organization\",\"@id\":\"https:\/\/www.abennacional.org.br\/site\/#organization\",\"name\":\"ABEn Nacional\",\"url\":\"https:\/\/www.abennacional.org.br\/site\/\",\"sameAs\":[\"https:\/\/www.facebook.com\/ABEn-Nacional-202551919840028\/\",\"https:\/\/br.linkedin.com\/in\/aben-nacional-42385511b\",\"https:\/\/www.youtube.com\/watch?v=m8cvAUgypCI\"],\"logo\":{\"@type\":\"ImageObject\",\"@id\":\"https:\/\/www.abennacional.org.br\/site\/#logo\",\"inLanguage\":\"pt-BR\",\"url\":\"https:\/\/www.abennacional.org.br\/site\/wp-content\/uploads\/2018\/12\/logoaben_grande-2.png\",\"contentUrl\":\"https:\/\/www.abennacional.org.br\/site\/wp-content\/uploads\/2018\/12\/logoaben_grande-2.png\",\"width\":410,\"height\":139,\"caption\":\"ABEn Nacional\"},\"image\":{\"@id\":\"https:\/\/www.abennacional.org.br\/site\/#logo\"}},{\"@type\":\"WebSite\",\"@id\":\"https:\/\/www.abennacional.org.br\/site\/#website\",\"url\":\"https:\/\/www.abennacional.org.br\/site\/\",\"name\":\"ABEn Nacional\",\"description\":\"Associa\u00e7\u00e3o Brasileira de Enfermagem\",\"publisher\":{\"@id\":\"https:\/\/www.abennacional.org.br\/site\/#organization\"},\"potentialAction\":[{\"@type\":\"SearchAction\",\"target\":{\"@type\":\"EntryPoint\",\"urlTemplate\":\"https:\/\/www.abennacional.org.br\/site\/?s={search_term_string}\"},\"query-input\":\"required name=search_term_string\"}],\"inLanguage\":\"pt-BR\"},{\"@type\":\"WebPage\",\"@id\":\"https:\/\/www.abennacional.org.br\/site\/lives-da-presidente\/#webpage\",\"url\":\"https:\/\/www.abennacional.org.br\/site\/lives-da-presidente\/\",\"name\":\"Lives da Presidente - ABEn Nacional\",\"isPartOf\":{\"@id\":\"https:\/\/www.abennacional.org.br\/site\/#website\"},\"datePublished\":\"2021-07-28T19:55:21+00:00\",\"dateModified\":\"2021-08-17T18:10:13+00:00\",\"breadcrumb\":{\"@id\":\"https:\/\/www.abennacional.org.br\/site\/lives-da-presidente\/#breadcrumb\"},\"inLanguage\":\"pt-BR\",\"potentialAction\":[{\"@type\":\"ReadAction\",\"target\":[\"https:\/\/www.abennacional.org.br\/site\/lives-da-presidente\/\"]}]},{\"@type\":\"BreadcrumbList\",\"@id\":\"https:\/\/www.abennacional.org.br\/site\/lives-da-presidente\/#breadcrumb\",\"itemListElement\":[{\"@type\":\"ListItem\",\"position\":1,\"name\":\"In\u00edcio\",\"item\":\"https:\/\/www.abennacional.org.br\/site\/\"},{\"@type\":\"ListItem\",\"position\":2,\"name\":\"Lives da Presidente\"}]}]}<\/script>\n<!-- \/ Yoast SEO plugin. -->","yoast_head_json":{"title":"Lives da Presidente - ABEn Nacional","robots":{"index":"index","follow":"follow","max-snippet":"max-snippet:-1","max-image-preview":"max-image-preview:large","max-video-preview":"max-video-preview:-1"},"canonical":"https:\/\/www.abennacional.org.br\/site\/lives-da-presidente\/","og_locale":"pt_BR","og_type":"article","og_title":"Lives da Presidente - ABEn Nacional","og_description":"\u2022 Presidente da ABEn Nacional Profa. Sonia Acioli participa da cerim\u00f4nia de Lan\u00e7amento da Alian\u00e7a Nacional para o Parto Seguro e Respeitoso.https:\/\/youtube.com\/sobrasp \u2022 ABEn Nacional 95 anos &#8211; &#8220;Protagonismo da ABEn nas Lutas pelo Direito \u00e0 Sa\u00fade, Educa\u00e7\u00e3o e Trabalho&#8221;https:\/\/youtu.be\/E3hhWsfw9wE \u2022 CPI DA COVID. Vacina no SUS J\u00e1! https:\/\/www.instagram.com\/p\/CRjXSf_HjBf\/ \u2022 Valorizar a Enfermagem \u00e9 Valorizar [&hellip;]","og_url":"https:\/\/www.abennacional.org.br\/site\/lives-da-presidente\/","og_site_name":"ABEn Nacional","article_publisher":"https:\/\/www.facebook.com\/ABEn-Nacional-202551919840028\/","article_modified_time":"2021-08-17T18:10:13+00:00","twitter_card":"summary_large_image","twitter_misc":{"Est. tempo de leitura":"1 minuto"},"schema":{"@context":"https:\/\/schema.org","@graph":[{"@type":"Organization","@id":"https:\/\/www.abennacional.org.br\/site\/#organization","name":"ABEn Nacional","url":"https:\/\/www.abennacional.org.br\/site\/","sameAs":["https:\/\/www.facebook.com\/ABEn-Nacional-202551919840028\/","https:\/\/br.linkedin.com\/in\/aben-nacional-42385511b","https:\/\/www.youtube.com\/watch?v=m8cvAUgypCI"],"logo":{"@type":"ImageObject","@id":"https:\/\/www.abennacional.org.br\/site\/#logo","inLanguage":"pt-BR","url":"https:\/\/www.abennacional.org.br\/site\/wp-content\/uploads\/2018\/12\/logoaben_grande-2.png","contentUrl":"https:\/\/www.abennacional.org.br\/site\/wp-content\/uploads\/2018\/12\/logoaben_grande-2.png","width":410,"height":139,"caption":"ABEn Nacional"},"image":{"@id":"https:\/\/www.abennacional.org.br\/site\/#logo"}},{"@type":"WebSite","@id":"https:\/\/www.abennacional.org.br\/site\/#website","url":"https:\/\/www.abennacional.org.br\/site\/","name":"ABEn Nacional","description":"Associa\u00e7\u00e3o Brasileira de Enfermagem","publisher":{"@id":"https:\/\/www.abennacional.org.br\/site\/#organization"},"potentialAction":[{"@type":"SearchAction","target":{"@type":"EntryPoint","urlTemplate":"https:\/\/www.abennacional.org.br\/site\/?s={search_term_string}"},"query-input":"required name=search_term_string"}],"inLanguage":"pt-BR"},{"@type":"WebPage","@id":"https:\/\/www.abennacional.org.br\/site\/lives-da-presidente\/#webpage","url":"https:\/\/www.abennacional.org.br\/site\/lives-da-presidente\/","name":"Lives da Presidente - ABEn Nacional","isPartOf":{"@id":"https:\/\/www.abennacional.org.br\/site\/#website"},"datePublished":"2021-07-28T19:55:21+00:00","dateModified":"2021-08-17T18:10:13+00:00","breadcrumb":{"@id":"https:\/\/www.abennacional.org.br\/site\/lives-da-presidente\/#breadcrumb"},"inLanguage":"pt-BR","potentialAction":[{"@type":"ReadAction","target":["https:\/\/www.abennacional.org.br\/site\/lives-da-presidente\/"]}]},{"@type":"BreadcrumbList","@id":"https:\/\/www.abennacional.org.br\/site\/lives-da-presidente\/#breadcrumb","itemListElement":[{"@type":"ListItem","position":1,"name":"In\u00edcio","item":"https:\/\/www.abennacional.org.br\/site\/"},{"@type":"ListItem","position":2,"name":"Lives da Presidente"}]}]}},"jetpack_sharing_enabled":true,"jetpack_shortlink":"https:\/\/wp.me\/PaUzFo-2W4","_links":{"self":[{"href":"https:\/\/www.abennacional.org.br\/site\/wp-json\/wp\/v2\/pages\/11288"}],"collection":[{"href":"https:\/\/www.abennacional.org.br\/site\/wp-json\/wp\/v2\/pages"}],"about":[{"href":"https:\/\/www.abennacional.org.br\/site\/wp-json\/wp\/v2\/types\/page"}],"author":[{"embeddable":true,"href":"https:\/\/www.abennacional.org.br\/site\/wp-json\/wp\/v2\/users\/1"}],"replies":[{"embeddable":true,"href":"https:\/\/www.abennacional.org.br\/site\/wp-json\/wp\/v2\/comments?post=11288"}],"version-history":[{"count":5,"href":"https:\/\/www.abennacional.org.br\/site\/wp-json\/wp\/v2\/pages\/11288\/revisions"}],"predecessor-version":[{"id":11412,"href":"https:\/\/www.abennacional.org.br\/site\/wp-json\/wp\/v2\/pages\/11288\/revisions\/11412"}],"wp:attachment":[{"href":"https:\/\/www.abennacional.org.br\/site\/wp-json\/wp\/v2\/media?parent=11288"}],"curies":[{"name":"wp","href":"https:\/\/api.w.org\/{rel}","templated":true}]}}