{"id":12046,"date":"2021-12-16T15:24:00","date_gmt":"2021-12-16T18:24:00","guid":{"rendered":"https:\/\/www.abennacional.org.br\/site\/?page_id=12046"},"modified":"2021-12-20T09:36:25","modified_gmt":"2021-12-20T12:36:25","slug":"boas-festas-feliz-natal-e-um-prospero-ano-novo","status":"publish","type":"page","link":"https:\/\/www.abennacional.org.br\/site\/boas-festas-feliz-natal-e-um-prospero-ano-novo\/","title":{"rendered":"BOAS FESTAS! FELIZ NATAL E UM PR\u00d3SPERO ANO NOVO!"},"content":{"rendered":"\n<figure class=\"wp-block-image size-full\"><img loading=\"lazy\" width=\"800\" height=\"800\" src=\"https:\/\/www.abennacional.org.br\/site\/wp-content\/uploads\/2021\/12\/banner_natal_2021_corpo.jpg\" alt=\"\" class=\"wp-image-12047\" srcset=\"https:\/\/www.abennacional.org.br\/site\/wp-content\/uploads\/2021\/12\/banner_natal_2021_corpo.jpg 800w, https:\/\/www.abennacional.org.br\/site\/wp-content\/uploads\/2021\/12\/banner_natal_2021_corpo-300x300.jpg 300w, https:\/\/www.abennacional.org.br\/site\/wp-content\/uploads\/2021\/12\/banner_natal_2021_corpo-150x150.jpg 150w, https:\/\/www.abennacional.org.br\/site\/wp-content\/uploads\/2021\/12\/banner_natal_2021_corpo-768x768.jpg 768w\" sizes=\"(max-width: 800px) 100vw, 800px\" \/><\/figure>\n\n\n\n<figure class=\"wp-block-image size-full is-resized\"><img loading=\"lazy\" src=\"https:\/\/www.abennacional.org.br\/site\/wp-content\/uploads\/2021\/12\/FOTO1.gif\" alt=\"\" class=\"wp-image-12066\" width=\"788\" height=\"568\"\/><\/figure>\n\n\n\n<p class=\"has-text-align-left\"><strong>Foto da Confraterniza\u00e7\u00e3o da ABEn Nacional<\/strong><br>(Parte da Diretoria e equipe de funcion\u00e1rios)<\/p>\n","protected":false},"excerpt":{"rendered":"<p>Foto da Confraterniza\u00e7\u00e3o da ABEn Nacional(Parte da Diretoria e equipe de funcion\u00e1rios)<\/p>\n","protected":false},"author":1,"featured_media":12048,"parent":0,"menu_order":0,"comment_status":"closed","ping_status":"closed","template":"","meta":{"spay_email":""},"yoast_head":"<!-- This site is optimized with the Yoast SEO plugin v18.3 - https:\/\/yoast.com\/wordpress\/plugins\/seo\/ -->\n<title>BOAS FESTAS! FELIZ NATAL E UM PR\u00d3SPERO ANO NOVO! - ABEn Nacional<\/title>\n<meta name=\"robots\" content=\"index, follow, max-snippet:-1, max-image-preview:large, max-video-preview:-1\" \/>\n<link rel=\"canonical\" href=\"https:\/\/www.abennacional.org.br\/site\/boas-festas-feliz-natal-e-um-prospero-ano-novo\/\" \/>\n<meta property=\"og:locale\" content=\"pt_BR\" \/>\n<meta property=\"og:type\" content=\"article\" \/>\n<meta property=\"og:title\" content=\"BOAS FESTAS! FELIZ NATAL E UM PR\u00d3SPERO ANO NOVO! - ABEn Nacional\" \/>\n<meta property=\"og:description\" content=\"Foto da Confraterniza\u00e7\u00e3o da ABEn Nacional(Parte da Diretoria e equipe de funcion\u00e1rios)\" \/>\n<meta property=\"og:url\" content=\"https:\/\/www.abennacional.org.br\/site\/boas-festas-feliz-natal-e-um-prospero-ano-novo\/\" \/>\n<meta property=\"og:site_name\" content=\"ABEn Nacional\" \/>\n<meta property=\"article:publisher\" content=\"https:\/\/www.facebook.com\/ABEn-Nacional-202551919840028\/\" \/>\n<meta property=\"article:modified_time\" content=\"2021-12-20T12:36:25+00:00\" \/>\n<meta property=\"og:image\" content=\"https:\/\/www.abennacional.org.br\/site\/wp-content\/uploads\/2021\/12\/banner_natal_2021.jpg\" \/>\n\t<meta property=\"og:image:width\" content=\"1365\" \/>\n\t<meta property=\"og:image:height\" content=\"528\" \/>\n\t<meta property=\"og:image:type\" content=\"image\/jpeg\" \/>\n<meta name=\"twitter:card\" content=\"summary_large_image\" \/>\n<meta name=\"twitter:label1\" content=\"Est. tempo de leitura\" \/>\n\t<meta name=\"twitter:data1\" content=\"1 minuto\" \/>\n<script type=\"application\/ld+json\" class=\"yoast-schema-graph\">{\"@context\":\"https:\/\/schema.org\",\"@graph\":[{\"@type\":\"Organization\",\"@id\":\"https:\/\/www.abennacional.org.br\/site\/#organization\",\"name\":\"ABEn Nacional\",\"url\":\"https:\/\/www.abennacional.org.br\/site\/\",\"sameAs\":[\"https:\/\/www.facebook.com\/ABEn-Nacional-202551919840028\/\",\"https:\/\/br.linkedin.com\/in\/aben-nacional-42385511b\",\"https:\/\/www.youtube.com\/watch?v=m8cvAUgypCI\"],\"logo\":{\"@type\":\"ImageObject\",\"@id\":\"https:\/\/www.abennacional.org.br\/site\/#logo\",\"inLanguage\":\"pt-BR\",\"url\":\"https:\/\/www.abennacional.org.br\/site\/wp-content\/uploads\/2018\/12\/logoaben_grande-2.png\",\"contentUrl\":\"https:\/\/www.abennacional.org.br\/site\/wp-content\/uploads\/2018\/12\/logoaben_grande-2.png\",\"width\":410,\"height\":139,\"caption\":\"ABEn Nacional\"},\"image\":{\"@id\":\"https:\/\/www.abennacional.org.br\/site\/#logo\"}},{\"@type\":\"WebSite\",\"@id\":\"https:\/\/www.abennacional.org.br\/site\/#website\",\"url\":\"https:\/\/www.abennacional.org.br\/site\/\",\"name\":\"ABEn Nacional\",\"description\":\"Associa\u00e7\u00e3o Brasileira de Enfermagem\",\"publisher\":{\"@id\":\"https:\/\/www.abennacional.org.br\/site\/#organization\"},\"potentialAction\":[{\"@type\":\"SearchAction\",\"target\":{\"@type\":\"EntryPoint\",\"urlTemplate\":\"https:\/\/www.abennacional.org.br\/site\/?s={search_term_string}\"},\"query-input\":\"required name=search_term_string\"}],\"inLanguage\":\"pt-BR\"},{\"@type\":\"ImageObject\",\"@id\":\"https:\/\/www.abennacional.org.br\/site\/boas-festas-feliz-natal-e-um-prospero-ano-novo\/#primaryimage\",\"inLanguage\":\"pt-BR\",\"url\":\"https:\/\/www.abennacional.org.br\/site\/wp-content\/uploads\/2021\/12\/banner_natal_2021.jpg\",\"contentUrl\":\"https:\/\/www.abennacional.org.br\/site\/wp-content\/uploads\/2021\/12\/banner_natal_2021.jpg\",\"width\":1365,\"height\":528},{\"@type\":\"WebPage\",\"@id\":\"https:\/\/www.abennacional.org.br\/site\/boas-festas-feliz-natal-e-um-prospero-ano-novo\/#webpage\",\"url\":\"https:\/\/www.abennacional.org.br\/site\/boas-festas-feliz-natal-e-um-prospero-ano-novo\/\",\"name\":\"BOAS FESTAS! FELIZ NATAL E UM PR\u00d3SPERO ANO NOVO! - ABEn Nacional\",\"isPartOf\":{\"@id\":\"https:\/\/www.abennacional.org.br\/site\/#website\"},\"primaryImageOfPage\":{\"@id\":\"https:\/\/www.abennacional.org.br\/site\/boas-festas-feliz-natal-e-um-prospero-ano-novo\/#primaryimage\"},\"datePublished\":\"2021-12-16T18:24:00+00:00\",\"dateModified\":\"2021-12-20T12:36:25+00:00\",\"breadcrumb\":{\"@id\":\"https:\/\/www.abennacional.org.br\/site\/boas-festas-feliz-natal-e-um-prospero-ano-novo\/#breadcrumb\"},\"inLanguage\":\"pt-BR\",\"potentialAction\":[{\"@type\":\"ReadAction\",\"target\":[\"https:\/\/www.abennacional.org.br\/site\/boas-festas-feliz-natal-e-um-prospero-ano-novo\/\"]}]},{\"@type\":\"BreadcrumbList\",\"@id\":\"https:\/\/www.abennacional.org.br\/site\/boas-festas-feliz-natal-e-um-prospero-ano-novo\/#breadcrumb\",\"itemListElement\":[{\"@type\":\"ListItem\",\"position\":1,\"name\":\"In\u00edcio\",\"item\":\"https:\/\/www.abennacional.org.br\/site\/\"},{\"@type\":\"ListItem\",\"position\":2,\"name\":\"BOAS FESTAS! FELIZ NATAL E UM PR\u00d3SPERO ANO NOVO!\"}]}]}<\/script>\n<!-- \/ Yoast SEO plugin. -->","yoast_head_json":{"title":"BOAS FESTAS! FELIZ NATAL E UM PR\u00d3SPERO ANO NOVO! - ABEn Nacional","robots":{"index":"index","follow":"follow","max-snippet":"max-snippet:-1","max-image-preview":"max-image-preview:large","max-video-preview":"max-video-preview:-1"},"canonical":"https:\/\/www.abennacional.org.br\/site\/boas-festas-feliz-natal-e-um-prospero-ano-novo\/","og_locale":"pt_BR","og_type":"article","og_title":"BOAS FESTAS! FELIZ NATAL E UM PR\u00d3SPERO ANO NOVO! - ABEn Nacional","og_description":"Foto da Confraterniza\u00e7\u00e3o da ABEn Nacional(Parte da Diretoria e equipe de funcion\u00e1rios)","og_url":"https:\/\/www.abennacional.org.br\/site\/boas-festas-feliz-natal-e-um-prospero-ano-novo\/","og_site_name":"ABEn Nacional","article_publisher":"https:\/\/www.facebook.com\/ABEn-Nacional-202551919840028\/","article_modified_time":"2021-12-20T12:36:25+00:00","og_image":[{"width":1365,"height":528,"url":"https:\/\/www.abennacional.org.br\/site\/wp-content\/uploads\/2021\/12\/banner_natal_2021.jpg","type":"image\/jpeg"}],"twitter_card":"summary_large_image","twitter_misc":{"Est. tempo de leitura":"1 minuto"},"schema":{"@context":"https:\/\/schema.org","@graph":[{"@type":"Organization","@id":"https:\/\/www.abennacional.org.br\/site\/#organization","name":"ABEn Nacional","url":"https:\/\/www.abennacional.org.br\/site\/","sameAs":["https:\/\/www.facebook.com\/ABEn-Nacional-202551919840028\/","https:\/\/br.linkedin.com\/in\/aben-nacional-42385511b","https:\/\/www.youtube.com\/watch?v=m8cvAUgypCI"],"logo":{"@type":"ImageObject","@id":"https:\/\/www.abennacional.org.br\/site\/#logo","inLanguage":"pt-BR","url":"https:\/\/www.abennacional.org.br\/site\/wp-content\/uploads\/2018\/12\/logoaben_grande-2.png","contentUrl":"https:\/\/www.abennacional.org.br\/site\/wp-content\/uploads\/2018\/12\/logoaben_grande-2.png","width":410,"height":139,"caption":"ABEn Nacional"},"image":{"@id":"https:\/\/www.abennacional.org.br\/site\/#logo"}},{"@type":"WebSite","@id":"https:\/\/www.abennacional.org.br\/site\/#website","url":"https:\/\/www.abennacional.org.br\/site\/","name":"ABEn Nacional","description":"Associa\u00e7\u00e3o Brasileira de Enfermagem","publisher":{"@id":"https:\/\/www.abennacional.org.br\/site\/#organization"},"potentialAction":[{"@type":"SearchAction","target":{"@type":"EntryPoint","urlTemplate":"https:\/\/www.abennacional.org.br\/site\/?s={search_term_string}"},"query-input":"required name=search_term_string"}],"inLanguage":"pt-BR"},{"@type":"ImageObject","@id":"https:\/\/www.abennacional.org.br\/site\/boas-festas-feliz-natal-e-um-prospero-ano-novo\/#primaryimage","inLanguage":"pt-BR","url":"https:\/\/www.abennacional.org.br\/site\/wp-content\/uploads\/2021\/12\/banner_natal_2021.jpg","contentUrl":"https:\/\/www.abennacional.org.br\/site\/wp-content\/uploads\/2021\/12\/banner_natal_2021.jpg","width":1365,"height":528},{"@type":"WebPage","@id":"https:\/\/www.abennacional.org.br\/site\/boas-festas-feliz-natal-e-um-prospero-ano-novo\/#webpage","url":"https:\/\/www.abennacional.org.br\/site\/boas-festas-feliz-natal-e-um-prospero-ano-novo\/","name":"BOAS FESTAS! FELIZ NATAL E UM PR\u00d3SPERO ANO NOVO! - ABEn Nacional","isPartOf":{"@id":"https:\/\/www.abennacional.org.br\/site\/#website"},"primaryImageOfPage":{"@id":"https:\/\/www.abennacional.org.br\/site\/boas-festas-feliz-natal-e-um-prospero-ano-novo\/#primaryimage"},"datePublished":"2021-12-16T18:24:00+00:00","dateModified":"2021-12-20T12:36:25+00:00","breadcrumb":{"@id":"https:\/\/www.abennacional.org.br\/site\/boas-festas-feliz-natal-e-um-prospero-ano-novo\/#breadcrumb"},"inLanguage":"pt-BR","potentialAction":[{"@type":"ReadAction","target":["https:\/\/www.abennacional.org.br\/site\/boas-festas-feliz-natal-e-um-prospero-ano-novo\/"]}]},{"@type":"BreadcrumbList","@id":"https:\/\/www.abennacional.org.br\/site\/boas-festas-feliz-natal-e-um-prospero-ano-novo\/#breadcrumb","itemListElement":[{"@type":"ListItem","position":1,"name":"In\u00edcio","item":"https:\/\/www.abennacional.org.br\/site\/"},{"@type":"ListItem","position":2,"name":"BOAS FESTAS! FELIZ NATAL E UM PR\u00d3SPERO ANO NOVO!"}]}]}},"jetpack_sharing_enabled":true,"jetpack_shortlink":"https:\/\/wp.me\/PaUzFo-38i","_links":{"self":[{"href":"https:\/\/www.abennacional.org.br\/site\/wp-json\/wp\/v2\/pages\/12046"}],"collection":[{"href":"https:\/\/www.abennacional.org.br\/site\/wp-json\/wp\/v2\/pages"}],"about":[{"href":"https:\/\/www.abennacional.org.br\/site\/wp-json\/wp\/v2\/types\/page"}],"author":[{"embeddable":true,"href":"https:\/\/www.abennacional.org.br\/site\/wp-json\/wp\/v2\/users\/1"}],"replies":[{"embeddable":true,"href":"https:\/\/www.abennacional.org.br\/site\/wp-json\/wp\/v2\/comments?post=12046"}],"version-history":[{"count":3,"href":"https:\/\/www.abennacional.org.br\/site\/wp-json\/wp\/v2\/pages\/12046\/revisions"}],"predecessor-version":[{"id":12069,"href":"https:\/\/www.abennacional.org.br\/site\/wp-json\/wp\/v2\/pages\/12046\/revisions\/12069"}],"wp:featuredmedia":[{"embeddable":true,"href":"https:\/\/www.abennacional.org.br\/site\/wp-json\/wp\/v2\/media\/12048"}],"wp:attachment":[{"href":"https:\/\/www.abennacional.org.br\/site\/wp-json\/wp\/v2\/media?parent=12046"}],"curies":[{"name":"wp","href":"https:\/\/api.w.org\/{rel}","templated":true}]}}