{"id":12096,"date":"2021-12-30T18:56:02","date_gmt":"2021-12-30T21:56:02","guid":{"rendered":"https:\/\/www.abennacional.org.br\/site\/?page_id=12096"},"modified":"2021-12-30T18:56:04","modified_gmt":"2021-12-30T21:56:04","slug":"mensagem-de-final-de-ano-da-aben-nacional","status":"publish","type":"page","link":"https:\/\/www.abennacional.org.br\/site\/mensagem-de-final-de-ano-da-aben-nacional\/","title":{"rendered":"Mensagem de Final de Ano da ABEn Nacional!"},"content":{"rendered":"\n<figure class=\"wp-block-video\"><video controls src=\"https:\/\/www.abennacional.org.br\/site\/wp-content\/uploads\/2021\/12\/QBXY3611.mp4\"><\/video><\/figure>\n\n\n\n<p>A Associa\u00e7\u00e3o Brasileira de Enfermagem reafirma o reconhecimento pelo trabalho comprometido, \u00e9tico e solid\u00e1rio das trabalhadoras e trabalhadores de todas as \u00e1reas da sa\u00fade e, em especial da enfermagem brasileira.<\/p>\n\n\n\n<p>O ano de 2021 se encerra com muitos desafios sanit\u00e1rios e pol\u00edticos. Por isso, em 2022 a ABEn reafirma o compromisso em defesa da vacina\u00e7\u00e3o imediata de crian\u00e7as de 5 a 11 anos, em defesa da autonomia das institui\u00e7\u00f5es de ensino na exig\u00eancia da vacina\u00e7\u00e3o para a volta as aulas presenciais, no apoio a situa\u00e7\u00e3o das fam\u00edlias baianas diante das consequ\u00eancias das fortes chuvas no estado, e, reafirmamos o compromisso da ABEn em continuar junto ao F\u00f3rum Nacional da Enfermagem a luta pelo piso salarial da enfermagem!<\/p>\n\n\n\n<p>Desejamos em 2022, esperan\u00e7a e for\u00e7a nas lutas pela constru\u00e7\u00e3o coletiva de caminhos mais solid\u00e1rios, \u00e9ticos e democr\u00e1ticos na sa\u00fade e na enfermagem!<\/p>\n\n\n\n<p>Associa\u00e7\u00e3o Brasileira de Enfermagem.<br>Gest\u00e3o 2020-2022<\/p>\n","protected":false},"excerpt":{"rendered":"<p>A Associa\u00e7\u00e3o Brasileira de Enfermagem reafirma o reconhecimento pelo trabalho comprometido, \u00e9tico e solid\u00e1rio das trabalhadoras e trabalhadores de todas as \u00e1reas da sa\u00fade e, em especial da enfermagem brasileira. O ano de 2021 se encerra com muitos desafios sanit\u00e1rios e pol\u00edticos. Por isso, em 2022 a ABEn reafirma o compromisso em defesa da vacina\u00e7\u00e3o [&hellip;]<\/p>\n","protected":false},"author":1,"featured_media":12098,"parent":0,"menu_order":0,"comment_status":"closed","ping_status":"closed","template":"","meta":{"spay_email":""},"yoast_head":"<!-- This site is optimized with the Yoast SEO plugin v18.3 - https:\/\/yoast.com\/wordpress\/plugins\/seo\/ -->\n<title>Mensagem de Final de Ano da ABEn Nacional! - ABEn Nacional<\/title>\n<meta name=\"robots\" content=\"index, follow, max-snippet:-1, max-image-preview:large, max-video-preview:-1\" \/>\n<link rel=\"canonical\" href=\"https:\/\/www.abennacional.org.br\/site\/mensagem-de-final-de-ano-da-aben-nacional\/\" \/>\n<meta property=\"og:locale\" content=\"pt_BR\" \/>\n<meta property=\"og:type\" content=\"article\" \/>\n<meta property=\"og:title\" content=\"Mensagem de Final de Ano da ABEn Nacional! - ABEn Nacional\" \/>\n<meta property=\"og:description\" content=\"A Associa\u00e7\u00e3o Brasileira de Enfermagem reafirma o reconhecimento pelo trabalho comprometido, \u00e9tico e solid\u00e1rio das trabalhadoras e trabalhadores de todas as \u00e1reas da sa\u00fade e, em especial da enfermagem brasileira. O ano de 2021 se encerra com muitos desafios sanit\u00e1rios e pol\u00edticos. Por isso, em 2022 a ABEn reafirma o compromisso em defesa da vacina\u00e7\u00e3o [&hellip;]\" \/>\n<meta property=\"og:url\" content=\"https:\/\/www.abennacional.org.br\/site\/mensagem-de-final-de-ano-da-aben-nacional\/\" \/>\n<meta property=\"og:site_name\" content=\"ABEn Nacional\" \/>\n<meta property=\"article:publisher\" content=\"https:\/\/www.facebook.com\/ABEn-Nacional-202551919840028\/\" \/>\n<meta property=\"article:modified_time\" content=\"2021-12-30T21:56:04+00:00\" \/>\n<meta property=\"og:image\" content=\"https:\/\/www.abennacional.org.br\/site\/wp-content\/uploads\/2021\/12\/banner.mensagem_anonovo2022.jpg\" \/>\n\t<meta property=\"og:image:width\" content=\"1365\" \/>\n\t<meta property=\"og:image:height\" content=\"528\" \/>\n\t<meta property=\"og:image:type\" content=\"image\/jpeg\" \/>\n<meta name=\"twitter:card\" content=\"summary_large_image\" \/>\n<meta name=\"twitter:label1\" content=\"Est. tempo de leitura\" \/>\n\t<meta name=\"twitter:data1\" content=\"1 minuto\" \/>\n<script type=\"application\/ld+json\" class=\"yoast-schema-graph\">{\"@context\":\"https:\/\/schema.org\",\"@graph\":[{\"@type\":\"Organization\",\"@id\":\"https:\/\/www.abennacional.org.br\/site\/#organization\",\"name\":\"ABEn Nacional\",\"url\":\"https:\/\/www.abennacional.org.br\/site\/\",\"sameAs\":[\"https:\/\/www.facebook.com\/ABEn-Nacional-202551919840028\/\",\"https:\/\/br.linkedin.com\/in\/aben-nacional-42385511b\",\"https:\/\/www.youtube.com\/watch?v=m8cvAUgypCI\"],\"logo\":{\"@type\":\"ImageObject\",\"@id\":\"https:\/\/www.abennacional.org.br\/site\/#logo\",\"inLanguage\":\"pt-BR\",\"url\":\"https:\/\/www.abennacional.org.br\/site\/wp-content\/uploads\/2018\/12\/logoaben_grande-2.png\",\"contentUrl\":\"https:\/\/www.abennacional.org.br\/site\/wp-content\/uploads\/2018\/12\/logoaben_grande-2.png\",\"width\":410,\"height\":139,\"caption\":\"ABEn Nacional\"},\"image\":{\"@id\":\"https:\/\/www.abennacional.org.br\/site\/#logo\"}},{\"@type\":\"WebSite\",\"@id\":\"https:\/\/www.abennacional.org.br\/site\/#website\",\"url\":\"https:\/\/www.abennacional.org.br\/site\/\",\"name\":\"ABEn Nacional\",\"description\":\"Associa\u00e7\u00e3o Brasileira de Enfermagem\",\"publisher\":{\"@id\":\"https:\/\/www.abennacional.org.br\/site\/#organization\"},\"potentialAction\":[{\"@type\":\"SearchAction\",\"target\":{\"@type\":\"EntryPoint\",\"urlTemplate\":\"https:\/\/www.abennacional.org.br\/site\/?s={search_term_string}\"},\"query-input\":\"required name=search_term_string\"}],\"inLanguage\":\"pt-BR\"},{\"@type\":\"ImageObject\",\"@id\":\"https:\/\/www.abennacional.org.br\/site\/mensagem-de-final-de-ano-da-aben-nacional\/#primaryimage\",\"inLanguage\":\"pt-BR\",\"url\":\"https:\/\/www.abennacional.org.br\/site\/wp-content\/uploads\/2021\/12\/banner.mensagem_anonovo2022.jpg\",\"contentUrl\":\"https:\/\/www.abennacional.org.br\/site\/wp-content\/uploads\/2021\/12\/banner.mensagem_anonovo2022.jpg\",\"width\":1365,\"height\":528},{\"@type\":\"WebPage\",\"@id\":\"https:\/\/www.abennacional.org.br\/site\/mensagem-de-final-de-ano-da-aben-nacional\/#webpage\",\"url\":\"https:\/\/www.abennacional.org.br\/site\/mensagem-de-final-de-ano-da-aben-nacional\/\",\"name\":\"Mensagem de Final de Ano da ABEn Nacional! - ABEn Nacional\",\"isPartOf\":{\"@id\":\"https:\/\/www.abennacional.org.br\/site\/#website\"},\"primaryImageOfPage\":{\"@id\":\"https:\/\/www.abennacional.org.br\/site\/mensagem-de-final-de-ano-da-aben-nacional\/#primaryimage\"},\"datePublished\":\"2021-12-30T21:56:02+00:00\",\"dateModified\":\"2021-12-30T21:56:04+00:00\",\"breadcrumb\":{\"@id\":\"https:\/\/www.abennacional.org.br\/site\/mensagem-de-final-de-ano-da-aben-nacional\/#breadcrumb\"},\"inLanguage\":\"pt-BR\",\"potentialAction\":[{\"@type\":\"ReadAction\",\"target\":[\"https:\/\/www.abennacional.org.br\/site\/mensagem-de-final-de-ano-da-aben-nacional\/\"]}]},{\"@type\":\"BreadcrumbList\",\"@id\":\"https:\/\/www.abennacional.org.br\/site\/mensagem-de-final-de-ano-da-aben-nacional\/#breadcrumb\",\"itemListElement\":[{\"@type\":\"ListItem\",\"position\":1,\"name\":\"In\u00edcio\",\"item\":\"https:\/\/www.abennacional.org.br\/site\/\"},{\"@type\":\"ListItem\",\"position\":2,\"name\":\"Mensagem de Final de Ano da ABEn Nacional!\"}]}]}<\/script>\n<!-- \/ Yoast SEO plugin. -->","yoast_head_json":{"title":"Mensagem de Final de Ano da ABEn Nacional! - ABEn Nacional","robots":{"index":"index","follow":"follow","max-snippet":"max-snippet:-1","max-image-preview":"max-image-preview:large","max-video-preview":"max-video-preview:-1"},"canonical":"https:\/\/www.abennacional.org.br\/site\/mensagem-de-final-de-ano-da-aben-nacional\/","og_locale":"pt_BR","og_type":"article","og_title":"Mensagem de Final de Ano da ABEn Nacional! - ABEn Nacional","og_description":"A Associa\u00e7\u00e3o Brasileira de Enfermagem reafirma o reconhecimento pelo trabalho comprometido, \u00e9tico e solid\u00e1rio das trabalhadoras e trabalhadores de todas as \u00e1reas da sa\u00fade e, em especial da enfermagem brasileira. O ano de 2021 se encerra com muitos desafios sanit\u00e1rios e pol\u00edticos. Por isso, em 2022 a ABEn reafirma o compromisso em defesa da vacina\u00e7\u00e3o [&hellip;]","og_url":"https:\/\/www.abennacional.org.br\/site\/mensagem-de-final-de-ano-da-aben-nacional\/","og_site_name":"ABEn Nacional","article_publisher":"https:\/\/www.facebook.com\/ABEn-Nacional-202551919840028\/","article_modified_time":"2021-12-30T21:56:04+00:00","og_image":[{"width":1365,"height":528,"url":"https:\/\/www.abennacional.org.br\/site\/wp-content\/uploads\/2021\/12\/banner.mensagem_anonovo2022.jpg","type":"image\/jpeg"}],"twitter_card":"summary_large_image","twitter_misc":{"Est. tempo de leitura":"1 minuto"},"schema":{"@context":"https:\/\/schema.org","@graph":[{"@type":"Organization","@id":"https:\/\/www.abennacional.org.br\/site\/#organization","name":"ABEn Nacional","url":"https:\/\/www.abennacional.org.br\/site\/","sameAs":["https:\/\/www.facebook.com\/ABEn-Nacional-202551919840028\/","https:\/\/br.linkedin.com\/in\/aben-nacional-42385511b","https:\/\/www.youtube.com\/watch?v=m8cvAUgypCI"],"logo":{"@type":"ImageObject","@id":"https:\/\/www.abennacional.org.br\/site\/#logo","inLanguage":"pt-BR","url":"https:\/\/www.abennacional.org.br\/site\/wp-content\/uploads\/2018\/12\/logoaben_grande-2.png","contentUrl":"https:\/\/www.abennacional.org.br\/site\/wp-content\/uploads\/2018\/12\/logoaben_grande-2.png","width":410,"height":139,"caption":"ABEn Nacional"},"image":{"@id":"https:\/\/www.abennacional.org.br\/site\/#logo"}},{"@type":"WebSite","@id":"https:\/\/www.abennacional.org.br\/site\/#website","url":"https:\/\/www.abennacional.org.br\/site\/","name":"ABEn Nacional","description":"Associa\u00e7\u00e3o Brasileira de Enfermagem","publisher":{"@id":"https:\/\/www.abennacional.org.br\/site\/#organization"},"potentialAction":[{"@type":"SearchAction","target":{"@type":"EntryPoint","urlTemplate":"https:\/\/www.abennacional.org.br\/site\/?s={search_term_string}"},"query-input":"required name=search_term_string"}],"inLanguage":"pt-BR"},{"@type":"ImageObject","@id":"https:\/\/www.abennacional.org.br\/site\/mensagem-de-final-de-ano-da-aben-nacional\/#primaryimage","inLanguage":"pt-BR","url":"https:\/\/www.abennacional.org.br\/site\/wp-content\/uploads\/2021\/12\/banner.mensagem_anonovo2022.jpg","contentUrl":"https:\/\/www.abennacional.org.br\/site\/wp-content\/uploads\/2021\/12\/banner.mensagem_anonovo2022.jpg","width":1365,"height":528},{"@type":"WebPage","@id":"https:\/\/www.abennacional.org.br\/site\/mensagem-de-final-de-ano-da-aben-nacional\/#webpage","url":"https:\/\/www.abennacional.org.br\/site\/mensagem-de-final-de-ano-da-aben-nacional\/","name":"Mensagem de Final de Ano da ABEn Nacional! - ABEn Nacional","isPartOf":{"@id":"https:\/\/www.abennacional.org.br\/site\/#website"},"primaryImageOfPage":{"@id":"https:\/\/www.abennacional.org.br\/site\/mensagem-de-final-de-ano-da-aben-nacional\/#primaryimage"},"datePublished":"2021-12-30T21:56:02+00:00","dateModified":"2021-12-30T21:56:04+00:00","breadcrumb":{"@id":"https:\/\/www.abennacional.org.br\/site\/mensagem-de-final-de-ano-da-aben-nacional\/#breadcrumb"},"inLanguage":"pt-BR","potentialAction":[{"@type":"ReadAction","target":["https:\/\/www.abennacional.org.br\/site\/mensagem-de-final-de-ano-da-aben-nacional\/"]}]},{"@type":"BreadcrumbList","@id":"https:\/\/www.abennacional.org.br\/site\/mensagem-de-final-de-ano-da-aben-nacional\/#breadcrumb","itemListElement":[{"@type":"ListItem","position":1,"name":"In\u00edcio","item":"https:\/\/www.abennacional.org.br\/site\/"},{"@type":"ListItem","position":2,"name":"Mensagem de Final de Ano da ABEn Nacional!"}]}]}},"jetpack_sharing_enabled":true,"jetpack_shortlink":"https:\/\/wp.me\/PaUzFo-396","_links":{"self":[{"href":"https:\/\/www.abennacional.org.br\/site\/wp-json\/wp\/v2\/pages\/12096"}],"collection":[{"href":"https:\/\/www.abennacional.org.br\/site\/wp-json\/wp\/v2\/pages"}],"about":[{"href":"https:\/\/www.abennacional.org.br\/site\/wp-json\/wp\/v2\/types\/page"}],"author":[{"embeddable":true,"href":"https:\/\/www.abennacional.org.br\/site\/wp-json\/wp\/v2\/users\/1"}],"replies":[{"embeddable":true,"href":"https:\/\/www.abennacional.org.br\/site\/wp-json\/wp\/v2\/comments?post=12096"}],"version-history":[{"count":1,"href":"https:\/\/www.abennacional.org.br\/site\/wp-json\/wp\/v2\/pages\/12096\/revisions"}],"predecessor-version":[{"id":12099,"href":"https:\/\/www.abennacional.org.br\/site\/wp-json\/wp\/v2\/pages\/12096\/revisions\/12099"}],"wp:featuredmedia":[{"embeddable":true,"href":"https:\/\/www.abennacional.org.br\/site\/wp-json\/wp\/v2\/media\/12098"}],"wp:attachment":[{"href":"https:\/\/www.abennacional.org.br\/site\/wp-json\/wp\/v2\/media?parent=12096"}],"curies":[{"name":"wp","href":"https:\/\/api.w.org\/{rel}","templated":true}]}}