{"id":14212,"date":"2023-05-05T16:51:08","date_gmt":"2023-05-05T19:51:08","guid":{"rendered":"https:\/\/www.abennacional.org.br\/site\/?page_id=14212"},"modified":"2023-05-05T16:51:12","modified_gmt":"2023-05-05T19:51:12","slug":"84a-sben-concurso-de-videos-dhe","status":"publish","type":"page","link":"https:\/\/www.abennacional.org.br\/site\/84a-sben-concurso-de-videos-dhe\/","title":{"rendered":"84\u00aa SBEn &#8211; Concurso de V\u00eddeos DHE"},"content":{"rendered":"\n<figure class=\"wp-block-image size-large\"><img loading=\"lazy\" width=\"1024\" height=\"836\" src=\"https:\/\/www.abennacional.org.br\/site\/wp-content\/uploads\/2023\/05\/WhatsApp-Image-2023-05-02-at-17.52.36-1024x836.jpeg\" alt=\"\" class=\"wp-image-14190\" srcset=\"https:\/\/www.abennacional.org.br\/site\/wp-content\/uploads\/2023\/05\/WhatsApp-Image-2023-05-02-at-17.52.36-1024x836.jpeg 1024w, https:\/\/www.abennacional.org.br\/site\/wp-content\/uploads\/2023\/05\/WhatsApp-Image-2023-05-02-at-17.52.36-300x245.jpeg 300w, https:\/\/www.abennacional.org.br\/site\/wp-content\/uploads\/2023\/05\/WhatsApp-Image-2023-05-02-at-17.52.36-768x627.jpeg 768w, https:\/\/www.abennacional.org.br\/site\/wp-content\/uploads\/2023\/05\/WhatsApp-Image-2023-05-02-at-17.52.36-1536x1255.jpeg 1536w, https:\/\/www.abennacional.org.br\/site\/wp-content\/uploads\/2023\/05\/WhatsApp-Image-2023-05-02-at-17.52.36.jpeg 1600w\" sizes=\"(max-width: 1024px) 100vw, 1024px\" \/><\/figure>\n\n\n\n<figure class=\"wp-block-image size-large\"><img loading=\"lazy\" width=\"966\" height=\"1024\" src=\"https:\/\/www.abennacional.org.br\/site\/wp-content\/uploads\/2023\/04\/programa_84SBEn-966x1024.jpg\" alt=\"\" class=\"wp-image-14132\" srcset=\"https:\/\/www.abennacional.org.br\/site\/wp-content\/uploads\/2023\/04\/programa_84SBEn-966x1024.jpg 966w, https:\/\/www.abennacional.org.br\/site\/wp-content\/uploads\/2023\/04\/programa_84SBEn-283x300.jpg 283w, https:\/\/www.abennacional.org.br\/site\/wp-content\/uploads\/2023\/04\/programa_84SBEn-768x814.jpg 768w, https:\/\/www.abennacional.org.br\/site\/wp-content\/uploads\/2023\/04\/programa_84SBEn-1450x1536.jpg 1450w, https:\/\/www.abennacional.org.br\/site\/wp-content\/uploads\/2023\/04\/programa_84SBEn.jpg 1510w\" sizes=\"(max-width: 966px) 100vw, 966px\" \/><\/figure>\n\n\n\n<p><br><br><strong>Valoriza\u00e7\u00e3o do Trabalho em Enfermagem com Desenvolvimento Sustent\u00e1vel e Bem Viver<\/strong><\/p>\n\n\n\n<p><strong>EIXO 1 <\/strong>\u2013 A\u00e7\u00e3o pol\u00edtica da enfermagem para o desenvolvimento sustent\u00e1vel e o enfrentamento das iniquidades sociais<\/p>\n\n\n\n<p>Esse eixo versar\u00e1 sobre o exerc\u00edcio da a\u00e7\u00e3o pol\u00edtica de enfermagem desde as lutas da classe at\u00e9 o desempenho profissional no cotidiano tendo-se como diretriz a sustentabilidade da vida em sociedade por meio do enfrentamento e transforma\u00e7\u00e3o de desigualdades que acentuam injusti\u00e7as sociais, inclusive aquelas que afetam o pr\u00f3prio campo profissional, com destaque para a iniquidade de g\u00eanero.<\/p>\n\n\n\n<p><strong>EIXO 2<\/strong> \u2013 Sustentabilidade das pol\u00edticas p\u00fablicas para a redu\u00e7\u00e3o de desigualdades e bem viver<\/p>\n\n\n\n<p>Esse eixo deve enfatizar o necess\u00e1rio protagonismo da enfermagem na defesa das pol\u00edticas p\u00fablicas como necess\u00e1rias ao bem viver, com destaque para o SUS, mas incluindo todas as demais pol\u00edticas que contribua para a identifica\u00e7\u00e3o de desigualdades e busque a sua supera\u00e7\u00e3o, por meio da corre\u00e7\u00e3o de d\u00edvidas sociais, de promo\u00e7\u00e3o de a\u00e7\u00f5es afirmativas, do empoderamento de pessoas vulnerabilizadas, sobretudo as desigualdades impostas pelo modelo predominante de branquitude da sociedade brasileira.<\/p>\n\n\n\n<p><strong>EIXO 3:<\/strong> Sustentabilidade da enfermagem com \u00eanfase no fortalecimento \u00e9tico, est\u00e9tico, t\u00e9cnico, pol\u00edtico e cient\u00edfico necess\u00e1rios \u00e0 luta pela valoriza\u00e7\u00e3o e reconhecimento social da Enfermagem<\/p>\n\n\n\n<p>Neste eixo destaca-se a necess\u00e1ria organiza\u00e7\u00e3o interna do campo da Enfermagem, por meio do fortalecimento e sustentabilidade de suas organiza\u00e7\u00f5es para a garantia das condi\u00e7\u00f5es objetivas de luta pela valoriza\u00e7\u00e3o. Tamb\u00e9m, se destaca a pot\u00eancia representada pela presen\u00e7a da enfermagem nos diferentes n\u00edveis de aten\u00e7\u00e3o \u00e0 sa\u00fade e a necessidade de ter os usu\u00e1rios do Sistema de Sa\u00fade como os principais parceiros nesse processo de busca pela valoriza\u00e7\u00e3o da enfermagem no mundo do trabalho em sa\u00fade.<br><br><strong>CADERNO DE DICAS<\/strong>: <a href=\"https:\/\/www.abennacional.org.br\/site\/wp-content\/uploads\/2023\/03\/E22_84SBEn.pdf\" target=\"_blank\" rel=\"noreferrer noopener\">Clique aqui<\/a><br><\/p>\n","protected":false},"excerpt":{"rendered":"<p>Valoriza\u00e7\u00e3o do Trabalho em Enfermagem com Desenvolvimento Sustent\u00e1vel e Bem Viver EIXO 1 \u2013 A\u00e7\u00e3o pol\u00edtica da enfermagem para o desenvolvimento sustent\u00e1vel e o enfrentamento das iniquidades sociais Esse eixo versar\u00e1 sobre o exerc\u00edcio da a\u00e7\u00e3o pol\u00edtica de enfermagem desde as lutas da classe at\u00e9 o desempenho profissional no cotidiano tendo-se como diretriz a sustentabilidade [&hellip;]<\/p>\n","protected":false},"author":1,"featured_media":14214,"parent":0,"menu_order":0,"comment_status":"closed","ping_status":"closed","template":"","meta":{"spay_email":""},"yoast_head":"<!-- This site is optimized with the Yoast SEO plugin v18.3 - https:\/\/yoast.com\/wordpress\/plugins\/seo\/ -->\n<title>84\u00aa SBEn - Concurso de V\u00eddeos DHE - ABEn Nacional<\/title>\n<meta name=\"robots\" content=\"index, follow, max-snippet:-1, max-image-preview:large, max-video-preview:-1\" \/>\n<link rel=\"canonical\" href=\"https:\/\/www.abennacional.org.br\/site\/84a-sben-concurso-de-videos-dhe\/\" \/>\n<meta property=\"og:locale\" content=\"pt_BR\" \/>\n<meta property=\"og:type\" content=\"article\" \/>\n<meta property=\"og:title\" content=\"84\u00aa SBEn - Concurso de V\u00eddeos DHE - ABEn Nacional\" \/>\n<meta property=\"og:description\" content=\"Valoriza\u00e7\u00e3o do Trabalho em Enfermagem com Desenvolvimento Sustent\u00e1vel e Bem Viver EIXO 1 \u2013 A\u00e7\u00e3o pol\u00edtica da enfermagem para o desenvolvimento sustent\u00e1vel e o enfrentamento das iniquidades sociais Esse eixo versar\u00e1 sobre o exerc\u00edcio da a\u00e7\u00e3o pol\u00edtica de enfermagem desde as lutas da classe at\u00e9 o desempenho profissional no cotidiano tendo-se como diretriz a sustentabilidade [&hellip;]\" \/>\n<meta property=\"og:url\" content=\"https:\/\/www.abennacional.org.br\/site\/84a-sben-concurso-de-videos-dhe\/\" \/>\n<meta property=\"og:site_name\" content=\"ABEn Nacional\" \/>\n<meta property=\"article:publisher\" content=\"https:\/\/www.facebook.com\/ABEn-Nacional-202551919840028\/\" \/>\n<meta property=\"article:modified_time\" content=\"2023-05-05T19:51:12+00:00\" \/>\n<meta property=\"og:image\" content=\"https:\/\/www.abennacional.org.br\/site\/wp-content\/uploads\/2023\/05\/concurso_video.jpg\" \/>\n\t<meta property=\"og:image:width\" content=\"1365\" \/>\n\t<meta property=\"og:image:height\" content=\"528\" \/>\n\t<meta property=\"og:image:type\" content=\"image\/jpeg\" \/>\n<meta name=\"twitter:card\" content=\"summary_large_image\" \/>\n<meta name=\"twitter:label1\" content=\"Est. tempo de leitura\" \/>\n\t<meta name=\"twitter:data1\" content=\"2 minutos\" \/>\n<script type=\"application\/ld+json\" class=\"yoast-schema-graph\">{\"@context\":\"https:\/\/schema.org\",\"@graph\":[{\"@type\":\"Organization\",\"@id\":\"https:\/\/www.abennacional.org.br\/site\/#organization\",\"name\":\"ABEn Nacional\",\"url\":\"https:\/\/www.abennacional.org.br\/site\/\",\"sameAs\":[\"https:\/\/www.facebook.com\/ABEn-Nacional-202551919840028\/\",\"https:\/\/br.linkedin.com\/in\/aben-nacional-42385511b\",\"https:\/\/www.youtube.com\/watch?v=m8cvAUgypCI\"],\"logo\":{\"@type\":\"ImageObject\",\"@id\":\"https:\/\/www.abennacional.org.br\/site\/#logo\",\"inLanguage\":\"pt-BR\",\"url\":\"https:\/\/www.abennacional.org.br\/site\/wp-content\/uploads\/2018\/12\/logoaben_grande-2.png\",\"contentUrl\":\"https:\/\/www.abennacional.org.br\/site\/wp-content\/uploads\/2018\/12\/logoaben_grande-2.png\",\"width\":410,\"height\":139,\"caption\":\"ABEn Nacional\"},\"image\":{\"@id\":\"https:\/\/www.abennacional.org.br\/site\/#logo\"}},{\"@type\":\"WebSite\",\"@id\":\"https:\/\/www.abennacional.org.br\/site\/#website\",\"url\":\"https:\/\/www.abennacional.org.br\/site\/\",\"name\":\"ABEn Nacional\",\"description\":\"Associa\u00e7\u00e3o Brasileira de Enfermagem\",\"publisher\":{\"@id\":\"https:\/\/www.abennacional.org.br\/site\/#organization\"},\"potentialAction\":[{\"@type\":\"SearchAction\",\"target\":{\"@type\":\"EntryPoint\",\"urlTemplate\":\"https:\/\/www.abennacional.org.br\/site\/?s={search_term_string}\"},\"query-input\":\"required name=search_term_string\"}],\"inLanguage\":\"pt-BR\"},{\"@type\":\"ImageObject\",\"@id\":\"https:\/\/www.abennacional.org.br\/site\/84a-sben-concurso-de-videos-dhe\/#primaryimage\",\"inLanguage\":\"pt-BR\",\"url\":\"https:\/\/www.abennacional.org.br\/site\/wp-content\/uploads\/2023\/05\/concurso_video.jpg\",\"contentUrl\":\"https:\/\/www.abennacional.org.br\/site\/wp-content\/uploads\/2023\/05\/concurso_video.jpg\",\"width\":1365,\"height\":528},{\"@type\":\"WebPage\",\"@id\":\"https:\/\/www.abennacional.org.br\/site\/84a-sben-concurso-de-videos-dhe\/#webpage\",\"url\":\"https:\/\/www.abennacional.org.br\/site\/84a-sben-concurso-de-videos-dhe\/\",\"name\":\"84\u00aa SBEn - Concurso de V\u00eddeos DHE - ABEn Nacional\",\"isPartOf\":{\"@id\":\"https:\/\/www.abennacional.org.br\/site\/#website\"},\"primaryImageOfPage\":{\"@id\":\"https:\/\/www.abennacional.org.br\/site\/84a-sben-concurso-de-videos-dhe\/#primaryimage\"},\"datePublished\":\"2023-05-05T19:51:08+00:00\",\"dateModified\":\"2023-05-05T19:51:12+00:00\",\"breadcrumb\":{\"@id\":\"https:\/\/www.abennacional.org.br\/site\/84a-sben-concurso-de-videos-dhe\/#breadcrumb\"},\"inLanguage\":\"pt-BR\",\"potentialAction\":[{\"@type\":\"ReadAction\",\"target\":[\"https:\/\/www.abennacional.org.br\/site\/84a-sben-concurso-de-videos-dhe\/\"]}]},{\"@type\":\"BreadcrumbList\",\"@id\":\"https:\/\/www.abennacional.org.br\/site\/84a-sben-concurso-de-videos-dhe\/#breadcrumb\",\"itemListElement\":[{\"@type\":\"ListItem\",\"position\":1,\"name\":\"In\u00edcio\",\"item\":\"https:\/\/www.abennacional.org.br\/site\/\"},{\"@type\":\"ListItem\",\"position\":2,\"name\":\"84\u00aa SBEn &#8211; Concurso de V\u00eddeos DHE\"}]}]}<\/script>\n<!-- \/ Yoast SEO plugin. -->","yoast_head_json":{"title":"84\u00aa SBEn - Concurso de V\u00eddeos DHE - ABEn Nacional","robots":{"index":"index","follow":"follow","max-snippet":"max-snippet:-1","max-image-preview":"max-image-preview:large","max-video-preview":"max-video-preview:-1"},"canonical":"https:\/\/www.abennacional.org.br\/site\/84a-sben-concurso-de-videos-dhe\/","og_locale":"pt_BR","og_type":"article","og_title":"84\u00aa SBEn - Concurso de V\u00eddeos DHE - ABEn Nacional","og_description":"Valoriza\u00e7\u00e3o do Trabalho em Enfermagem com Desenvolvimento Sustent\u00e1vel e Bem Viver EIXO 1 \u2013 A\u00e7\u00e3o pol\u00edtica da enfermagem para o desenvolvimento sustent\u00e1vel e o enfrentamento das iniquidades sociais Esse eixo versar\u00e1 sobre o exerc\u00edcio da a\u00e7\u00e3o pol\u00edtica de enfermagem desde as lutas da classe at\u00e9 o desempenho profissional no cotidiano tendo-se como diretriz a sustentabilidade [&hellip;]","og_url":"https:\/\/www.abennacional.org.br\/site\/84a-sben-concurso-de-videos-dhe\/","og_site_name":"ABEn Nacional","article_publisher":"https:\/\/www.facebook.com\/ABEn-Nacional-202551919840028\/","article_modified_time":"2023-05-05T19:51:12+00:00","og_image":[{"width":1365,"height":528,"url":"https:\/\/www.abennacional.org.br\/site\/wp-content\/uploads\/2023\/05\/concurso_video.jpg","type":"image\/jpeg"}],"twitter_card":"summary_large_image","twitter_misc":{"Est. tempo de leitura":"2 minutos"},"schema":{"@context":"https:\/\/schema.org","@graph":[{"@type":"Organization","@id":"https:\/\/www.abennacional.org.br\/site\/#organization","name":"ABEn Nacional","url":"https:\/\/www.abennacional.org.br\/site\/","sameAs":["https:\/\/www.facebook.com\/ABEn-Nacional-202551919840028\/","https:\/\/br.linkedin.com\/in\/aben-nacional-42385511b","https:\/\/www.youtube.com\/watch?v=m8cvAUgypCI"],"logo":{"@type":"ImageObject","@id":"https:\/\/www.abennacional.org.br\/site\/#logo","inLanguage":"pt-BR","url":"https:\/\/www.abennacional.org.br\/site\/wp-content\/uploads\/2018\/12\/logoaben_grande-2.png","contentUrl":"https:\/\/www.abennacional.org.br\/site\/wp-content\/uploads\/2018\/12\/logoaben_grande-2.png","width":410,"height":139,"caption":"ABEn Nacional"},"image":{"@id":"https:\/\/www.abennacional.org.br\/site\/#logo"}},{"@type":"WebSite","@id":"https:\/\/www.abennacional.org.br\/site\/#website","url":"https:\/\/www.abennacional.org.br\/site\/","name":"ABEn Nacional","description":"Associa\u00e7\u00e3o Brasileira de Enfermagem","publisher":{"@id":"https:\/\/www.abennacional.org.br\/site\/#organization"},"potentialAction":[{"@type":"SearchAction","target":{"@type":"EntryPoint","urlTemplate":"https:\/\/www.abennacional.org.br\/site\/?s={search_term_string}"},"query-input":"required name=search_term_string"}],"inLanguage":"pt-BR"},{"@type":"ImageObject","@id":"https:\/\/www.abennacional.org.br\/site\/84a-sben-concurso-de-videos-dhe\/#primaryimage","inLanguage":"pt-BR","url":"https:\/\/www.abennacional.org.br\/site\/wp-content\/uploads\/2023\/05\/concurso_video.jpg","contentUrl":"https:\/\/www.abennacional.org.br\/site\/wp-content\/uploads\/2023\/05\/concurso_video.jpg","width":1365,"height":528},{"@type":"WebPage","@id":"https:\/\/www.abennacional.org.br\/site\/84a-sben-concurso-de-videos-dhe\/#webpage","url":"https:\/\/www.abennacional.org.br\/site\/84a-sben-concurso-de-videos-dhe\/","name":"84\u00aa SBEn - Concurso de V\u00eddeos DHE - ABEn Nacional","isPartOf":{"@id":"https:\/\/www.abennacional.org.br\/site\/#website"},"primaryImageOfPage":{"@id":"https:\/\/www.abennacional.org.br\/site\/84a-sben-concurso-de-videos-dhe\/#primaryimage"},"datePublished":"2023-05-05T19:51:08+00:00","dateModified":"2023-05-05T19:51:12+00:00","breadcrumb":{"@id":"https:\/\/www.abennacional.org.br\/site\/84a-sben-concurso-de-videos-dhe\/#breadcrumb"},"inLanguage":"pt-BR","potentialAction":[{"@type":"ReadAction","target":["https:\/\/www.abennacional.org.br\/site\/84a-sben-concurso-de-videos-dhe\/"]}]},{"@type":"BreadcrumbList","@id":"https:\/\/www.abennacional.org.br\/site\/84a-sben-concurso-de-videos-dhe\/#breadcrumb","itemListElement":[{"@type":"ListItem","position":1,"name":"In\u00edcio","item":"https:\/\/www.abennacional.org.br\/site\/"},{"@type":"ListItem","position":2,"name":"84\u00aa SBEn &#8211; Concurso de V\u00eddeos DHE"}]}]}},"jetpack_sharing_enabled":true,"jetpack_shortlink":"https:\/\/wp.me\/PaUzFo-3He","_links":{"self":[{"href":"https:\/\/www.abennacional.org.br\/site\/wp-json\/wp\/v2\/pages\/14212"}],"collection":[{"href":"https:\/\/www.abennacional.org.br\/site\/wp-json\/wp\/v2\/pages"}],"about":[{"href":"https:\/\/www.abennacional.org.br\/site\/wp-json\/wp\/v2\/types\/page"}],"author":[{"embeddable":true,"href":"https:\/\/www.abennacional.org.br\/site\/wp-json\/wp\/v2\/users\/1"}],"replies":[{"embeddable":true,"href":"https:\/\/www.abennacional.org.br\/site\/wp-json\/wp\/v2\/comments?post=14212"}],"version-history":[{"count":1,"href":"https:\/\/www.abennacional.org.br\/site\/wp-json\/wp\/v2\/pages\/14212\/revisions"}],"predecessor-version":[{"id":14215,"href":"https:\/\/www.abennacional.org.br\/site\/wp-json\/wp\/v2\/pages\/14212\/revisions\/14215"}],"wp:featuredmedia":[{"embeddable":true,"href":"https:\/\/www.abennacional.org.br\/site\/wp-json\/wp\/v2\/media\/14214"}],"wp:attachment":[{"href":"https:\/\/www.abennacional.org.br\/site\/wp-json\/wp\/v2\/media?parent=14212"}],"curies":[{"name":"wp","href":"https:\/\/api.w.org\/{rel}","templated":true}]}}