{"id":14556,"date":"2023-08-10T18:02:51","date_gmt":"2023-08-10T21:02:51","guid":{"rendered":"https:\/\/www.abennacional.org.br\/site\/?page_id=14556"},"modified":"2023-11-12T19:56:19","modified_gmt":"2023-11-12T22:56:19","slug":"edital-prova-para-a-obtencao-do-titulo-de-enfermeirao-especialista-em-enfermagem-gerontologica","status":"publish","type":"page","link":"https:\/\/www.abennacional.org.br\/site\/edital-prova-para-a-obtencao-do-titulo-de-enfermeirao-especialista-em-enfermagem-gerontologica\/","title":{"rendered":"Edital | Prova para a obten\u00e7\u00e3o do T\u00edtulo de Enfermeira(o) Especialista em Enfermagem Gerontol\u00f3gica"},"content":{"rendered":"\n<figure class=\"wp-block-image size-large\"><img loading=\"lazy\" width=\"1024\" height=\"379\" src=\"https:\/\/www.abennacional.org.br\/site\/wp-content\/uploads\/2023\/09\/74CBEn-1-1024x379.jpeg\" alt=\"\" class=\"wp-image-14747\" srcset=\"https:\/\/www.abennacional.org.br\/site\/wp-content\/uploads\/2023\/09\/74CBEn-1-1024x379.jpeg 1024w, https:\/\/www.abennacional.org.br\/site\/wp-content\/uploads\/2023\/09\/74CBEn-1-300x111.jpeg 300w, https:\/\/www.abennacional.org.br\/site\/wp-content\/uploads\/2023\/09\/74CBEn-1-768x284.jpeg 768w, https:\/\/www.abennacional.org.br\/site\/wp-content\/uploads\/2023\/09\/74CBEn-1.jpeg 1280w\" sizes=\"(max-width: 1024px) 100vw, 1024px\" \/><\/figure>\n\n\n\n<p class=\"has-medium-font-size\"><br><strong>Prova para a obten\u00e7\u00e3o do T\u00edtulo de Enfermeira(o) Especialista em Enfermagem Gerontol\u00f3gica<\/strong><br>______________________________________________<\/p>\n\n\n\n<p>Veja a lista de: <a href=\"https:\/\/www.abennacional.org.br\/site\/2023\/11\/12\/candidatas-aprovadas-para-obtencao-do-titulo-de-enfermeiroespecialista-em-enfermagem-gerontologica\/\" target=\"_blank\" rel=\"noreferrer noopener\">CANDIDATAS APROVADAS PARA OBTEN\u00c7\u00c3O DO T\u00cdTULO DE ENFERMEIRO<br>ESPECIALISTA EM ENFERMAGEM GERONTOL\u00d3GICA<\/a><\/p>\n\n\n\n<p><br><strong>Leia o Edital da Prova<\/strong> <br><a href=\"https:\/\/www.abennacional.org.br\/site\/wp-content\/uploads\/2023\/09\/errata_edital_2023_prova_geronto.pdf\" target=\"_blank\" rel=\"noreferrer noopener\">Clique aqui<\/a> para acessar a Errata do Edital<br><a href=\"https:\/\/www.abennacional.org.br\/site\/edital_2023_prova_geronto\/\" target=\"_blank\" rel=\"noreferrer noopener\">Clique aqui <\/a>para acessar o Edital. <br><a href=\"https:\/\/www.abennacional.org.br\/site\/wp-content\/uploads\/2023\/10\/homologa_prova_gerontolo_2023.pdf\" target=\"_blank\" rel=\"noreferrer noopener\">Clique aqui <\/a>para acessar Homologa\u00e7\u00e3o Inscri\u00e7\u00e3o para Prova<br><br><strong>Per\u00edodo<\/strong>: 20 de agosto a 15 de Setembro de 2023<br><strong>Data da Prova<\/strong> (presencial): 11 de Novembro de 2023<br><strong>Local da Prova<\/strong>: 13\u00aa Jornada Brasileira de Enfermagem Gerontol\u00f3gica, realizado no 74\u00ba CBEn \u2013 RJ.<br><strong>Inscri\u00e7\u00e3o<\/strong>: <a href=\"https:\/\/forms.gle\/ioSW1YKNoytKhrZo6\" target=\"_blank\" rel=\"noreferrer noopener\">https:\/\/forms.gle\/ioSW1YKNoytKhrZo6<\/a><\/p>\n","protected":false},"excerpt":{"rendered":"<p>Prova para a obten\u00e7\u00e3o do T\u00edtulo de Enfermeira(o) Especialista em Enfermagem Gerontol\u00f3gica______________________________________________ Veja a lista de: CANDIDATAS APROVADAS PARA OBTEN\u00c7\u00c3O DO T\u00cdTULO DE ENFERMEIROESPECIALISTA EM ENFERMAGEM GERONTOL\u00d3GICA Leia o Edital da Prova Clique aqui para acessar a Errata do EditalClique aqui para acessar o Edital. Clique aqui para acessar Homologa\u00e7\u00e3o Inscri\u00e7\u00e3o para Prova Per\u00edodo: 20 [&hellip;]<\/p>\n","protected":false},"author":1,"featured_media":14747,"parent":0,"menu_order":0,"comment_status":"closed","ping_status":"closed","template":"","meta":{"spay_email":""},"yoast_head":"<!-- This site is optimized with the Yoast SEO plugin v18.3 - https:\/\/yoast.com\/wordpress\/plugins\/seo\/ -->\n<title>Edital | Prova para a obten\u00e7\u00e3o do T\u00edtulo de Enfermeira(o) Especialista em Enfermagem Gerontol\u00f3gica - ABEn Nacional<\/title>\n<meta name=\"robots\" content=\"index, follow, max-snippet:-1, max-image-preview:large, max-video-preview:-1\" \/>\n<link rel=\"canonical\" href=\"https:\/\/www.abennacional.org.br\/site\/edital-prova-para-a-obtencao-do-titulo-de-enfermeirao-especialista-em-enfermagem-gerontologica\/\" \/>\n<meta property=\"og:locale\" content=\"pt_BR\" \/>\n<meta property=\"og:type\" content=\"article\" \/>\n<meta property=\"og:title\" content=\"Edital | Prova para a obten\u00e7\u00e3o do T\u00edtulo de Enfermeira(o) Especialista em Enfermagem Gerontol\u00f3gica - ABEn Nacional\" \/>\n<meta property=\"og:description\" content=\"Prova para a obten\u00e7\u00e3o do T\u00edtulo de Enfermeira(o) Especialista em Enfermagem Gerontol\u00f3gica______________________________________________ Veja a lista de: CANDIDATAS APROVADAS PARA OBTEN\u00c7\u00c3O DO T\u00cdTULO DE ENFERMEIROESPECIALISTA EM ENFERMAGEM GERONTOL\u00d3GICA Leia o Edital da Prova Clique aqui para acessar a Errata do EditalClique aqui para acessar o Edital. Clique aqui para acessar Homologa\u00e7\u00e3o Inscri\u00e7\u00e3o para Prova Per\u00edodo: 20 [&hellip;]\" \/>\n<meta property=\"og:url\" content=\"https:\/\/www.abennacional.org.br\/site\/edital-prova-para-a-obtencao-do-titulo-de-enfermeirao-especialista-em-enfermagem-gerontologica\/\" \/>\n<meta property=\"og:site_name\" content=\"ABEn Nacional\" \/>\n<meta property=\"article:publisher\" content=\"https:\/\/www.facebook.com\/ABEn-Nacional-202551919840028\/\" \/>\n<meta property=\"article:modified_time\" content=\"2023-11-12T22:56:19+00:00\" \/>\n<meta property=\"og:image\" content=\"https:\/\/www.abennacional.org.br\/site\/wp-content\/uploads\/2023\/09\/74CBEn-1.jpeg\" \/>\n\t<meta property=\"og:image:width\" content=\"1280\" \/>\n\t<meta property=\"og:image:height\" content=\"474\" \/>\n\t<meta property=\"og:image:type\" content=\"image\/jpeg\" \/>\n<meta name=\"twitter:card\" content=\"summary_large_image\" \/>\n<meta name=\"twitter:label1\" content=\"Est. tempo de leitura\" \/>\n\t<meta name=\"twitter:data1\" content=\"1 minuto\" \/>\n<script type=\"application\/ld+json\" class=\"yoast-schema-graph\">{\"@context\":\"https:\/\/schema.org\",\"@graph\":[{\"@type\":\"Organization\",\"@id\":\"https:\/\/www.abennacional.org.br\/site\/#organization\",\"name\":\"ABEn Nacional\",\"url\":\"https:\/\/www.abennacional.org.br\/site\/\",\"sameAs\":[\"https:\/\/www.facebook.com\/ABEn-Nacional-202551919840028\/\",\"https:\/\/br.linkedin.com\/in\/aben-nacional-42385511b\",\"https:\/\/www.youtube.com\/watch?v=m8cvAUgypCI\"],\"logo\":{\"@type\":\"ImageObject\",\"@id\":\"https:\/\/www.abennacional.org.br\/site\/#logo\",\"inLanguage\":\"pt-BR\",\"url\":\"https:\/\/www.abennacional.org.br\/site\/wp-content\/uploads\/2018\/12\/logoaben_grande-2.png\",\"contentUrl\":\"https:\/\/www.abennacional.org.br\/site\/wp-content\/uploads\/2018\/12\/logoaben_grande-2.png\",\"width\":410,\"height\":139,\"caption\":\"ABEn Nacional\"},\"image\":{\"@id\":\"https:\/\/www.abennacional.org.br\/site\/#logo\"}},{\"@type\":\"WebSite\",\"@id\":\"https:\/\/www.abennacional.org.br\/site\/#website\",\"url\":\"https:\/\/www.abennacional.org.br\/site\/\",\"name\":\"ABEn Nacional\",\"description\":\"Associa\u00e7\u00e3o Brasileira de Enfermagem\",\"publisher\":{\"@id\":\"https:\/\/www.abennacional.org.br\/site\/#organization\"},\"potentialAction\":[{\"@type\":\"SearchAction\",\"target\":{\"@type\":\"EntryPoint\",\"urlTemplate\":\"https:\/\/www.abennacional.org.br\/site\/?s={search_term_string}\"},\"query-input\":\"required name=search_term_string\"}],\"inLanguage\":\"pt-BR\"},{\"@type\":\"ImageObject\",\"@id\":\"https:\/\/www.abennacional.org.br\/site\/edital-prova-para-a-obtencao-do-titulo-de-enfermeirao-especialista-em-enfermagem-gerontologica\/#primaryimage\",\"inLanguage\":\"pt-BR\",\"url\":\"https:\/\/www.abennacional.org.br\/site\/wp-content\/uploads\/2023\/09\/74CBEn-1.jpeg\",\"contentUrl\":\"https:\/\/www.abennacional.org.br\/site\/wp-content\/uploads\/2023\/09\/74CBEn-1.jpeg\",\"width\":1280,\"height\":474},{\"@type\":\"WebPage\",\"@id\":\"https:\/\/www.abennacional.org.br\/site\/edital-prova-para-a-obtencao-do-titulo-de-enfermeirao-especialista-em-enfermagem-gerontologica\/#webpage\",\"url\":\"https:\/\/www.abennacional.org.br\/site\/edital-prova-para-a-obtencao-do-titulo-de-enfermeirao-especialista-em-enfermagem-gerontologica\/\",\"name\":\"Edital | Prova para a obten\u00e7\u00e3o do T\u00edtulo de Enfermeira(o) Especialista em Enfermagem Gerontol\u00f3gica - ABEn Nacional\",\"isPartOf\":{\"@id\":\"https:\/\/www.abennacional.org.br\/site\/#website\"},\"primaryImageOfPage\":{\"@id\":\"https:\/\/www.abennacional.org.br\/site\/edital-prova-para-a-obtencao-do-titulo-de-enfermeirao-especialista-em-enfermagem-gerontologica\/#primaryimage\"},\"datePublished\":\"2023-08-10T21:02:51+00:00\",\"dateModified\":\"2023-11-12T22:56:19+00:00\",\"breadcrumb\":{\"@id\":\"https:\/\/www.abennacional.org.br\/site\/edital-prova-para-a-obtencao-do-titulo-de-enfermeirao-especialista-em-enfermagem-gerontologica\/#breadcrumb\"},\"inLanguage\":\"pt-BR\",\"potentialAction\":[{\"@type\":\"ReadAction\",\"target\":[\"https:\/\/www.abennacional.org.br\/site\/edital-prova-para-a-obtencao-do-titulo-de-enfermeirao-especialista-em-enfermagem-gerontologica\/\"]}]},{\"@type\":\"BreadcrumbList\",\"@id\":\"https:\/\/www.abennacional.org.br\/site\/edital-prova-para-a-obtencao-do-titulo-de-enfermeirao-especialista-em-enfermagem-gerontologica\/#breadcrumb\",\"itemListElement\":[{\"@type\":\"ListItem\",\"position\":1,\"name\":\"In\u00edcio\",\"item\":\"https:\/\/www.abennacional.org.br\/site\/\"},{\"@type\":\"ListItem\",\"position\":2,\"name\":\"Edital | Prova para a obten\u00e7\u00e3o do T\u00edtulo de Enfermeira(o) Especialista em Enfermagem Gerontol\u00f3gica\"}]}]}<\/script>\n<!-- \/ Yoast SEO plugin. -->","yoast_head_json":{"title":"Edital | Prova para a obten\u00e7\u00e3o do T\u00edtulo de Enfermeira(o) Especialista em Enfermagem Gerontol\u00f3gica - ABEn Nacional","robots":{"index":"index","follow":"follow","max-snippet":"max-snippet:-1","max-image-preview":"max-image-preview:large","max-video-preview":"max-video-preview:-1"},"canonical":"https:\/\/www.abennacional.org.br\/site\/edital-prova-para-a-obtencao-do-titulo-de-enfermeirao-especialista-em-enfermagem-gerontologica\/","og_locale":"pt_BR","og_type":"article","og_title":"Edital | Prova para a obten\u00e7\u00e3o do T\u00edtulo de Enfermeira(o) Especialista em Enfermagem Gerontol\u00f3gica - ABEn Nacional","og_description":"Prova para a obten\u00e7\u00e3o do T\u00edtulo de Enfermeira(o) Especialista em Enfermagem Gerontol\u00f3gica______________________________________________ Veja a lista de: CANDIDATAS APROVADAS PARA OBTEN\u00c7\u00c3O DO T\u00cdTULO DE ENFERMEIROESPECIALISTA EM ENFERMAGEM GERONTOL\u00d3GICA Leia o Edital da Prova Clique aqui para acessar a Errata do EditalClique aqui para acessar o Edital. Clique aqui para acessar Homologa\u00e7\u00e3o Inscri\u00e7\u00e3o para Prova Per\u00edodo: 20 [&hellip;]","og_url":"https:\/\/www.abennacional.org.br\/site\/edital-prova-para-a-obtencao-do-titulo-de-enfermeirao-especialista-em-enfermagem-gerontologica\/","og_site_name":"ABEn Nacional","article_publisher":"https:\/\/www.facebook.com\/ABEn-Nacional-202551919840028\/","article_modified_time":"2023-11-12T22:56:19+00:00","og_image":[{"width":1280,"height":474,"url":"https:\/\/www.abennacional.org.br\/site\/wp-content\/uploads\/2023\/09\/74CBEn-1.jpeg","type":"image\/jpeg"}],"twitter_card":"summary_large_image","twitter_misc":{"Est. tempo de leitura":"1 minuto"},"schema":{"@context":"https:\/\/schema.org","@graph":[{"@type":"Organization","@id":"https:\/\/www.abennacional.org.br\/site\/#organization","name":"ABEn Nacional","url":"https:\/\/www.abennacional.org.br\/site\/","sameAs":["https:\/\/www.facebook.com\/ABEn-Nacional-202551919840028\/","https:\/\/br.linkedin.com\/in\/aben-nacional-42385511b","https:\/\/www.youtube.com\/watch?v=m8cvAUgypCI"],"logo":{"@type":"ImageObject","@id":"https:\/\/www.abennacional.org.br\/site\/#logo","inLanguage":"pt-BR","url":"https:\/\/www.abennacional.org.br\/site\/wp-content\/uploads\/2018\/12\/logoaben_grande-2.png","contentUrl":"https:\/\/www.abennacional.org.br\/site\/wp-content\/uploads\/2018\/12\/logoaben_grande-2.png","width":410,"height":139,"caption":"ABEn Nacional"},"image":{"@id":"https:\/\/www.abennacional.org.br\/site\/#logo"}},{"@type":"WebSite","@id":"https:\/\/www.abennacional.org.br\/site\/#website","url":"https:\/\/www.abennacional.org.br\/site\/","name":"ABEn Nacional","description":"Associa\u00e7\u00e3o Brasileira de Enfermagem","publisher":{"@id":"https:\/\/www.abennacional.org.br\/site\/#organization"},"potentialAction":[{"@type":"SearchAction","target":{"@type":"EntryPoint","urlTemplate":"https:\/\/www.abennacional.org.br\/site\/?s={search_term_string}"},"query-input":"required name=search_term_string"}],"inLanguage":"pt-BR"},{"@type":"ImageObject","@id":"https:\/\/www.abennacional.org.br\/site\/edital-prova-para-a-obtencao-do-titulo-de-enfermeirao-especialista-em-enfermagem-gerontologica\/#primaryimage","inLanguage":"pt-BR","url":"https:\/\/www.abennacional.org.br\/site\/wp-content\/uploads\/2023\/09\/74CBEn-1.jpeg","contentUrl":"https:\/\/www.abennacional.org.br\/site\/wp-content\/uploads\/2023\/09\/74CBEn-1.jpeg","width":1280,"height":474},{"@type":"WebPage","@id":"https:\/\/www.abennacional.org.br\/site\/edital-prova-para-a-obtencao-do-titulo-de-enfermeirao-especialista-em-enfermagem-gerontologica\/#webpage","url":"https:\/\/www.abennacional.org.br\/site\/edital-prova-para-a-obtencao-do-titulo-de-enfermeirao-especialista-em-enfermagem-gerontologica\/","name":"Edital | Prova para a obten\u00e7\u00e3o do T\u00edtulo de Enfermeira(o) Especialista em Enfermagem Gerontol\u00f3gica - ABEn Nacional","isPartOf":{"@id":"https:\/\/www.abennacional.org.br\/site\/#website"},"primaryImageOfPage":{"@id":"https:\/\/www.abennacional.org.br\/site\/edital-prova-para-a-obtencao-do-titulo-de-enfermeirao-especialista-em-enfermagem-gerontologica\/#primaryimage"},"datePublished":"2023-08-10T21:02:51+00:00","dateModified":"2023-11-12T22:56:19+00:00","breadcrumb":{"@id":"https:\/\/www.abennacional.org.br\/site\/edital-prova-para-a-obtencao-do-titulo-de-enfermeirao-especialista-em-enfermagem-gerontologica\/#breadcrumb"},"inLanguage":"pt-BR","potentialAction":[{"@type":"ReadAction","target":["https:\/\/www.abennacional.org.br\/site\/edital-prova-para-a-obtencao-do-titulo-de-enfermeirao-especialista-em-enfermagem-gerontologica\/"]}]},{"@type":"BreadcrumbList","@id":"https:\/\/www.abennacional.org.br\/site\/edital-prova-para-a-obtencao-do-titulo-de-enfermeirao-especialista-em-enfermagem-gerontologica\/#breadcrumb","itemListElement":[{"@type":"ListItem","position":1,"name":"In\u00edcio","item":"https:\/\/www.abennacional.org.br\/site\/"},{"@type":"ListItem","position":2,"name":"Edital | Prova para a obten\u00e7\u00e3o do T\u00edtulo de Enfermeira(o) Especialista em Enfermagem Gerontol\u00f3gica"}]}]}},"jetpack_sharing_enabled":true,"jetpack_shortlink":"https:\/\/wp.me\/PaUzFo-3MM","_links":{"self":[{"href":"https:\/\/www.abennacional.org.br\/site\/wp-json\/wp\/v2\/pages\/14556"}],"collection":[{"href":"https:\/\/www.abennacional.org.br\/site\/wp-json\/wp\/v2\/pages"}],"about":[{"href":"https:\/\/www.abennacional.org.br\/site\/wp-json\/wp\/v2\/types\/page"}],"author":[{"embeddable":true,"href":"https:\/\/www.abennacional.org.br\/site\/wp-json\/wp\/v2\/users\/1"}],"replies":[{"embeddable":true,"href":"https:\/\/www.abennacional.org.br\/site\/wp-json\/wp\/v2\/comments?post=14556"}],"version-history":[{"count":10,"href":"https:\/\/www.abennacional.org.br\/site\/wp-json\/wp\/v2\/pages\/14556\/revisions"}],"predecessor-version":[{"id":14993,"href":"https:\/\/www.abennacional.org.br\/site\/wp-json\/wp\/v2\/pages\/14556\/revisions\/14993"}],"wp:featuredmedia":[{"embeddable":true,"href":"https:\/\/www.abennacional.org.br\/site\/wp-json\/wp\/v2\/media\/14747"}],"wp:attachment":[{"href":"https:\/\/www.abennacional.org.br\/site\/wp-json\/wp\/v2\/media?parent=14556"}],"curies":[{"name":"wp","href":"https:\/\/api.w.org\/{rel}","templated":true}]}}