{"id":14617,"date":"2023-08-18T11:52:55","date_gmt":"2023-08-18T14:52:55","guid":{"rendered":"https:\/\/www.abennacional.org.br\/site\/?page_id=14617"},"modified":"2023-11-12T19:55:43","modified_gmt":"2023-11-12T22:55:43","slug":"edital-prova-para-a-obtencao-do-titulo-de-enfermeirao-especialista-em-historia-da-enfermagem","status":"publish","type":"page","link":"https:\/\/www.abennacional.org.br\/site\/edital-prova-para-a-obtencao-do-titulo-de-enfermeirao-especialista-em-historia-da-enfermagem\/","title":{"rendered":"Edital | Prova para a Obten\u00e7\u00e3o do T\u00edtulo de Enfermeira(o) Especialista em Hist\u00f3ria da Enfermagem"},"content":{"rendered":"\n<p><\/p>\n\n\n\n<p>A Associa\u00e7\u00e3o Brasileira de Enfermagem\u2013 ABEn, pessoa jur\u00eddica de direito privado,sem fins lucrativos,de utilidade p\u00fablica declarada pelo Decreto no31.417,de 9 de setembro de 1952, realizar\u00e1 PROCESSO AVALIATIVO PARA A OBTEN\u00c7\u00c3O DE T\u00cdTULO DE ENFERMEIRA(O) ESPECIALISTA EM HIST\u00d3RIA DA ENFERMAGEM, conforme prev\u00ea o seu Estatuto,as regras e condi\u00e7\u00f5es constantes deste Edital.<br><br><strong>Inscri\u00e7\u00f5es para a PROVA<\/strong>: Data de publica\u00e7\u00e3o do Edital at\u00e9 o 31 de outubro de 2023.<br><strong>Formul\u00e1rio de inscri\u00e7\u00e3o:<\/strong> <a href=\"https:\/\/docs.google.com\/forms\/d\/e\/1FAIpQLSctPLT6khjl_igZJ9CB0xBxbYM1iA87KTz8SbfFVvu4cbU9MQ\/viewform\" target=\"_blank\" rel=\"noreferrer noopener\">Clique aqui<\/a><\/p>\n\n\n\n<div class=\"wp-block-file\"><object class=\"wp-block-file__embed\" data=\"https:\/\/www.abennacional.org.br\/site\/wp-content\/uploads\/2023\/08\/edital_2023_DHE.pdf\" type=\"application\/pdf\" style=\"width:100%;height:600px\" aria-label=\"Incorporado de edital_2023_DHE.\"><\/object><a id=\"wp-block-file--media-796e669c-ef89-4cc6-a2c7-afa44b141174\" href=\"https:\/\/www.abennacional.org.br\/site\/wp-content\/uploads\/2023\/08\/edital_2023_DHE.pdf\">edital_2023_DHE<\/a><a href=\"https:\/\/www.abennacional.org.br\/site\/wp-content\/uploads\/2023\/08\/edital_2023_DHE.pdf\" class=\"wp-block-file__button\" download aria-describedby=\"wp-block-file--media-796e669c-ef89-4cc6-a2c7-afa44b141174\">Baixar<\/a><\/div>\n","protected":false},"excerpt":{"rendered":"<p>A Associa\u00e7\u00e3o Brasileira de Enfermagem\u2013 ABEn, pessoa jur\u00eddica de direito privado,sem fins lucrativos,de utilidade p\u00fablica declarada pelo Decreto no31.417,de 9 de setembro de 1952, realizar\u00e1 PROCESSO AVALIATIVO PARA A OBTEN\u00c7\u00c3O DE T\u00cdTULO DE ENFERMEIRA(O) ESPECIALISTA EM HIST\u00d3RIA DA ENFERMAGEM, conforme prev\u00ea o seu Estatuto,as regras e condi\u00e7\u00f5es constantes deste Edital. Inscri\u00e7\u00f5es para a PROVA: Data [&hellip;]<\/p>\n","protected":false},"author":1,"featured_media":14621,"parent":0,"menu_order":0,"comment_status":"closed","ping_status":"closed","template":"","meta":{"spay_email":""},"yoast_head":"<!-- This site is optimized with the Yoast SEO plugin v18.3 - https:\/\/yoast.com\/wordpress\/plugins\/seo\/ -->\n<title>Edital | Prova para a Obten\u00e7\u00e3o do T\u00edtulo de Enfermeira(o) Especialista em Hist\u00f3ria da Enfermagem - ABEn Nacional<\/title>\n<meta name=\"robots\" content=\"index, follow, max-snippet:-1, max-image-preview:large, max-video-preview:-1\" \/>\n<link rel=\"canonical\" href=\"https:\/\/www.abennacional.org.br\/site\/edital-prova-para-a-obtencao-do-titulo-de-enfermeirao-especialista-em-historia-da-enfermagem\/\" \/>\n<meta property=\"og:locale\" content=\"pt_BR\" \/>\n<meta property=\"og:type\" content=\"article\" \/>\n<meta property=\"og:title\" content=\"Edital | Prova para a Obten\u00e7\u00e3o do T\u00edtulo de Enfermeira(o) Especialista em Hist\u00f3ria da Enfermagem - ABEn Nacional\" \/>\n<meta property=\"og:description\" content=\"A Associa\u00e7\u00e3o Brasileira de Enfermagem\u2013 ABEn, pessoa jur\u00eddica de direito privado,sem fins lucrativos,de utilidade p\u00fablica declarada pelo Decreto no31.417,de 9 de setembro de 1952, realizar\u00e1 PROCESSO AVALIATIVO PARA A OBTEN\u00c7\u00c3O DE T\u00cdTULO DE ENFERMEIRA(O) ESPECIALISTA EM HIST\u00d3RIA DA ENFERMAGEM, conforme prev\u00ea o seu Estatuto,as regras e condi\u00e7\u00f5es constantes deste Edital. Inscri\u00e7\u00f5es para a PROVA: Data [&hellip;]\" \/>\n<meta property=\"og:url\" content=\"https:\/\/www.abennacional.org.br\/site\/edital-prova-para-a-obtencao-do-titulo-de-enfermeirao-especialista-em-historia-da-enfermagem\/\" \/>\n<meta property=\"og:site_name\" content=\"ABEn Nacional\" \/>\n<meta property=\"article:publisher\" content=\"https:\/\/www.facebook.com\/ABEn-Nacional-202551919840028\/\" \/>\n<meta property=\"article:modified_time\" content=\"2023-11-12T22:55:43+00:00\" \/>\n<meta property=\"og:image\" content=\"https:\/\/www.abennacional.org.br\/site\/wp-content\/uploads\/2023\/08\/edital_DHE_2023_a.jpg\" \/>\n\t<meta property=\"og:image:width\" content=\"1365\" \/>\n\t<meta property=\"og:image:height\" content=\"528\" \/>\n\t<meta property=\"og:image:type\" content=\"image\/jpeg\" \/>\n<meta name=\"twitter:card\" content=\"summary_large_image\" \/>\n<meta name=\"twitter:label1\" content=\"Est. tempo de leitura\" \/>\n\t<meta name=\"twitter:data1\" content=\"1 minuto\" \/>\n<script type=\"application\/ld+json\" class=\"yoast-schema-graph\">{\"@context\":\"https:\/\/schema.org\",\"@graph\":[{\"@type\":\"Organization\",\"@id\":\"https:\/\/www.abennacional.org.br\/site\/#organization\",\"name\":\"ABEn Nacional\",\"url\":\"https:\/\/www.abennacional.org.br\/site\/\",\"sameAs\":[\"https:\/\/www.facebook.com\/ABEn-Nacional-202551919840028\/\",\"https:\/\/br.linkedin.com\/in\/aben-nacional-42385511b\",\"https:\/\/www.youtube.com\/watch?v=m8cvAUgypCI\"],\"logo\":{\"@type\":\"ImageObject\",\"@id\":\"https:\/\/www.abennacional.org.br\/site\/#logo\",\"inLanguage\":\"pt-BR\",\"url\":\"https:\/\/www.abennacional.org.br\/site\/wp-content\/uploads\/2018\/12\/logoaben_grande-2.png\",\"contentUrl\":\"https:\/\/www.abennacional.org.br\/site\/wp-content\/uploads\/2018\/12\/logoaben_grande-2.png\",\"width\":410,\"height\":139,\"caption\":\"ABEn Nacional\"},\"image\":{\"@id\":\"https:\/\/www.abennacional.org.br\/site\/#logo\"}},{\"@type\":\"WebSite\",\"@id\":\"https:\/\/www.abennacional.org.br\/site\/#website\",\"url\":\"https:\/\/www.abennacional.org.br\/site\/\",\"name\":\"ABEn Nacional\",\"description\":\"Associa\u00e7\u00e3o Brasileira de Enfermagem\",\"publisher\":{\"@id\":\"https:\/\/www.abennacional.org.br\/site\/#organization\"},\"potentialAction\":[{\"@type\":\"SearchAction\",\"target\":{\"@type\":\"EntryPoint\",\"urlTemplate\":\"https:\/\/www.abennacional.org.br\/site\/?s={search_term_string}\"},\"query-input\":\"required name=search_term_string\"}],\"inLanguage\":\"pt-BR\"},{\"@type\":\"ImageObject\",\"@id\":\"https:\/\/www.abennacional.org.br\/site\/edital-prova-para-a-obtencao-do-titulo-de-enfermeirao-especialista-em-historia-da-enfermagem\/#primaryimage\",\"inLanguage\":\"pt-BR\",\"url\":\"https:\/\/www.abennacional.org.br\/site\/wp-content\/uploads\/2023\/08\/edital_DHE_2023_a.jpg\",\"contentUrl\":\"https:\/\/www.abennacional.org.br\/site\/wp-content\/uploads\/2023\/08\/edital_DHE_2023_a.jpg\",\"width\":1365,\"height\":528},{\"@type\":\"WebPage\",\"@id\":\"https:\/\/www.abennacional.org.br\/site\/edital-prova-para-a-obtencao-do-titulo-de-enfermeirao-especialista-em-historia-da-enfermagem\/#webpage\",\"url\":\"https:\/\/www.abennacional.org.br\/site\/edital-prova-para-a-obtencao-do-titulo-de-enfermeirao-especialista-em-historia-da-enfermagem\/\",\"name\":\"Edital | Prova para a Obten\u00e7\u00e3o do T\u00edtulo de Enfermeira(o) Especialista em Hist\u00f3ria da Enfermagem - ABEn Nacional\",\"isPartOf\":{\"@id\":\"https:\/\/www.abennacional.org.br\/site\/#website\"},\"primaryImageOfPage\":{\"@id\":\"https:\/\/www.abennacional.org.br\/site\/edital-prova-para-a-obtencao-do-titulo-de-enfermeirao-especialista-em-historia-da-enfermagem\/#primaryimage\"},\"datePublished\":\"2023-08-18T14:52:55+00:00\",\"dateModified\":\"2023-11-12T22:55:43+00:00\",\"breadcrumb\":{\"@id\":\"https:\/\/www.abennacional.org.br\/site\/edital-prova-para-a-obtencao-do-titulo-de-enfermeirao-especialista-em-historia-da-enfermagem\/#breadcrumb\"},\"inLanguage\":\"pt-BR\",\"potentialAction\":[{\"@type\":\"ReadAction\",\"target\":[\"https:\/\/www.abennacional.org.br\/site\/edital-prova-para-a-obtencao-do-titulo-de-enfermeirao-especialista-em-historia-da-enfermagem\/\"]}]},{\"@type\":\"BreadcrumbList\",\"@id\":\"https:\/\/www.abennacional.org.br\/site\/edital-prova-para-a-obtencao-do-titulo-de-enfermeirao-especialista-em-historia-da-enfermagem\/#breadcrumb\",\"itemListElement\":[{\"@type\":\"ListItem\",\"position\":1,\"name\":\"In\u00edcio\",\"item\":\"https:\/\/www.abennacional.org.br\/site\/\"},{\"@type\":\"ListItem\",\"position\":2,\"name\":\"Edital | Prova para a Obten\u00e7\u00e3o do T\u00edtulo de Enfermeira(o) Especialista em Hist\u00f3ria da Enfermagem\"}]}]}<\/script>\n<!-- \/ Yoast SEO plugin. -->","yoast_head_json":{"title":"Edital | Prova para a Obten\u00e7\u00e3o do T\u00edtulo de Enfermeira(o) Especialista em Hist\u00f3ria da Enfermagem - ABEn Nacional","robots":{"index":"index","follow":"follow","max-snippet":"max-snippet:-1","max-image-preview":"max-image-preview:large","max-video-preview":"max-video-preview:-1"},"canonical":"https:\/\/www.abennacional.org.br\/site\/edital-prova-para-a-obtencao-do-titulo-de-enfermeirao-especialista-em-historia-da-enfermagem\/","og_locale":"pt_BR","og_type":"article","og_title":"Edital | Prova para a Obten\u00e7\u00e3o do T\u00edtulo de Enfermeira(o) Especialista em Hist\u00f3ria da Enfermagem - ABEn Nacional","og_description":"A Associa\u00e7\u00e3o Brasileira de Enfermagem\u2013 ABEn, pessoa jur\u00eddica de direito privado,sem fins lucrativos,de utilidade p\u00fablica declarada pelo Decreto no31.417,de 9 de setembro de 1952, realizar\u00e1 PROCESSO AVALIATIVO PARA A OBTEN\u00c7\u00c3O DE T\u00cdTULO DE ENFERMEIRA(O) ESPECIALISTA EM HIST\u00d3RIA DA ENFERMAGEM, conforme prev\u00ea o seu Estatuto,as regras e condi\u00e7\u00f5es constantes deste Edital. Inscri\u00e7\u00f5es para a PROVA: Data [&hellip;]","og_url":"https:\/\/www.abennacional.org.br\/site\/edital-prova-para-a-obtencao-do-titulo-de-enfermeirao-especialista-em-historia-da-enfermagem\/","og_site_name":"ABEn Nacional","article_publisher":"https:\/\/www.facebook.com\/ABEn-Nacional-202551919840028\/","article_modified_time":"2023-11-12T22:55:43+00:00","og_image":[{"width":1365,"height":528,"url":"https:\/\/www.abennacional.org.br\/site\/wp-content\/uploads\/2023\/08\/edital_DHE_2023_a.jpg","type":"image\/jpeg"}],"twitter_card":"summary_large_image","twitter_misc":{"Est. tempo de leitura":"1 minuto"},"schema":{"@context":"https:\/\/schema.org","@graph":[{"@type":"Organization","@id":"https:\/\/www.abennacional.org.br\/site\/#organization","name":"ABEn Nacional","url":"https:\/\/www.abennacional.org.br\/site\/","sameAs":["https:\/\/www.facebook.com\/ABEn-Nacional-202551919840028\/","https:\/\/br.linkedin.com\/in\/aben-nacional-42385511b","https:\/\/www.youtube.com\/watch?v=m8cvAUgypCI"],"logo":{"@type":"ImageObject","@id":"https:\/\/www.abennacional.org.br\/site\/#logo","inLanguage":"pt-BR","url":"https:\/\/www.abennacional.org.br\/site\/wp-content\/uploads\/2018\/12\/logoaben_grande-2.png","contentUrl":"https:\/\/www.abennacional.org.br\/site\/wp-content\/uploads\/2018\/12\/logoaben_grande-2.png","width":410,"height":139,"caption":"ABEn Nacional"},"image":{"@id":"https:\/\/www.abennacional.org.br\/site\/#logo"}},{"@type":"WebSite","@id":"https:\/\/www.abennacional.org.br\/site\/#website","url":"https:\/\/www.abennacional.org.br\/site\/","name":"ABEn Nacional","description":"Associa\u00e7\u00e3o Brasileira de Enfermagem","publisher":{"@id":"https:\/\/www.abennacional.org.br\/site\/#organization"},"potentialAction":[{"@type":"SearchAction","target":{"@type":"EntryPoint","urlTemplate":"https:\/\/www.abennacional.org.br\/site\/?s={search_term_string}"},"query-input":"required name=search_term_string"}],"inLanguage":"pt-BR"},{"@type":"ImageObject","@id":"https:\/\/www.abennacional.org.br\/site\/edital-prova-para-a-obtencao-do-titulo-de-enfermeirao-especialista-em-historia-da-enfermagem\/#primaryimage","inLanguage":"pt-BR","url":"https:\/\/www.abennacional.org.br\/site\/wp-content\/uploads\/2023\/08\/edital_DHE_2023_a.jpg","contentUrl":"https:\/\/www.abennacional.org.br\/site\/wp-content\/uploads\/2023\/08\/edital_DHE_2023_a.jpg","width":1365,"height":528},{"@type":"WebPage","@id":"https:\/\/www.abennacional.org.br\/site\/edital-prova-para-a-obtencao-do-titulo-de-enfermeirao-especialista-em-historia-da-enfermagem\/#webpage","url":"https:\/\/www.abennacional.org.br\/site\/edital-prova-para-a-obtencao-do-titulo-de-enfermeirao-especialista-em-historia-da-enfermagem\/","name":"Edital | Prova para a Obten\u00e7\u00e3o do T\u00edtulo de Enfermeira(o) Especialista em Hist\u00f3ria da Enfermagem - ABEn Nacional","isPartOf":{"@id":"https:\/\/www.abennacional.org.br\/site\/#website"},"primaryImageOfPage":{"@id":"https:\/\/www.abennacional.org.br\/site\/edital-prova-para-a-obtencao-do-titulo-de-enfermeirao-especialista-em-historia-da-enfermagem\/#primaryimage"},"datePublished":"2023-08-18T14:52:55+00:00","dateModified":"2023-11-12T22:55:43+00:00","breadcrumb":{"@id":"https:\/\/www.abennacional.org.br\/site\/edital-prova-para-a-obtencao-do-titulo-de-enfermeirao-especialista-em-historia-da-enfermagem\/#breadcrumb"},"inLanguage":"pt-BR","potentialAction":[{"@type":"ReadAction","target":["https:\/\/www.abennacional.org.br\/site\/edital-prova-para-a-obtencao-do-titulo-de-enfermeirao-especialista-em-historia-da-enfermagem\/"]}]},{"@type":"BreadcrumbList","@id":"https:\/\/www.abennacional.org.br\/site\/edital-prova-para-a-obtencao-do-titulo-de-enfermeirao-especialista-em-historia-da-enfermagem\/#breadcrumb","itemListElement":[{"@type":"ListItem","position":1,"name":"In\u00edcio","item":"https:\/\/www.abennacional.org.br\/site\/"},{"@type":"ListItem","position":2,"name":"Edital | Prova para a Obten\u00e7\u00e3o do T\u00edtulo de Enfermeira(o) Especialista em Hist\u00f3ria da Enfermagem"}]}]}},"jetpack_sharing_enabled":true,"jetpack_shortlink":"https:\/\/wp.me\/PaUzFo-3NL","_links":{"self":[{"href":"https:\/\/www.abennacional.org.br\/site\/wp-json\/wp\/v2\/pages\/14617"}],"collection":[{"href":"https:\/\/www.abennacional.org.br\/site\/wp-json\/wp\/v2\/pages"}],"about":[{"href":"https:\/\/www.abennacional.org.br\/site\/wp-json\/wp\/v2\/types\/page"}],"author":[{"embeddable":true,"href":"https:\/\/www.abennacional.org.br\/site\/wp-json\/wp\/v2\/users\/1"}],"replies":[{"embeddable":true,"href":"https:\/\/www.abennacional.org.br\/site\/wp-json\/wp\/v2\/comments?post=14617"}],"version-history":[{"count":4,"href":"https:\/\/www.abennacional.org.br\/site\/wp-json\/wp\/v2\/pages\/14617\/revisions"}],"predecessor-version":[{"id":14992,"href":"https:\/\/www.abennacional.org.br\/site\/wp-json\/wp\/v2\/pages\/14617\/revisions\/14992"}],"wp:featuredmedia":[{"embeddable":true,"href":"https:\/\/www.abennacional.org.br\/site\/wp-json\/wp\/v2\/media\/14621"}],"wp:attachment":[{"href":"https:\/\/www.abennacional.org.br\/site\/wp-json\/wp\/v2\/media?parent=14617"}],"curies":[{"name":"wp","href":"https:\/\/api.w.org\/{rel}","templated":true}]}}