{"id":14672,"date":"2023-09-06T17:22:28","date_gmt":"2023-09-06T20:22:28","guid":{"rendered":"https:\/\/www.abennacional.org.br\/site\/?page_id=14672"},"modified":"2023-09-27T15:12:02","modified_gmt":"2023-09-27T18:12:02","slug":"edital-prova-para-a-obtencao-do-titulo-de-enfermeirao-especialista-em-enfermagem-em-saude-mental","status":"publish","type":"page","link":"https:\/\/www.abennacional.org.br\/site\/edital-prova-para-a-obtencao-do-titulo-de-enfermeirao-especialista-em-enfermagem-em-saude-mental\/","title":{"rendered":"Edital | Prova para a Obten\u00e7\u00e3o do T\u00edtulo de Enfermeira(o) Especialista em Enfermagem em Sa\u00fade Mental."},"content":{"rendered":"\n<p>A Associa\u00e7\u00e3o Brasileira de Enfermagem (ABEn), pessoa jur\u00eddica de direito privado, sem fins<br>lucrativos, de utilidade p\u00fablica declarada pelo Decreto n\u00ba 31.417, de 9 de setembro de 1952, aplicar\u00e1<br>PROVA PARA A OBTEN\u00c7\u00c3O DO T\u00cdTULO DE ENFERMEIRA(O) ESPECIALISTA EM ENFERMAGEM EM<br>SA\u00daDE MENTAL, conforme prev\u00ea o seu Estatuto Social, a Resolu\u00e7\u00e3o COFEN N\u00ba 570\/2018, as regras e<br>condi\u00e7\u00f5es constantes neste Edital.<br><\/p>\n\n\n\n<p>I<strong>nscri\u00e7\u00f5es para a PROVA<\/strong>:  per\u00edodo de 12 de setembro a 12 de outubro de 2023<br><strong>Formul\u00e1rio de Inscri\u00e7\u00e3o<\/strong>: <a href=\"https:\/\/forms.gle\/JFVYbMj98FqaKgma9\" target=\"_blank\" rel=\"noreferrer noopener\">https:\/\/forms.gle\/JFVYbMj98FqaKgma9<\/a><\/p>\n\n\n\n<div class=\"wp-block-file\"><object class=\"wp-block-file__embed\" data=\"https:\/\/www.abennacional.org.br\/site\/wp-content\/uploads\/2023\/09\/edital_prova_saude_mental.pdf\" type=\"application\/pdf\" style=\"width:100%;height:600px\" aria-label=\"Incorporado de edital_prova_saude_mental.\"><\/object><a id=\"wp-block-file--media-44c5d649-debf-4255-9db2-06f05022c17f\" href=\"https:\/\/www.abennacional.org.br\/site\/wp-content\/uploads\/2023\/09\/edital_prova_saude_mental.pdf\">edital_prova_saude_mental<\/a><a href=\"https:\/\/www.abennacional.org.br\/site\/wp-content\/uploads\/2023\/09\/edital_prova_saude_mental.pdf\" class=\"wp-block-file__button\" download aria-describedby=\"wp-block-file--media-44c5d649-debf-4255-9db2-06f05022c17f\">Baixar<\/a><\/div>\n","protected":false},"excerpt":{"rendered":"<p>A Associa\u00e7\u00e3o Brasileira de Enfermagem (ABEn), pessoa jur\u00eddica de direito privado, sem finslucrativos, de utilidade p\u00fablica declarada pelo Decreto n\u00ba 31.417, de 9 de setembro de 1952, aplicar\u00e1PROVA PARA A OBTEN\u00c7\u00c3O DO T\u00cdTULO DE ENFERMEIRA(O) ESPECIALISTA EM ENFERMAGEM EMSA\u00daDE MENTAL, conforme prev\u00ea o seu Estatuto Social, a Resolu\u00e7\u00e3o COFEN N\u00ba 570\/2018, as regras econdi\u00e7\u00f5es constantes [&hellip;]<\/p>\n","protected":false},"author":2,"featured_media":14748,"parent":0,"menu_order":0,"comment_status":"closed","ping_status":"closed","template":"","meta":{"spay_email":""},"yoast_head":"<!-- This site is optimized with the Yoast SEO plugin v18.3 - https:\/\/yoast.com\/wordpress\/plugins\/seo\/ -->\n<title>Edital | Prova para a Obten\u00e7\u00e3o do T\u00edtulo de Enfermeira(o) Especialista em Enfermagem em Sa\u00fade Mental. - ABEn Nacional<\/title>\n<meta name=\"robots\" content=\"index, follow, max-snippet:-1, max-image-preview:large, max-video-preview:-1\" \/>\n<link rel=\"canonical\" href=\"https:\/\/www.abennacional.org.br\/site\/edital-prova-para-a-obtencao-do-titulo-de-enfermeirao-especialista-em-enfermagem-em-saude-mental\/\" \/>\n<meta property=\"og:locale\" content=\"pt_BR\" \/>\n<meta property=\"og:type\" content=\"article\" \/>\n<meta property=\"og:title\" content=\"Edital | Prova para a Obten\u00e7\u00e3o do T\u00edtulo de Enfermeira(o) Especialista em Enfermagem em Sa\u00fade Mental. - ABEn Nacional\" \/>\n<meta property=\"og:description\" content=\"A Associa\u00e7\u00e3o Brasileira de Enfermagem (ABEn), pessoa jur\u00eddica de direito privado, sem finslucrativos, de utilidade p\u00fablica declarada pelo Decreto n\u00ba 31.417, de 9 de setembro de 1952, aplicar\u00e1PROVA PARA A OBTEN\u00c7\u00c3O DO T\u00cdTULO DE ENFERMEIRA(O) ESPECIALISTA EM ENFERMAGEM EMSA\u00daDE MENTAL, conforme prev\u00ea o seu Estatuto Social, a Resolu\u00e7\u00e3o COFEN N\u00ba 570\/2018, as regras econdi\u00e7\u00f5es constantes [&hellip;]\" \/>\n<meta property=\"og:url\" content=\"https:\/\/www.abennacional.org.br\/site\/edital-prova-para-a-obtencao-do-titulo-de-enfermeirao-especialista-em-enfermagem-em-saude-mental\/\" \/>\n<meta property=\"og:site_name\" content=\"ABEn Nacional\" \/>\n<meta property=\"article:publisher\" content=\"https:\/\/www.facebook.com\/ABEn-Nacional-202551919840028\/\" \/>\n<meta property=\"article:modified_time\" content=\"2023-09-27T18:12:02+00:00\" \/>\n<meta property=\"og:image\" content=\"https:\/\/www.abennacional.org.br\/site\/wp-content\/uploads\/2023\/09\/74CBEn-2.jpeg\" \/>\n\t<meta property=\"og:image:width\" content=\"1280\" \/>\n\t<meta property=\"og:image:height\" content=\"495\" \/>\n\t<meta property=\"og:image:type\" content=\"image\/jpeg\" \/>\n<meta name=\"twitter:card\" content=\"summary_large_image\" \/>\n<meta name=\"twitter:label1\" content=\"Est. tempo de leitura\" \/>\n\t<meta name=\"twitter:data1\" content=\"1 minuto\" \/>\n<script type=\"application\/ld+json\" class=\"yoast-schema-graph\">{\"@context\":\"https:\/\/schema.org\",\"@graph\":[{\"@type\":\"Organization\",\"@id\":\"https:\/\/www.abennacional.org.br\/site\/#organization\",\"name\":\"ABEn Nacional\",\"url\":\"https:\/\/www.abennacional.org.br\/site\/\",\"sameAs\":[\"https:\/\/www.facebook.com\/ABEn-Nacional-202551919840028\/\",\"https:\/\/br.linkedin.com\/in\/aben-nacional-42385511b\",\"https:\/\/www.youtube.com\/watch?v=m8cvAUgypCI\"],\"logo\":{\"@type\":\"ImageObject\",\"@id\":\"https:\/\/www.abennacional.org.br\/site\/#logo\",\"inLanguage\":\"pt-BR\",\"url\":\"https:\/\/www.abennacional.org.br\/site\/wp-content\/uploads\/2018\/12\/logoaben_grande-2.png\",\"contentUrl\":\"https:\/\/www.abennacional.org.br\/site\/wp-content\/uploads\/2018\/12\/logoaben_grande-2.png\",\"width\":410,\"height\":139,\"caption\":\"ABEn Nacional\"},\"image\":{\"@id\":\"https:\/\/www.abennacional.org.br\/site\/#logo\"}},{\"@type\":\"WebSite\",\"@id\":\"https:\/\/www.abennacional.org.br\/site\/#website\",\"url\":\"https:\/\/www.abennacional.org.br\/site\/\",\"name\":\"ABEn Nacional\",\"description\":\"Associa\u00e7\u00e3o Brasileira de Enfermagem\",\"publisher\":{\"@id\":\"https:\/\/www.abennacional.org.br\/site\/#organization\"},\"potentialAction\":[{\"@type\":\"SearchAction\",\"target\":{\"@type\":\"EntryPoint\",\"urlTemplate\":\"https:\/\/www.abennacional.org.br\/site\/?s={search_term_string}\"},\"query-input\":\"required name=search_term_string\"}],\"inLanguage\":\"pt-BR\"},{\"@type\":\"ImageObject\",\"@id\":\"https:\/\/www.abennacional.org.br\/site\/edital-prova-para-a-obtencao-do-titulo-de-enfermeirao-especialista-em-enfermagem-em-saude-mental\/#primaryimage\",\"inLanguage\":\"pt-BR\",\"url\":\"https:\/\/www.abennacional.org.br\/site\/wp-content\/uploads\/2023\/09\/74CBEn-2.jpeg\",\"contentUrl\":\"https:\/\/www.abennacional.org.br\/site\/wp-content\/uploads\/2023\/09\/74CBEn-2.jpeg\",\"width\":1280,\"height\":495},{\"@type\":\"WebPage\",\"@id\":\"https:\/\/www.abennacional.org.br\/site\/edital-prova-para-a-obtencao-do-titulo-de-enfermeirao-especialista-em-enfermagem-em-saude-mental\/#webpage\",\"url\":\"https:\/\/www.abennacional.org.br\/site\/edital-prova-para-a-obtencao-do-titulo-de-enfermeirao-especialista-em-enfermagem-em-saude-mental\/\",\"name\":\"Edital | Prova para a Obten\u00e7\u00e3o do T\u00edtulo de Enfermeira(o) Especialista em Enfermagem em Sa\u00fade Mental. - ABEn Nacional\",\"isPartOf\":{\"@id\":\"https:\/\/www.abennacional.org.br\/site\/#website\"},\"primaryImageOfPage\":{\"@id\":\"https:\/\/www.abennacional.org.br\/site\/edital-prova-para-a-obtencao-do-titulo-de-enfermeirao-especialista-em-enfermagem-em-saude-mental\/#primaryimage\"},\"datePublished\":\"2023-09-06T20:22:28+00:00\",\"dateModified\":\"2023-09-27T18:12:02+00:00\",\"breadcrumb\":{\"@id\":\"https:\/\/www.abennacional.org.br\/site\/edital-prova-para-a-obtencao-do-titulo-de-enfermeirao-especialista-em-enfermagem-em-saude-mental\/#breadcrumb\"},\"inLanguage\":\"pt-BR\",\"potentialAction\":[{\"@type\":\"ReadAction\",\"target\":[\"https:\/\/www.abennacional.org.br\/site\/edital-prova-para-a-obtencao-do-titulo-de-enfermeirao-especialista-em-enfermagem-em-saude-mental\/\"]}]},{\"@type\":\"BreadcrumbList\",\"@id\":\"https:\/\/www.abennacional.org.br\/site\/edital-prova-para-a-obtencao-do-titulo-de-enfermeirao-especialista-em-enfermagem-em-saude-mental\/#breadcrumb\",\"itemListElement\":[{\"@type\":\"ListItem\",\"position\":1,\"name\":\"In\u00edcio\",\"item\":\"https:\/\/www.abennacional.org.br\/site\/\"},{\"@type\":\"ListItem\",\"position\":2,\"name\":\"Edital | Prova para a Obten\u00e7\u00e3o do T\u00edtulo de Enfermeira(o) Especialista em Enfermagem em Sa\u00fade Mental.\"}]}]}<\/script>\n<!-- \/ Yoast SEO plugin. -->","yoast_head_json":{"title":"Edital | Prova para a Obten\u00e7\u00e3o do T\u00edtulo de Enfermeira(o) Especialista em Enfermagem em Sa\u00fade Mental. - ABEn Nacional","robots":{"index":"index","follow":"follow","max-snippet":"max-snippet:-1","max-image-preview":"max-image-preview:large","max-video-preview":"max-video-preview:-1"},"canonical":"https:\/\/www.abennacional.org.br\/site\/edital-prova-para-a-obtencao-do-titulo-de-enfermeirao-especialista-em-enfermagem-em-saude-mental\/","og_locale":"pt_BR","og_type":"article","og_title":"Edital | Prova para a Obten\u00e7\u00e3o do T\u00edtulo de Enfermeira(o) Especialista em Enfermagem em Sa\u00fade Mental. - ABEn Nacional","og_description":"A Associa\u00e7\u00e3o Brasileira de Enfermagem (ABEn), pessoa jur\u00eddica de direito privado, sem finslucrativos, de utilidade p\u00fablica declarada pelo Decreto n\u00ba 31.417, de 9 de setembro de 1952, aplicar\u00e1PROVA PARA A OBTEN\u00c7\u00c3O DO T\u00cdTULO DE ENFERMEIRA(O) ESPECIALISTA EM ENFERMAGEM EMSA\u00daDE MENTAL, conforme prev\u00ea o seu Estatuto Social, a Resolu\u00e7\u00e3o COFEN N\u00ba 570\/2018, as regras econdi\u00e7\u00f5es constantes [&hellip;]","og_url":"https:\/\/www.abennacional.org.br\/site\/edital-prova-para-a-obtencao-do-titulo-de-enfermeirao-especialista-em-enfermagem-em-saude-mental\/","og_site_name":"ABEn Nacional","article_publisher":"https:\/\/www.facebook.com\/ABEn-Nacional-202551919840028\/","article_modified_time":"2023-09-27T18:12:02+00:00","og_image":[{"width":1280,"height":495,"url":"https:\/\/www.abennacional.org.br\/site\/wp-content\/uploads\/2023\/09\/74CBEn-2.jpeg","type":"image\/jpeg"}],"twitter_card":"summary_large_image","twitter_misc":{"Est. tempo de leitura":"1 minuto"},"schema":{"@context":"https:\/\/schema.org","@graph":[{"@type":"Organization","@id":"https:\/\/www.abennacional.org.br\/site\/#organization","name":"ABEn Nacional","url":"https:\/\/www.abennacional.org.br\/site\/","sameAs":["https:\/\/www.facebook.com\/ABEn-Nacional-202551919840028\/","https:\/\/br.linkedin.com\/in\/aben-nacional-42385511b","https:\/\/www.youtube.com\/watch?v=m8cvAUgypCI"],"logo":{"@type":"ImageObject","@id":"https:\/\/www.abennacional.org.br\/site\/#logo","inLanguage":"pt-BR","url":"https:\/\/www.abennacional.org.br\/site\/wp-content\/uploads\/2018\/12\/logoaben_grande-2.png","contentUrl":"https:\/\/www.abennacional.org.br\/site\/wp-content\/uploads\/2018\/12\/logoaben_grande-2.png","width":410,"height":139,"caption":"ABEn Nacional"},"image":{"@id":"https:\/\/www.abennacional.org.br\/site\/#logo"}},{"@type":"WebSite","@id":"https:\/\/www.abennacional.org.br\/site\/#website","url":"https:\/\/www.abennacional.org.br\/site\/","name":"ABEn Nacional","description":"Associa\u00e7\u00e3o Brasileira de Enfermagem","publisher":{"@id":"https:\/\/www.abennacional.org.br\/site\/#organization"},"potentialAction":[{"@type":"SearchAction","target":{"@type":"EntryPoint","urlTemplate":"https:\/\/www.abennacional.org.br\/site\/?s={search_term_string}"},"query-input":"required name=search_term_string"}],"inLanguage":"pt-BR"},{"@type":"ImageObject","@id":"https:\/\/www.abennacional.org.br\/site\/edital-prova-para-a-obtencao-do-titulo-de-enfermeirao-especialista-em-enfermagem-em-saude-mental\/#primaryimage","inLanguage":"pt-BR","url":"https:\/\/www.abennacional.org.br\/site\/wp-content\/uploads\/2023\/09\/74CBEn-2.jpeg","contentUrl":"https:\/\/www.abennacional.org.br\/site\/wp-content\/uploads\/2023\/09\/74CBEn-2.jpeg","width":1280,"height":495},{"@type":"WebPage","@id":"https:\/\/www.abennacional.org.br\/site\/edital-prova-para-a-obtencao-do-titulo-de-enfermeirao-especialista-em-enfermagem-em-saude-mental\/#webpage","url":"https:\/\/www.abennacional.org.br\/site\/edital-prova-para-a-obtencao-do-titulo-de-enfermeirao-especialista-em-enfermagem-em-saude-mental\/","name":"Edital | Prova para a Obten\u00e7\u00e3o do T\u00edtulo de Enfermeira(o) Especialista em Enfermagem em Sa\u00fade Mental. - ABEn Nacional","isPartOf":{"@id":"https:\/\/www.abennacional.org.br\/site\/#website"},"primaryImageOfPage":{"@id":"https:\/\/www.abennacional.org.br\/site\/edital-prova-para-a-obtencao-do-titulo-de-enfermeirao-especialista-em-enfermagem-em-saude-mental\/#primaryimage"},"datePublished":"2023-09-06T20:22:28+00:00","dateModified":"2023-09-27T18:12:02+00:00","breadcrumb":{"@id":"https:\/\/www.abennacional.org.br\/site\/edital-prova-para-a-obtencao-do-titulo-de-enfermeirao-especialista-em-enfermagem-em-saude-mental\/#breadcrumb"},"inLanguage":"pt-BR","potentialAction":[{"@type":"ReadAction","target":["https:\/\/www.abennacional.org.br\/site\/edital-prova-para-a-obtencao-do-titulo-de-enfermeirao-especialista-em-enfermagem-em-saude-mental\/"]}]},{"@type":"BreadcrumbList","@id":"https:\/\/www.abennacional.org.br\/site\/edital-prova-para-a-obtencao-do-titulo-de-enfermeirao-especialista-em-enfermagem-em-saude-mental\/#breadcrumb","itemListElement":[{"@type":"ListItem","position":1,"name":"In\u00edcio","item":"https:\/\/www.abennacional.org.br\/site\/"},{"@type":"ListItem","position":2,"name":"Edital | Prova para a Obten\u00e7\u00e3o do T\u00edtulo de Enfermeira(o) Especialista em Enfermagem em Sa\u00fade Mental."}]}]}},"jetpack_sharing_enabled":true,"jetpack_shortlink":"https:\/\/wp.me\/PaUzFo-3OE","_links":{"self":[{"href":"https:\/\/www.abennacional.org.br\/site\/wp-json\/wp\/v2\/pages\/14672"}],"collection":[{"href":"https:\/\/www.abennacional.org.br\/site\/wp-json\/wp\/v2\/pages"}],"about":[{"href":"https:\/\/www.abennacional.org.br\/site\/wp-json\/wp\/v2\/types\/page"}],"author":[{"embeddable":true,"href":"https:\/\/www.abennacional.org.br\/site\/wp-json\/wp\/v2\/users\/2"}],"replies":[{"embeddable":true,"href":"https:\/\/www.abennacional.org.br\/site\/wp-json\/wp\/v2\/comments?post=14672"}],"version-history":[{"count":2,"href":"https:\/\/www.abennacional.org.br\/site\/wp-json\/wp\/v2\/pages\/14672\/revisions"}],"predecessor-version":[{"id":14752,"href":"https:\/\/www.abennacional.org.br\/site\/wp-json\/wp\/v2\/pages\/14672\/revisions\/14752"}],"wp:featuredmedia":[{"embeddable":true,"href":"https:\/\/www.abennacional.org.br\/site\/wp-json\/wp\/v2\/media\/14748"}],"wp:attachment":[{"href":"https:\/\/www.abennacional.org.br\/site\/wp-json\/wp\/v2\/media?parent=14672"}],"curies":[{"name":"wp","href":"https:\/\/api.w.org\/{rel}","templated":true}]}}