{"id":14759,"date":"2023-09-29T11:06:15","date_gmt":"2023-09-29T14:06:15","guid":{"rendered":"https:\/\/www.abennacional.org.br\/site\/?page_id=14759"},"modified":"2023-09-29T11:20:19","modified_gmt":"2023-09-29T14:20:19","slug":"aben-diz-nao-a-ead-na-graduacao-em-enfermagem","status":"publish","type":"page","link":"https:\/\/www.abennacional.org.br\/site\/aben-diz-nao-a-ead-na-graduacao-em-enfermagem\/","title":{"rendered":"ABEn diz N\u00c3O \u00e0 EaD na gradua\u00e7\u00e3o em Enfermagem."},"content":{"rendered":"\n<p>Leia a \u00edntegra da \u201cCarta Aberta ao Minist\u00e9rio da Educa\u00e7\u00e3o, Minist\u00e9rio da Sa\u00fade, Conselho Nacional de<br>Sa\u00fade, Conselho Nacional de Educa\u00e7\u00e3o, entidades da sa\u00fade e da educa\u00e7\u00e3o, parlamentares, estudantes, docentes, profissionais de sa\u00fade e comunidade em geral\u201d.<\/p>\n\n\n\n<div class=\"wp-block-file\"><object class=\"wp-block-file__embed\" data=\"https:\/\/www.abennacional.org.br\/site\/wp-content\/uploads\/2023\/09\/carta_aberta_aben.pdf\" type=\"application\/pdf\" style=\"width:100%;height:600px\" aria-label=\"Incorporado de carta_aberta_aben.\"><\/object><a id=\"wp-block-file--media-2b3e9f11-5084-4300-b886-bee2a4a0ba56\" href=\"https:\/\/www.abennacional.org.br\/site\/wp-content\/uploads\/2023\/09\/carta_aberta_aben.pdf\">carta_aberta_aben<\/a><a href=\"https:\/\/www.abennacional.org.br\/site\/wp-content\/uploads\/2023\/09\/carta_aberta_aben.pdf\" class=\"wp-block-file__button\" download aria-describedby=\"wp-block-file--media-2b3e9f11-5084-4300-b886-bee2a4a0ba56\">Baixar<\/a><\/div>\n\n\n\n<p><\/p>\n","protected":false},"excerpt":{"rendered":"<p>Leia a \u00edntegra da \u201cCarta Aberta ao Minist\u00e9rio da Educa\u00e7\u00e3o, Minist\u00e9rio da Sa\u00fade, Conselho Nacional deSa\u00fade, Conselho Nacional de Educa\u00e7\u00e3o, entidades da sa\u00fade e da educa\u00e7\u00e3o, parlamentares, estudantes, docentes, profissionais de sa\u00fade e comunidade em geral\u201d.<\/p>\n","protected":false},"author":1,"featured_media":14771,"parent":0,"menu_order":0,"comment_status":"closed","ping_status":"closed","template":"","meta":{"spay_email":""},"yoast_head":"<!-- This site is optimized with the Yoast SEO plugin v18.3 - https:\/\/yoast.com\/wordpress\/plugins\/seo\/ -->\n<title>ABEn diz N\u00c3O \u00e0 EaD na gradua\u00e7\u00e3o em Enfermagem. - ABEn Nacional<\/title>\n<meta name=\"robots\" content=\"index, follow, max-snippet:-1, max-image-preview:large, max-video-preview:-1\" \/>\n<link rel=\"canonical\" href=\"https:\/\/www.abennacional.org.br\/site\/aben-diz-nao-a-ead-na-graduacao-em-enfermagem\/\" \/>\n<meta property=\"og:locale\" content=\"pt_BR\" \/>\n<meta property=\"og:type\" content=\"article\" \/>\n<meta property=\"og:title\" content=\"ABEn diz N\u00c3O \u00e0 EaD na gradua\u00e7\u00e3o em Enfermagem. - ABEn Nacional\" \/>\n<meta property=\"og:description\" content=\"Leia a \u00edntegra da \u201cCarta Aberta ao Minist\u00e9rio da Educa\u00e7\u00e3o, Minist\u00e9rio da Sa\u00fade, Conselho Nacional deSa\u00fade, Conselho Nacional de Educa\u00e7\u00e3o, entidades da sa\u00fade e da educa\u00e7\u00e3o, parlamentares, estudantes, docentes, profissionais de sa\u00fade e comunidade em geral\u201d.\" \/>\n<meta property=\"og:url\" content=\"https:\/\/www.abennacional.org.br\/site\/aben-diz-nao-a-ead-na-graduacao-em-enfermagem\/\" \/>\n<meta property=\"og:site_name\" content=\"ABEn Nacional\" \/>\n<meta property=\"article:publisher\" content=\"https:\/\/www.facebook.com\/ABEn-Nacional-202551919840028\/\" \/>\n<meta property=\"article:modified_time\" content=\"2023-09-29T14:20:19+00:00\" \/>\n<meta property=\"og:image\" content=\"https:\/\/www.abennacional.org.br\/site\/wp-content\/uploads\/2023\/09\/carta_aberta_aben_1-1.jpg\" \/>\n\t<meta property=\"og:image:width\" content=\"1024\" \/>\n\t<meta property=\"og:image:height\" content=\"398\" \/>\n\t<meta property=\"og:image:type\" content=\"image\/jpeg\" \/>\n<meta name=\"twitter:card\" content=\"summary_large_image\" \/>\n<meta name=\"twitter:label1\" content=\"Est. tempo de leitura\" \/>\n\t<meta name=\"twitter:data1\" content=\"1 minuto\" \/>\n<script type=\"application\/ld+json\" class=\"yoast-schema-graph\">{\"@context\":\"https:\/\/schema.org\",\"@graph\":[{\"@type\":\"Organization\",\"@id\":\"https:\/\/www.abennacional.org.br\/site\/#organization\",\"name\":\"ABEn Nacional\",\"url\":\"https:\/\/www.abennacional.org.br\/site\/\",\"sameAs\":[\"https:\/\/www.facebook.com\/ABEn-Nacional-202551919840028\/\",\"https:\/\/br.linkedin.com\/in\/aben-nacional-42385511b\",\"https:\/\/www.youtube.com\/watch?v=m8cvAUgypCI\"],\"logo\":{\"@type\":\"ImageObject\",\"@id\":\"https:\/\/www.abennacional.org.br\/site\/#logo\",\"inLanguage\":\"pt-BR\",\"url\":\"https:\/\/www.abennacional.org.br\/site\/wp-content\/uploads\/2018\/12\/logoaben_grande-2.png\",\"contentUrl\":\"https:\/\/www.abennacional.org.br\/site\/wp-content\/uploads\/2018\/12\/logoaben_grande-2.png\",\"width\":410,\"height\":139,\"caption\":\"ABEn Nacional\"},\"image\":{\"@id\":\"https:\/\/www.abennacional.org.br\/site\/#logo\"}},{\"@type\":\"WebSite\",\"@id\":\"https:\/\/www.abennacional.org.br\/site\/#website\",\"url\":\"https:\/\/www.abennacional.org.br\/site\/\",\"name\":\"ABEn Nacional\",\"description\":\"Associa\u00e7\u00e3o Brasileira de Enfermagem\",\"publisher\":{\"@id\":\"https:\/\/www.abennacional.org.br\/site\/#organization\"},\"potentialAction\":[{\"@type\":\"SearchAction\",\"target\":{\"@type\":\"EntryPoint\",\"urlTemplate\":\"https:\/\/www.abennacional.org.br\/site\/?s={search_term_string}\"},\"query-input\":\"required name=search_term_string\"}],\"inLanguage\":\"pt-BR\"},{\"@type\":\"ImageObject\",\"@id\":\"https:\/\/www.abennacional.org.br\/site\/aben-diz-nao-a-ead-na-graduacao-em-enfermagem\/#primaryimage\",\"inLanguage\":\"pt-BR\",\"url\":\"https:\/\/www.abennacional.org.br\/site\/wp-content\/uploads\/2023\/09\/carta_aberta_aben_1-1.jpg\",\"contentUrl\":\"https:\/\/www.abennacional.org.br\/site\/wp-content\/uploads\/2023\/09\/carta_aberta_aben_1-1.jpg\",\"width\":1024,\"height\":398},{\"@type\":\"WebPage\",\"@id\":\"https:\/\/www.abennacional.org.br\/site\/aben-diz-nao-a-ead-na-graduacao-em-enfermagem\/#webpage\",\"url\":\"https:\/\/www.abennacional.org.br\/site\/aben-diz-nao-a-ead-na-graduacao-em-enfermagem\/\",\"name\":\"ABEn diz N\u00c3O \u00e0 EaD na gradua\u00e7\u00e3o em Enfermagem. - ABEn Nacional\",\"isPartOf\":{\"@id\":\"https:\/\/www.abennacional.org.br\/site\/#website\"},\"primaryImageOfPage\":{\"@id\":\"https:\/\/www.abennacional.org.br\/site\/aben-diz-nao-a-ead-na-graduacao-em-enfermagem\/#primaryimage\"},\"datePublished\":\"2023-09-29T14:06:15+00:00\",\"dateModified\":\"2023-09-29T14:20:19+00:00\",\"breadcrumb\":{\"@id\":\"https:\/\/www.abennacional.org.br\/site\/aben-diz-nao-a-ead-na-graduacao-em-enfermagem\/#breadcrumb\"},\"inLanguage\":\"pt-BR\",\"potentialAction\":[{\"@type\":\"ReadAction\",\"target\":[\"https:\/\/www.abennacional.org.br\/site\/aben-diz-nao-a-ead-na-graduacao-em-enfermagem\/\"]}]},{\"@type\":\"BreadcrumbList\",\"@id\":\"https:\/\/www.abennacional.org.br\/site\/aben-diz-nao-a-ead-na-graduacao-em-enfermagem\/#breadcrumb\",\"itemListElement\":[{\"@type\":\"ListItem\",\"position\":1,\"name\":\"In\u00edcio\",\"item\":\"https:\/\/www.abennacional.org.br\/site\/\"},{\"@type\":\"ListItem\",\"position\":2,\"name\":\"ABEn diz N\u00c3O \u00e0 EaD na gradua\u00e7\u00e3o em Enfermagem.\"}]}]}<\/script>\n<!-- \/ Yoast SEO plugin. -->","yoast_head_json":{"title":"ABEn diz N\u00c3O \u00e0 EaD na gradua\u00e7\u00e3o em Enfermagem. - ABEn Nacional","robots":{"index":"index","follow":"follow","max-snippet":"max-snippet:-1","max-image-preview":"max-image-preview:large","max-video-preview":"max-video-preview:-1"},"canonical":"https:\/\/www.abennacional.org.br\/site\/aben-diz-nao-a-ead-na-graduacao-em-enfermagem\/","og_locale":"pt_BR","og_type":"article","og_title":"ABEn diz N\u00c3O \u00e0 EaD na gradua\u00e7\u00e3o em Enfermagem. - ABEn Nacional","og_description":"Leia a \u00edntegra da \u201cCarta Aberta ao Minist\u00e9rio da Educa\u00e7\u00e3o, Minist\u00e9rio da Sa\u00fade, Conselho Nacional deSa\u00fade, Conselho Nacional de Educa\u00e7\u00e3o, entidades da sa\u00fade e da educa\u00e7\u00e3o, parlamentares, estudantes, docentes, profissionais de sa\u00fade e comunidade em geral\u201d.","og_url":"https:\/\/www.abennacional.org.br\/site\/aben-diz-nao-a-ead-na-graduacao-em-enfermagem\/","og_site_name":"ABEn Nacional","article_publisher":"https:\/\/www.facebook.com\/ABEn-Nacional-202551919840028\/","article_modified_time":"2023-09-29T14:20:19+00:00","og_image":[{"width":1024,"height":398,"url":"https:\/\/www.abennacional.org.br\/site\/wp-content\/uploads\/2023\/09\/carta_aberta_aben_1-1.jpg","type":"image\/jpeg"}],"twitter_card":"summary_large_image","twitter_misc":{"Est. tempo de leitura":"1 minuto"},"schema":{"@context":"https:\/\/schema.org","@graph":[{"@type":"Organization","@id":"https:\/\/www.abennacional.org.br\/site\/#organization","name":"ABEn Nacional","url":"https:\/\/www.abennacional.org.br\/site\/","sameAs":["https:\/\/www.facebook.com\/ABEn-Nacional-202551919840028\/","https:\/\/br.linkedin.com\/in\/aben-nacional-42385511b","https:\/\/www.youtube.com\/watch?v=m8cvAUgypCI"],"logo":{"@type":"ImageObject","@id":"https:\/\/www.abennacional.org.br\/site\/#logo","inLanguage":"pt-BR","url":"https:\/\/www.abennacional.org.br\/site\/wp-content\/uploads\/2018\/12\/logoaben_grande-2.png","contentUrl":"https:\/\/www.abennacional.org.br\/site\/wp-content\/uploads\/2018\/12\/logoaben_grande-2.png","width":410,"height":139,"caption":"ABEn Nacional"},"image":{"@id":"https:\/\/www.abennacional.org.br\/site\/#logo"}},{"@type":"WebSite","@id":"https:\/\/www.abennacional.org.br\/site\/#website","url":"https:\/\/www.abennacional.org.br\/site\/","name":"ABEn Nacional","description":"Associa\u00e7\u00e3o Brasileira de Enfermagem","publisher":{"@id":"https:\/\/www.abennacional.org.br\/site\/#organization"},"potentialAction":[{"@type":"SearchAction","target":{"@type":"EntryPoint","urlTemplate":"https:\/\/www.abennacional.org.br\/site\/?s={search_term_string}"},"query-input":"required name=search_term_string"}],"inLanguage":"pt-BR"},{"@type":"ImageObject","@id":"https:\/\/www.abennacional.org.br\/site\/aben-diz-nao-a-ead-na-graduacao-em-enfermagem\/#primaryimage","inLanguage":"pt-BR","url":"https:\/\/www.abennacional.org.br\/site\/wp-content\/uploads\/2023\/09\/carta_aberta_aben_1-1.jpg","contentUrl":"https:\/\/www.abennacional.org.br\/site\/wp-content\/uploads\/2023\/09\/carta_aberta_aben_1-1.jpg","width":1024,"height":398},{"@type":"WebPage","@id":"https:\/\/www.abennacional.org.br\/site\/aben-diz-nao-a-ead-na-graduacao-em-enfermagem\/#webpage","url":"https:\/\/www.abennacional.org.br\/site\/aben-diz-nao-a-ead-na-graduacao-em-enfermagem\/","name":"ABEn diz N\u00c3O \u00e0 EaD na gradua\u00e7\u00e3o em Enfermagem. - ABEn Nacional","isPartOf":{"@id":"https:\/\/www.abennacional.org.br\/site\/#website"},"primaryImageOfPage":{"@id":"https:\/\/www.abennacional.org.br\/site\/aben-diz-nao-a-ead-na-graduacao-em-enfermagem\/#primaryimage"},"datePublished":"2023-09-29T14:06:15+00:00","dateModified":"2023-09-29T14:20:19+00:00","breadcrumb":{"@id":"https:\/\/www.abennacional.org.br\/site\/aben-diz-nao-a-ead-na-graduacao-em-enfermagem\/#breadcrumb"},"inLanguage":"pt-BR","potentialAction":[{"@type":"ReadAction","target":["https:\/\/www.abennacional.org.br\/site\/aben-diz-nao-a-ead-na-graduacao-em-enfermagem\/"]}]},{"@type":"BreadcrumbList","@id":"https:\/\/www.abennacional.org.br\/site\/aben-diz-nao-a-ead-na-graduacao-em-enfermagem\/#breadcrumb","itemListElement":[{"@type":"ListItem","position":1,"name":"In\u00edcio","item":"https:\/\/www.abennacional.org.br\/site\/"},{"@type":"ListItem","position":2,"name":"ABEn diz N\u00c3O \u00e0 EaD na gradua\u00e7\u00e3o em Enfermagem."}]}]}},"jetpack_sharing_enabled":true,"jetpack_shortlink":"https:\/\/wp.me\/PaUzFo-3Q3","_links":{"self":[{"href":"https:\/\/www.abennacional.org.br\/site\/wp-json\/wp\/v2\/pages\/14759"}],"collection":[{"href":"https:\/\/www.abennacional.org.br\/site\/wp-json\/wp\/v2\/pages"}],"about":[{"href":"https:\/\/www.abennacional.org.br\/site\/wp-json\/wp\/v2\/types\/page"}],"author":[{"embeddable":true,"href":"https:\/\/www.abennacional.org.br\/site\/wp-json\/wp\/v2\/users\/1"}],"replies":[{"embeddable":true,"href":"https:\/\/www.abennacional.org.br\/site\/wp-json\/wp\/v2\/comments?post=14759"}],"version-history":[{"count":6,"href":"https:\/\/www.abennacional.org.br\/site\/wp-json\/wp\/v2\/pages\/14759\/revisions"}],"predecessor-version":[{"id":14772,"href":"https:\/\/www.abennacional.org.br\/site\/wp-json\/wp\/v2\/pages\/14759\/revisions\/14772"}],"wp:featuredmedia":[{"embeddable":true,"href":"https:\/\/www.abennacional.org.br\/site\/wp-json\/wp\/v2\/media\/14771"}],"wp:attachment":[{"href":"https:\/\/www.abennacional.org.br\/site\/wp-json\/wp\/v2\/media?parent=14759"}],"curies":[{"name":"wp","href":"https:\/\/api.w.org\/{rel}","templated":true}]}}