{"id":14850,"date":"2023-10-21T12:02:45","date_gmt":"2023-10-21T15:02:45","guid":{"rendered":"https:\/\/www.abennacional.org.br\/site\/?page_id=14850"},"modified":"2023-10-21T12:08:41","modified_gmt":"2023-10-21T15:08:41","slug":"sem-enfermagem-nao-ha-saude-pagar-o-piso-e-o-minimo","status":"publish","type":"page","link":"https:\/\/www.abennacional.org.br\/site\/sem-enfermagem-nao-ha-saude-pagar-o-piso-e-o-minimo\/","title":{"rendered":"Sem Enfermagem n\u00e3o h\u00e1 Sa\u00fade. Pagar o piso \u00e9 o m\u00ednimo!"},"content":{"rendered":"\n<figure class=\"wp-block-image size-large\"><img loading=\"lazy\" width=\"1024\" height=\"396\" src=\"https:\/\/www.abennacional.org.br\/site\/wp-content\/uploads\/2023\/10\/piso_salarial-1024x396.jpg\" alt=\"\" class=\"wp-image-14851\" srcset=\"https:\/\/www.abennacional.org.br\/site\/wp-content\/uploads\/2023\/10\/piso_salarial-1024x396.jpg 1024w, https:\/\/www.abennacional.org.br\/site\/wp-content\/uploads\/2023\/10\/piso_salarial-300x116.jpg 300w, https:\/\/www.abennacional.org.br\/site\/wp-content\/uploads\/2023\/10\/piso_salarial-768x297.jpg 768w, https:\/\/www.abennacional.org.br\/site\/wp-content\/uploads\/2023\/10\/piso_salarial.jpg 1365w\" sizes=\"(max-width: 1024px) 100vw, 1024px\" \/><\/figure>\n\n\n\n<p><br>O piso salarial da enfermagem \u00e9 lei: com muita luta, press\u00e3o e articula\u00e7\u00e3o do F\u00f3rum<br>Nacional de Enfermagem, que inclui a ABEn, conseguimos por meio da Lei 14.434\/2022<br>estabelecer o valor m\u00ednimo para exercer uma fun\u00e7\u00e3o fundamental de cuidado e sa\u00fade. No<br>entanto, \u00e9 preocupante a dificuldade dos(as) gestores(as) p\u00fablicos e privados em colocar<br>em pr\u00e1tica uma a\u00e7\u00e3o que significa, em \u00faltima inst\u00e2ncia, o reconhecimento da import\u00e2ncia da<br>enfermagem para a sa\u00fade da popula\u00e7\u00e3o.<\/p>\n\n\n\n<p>Profissionais de muitos munic\u00edpios ainda n\u00e3o viram os novos valores em seus<br>contracheques mesmo que, ainda em maio, o presidente Lula tenha sancionado o envio de<br>R$ 7,3 bilh\u00f5es para o Fundo Nacional de Sa\u00fade (FNS) com o objetivo de auxiliar<br>financeiramente estados e munic\u00edpios para o pagamento do piso da enfermagem.<br><br><a href=\"https:\/\/www.abennacional.org.br\/site\/wp-content\/uploads\/2023\/10\/pagar_piso_enfermagem.pdf\" target=\"_blank\" rel=\"noreferrer noopener\">Clique aqui<\/a> e leia mais.<\/p>\n","protected":false},"excerpt":{"rendered":"<p>O piso salarial da enfermagem \u00e9 lei: com muita luta, press\u00e3o e articula\u00e7\u00e3o do F\u00f3rumNacional de Enfermagem, que inclui a ABEn, conseguimos por meio da Lei 14.434\/2022estabelecer o valor m\u00ednimo para exercer uma fun\u00e7\u00e3o fundamental de cuidado e sa\u00fade. Noentanto, \u00e9 preocupante a dificuldade dos(as) gestores(as) p\u00fablicos e privados em colocarem pr\u00e1tica uma a\u00e7\u00e3o que [&hellip;]<\/p>\n","protected":false},"author":1,"featured_media":14851,"parent":0,"menu_order":0,"comment_status":"closed","ping_status":"closed","template":"","meta":{"spay_email":""},"yoast_head":"<!-- This site is optimized with the Yoast SEO plugin v18.3 - https:\/\/yoast.com\/wordpress\/plugins\/seo\/ -->\n<title>Sem Enfermagem n\u00e3o h\u00e1 Sa\u00fade. Pagar o piso \u00e9 o m\u00ednimo! - ABEn Nacional<\/title>\n<meta name=\"robots\" content=\"index, follow, max-snippet:-1, max-image-preview:large, max-video-preview:-1\" \/>\n<link rel=\"canonical\" href=\"https:\/\/www.abennacional.org.br\/site\/sem-enfermagem-nao-ha-saude-pagar-o-piso-e-o-minimo\/\" \/>\n<meta property=\"og:locale\" content=\"pt_BR\" \/>\n<meta property=\"og:type\" content=\"article\" \/>\n<meta property=\"og:title\" content=\"Sem Enfermagem n\u00e3o h\u00e1 Sa\u00fade. Pagar o piso \u00e9 o m\u00ednimo! - ABEn Nacional\" \/>\n<meta property=\"og:description\" content=\"O piso salarial da enfermagem \u00e9 lei: com muita luta, press\u00e3o e articula\u00e7\u00e3o do F\u00f3rumNacional de Enfermagem, que inclui a ABEn, conseguimos por meio da Lei 14.434\/2022estabelecer o valor m\u00ednimo para exercer uma fun\u00e7\u00e3o fundamental de cuidado e sa\u00fade. Noentanto, \u00e9 preocupante a dificuldade dos(as) gestores(as) p\u00fablicos e privados em colocarem pr\u00e1tica uma a\u00e7\u00e3o que [&hellip;]\" \/>\n<meta property=\"og:url\" content=\"https:\/\/www.abennacional.org.br\/site\/sem-enfermagem-nao-ha-saude-pagar-o-piso-e-o-minimo\/\" \/>\n<meta property=\"og:site_name\" content=\"ABEn Nacional\" \/>\n<meta property=\"article:publisher\" content=\"https:\/\/www.facebook.com\/ABEn-Nacional-202551919840028\/\" \/>\n<meta property=\"article:modified_time\" content=\"2023-10-21T15:08:41+00:00\" \/>\n<meta property=\"og:image\" content=\"https:\/\/www.abennacional.org.br\/site\/wp-content\/uploads\/2023\/10\/piso_salarial.jpg\" \/>\n\t<meta property=\"og:image:width\" content=\"1365\" \/>\n\t<meta property=\"og:image:height\" content=\"528\" \/>\n\t<meta property=\"og:image:type\" content=\"image\/jpeg\" \/>\n<meta name=\"twitter:card\" content=\"summary_large_image\" \/>\n<meta name=\"twitter:label1\" content=\"Est. tempo de leitura\" \/>\n\t<meta name=\"twitter:data1\" content=\"1 minuto\" \/>\n<script type=\"application\/ld+json\" class=\"yoast-schema-graph\">{\"@context\":\"https:\/\/schema.org\",\"@graph\":[{\"@type\":\"Organization\",\"@id\":\"https:\/\/www.abennacional.org.br\/site\/#organization\",\"name\":\"ABEn Nacional\",\"url\":\"https:\/\/www.abennacional.org.br\/site\/\",\"sameAs\":[\"https:\/\/www.facebook.com\/ABEn-Nacional-202551919840028\/\",\"https:\/\/br.linkedin.com\/in\/aben-nacional-42385511b\",\"https:\/\/www.youtube.com\/watch?v=m8cvAUgypCI\"],\"logo\":{\"@type\":\"ImageObject\",\"@id\":\"https:\/\/www.abennacional.org.br\/site\/#logo\",\"inLanguage\":\"pt-BR\",\"url\":\"https:\/\/www.abennacional.org.br\/site\/wp-content\/uploads\/2018\/12\/logoaben_grande-2.png\",\"contentUrl\":\"https:\/\/www.abennacional.org.br\/site\/wp-content\/uploads\/2018\/12\/logoaben_grande-2.png\",\"width\":410,\"height\":139,\"caption\":\"ABEn Nacional\"},\"image\":{\"@id\":\"https:\/\/www.abennacional.org.br\/site\/#logo\"}},{\"@type\":\"WebSite\",\"@id\":\"https:\/\/www.abennacional.org.br\/site\/#website\",\"url\":\"https:\/\/www.abennacional.org.br\/site\/\",\"name\":\"ABEn Nacional\",\"description\":\"Associa\u00e7\u00e3o Brasileira de Enfermagem\",\"publisher\":{\"@id\":\"https:\/\/www.abennacional.org.br\/site\/#organization\"},\"potentialAction\":[{\"@type\":\"SearchAction\",\"target\":{\"@type\":\"EntryPoint\",\"urlTemplate\":\"https:\/\/www.abennacional.org.br\/site\/?s={search_term_string}\"},\"query-input\":\"required name=search_term_string\"}],\"inLanguage\":\"pt-BR\"},{\"@type\":\"ImageObject\",\"@id\":\"https:\/\/www.abennacional.org.br\/site\/sem-enfermagem-nao-ha-saude-pagar-o-piso-e-o-minimo\/#primaryimage\",\"inLanguage\":\"pt-BR\",\"url\":\"https:\/\/www.abennacional.org.br\/site\/wp-content\/uploads\/2023\/10\/piso_salarial.jpg\",\"contentUrl\":\"https:\/\/www.abennacional.org.br\/site\/wp-content\/uploads\/2023\/10\/piso_salarial.jpg\",\"width\":1365,\"height\":528},{\"@type\":\"WebPage\",\"@id\":\"https:\/\/www.abennacional.org.br\/site\/sem-enfermagem-nao-ha-saude-pagar-o-piso-e-o-minimo\/#webpage\",\"url\":\"https:\/\/www.abennacional.org.br\/site\/sem-enfermagem-nao-ha-saude-pagar-o-piso-e-o-minimo\/\",\"name\":\"Sem Enfermagem n\u00e3o h\u00e1 Sa\u00fade. Pagar o piso \u00e9 o m\u00ednimo! - ABEn Nacional\",\"isPartOf\":{\"@id\":\"https:\/\/www.abennacional.org.br\/site\/#website\"},\"primaryImageOfPage\":{\"@id\":\"https:\/\/www.abennacional.org.br\/site\/sem-enfermagem-nao-ha-saude-pagar-o-piso-e-o-minimo\/#primaryimage\"},\"datePublished\":\"2023-10-21T15:02:45+00:00\",\"dateModified\":\"2023-10-21T15:08:41+00:00\",\"breadcrumb\":{\"@id\":\"https:\/\/www.abennacional.org.br\/site\/sem-enfermagem-nao-ha-saude-pagar-o-piso-e-o-minimo\/#breadcrumb\"},\"inLanguage\":\"pt-BR\",\"potentialAction\":[{\"@type\":\"ReadAction\",\"target\":[\"https:\/\/www.abennacional.org.br\/site\/sem-enfermagem-nao-ha-saude-pagar-o-piso-e-o-minimo\/\"]}]},{\"@type\":\"BreadcrumbList\",\"@id\":\"https:\/\/www.abennacional.org.br\/site\/sem-enfermagem-nao-ha-saude-pagar-o-piso-e-o-minimo\/#breadcrumb\",\"itemListElement\":[{\"@type\":\"ListItem\",\"position\":1,\"name\":\"In\u00edcio\",\"item\":\"https:\/\/www.abennacional.org.br\/site\/\"},{\"@type\":\"ListItem\",\"position\":2,\"name\":\"Sem Enfermagem n\u00e3o h\u00e1 Sa\u00fade. Pagar o piso \u00e9 o m\u00ednimo!\"}]}]}<\/script>\n<!-- \/ Yoast SEO plugin. -->","yoast_head_json":{"title":"Sem Enfermagem n\u00e3o h\u00e1 Sa\u00fade. Pagar o piso \u00e9 o m\u00ednimo! - ABEn Nacional","robots":{"index":"index","follow":"follow","max-snippet":"max-snippet:-1","max-image-preview":"max-image-preview:large","max-video-preview":"max-video-preview:-1"},"canonical":"https:\/\/www.abennacional.org.br\/site\/sem-enfermagem-nao-ha-saude-pagar-o-piso-e-o-minimo\/","og_locale":"pt_BR","og_type":"article","og_title":"Sem Enfermagem n\u00e3o h\u00e1 Sa\u00fade. Pagar o piso \u00e9 o m\u00ednimo! - ABEn Nacional","og_description":"O piso salarial da enfermagem \u00e9 lei: com muita luta, press\u00e3o e articula\u00e7\u00e3o do F\u00f3rumNacional de Enfermagem, que inclui a ABEn, conseguimos por meio da Lei 14.434\/2022estabelecer o valor m\u00ednimo para exercer uma fun\u00e7\u00e3o fundamental de cuidado e sa\u00fade. Noentanto, \u00e9 preocupante a dificuldade dos(as) gestores(as) p\u00fablicos e privados em colocarem pr\u00e1tica uma a\u00e7\u00e3o que [&hellip;]","og_url":"https:\/\/www.abennacional.org.br\/site\/sem-enfermagem-nao-ha-saude-pagar-o-piso-e-o-minimo\/","og_site_name":"ABEn Nacional","article_publisher":"https:\/\/www.facebook.com\/ABEn-Nacional-202551919840028\/","article_modified_time":"2023-10-21T15:08:41+00:00","og_image":[{"width":1365,"height":528,"url":"https:\/\/www.abennacional.org.br\/site\/wp-content\/uploads\/2023\/10\/piso_salarial.jpg","type":"image\/jpeg"}],"twitter_card":"summary_large_image","twitter_misc":{"Est. tempo de leitura":"1 minuto"},"schema":{"@context":"https:\/\/schema.org","@graph":[{"@type":"Organization","@id":"https:\/\/www.abennacional.org.br\/site\/#organization","name":"ABEn Nacional","url":"https:\/\/www.abennacional.org.br\/site\/","sameAs":["https:\/\/www.facebook.com\/ABEn-Nacional-202551919840028\/","https:\/\/br.linkedin.com\/in\/aben-nacional-42385511b","https:\/\/www.youtube.com\/watch?v=m8cvAUgypCI"],"logo":{"@type":"ImageObject","@id":"https:\/\/www.abennacional.org.br\/site\/#logo","inLanguage":"pt-BR","url":"https:\/\/www.abennacional.org.br\/site\/wp-content\/uploads\/2018\/12\/logoaben_grande-2.png","contentUrl":"https:\/\/www.abennacional.org.br\/site\/wp-content\/uploads\/2018\/12\/logoaben_grande-2.png","width":410,"height":139,"caption":"ABEn Nacional"},"image":{"@id":"https:\/\/www.abennacional.org.br\/site\/#logo"}},{"@type":"WebSite","@id":"https:\/\/www.abennacional.org.br\/site\/#website","url":"https:\/\/www.abennacional.org.br\/site\/","name":"ABEn Nacional","description":"Associa\u00e7\u00e3o Brasileira de Enfermagem","publisher":{"@id":"https:\/\/www.abennacional.org.br\/site\/#organization"},"potentialAction":[{"@type":"SearchAction","target":{"@type":"EntryPoint","urlTemplate":"https:\/\/www.abennacional.org.br\/site\/?s={search_term_string}"},"query-input":"required name=search_term_string"}],"inLanguage":"pt-BR"},{"@type":"ImageObject","@id":"https:\/\/www.abennacional.org.br\/site\/sem-enfermagem-nao-ha-saude-pagar-o-piso-e-o-minimo\/#primaryimage","inLanguage":"pt-BR","url":"https:\/\/www.abennacional.org.br\/site\/wp-content\/uploads\/2023\/10\/piso_salarial.jpg","contentUrl":"https:\/\/www.abennacional.org.br\/site\/wp-content\/uploads\/2023\/10\/piso_salarial.jpg","width":1365,"height":528},{"@type":"WebPage","@id":"https:\/\/www.abennacional.org.br\/site\/sem-enfermagem-nao-ha-saude-pagar-o-piso-e-o-minimo\/#webpage","url":"https:\/\/www.abennacional.org.br\/site\/sem-enfermagem-nao-ha-saude-pagar-o-piso-e-o-minimo\/","name":"Sem Enfermagem n\u00e3o h\u00e1 Sa\u00fade. Pagar o piso \u00e9 o m\u00ednimo! - ABEn Nacional","isPartOf":{"@id":"https:\/\/www.abennacional.org.br\/site\/#website"},"primaryImageOfPage":{"@id":"https:\/\/www.abennacional.org.br\/site\/sem-enfermagem-nao-ha-saude-pagar-o-piso-e-o-minimo\/#primaryimage"},"datePublished":"2023-10-21T15:02:45+00:00","dateModified":"2023-10-21T15:08:41+00:00","breadcrumb":{"@id":"https:\/\/www.abennacional.org.br\/site\/sem-enfermagem-nao-ha-saude-pagar-o-piso-e-o-minimo\/#breadcrumb"},"inLanguage":"pt-BR","potentialAction":[{"@type":"ReadAction","target":["https:\/\/www.abennacional.org.br\/site\/sem-enfermagem-nao-ha-saude-pagar-o-piso-e-o-minimo\/"]}]},{"@type":"BreadcrumbList","@id":"https:\/\/www.abennacional.org.br\/site\/sem-enfermagem-nao-ha-saude-pagar-o-piso-e-o-minimo\/#breadcrumb","itemListElement":[{"@type":"ListItem","position":1,"name":"In\u00edcio","item":"https:\/\/www.abennacional.org.br\/site\/"},{"@type":"ListItem","position":2,"name":"Sem Enfermagem n\u00e3o h\u00e1 Sa\u00fade. Pagar o piso \u00e9 o m\u00ednimo!"}]}]}},"jetpack_sharing_enabled":true,"jetpack_shortlink":"https:\/\/wp.me\/PaUzFo-3Rw","_links":{"self":[{"href":"https:\/\/www.abennacional.org.br\/site\/wp-json\/wp\/v2\/pages\/14850"}],"collection":[{"href":"https:\/\/www.abennacional.org.br\/site\/wp-json\/wp\/v2\/pages"}],"about":[{"href":"https:\/\/www.abennacional.org.br\/site\/wp-json\/wp\/v2\/types\/page"}],"author":[{"embeddable":true,"href":"https:\/\/www.abennacional.org.br\/site\/wp-json\/wp\/v2\/users\/1"}],"replies":[{"embeddable":true,"href":"https:\/\/www.abennacional.org.br\/site\/wp-json\/wp\/v2\/comments?post=14850"}],"version-history":[{"count":1,"href":"https:\/\/www.abennacional.org.br\/site\/wp-json\/wp\/v2\/pages\/14850\/revisions"}],"predecessor-version":[{"id":14853,"href":"https:\/\/www.abennacional.org.br\/site\/wp-json\/wp\/v2\/pages\/14850\/revisions\/14853"}],"wp:featuredmedia":[{"embeddable":true,"href":"https:\/\/www.abennacional.org.br\/site\/wp-json\/wp\/v2\/media\/14851"}],"wp:attachment":[{"href":"https:\/\/www.abennacional.org.br\/site\/wp-json\/wp\/v2\/media?parent=14850"}],"curies":[{"name":"wp","href":"https:\/\/api.w.org\/{rel}","templated":true}]}}