{"id":14856,"date":"2023-10-21T12:40:15","date_gmt":"2023-10-21T15:40:15","guid":{"rendered":"https:\/\/www.abennacional.org.br\/site\/?page_id=14856"},"modified":"2023-10-21T12:40:19","modified_gmt":"2023-10-21T15:40:19","slug":"consulta-publica-no-1-2023","status":"publish","type":"page","link":"https:\/\/www.abennacional.org.br\/site\/consulta-publica-no-1-2023\/","title":{"rendered":"Consulta P\u00fablica N\u00ba 1\/2023"},"content":{"rendered":"\n<figure class=\"wp-block-image size-large\"><img loading=\"lazy\" width=\"1024\" height=\"396\" src=\"https:\/\/www.abennacional.org.br\/site\/wp-content\/uploads\/2023\/10\/consulta_publica-1024x396.jpg\" alt=\"\" class=\"wp-image-14857\" srcset=\"https:\/\/www.abennacional.org.br\/site\/wp-content\/uploads\/2023\/10\/consulta_publica-1024x396.jpg 1024w, https:\/\/www.abennacional.org.br\/site\/wp-content\/uploads\/2023\/10\/consulta_publica-300x116.jpg 300w, https:\/\/www.abennacional.org.br\/site\/wp-content\/uploads\/2023\/10\/consulta_publica-768x297.jpg 768w, https:\/\/www.abennacional.org.br\/site\/wp-content\/uploads\/2023\/10\/consulta_publica.jpg 1365w\" sizes=\"(max-width: 1024px) 100vw, 1024px\" \/><\/figure>\n\n\n\n<p>Proposta de altera\u00e7\u00e3o da Portaria Normativa n\u00ba 11\/2017 \u2013 do Minist\u00e9rio da Educa\u00e7\u00e3o, em dispositivos relativos \u00e0 oferta de cursos de gradua\u00e7\u00e3o na modalidade de educa\u00e7\u00e3o a dist\u00e2ncia.<\/p>\n\n\n\n<p>O Minist\u00e9rio da Educa\u00e7\u00e3o, por meio da Secretaria de Regula\u00e7\u00e3o e Supervis\u00e3o da Educa\u00e7\u00e3o Superior (Seres), informa a abertura da Consulta P\u00fablica N\u00ba 1\/2023. Sobre propostas de altera\u00e7\u00e3o em dispositivos da Portaria Normativa n\u00ba 11, de 20 de junho de 2017, que regulamenta a oferta de cursos de gradua\u00e7\u00e3o na modalidade Educa\u00e7\u00e3o a Dist\u00e2ncia (EaD).<\/p>\n\n\n\n<p>Esta \u00e9 a sua oportunidade de fazer a diferen\u00e7a na regulamenta\u00e7\u00e3o dos cursos de gradua\u00e7\u00e3o a dist\u00e2ncia (EaD) no Brasil. Sua opini\u00e3o importa!<\/p>\n\n\n\n<p> Per\u00edodo da Consulta P\u00fablica: 19 de outubro a 20 de novembro de 2023.<br> Participe em: <a href=\"https:\/\/www.gov.br\/participamaisbrasil\/educacao-a-distancia\">https:\/\/www.gov.br\/participamaisbrasil\/educacao-a-distancia<\/a><\/p>\n","protected":false},"excerpt":{"rendered":"<p>Proposta de altera\u00e7\u00e3o da Portaria Normativa n\u00ba 11\/2017 \u2013 do Minist\u00e9rio da Educa\u00e7\u00e3o, em dispositivos relativos \u00e0 oferta de cursos de gradua\u00e7\u00e3o na modalidade de educa\u00e7\u00e3o a dist\u00e2ncia. O Minist\u00e9rio da Educa\u00e7\u00e3o, por meio da Secretaria de Regula\u00e7\u00e3o e Supervis\u00e3o da Educa\u00e7\u00e3o Superior (Seres), informa a abertura da Consulta P\u00fablica N\u00ba 1\/2023. Sobre propostas de [&hellip;]<\/p>\n","protected":false},"author":1,"featured_media":14857,"parent":0,"menu_order":0,"comment_status":"closed","ping_status":"closed","template":"","meta":{"spay_email":""},"yoast_head":"<!-- This site is optimized with the Yoast SEO plugin v18.3 - https:\/\/yoast.com\/wordpress\/plugins\/seo\/ -->\n<title>Consulta P\u00fablica N\u00ba 1\/2023 - ABEn Nacional<\/title>\n<meta name=\"robots\" content=\"index, follow, max-snippet:-1, max-image-preview:large, max-video-preview:-1\" \/>\n<link rel=\"canonical\" href=\"https:\/\/www.abennacional.org.br\/site\/consulta-publica-no-1-2023\/\" \/>\n<meta property=\"og:locale\" content=\"pt_BR\" \/>\n<meta property=\"og:type\" content=\"article\" \/>\n<meta property=\"og:title\" content=\"Consulta P\u00fablica N\u00ba 1\/2023 - ABEn Nacional\" \/>\n<meta property=\"og:description\" content=\"Proposta de altera\u00e7\u00e3o da Portaria Normativa n\u00ba 11\/2017 \u2013 do Minist\u00e9rio da Educa\u00e7\u00e3o, em dispositivos relativos \u00e0 oferta de cursos de gradua\u00e7\u00e3o na modalidade de educa\u00e7\u00e3o a dist\u00e2ncia. O Minist\u00e9rio da Educa\u00e7\u00e3o, por meio da Secretaria de Regula\u00e7\u00e3o e Supervis\u00e3o da Educa\u00e7\u00e3o Superior (Seres), informa a abertura da Consulta P\u00fablica N\u00ba 1\/2023. Sobre propostas de [&hellip;]\" \/>\n<meta property=\"og:url\" content=\"https:\/\/www.abennacional.org.br\/site\/consulta-publica-no-1-2023\/\" \/>\n<meta property=\"og:site_name\" content=\"ABEn Nacional\" \/>\n<meta property=\"article:publisher\" content=\"https:\/\/www.facebook.com\/ABEn-Nacional-202551919840028\/\" \/>\n<meta property=\"article:modified_time\" content=\"2023-10-21T15:40:19+00:00\" \/>\n<meta property=\"og:image\" content=\"https:\/\/www.abennacional.org.br\/site\/wp-content\/uploads\/2023\/10\/consulta_publica.jpg\" \/>\n\t<meta property=\"og:image:width\" content=\"1365\" \/>\n\t<meta property=\"og:image:height\" content=\"528\" \/>\n\t<meta property=\"og:image:type\" content=\"image\/jpeg\" \/>\n<meta name=\"twitter:card\" content=\"summary_large_image\" \/>\n<meta name=\"twitter:label1\" content=\"Est. tempo de leitura\" \/>\n\t<meta name=\"twitter:data1\" content=\"1 minuto\" \/>\n<script type=\"application\/ld+json\" class=\"yoast-schema-graph\">{\"@context\":\"https:\/\/schema.org\",\"@graph\":[{\"@type\":\"Organization\",\"@id\":\"https:\/\/www.abennacional.org.br\/site\/#organization\",\"name\":\"ABEn Nacional\",\"url\":\"https:\/\/www.abennacional.org.br\/site\/\",\"sameAs\":[\"https:\/\/www.facebook.com\/ABEn-Nacional-202551919840028\/\",\"https:\/\/br.linkedin.com\/in\/aben-nacional-42385511b\",\"https:\/\/www.youtube.com\/watch?v=m8cvAUgypCI\"],\"logo\":{\"@type\":\"ImageObject\",\"@id\":\"https:\/\/www.abennacional.org.br\/site\/#logo\",\"inLanguage\":\"pt-BR\",\"url\":\"https:\/\/www.abennacional.org.br\/site\/wp-content\/uploads\/2018\/12\/logoaben_grande-2.png\",\"contentUrl\":\"https:\/\/www.abennacional.org.br\/site\/wp-content\/uploads\/2018\/12\/logoaben_grande-2.png\",\"width\":410,\"height\":139,\"caption\":\"ABEn Nacional\"},\"image\":{\"@id\":\"https:\/\/www.abennacional.org.br\/site\/#logo\"}},{\"@type\":\"WebSite\",\"@id\":\"https:\/\/www.abennacional.org.br\/site\/#website\",\"url\":\"https:\/\/www.abennacional.org.br\/site\/\",\"name\":\"ABEn Nacional\",\"description\":\"Associa\u00e7\u00e3o Brasileira de Enfermagem\",\"publisher\":{\"@id\":\"https:\/\/www.abennacional.org.br\/site\/#organization\"},\"potentialAction\":[{\"@type\":\"SearchAction\",\"target\":{\"@type\":\"EntryPoint\",\"urlTemplate\":\"https:\/\/www.abennacional.org.br\/site\/?s={search_term_string}\"},\"query-input\":\"required name=search_term_string\"}],\"inLanguage\":\"pt-BR\"},{\"@type\":\"ImageObject\",\"@id\":\"https:\/\/www.abennacional.org.br\/site\/consulta-publica-no-1-2023\/#primaryimage\",\"inLanguage\":\"pt-BR\",\"url\":\"https:\/\/www.abennacional.org.br\/site\/wp-content\/uploads\/2023\/10\/consulta_publica.jpg\",\"contentUrl\":\"https:\/\/www.abennacional.org.br\/site\/wp-content\/uploads\/2023\/10\/consulta_publica.jpg\",\"width\":1365,\"height\":528},{\"@type\":\"WebPage\",\"@id\":\"https:\/\/www.abennacional.org.br\/site\/consulta-publica-no-1-2023\/#webpage\",\"url\":\"https:\/\/www.abennacional.org.br\/site\/consulta-publica-no-1-2023\/\",\"name\":\"Consulta P\u00fablica N\u00ba 1\/2023 - ABEn Nacional\",\"isPartOf\":{\"@id\":\"https:\/\/www.abennacional.org.br\/site\/#website\"},\"primaryImageOfPage\":{\"@id\":\"https:\/\/www.abennacional.org.br\/site\/consulta-publica-no-1-2023\/#primaryimage\"},\"datePublished\":\"2023-10-21T15:40:15+00:00\",\"dateModified\":\"2023-10-21T15:40:19+00:00\",\"breadcrumb\":{\"@id\":\"https:\/\/www.abennacional.org.br\/site\/consulta-publica-no-1-2023\/#breadcrumb\"},\"inLanguage\":\"pt-BR\",\"potentialAction\":[{\"@type\":\"ReadAction\",\"target\":[\"https:\/\/www.abennacional.org.br\/site\/consulta-publica-no-1-2023\/\"]}]},{\"@type\":\"BreadcrumbList\",\"@id\":\"https:\/\/www.abennacional.org.br\/site\/consulta-publica-no-1-2023\/#breadcrumb\",\"itemListElement\":[{\"@type\":\"ListItem\",\"position\":1,\"name\":\"In\u00edcio\",\"item\":\"https:\/\/www.abennacional.org.br\/site\/\"},{\"@type\":\"ListItem\",\"position\":2,\"name\":\"Consulta P\u00fablica N\u00ba 1\/2023\"}]}]}<\/script>\n<!-- \/ Yoast SEO plugin. -->","yoast_head_json":{"title":"Consulta P\u00fablica N\u00ba 1\/2023 - ABEn Nacional","robots":{"index":"index","follow":"follow","max-snippet":"max-snippet:-1","max-image-preview":"max-image-preview:large","max-video-preview":"max-video-preview:-1"},"canonical":"https:\/\/www.abennacional.org.br\/site\/consulta-publica-no-1-2023\/","og_locale":"pt_BR","og_type":"article","og_title":"Consulta P\u00fablica N\u00ba 1\/2023 - ABEn Nacional","og_description":"Proposta de altera\u00e7\u00e3o da Portaria Normativa n\u00ba 11\/2017 \u2013 do Minist\u00e9rio da Educa\u00e7\u00e3o, em dispositivos relativos \u00e0 oferta de cursos de gradua\u00e7\u00e3o na modalidade de educa\u00e7\u00e3o a dist\u00e2ncia. O Minist\u00e9rio da Educa\u00e7\u00e3o, por meio da Secretaria de Regula\u00e7\u00e3o e Supervis\u00e3o da Educa\u00e7\u00e3o Superior (Seres), informa a abertura da Consulta P\u00fablica N\u00ba 1\/2023. Sobre propostas de [&hellip;]","og_url":"https:\/\/www.abennacional.org.br\/site\/consulta-publica-no-1-2023\/","og_site_name":"ABEn Nacional","article_publisher":"https:\/\/www.facebook.com\/ABEn-Nacional-202551919840028\/","article_modified_time":"2023-10-21T15:40:19+00:00","og_image":[{"width":1365,"height":528,"url":"https:\/\/www.abennacional.org.br\/site\/wp-content\/uploads\/2023\/10\/consulta_publica.jpg","type":"image\/jpeg"}],"twitter_card":"summary_large_image","twitter_misc":{"Est. tempo de leitura":"1 minuto"},"schema":{"@context":"https:\/\/schema.org","@graph":[{"@type":"Organization","@id":"https:\/\/www.abennacional.org.br\/site\/#organization","name":"ABEn Nacional","url":"https:\/\/www.abennacional.org.br\/site\/","sameAs":["https:\/\/www.facebook.com\/ABEn-Nacional-202551919840028\/","https:\/\/br.linkedin.com\/in\/aben-nacional-42385511b","https:\/\/www.youtube.com\/watch?v=m8cvAUgypCI"],"logo":{"@type":"ImageObject","@id":"https:\/\/www.abennacional.org.br\/site\/#logo","inLanguage":"pt-BR","url":"https:\/\/www.abennacional.org.br\/site\/wp-content\/uploads\/2018\/12\/logoaben_grande-2.png","contentUrl":"https:\/\/www.abennacional.org.br\/site\/wp-content\/uploads\/2018\/12\/logoaben_grande-2.png","width":410,"height":139,"caption":"ABEn Nacional"},"image":{"@id":"https:\/\/www.abennacional.org.br\/site\/#logo"}},{"@type":"WebSite","@id":"https:\/\/www.abennacional.org.br\/site\/#website","url":"https:\/\/www.abennacional.org.br\/site\/","name":"ABEn Nacional","description":"Associa\u00e7\u00e3o Brasileira de Enfermagem","publisher":{"@id":"https:\/\/www.abennacional.org.br\/site\/#organization"},"potentialAction":[{"@type":"SearchAction","target":{"@type":"EntryPoint","urlTemplate":"https:\/\/www.abennacional.org.br\/site\/?s={search_term_string}"},"query-input":"required name=search_term_string"}],"inLanguage":"pt-BR"},{"@type":"ImageObject","@id":"https:\/\/www.abennacional.org.br\/site\/consulta-publica-no-1-2023\/#primaryimage","inLanguage":"pt-BR","url":"https:\/\/www.abennacional.org.br\/site\/wp-content\/uploads\/2023\/10\/consulta_publica.jpg","contentUrl":"https:\/\/www.abennacional.org.br\/site\/wp-content\/uploads\/2023\/10\/consulta_publica.jpg","width":1365,"height":528},{"@type":"WebPage","@id":"https:\/\/www.abennacional.org.br\/site\/consulta-publica-no-1-2023\/#webpage","url":"https:\/\/www.abennacional.org.br\/site\/consulta-publica-no-1-2023\/","name":"Consulta P\u00fablica N\u00ba 1\/2023 - ABEn Nacional","isPartOf":{"@id":"https:\/\/www.abennacional.org.br\/site\/#website"},"primaryImageOfPage":{"@id":"https:\/\/www.abennacional.org.br\/site\/consulta-publica-no-1-2023\/#primaryimage"},"datePublished":"2023-10-21T15:40:15+00:00","dateModified":"2023-10-21T15:40:19+00:00","breadcrumb":{"@id":"https:\/\/www.abennacional.org.br\/site\/consulta-publica-no-1-2023\/#breadcrumb"},"inLanguage":"pt-BR","potentialAction":[{"@type":"ReadAction","target":["https:\/\/www.abennacional.org.br\/site\/consulta-publica-no-1-2023\/"]}]},{"@type":"BreadcrumbList","@id":"https:\/\/www.abennacional.org.br\/site\/consulta-publica-no-1-2023\/#breadcrumb","itemListElement":[{"@type":"ListItem","position":1,"name":"In\u00edcio","item":"https:\/\/www.abennacional.org.br\/site\/"},{"@type":"ListItem","position":2,"name":"Consulta P\u00fablica N\u00ba 1\/2023"}]}]}},"jetpack_sharing_enabled":true,"jetpack_shortlink":"https:\/\/wp.me\/PaUzFo-3RC","_links":{"self":[{"href":"https:\/\/www.abennacional.org.br\/site\/wp-json\/wp\/v2\/pages\/14856"}],"collection":[{"href":"https:\/\/www.abennacional.org.br\/site\/wp-json\/wp\/v2\/pages"}],"about":[{"href":"https:\/\/www.abennacional.org.br\/site\/wp-json\/wp\/v2\/types\/page"}],"author":[{"embeddable":true,"href":"https:\/\/www.abennacional.org.br\/site\/wp-json\/wp\/v2\/users\/1"}],"replies":[{"embeddable":true,"href":"https:\/\/www.abennacional.org.br\/site\/wp-json\/wp\/v2\/comments?post=14856"}],"version-history":[{"count":1,"href":"https:\/\/www.abennacional.org.br\/site\/wp-json\/wp\/v2\/pages\/14856\/revisions"}],"predecessor-version":[{"id":14860,"href":"https:\/\/www.abennacional.org.br\/site\/wp-json\/wp\/v2\/pages\/14856\/revisions\/14860"}],"wp:featuredmedia":[{"embeddable":true,"href":"https:\/\/www.abennacional.org.br\/site\/wp-json\/wp\/v2\/media\/14857"}],"wp:attachment":[{"href":"https:\/\/www.abennacional.org.br\/site\/wp-json\/wp\/v2\/media?parent=14856"}],"curies":[{"name":"wp","href":"https:\/\/api.w.org\/{rel}","templated":true}]}}