{"id":2302,"date":"2019-02-17T20:40:25","date_gmt":"2019-02-17T23:40:25","guid":{"rendered":"http:\/\/www.abennacional.org.br\/validacao\/?page_id=2302"},"modified":"2021-04-09T09:58:21","modified_gmt":"2021-04-09T12:58:21","slug":"escolas","status":"publish","type":"page","link":"https:\/\/www.abennacional.org.br\/site\/escolas\/","title":{"rendered":"Escolas"},"content":{"rendered":"\n<p>A  Associa\u00e7\u00e3o  Brasileira  de  Enfermagem  (ABEn),  ao  vivenciar  a  constru\u00e7\u00e3o  coletiva  e participativa  da  minuta  de  Diretrizes  Curriculares  Nacionais  (DCN)  para  os  cursos  de  gradua\u00e7\u00e3o em Enfermagem, reitera o seu compromisso com a forma\u00e7\u00e3o e a educa\u00e7\u00e3o de qualidade, firmado desde  a  sua  funda\u00e7\u00e3o  em  1926.   <br><br>Em  tempos  de  novas  DCN-Enf, se  busca a  forma\u00e7\u00e3o  de profissionais com autonomia, discernimento e pr\u00f3-atividade, garantindo a integralidade do cuidado na aten\u00e7\u00e3o \u00e0 sa\u00fade dos indiv\u00edduos, fam\u00edlia e comunidade. <br><br>Ao  filiarem-se,  as  Escolas  e  Cursos  recebem  Boletim  Informativo  da  ABEn;  <br><\/p>\n\n\n\n<p><\/p>\n\n\n\n<p><\/p>\n\n\n\n<p>\u2022 podem publicar  mat\u00e9ria  na  REBEn  de  acordo  com  suas  normas  editoriais; <br>\u2022 podem propor  atividades  e programas de trabalho \u00e0 ABEn; <br>\u2022 podem utilizar o espa\u00e7o f\u00edsico das sedes da ABEn para atividades espec\u00edficas;   <br>\u2022 representam   a   ABEn   em   f\u00f3runs,   inst\u00e2ncias  e  eventos,  quando  indicando  pela Presidente da Entidade; <br>\u2022 recebem o plano de trabalho e o Relat\u00f3rio Anual de Atividades da ABEn, para   conhecimento; <br>\u2022 participam dos   eventos   e   programas   promovidos   pela   ABEn; <br>\u2022 podem representar  e estar  representada  no  Conselho  Consultivo  Estadual  de  Escolas  de  Enfermagem da Se\u00e7\u00e3o, no respectivo Estado.<br><br><\/p>\n\n\n\n<p>As  escolas  e  cursos  t\u00eam  espa\u00e7o  de  participa\u00e7\u00e3o  ativa  na  ABEn junto  ao Conselho Consultivo  Nacional  de  Escolas  e  Cursos  de  Enfermagem,  \u00f3rg\u00e3o  estatut\u00e1rio  de  assessoria vinculado \u00e0 Diretoria Nacional de Educa\u00e7\u00e3o em Enfermagem. <\/p>\n\n\n\n<p><br><br><\/p>\n\n\n\n<p><\/p>\n\n\n\n<p><strong>Carta<\/strong><br>&#8230;&#8230;&#8230;&#8230;&#8230;&#8230;&#8230;&#8230;&#8230;&#8230;&#8230;&#8230;&#8230;&#8230;&#8230;&#8230;&#8230;&#8230;&#8230;.<br>\u2022 Carta para as Escolas e Cursos. <a href=\"https:\/\/www.abennacional.org.br\/site\/wp-content\/uploads\/2021\/04\/carta_Escolas.pdf\" target=\"_blank\" rel=\"noreferrer noopener\">Clique aqui<\/a>.\u00a0<\/p>\n\n\n\n<p> <br><strong>Regimento<\/strong><br> \u2026\u2026\u2026\u2026\u2026\u2026\u2026\u2026\u2026\u2026\u2026\u2026\u2026\u2026\u2026\u2026\u2026\u2026\u2026\u2026\u2026..    <br>\u2022  Regimento&nbsp;do Conselho Consultivo nacional de Escolas e Cursos de Enfermagem- CONCENF \u2013 <a rel=\"noreferrer noopener\" href=\"https:\/\/www.abennacional.org.br\/site\/wp-content\/uploads\/2019\/02\/relatorio_ativ_dir_educ.pdf\" target=\"_blank\">Clique&nbsp;aqui<\/a><\/p>\n\n\n\n<p><br><br><\/p>\n\n\n\n<p><strong>Convidamos  as  Escolas  e  Cursos  de  Enfermagem  do  Brasil  para  filiarem-se  a  ABEn  e nesse movimento conjunto fortalecer a forma\u00e7\u00e3o e a educa\u00e7\u00e3o em enfermagem. ?<\/strong><\/p>\n","protected":false},"excerpt":{"rendered":"<p>A Associa\u00e7\u00e3o Brasileira de Enfermagem (ABEn), ao vivenciar a constru\u00e7\u00e3o coletiva e participativa da minuta de Diretrizes Curriculares Nacionais (DCN) para os cursos de gradua\u00e7\u00e3o em Enfermagem, reitera o seu compromisso com a forma\u00e7\u00e3o e a educa\u00e7\u00e3o de qualidade, firmado desde a sua funda\u00e7\u00e3o em 1926. Em tempos de novas DCN-Enf, se busca a forma\u00e7\u00e3o [&hellip;]<\/p>\n","protected":false},"author":1,"featured_media":0,"parent":0,"menu_order":0,"comment_status":"closed","ping_status":"closed","template":"","meta":{"spay_email":""},"yoast_head":"<!-- This site is optimized with the Yoast SEO plugin v18.3 - https:\/\/yoast.com\/wordpress\/plugins\/seo\/ -->\n<title>Escolas - ABEn Nacional<\/title>\n<meta name=\"robots\" content=\"index, follow, max-snippet:-1, max-image-preview:large, max-video-preview:-1\" \/>\n<link rel=\"canonical\" href=\"https:\/\/www.abennacional.org.br\/site\/escolas\/\" \/>\n<meta property=\"og:locale\" content=\"pt_BR\" \/>\n<meta property=\"og:type\" content=\"article\" \/>\n<meta property=\"og:title\" content=\"Escolas - ABEn Nacional\" \/>\n<meta property=\"og:description\" content=\"A Associa\u00e7\u00e3o Brasileira de Enfermagem (ABEn), ao vivenciar a constru\u00e7\u00e3o coletiva e participativa da minuta de Diretrizes Curriculares Nacionais (DCN) para os cursos de gradua\u00e7\u00e3o em Enfermagem, reitera o seu compromisso com a forma\u00e7\u00e3o e a educa\u00e7\u00e3o de qualidade, firmado desde a sua funda\u00e7\u00e3o em 1926. Em tempos de novas DCN-Enf, se busca a forma\u00e7\u00e3o [&hellip;]\" \/>\n<meta property=\"og:url\" content=\"https:\/\/www.abennacional.org.br\/site\/escolas\/\" \/>\n<meta property=\"og:site_name\" content=\"ABEn Nacional\" \/>\n<meta property=\"article:publisher\" content=\"https:\/\/www.facebook.com\/ABEn-Nacional-202551919840028\/\" \/>\n<meta property=\"article:modified_time\" content=\"2021-04-09T12:58:21+00:00\" \/>\n<meta name=\"twitter:card\" content=\"summary_large_image\" \/>\n<meta name=\"twitter:label1\" content=\"Est. tempo de leitura\" \/>\n\t<meta name=\"twitter:data1\" content=\"2 minutos\" \/>\n<script type=\"application\/ld+json\" class=\"yoast-schema-graph\">{\"@context\":\"https:\/\/schema.org\",\"@graph\":[{\"@type\":\"Organization\",\"@id\":\"https:\/\/www.abennacional.org.br\/site\/#organization\",\"name\":\"ABEn Nacional\",\"url\":\"https:\/\/www.abennacional.org.br\/site\/\",\"sameAs\":[\"https:\/\/www.facebook.com\/ABEn-Nacional-202551919840028\/\",\"https:\/\/br.linkedin.com\/in\/aben-nacional-42385511b\",\"https:\/\/www.youtube.com\/watch?v=m8cvAUgypCI\"],\"logo\":{\"@type\":\"ImageObject\",\"@id\":\"https:\/\/www.abennacional.org.br\/site\/#logo\",\"inLanguage\":\"pt-BR\",\"url\":\"https:\/\/www.abennacional.org.br\/site\/wp-content\/uploads\/2018\/12\/logoaben_grande-2.png\",\"contentUrl\":\"https:\/\/www.abennacional.org.br\/site\/wp-content\/uploads\/2018\/12\/logoaben_grande-2.png\",\"width\":410,\"height\":139,\"caption\":\"ABEn Nacional\"},\"image\":{\"@id\":\"https:\/\/www.abennacional.org.br\/site\/#logo\"}},{\"@type\":\"WebSite\",\"@id\":\"https:\/\/www.abennacional.org.br\/site\/#website\",\"url\":\"https:\/\/www.abennacional.org.br\/site\/\",\"name\":\"ABEn Nacional\",\"description\":\"Associa\u00e7\u00e3o Brasileira de Enfermagem\",\"publisher\":{\"@id\":\"https:\/\/www.abennacional.org.br\/site\/#organization\"},\"potentialAction\":[{\"@type\":\"SearchAction\",\"target\":{\"@type\":\"EntryPoint\",\"urlTemplate\":\"https:\/\/www.abennacional.org.br\/site\/?s={search_term_string}\"},\"query-input\":\"required name=search_term_string\"}],\"inLanguage\":\"pt-BR\"},{\"@type\":\"WebPage\",\"@id\":\"https:\/\/www.abennacional.org.br\/site\/escolas\/#webpage\",\"url\":\"https:\/\/www.abennacional.org.br\/site\/escolas\/\",\"name\":\"Escolas - ABEn Nacional\",\"isPartOf\":{\"@id\":\"https:\/\/www.abennacional.org.br\/site\/#website\"},\"datePublished\":\"2019-02-17T23:40:25+00:00\",\"dateModified\":\"2021-04-09T12:58:21+00:00\",\"breadcrumb\":{\"@id\":\"https:\/\/www.abennacional.org.br\/site\/escolas\/#breadcrumb\"},\"inLanguage\":\"pt-BR\",\"potentialAction\":[{\"@type\":\"ReadAction\",\"target\":[\"https:\/\/www.abennacional.org.br\/site\/escolas\/\"]}]},{\"@type\":\"BreadcrumbList\",\"@id\":\"https:\/\/www.abennacional.org.br\/site\/escolas\/#breadcrumb\",\"itemListElement\":[{\"@type\":\"ListItem\",\"position\":1,\"name\":\"In\u00edcio\",\"item\":\"https:\/\/www.abennacional.org.br\/site\/\"},{\"@type\":\"ListItem\",\"position\":2,\"name\":\"Escolas\"}]}]}<\/script>\n<!-- \/ Yoast SEO plugin. -->","yoast_head_json":{"title":"Escolas - ABEn Nacional","robots":{"index":"index","follow":"follow","max-snippet":"max-snippet:-1","max-image-preview":"max-image-preview:large","max-video-preview":"max-video-preview:-1"},"canonical":"https:\/\/www.abennacional.org.br\/site\/escolas\/","og_locale":"pt_BR","og_type":"article","og_title":"Escolas - ABEn Nacional","og_description":"A Associa\u00e7\u00e3o Brasileira de Enfermagem (ABEn), ao vivenciar a constru\u00e7\u00e3o coletiva e participativa da minuta de Diretrizes Curriculares Nacionais (DCN) para os cursos de gradua\u00e7\u00e3o em Enfermagem, reitera o seu compromisso com a forma\u00e7\u00e3o e a educa\u00e7\u00e3o de qualidade, firmado desde a sua funda\u00e7\u00e3o em 1926. Em tempos de novas DCN-Enf, se busca a forma\u00e7\u00e3o [&hellip;]","og_url":"https:\/\/www.abennacional.org.br\/site\/escolas\/","og_site_name":"ABEn Nacional","article_publisher":"https:\/\/www.facebook.com\/ABEn-Nacional-202551919840028\/","article_modified_time":"2021-04-09T12:58:21+00:00","twitter_card":"summary_large_image","twitter_misc":{"Est. tempo de leitura":"2 minutos"},"schema":{"@context":"https:\/\/schema.org","@graph":[{"@type":"Organization","@id":"https:\/\/www.abennacional.org.br\/site\/#organization","name":"ABEn Nacional","url":"https:\/\/www.abennacional.org.br\/site\/","sameAs":["https:\/\/www.facebook.com\/ABEn-Nacional-202551919840028\/","https:\/\/br.linkedin.com\/in\/aben-nacional-42385511b","https:\/\/www.youtube.com\/watch?v=m8cvAUgypCI"],"logo":{"@type":"ImageObject","@id":"https:\/\/www.abennacional.org.br\/site\/#logo","inLanguage":"pt-BR","url":"https:\/\/www.abennacional.org.br\/site\/wp-content\/uploads\/2018\/12\/logoaben_grande-2.png","contentUrl":"https:\/\/www.abennacional.org.br\/site\/wp-content\/uploads\/2018\/12\/logoaben_grande-2.png","width":410,"height":139,"caption":"ABEn Nacional"},"image":{"@id":"https:\/\/www.abennacional.org.br\/site\/#logo"}},{"@type":"WebSite","@id":"https:\/\/www.abennacional.org.br\/site\/#website","url":"https:\/\/www.abennacional.org.br\/site\/","name":"ABEn Nacional","description":"Associa\u00e7\u00e3o Brasileira de Enfermagem","publisher":{"@id":"https:\/\/www.abennacional.org.br\/site\/#organization"},"potentialAction":[{"@type":"SearchAction","target":{"@type":"EntryPoint","urlTemplate":"https:\/\/www.abennacional.org.br\/site\/?s={search_term_string}"},"query-input":"required name=search_term_string"}],"inLanguage":"pt-BR"},{"@type":"WebPage","@id":"https:\/\/www.abennacional.org.br\/site\/escolas\/#webpage","url":"https:\/\/www.abennacional.org.br\/site\/escolas\/","name":"Escolas - ABEn Nacional","isPartOf":{"@id":"https:\/\/www.abennacional.org.br\/site\/#website"},"datePublished":"2019-02-17T23:40:25+00:00","dateModified":"2021-04-09T12:58:21+00:00","breadcrumb":{"@id":"https:\/\/www.abennacional.org.br\/site\/escolas\/#breadcrumb"},"inLanguage":"pt-BR","potentialAction":[{"@type":"ReadAction","target":["https:\/\/www.abennacional.org.br\/site\/escolas\/"]}]},{"@type":"BreadcrumbList","@id":"https:\/\/www.abennacional.org.br\/site\/escolas\/#breadcrumb","itemListElement":[{"@type":"ListItem","position":1,"name":"In\u00edcio","item":"https:\/\/www.abennacional.org.br\/site\/"},{"@type":"ListItem","position":2,"name":"Escolas"}]}]}},"jetpack_sharing_enabled":true,"jetpack_shortlink":"https:\/\/wp.me\/PaUzFo-B8","_links":{"self":[{"href":"https:\/\/www.abennacional.org.br\/site\/wp-json\/wp\/v2\/pages\/2302"}],"collection":[{"href":"https:\/\/www.abennacional.org.br\/site\/wp-json\/wp\/v2\/pages"}],"about":[{"href":"https:\/\/www.abennacional.org.br\/site\/wp-json\/wp\/v2\/types\/page"}],"author":[{"embeddable":true,"href":"https:\/\/www.abennacional.org.br\/site\/wp-json\/wp\/v2\/users\/1"}],"replies":[{"embeddable":true,"href":"https:\/\/www.abennacional.org.br\/site\/wp-json\/wp\/v2\/comments?post=2302"}],"version-history":[{"count":21,"href":"https:\/\/www.abennacional.org.br\/site\/wp-json\/wp\/v2\/pages\/2302\/revisions"}],"predecessor-version":[{"id":10854,"href":"https:\/\/www.abennacional.org.br\/site\/wp-json\/wp\/v2\/pages\/2302\/revisions\/10854"}],"wp:attachment":[{"href":"https:\/\/www.abennacional.org.br\/site\/wp-json\/wp\/v2\/media?parent=2302"}],"curies":[{"name":"wp","href":"https:\/\/api.w.org\/{rel}","templated":true}]}}