{"id":270,"date":"2018-12-05T17:52:47","date_gmt":"2018-12-05T19:52:47","guid":{"rendered":"http:\/\/www.abennacional.org.br\/validacao\/?page_id=270"},"modified":"2019-01-20T20:12:30","modified_gmt":"2019-01-20T22:12:30","slug":"historia","status":"publish","type":"page","link":"https:\/\/www.abennacional.org.br\/site\/historia\/","title":{"rendered":"Hist\u00f3ria"},"content":{"rendered":"\n<p><strong>Hist\u00f3rico<\/strong><\/p>\n\n\n\n<p>Em 1926, as primeiras Enfermeiras formadas pela Escola de Enfermeiras  do Departamento Nacional de Sa\u00fade P\u00fablica, atual Escola de Enfermagem  Anna Nery, no Rio de Janeiro, criaram a Associa\u00e7\u00e3o Nacional de  Enfermeiras Diplomadas. Manteve esse nome at\u00e9 1928, quando passou a ser  dominada de Associa\u00e7\u00e3o Nacional de Enfermeiras Diplomadas, quando,  ent\u00e3o, foi registrada juridicamente. Em 1954, Associa\u00e7\u00e3o passou a  denominar-se Associa\u00e7\u00e3o Brasileira de Enfermagem (ABEn), mantendo-se com  esse nome at\u00e9 a atualidade.<br><br><\/p>\n\n\n\n<p><strong>Vis\u00e3o, Miss\u00e3o e Valores<\/strong><\/p>\n\n\n\n<p>A ABEn \u00e9 uma associa\u00e7\u00e3o de car\u00e1ter cultural, cient\u00edfico e pol\u00edtico, com personalidade jur\u00eddica pr\u00f3pria, de direito privado e que congrega pessoas&nbsp; Enfermeiras; T\u00e9cnicas de Enfermagem; Auxiliares de Enfermagem; estudantes de cursos de Gradua\u00e7\u00e3o em Enfermagem e de Educa\u00e7\u00e3o Profissional de N\u00edvel T\u00e9cnico em Enfermagem; Escolas, Cursos ou Faculdades de Enfermagem; Associa\u00e7\u00f5es ou Sociedades de Especialistas que a ela se associam, individual e livremente, para fins n\u00e3o econ\u00f4micos.<\/p>\n\n\n\n<p>Tem n\u00famero ilimitado de associados e se organiza por meio de suas \nSe\u00e7\u00f5es Federadas, no Distrito Federal e em cada estado da federa\u00e7\u00e3o \nbrasileira, sob a dire\u00e7\u00e3o de uma Diretoria Nacional. \u00c9 regida por \nEstatuto nacional e Estatutos estaduais.<\/p>\n\n\n\n<p>Possui normativas pr\u00f3prias que regulam os atos administrativos da \ngest\u00e3o. Suas decis\u00f5es, fontes de recursos e patrim\u00f4nio s\u00e3o definidos, \nfiscalizados e controlados por \u00f3rg\u00e3os e inst\u00e2ncias de delibera\u00e7\u00e3o, \nadministra\u00e7\u00e3o, execu\u00e7\u00e3o e de fiscaliza\u00e7\u00e3o. Como Associa\u00e7\u00e3o de \u00e2mbito \nnacional, \u00e9 reconhecida como de Utilidade P\u00fablica, conforme Decreto \nFederal n\u00ba. 31.417\/52, publicado no Di\u00e1rio Oficial da Uni\u00e3o de 11 de \nsetembro de 1952.<\/p>\n\n\n\n<p>Pautada em princ\u00edpios \u00e9ticos e em conformidade com suas finalidades, a <strong>ABEn<\/strong>\n articula-se com as demais organiza\u00e7\u00f5es da Enfermagem brasileira, para \npromover o desenvolvimento pol\u00edtico, social e cient\u00edfico das categorias \nque a comp\u00f5em.<\/p>\n\n\n\n<p>Tem como eixos a defesa e a consolida\u00e7\u00e3o da educa\u00e7\u00e3o em Enfermagem, \nda pesquisa cient\u00edfica, do trabalho da Enfermagem como pr\u00e1tica social, \nessencial \u00e0 assist\u00eancia social e \u00e0 sa\u00fade, \u00e0 organiza\u00e7\u00e3o e ao \nfuncionamento dos servi\u00e7os de sa\u00fade.<\/p>\n\n\n\n<p>Compromete-se a promover a educa\u00e7\u00e3o e a cultura em geral; e a propor e\n defender pol\u00edticas e programas que visem \u00e0 melhoria da qualidade de \nvida da popula\u00e7\u00e3o e ao acesso universal e equ\u00e2nime aos servi\u00e7os social e\n de sa\u00fade.<\/p>\n","protected":false},"excerpt":{"rendered":"<p>Hist\u00f3rico Em 1926, as primeiras Enfermeiras formadas pela Escola de Enfermeiras do Departamento Nacional de Sa\u00fade P\u00fablica, atual Escola de Enfermagem Anna Nery, no Rio de Janeiro, criaram a Associa\u00e7\u00e3o Nacional de Enfermeiras Diplomadas. Manteve esse nome at\u00e9 1928, quando passou a ser dominada de Associa\u00e7\u00e3o Nacional de Enfermeiras Diplomadas, quando, ent\u00e3o, foi registrada juridicamente. [&hellip;]<\/p>\n","protected":false},"author":2,"featured_media":0,"parent":0,"menu_order":0,"comment_status":"closed","ping_status":"closed","template":"","meta":{"spay_email":""},"yoast_head":"<!-- This site is optimized with the Yoast SEO plugin v18.3 - https:\/\/yoast.com\/wordpress\/plugins\/seo\/ -->\n<title>Hist\u00f3ria - ABEn Nacional<\/title>\n<meta name=\"robots\" content=\"index, follow, max-snippet:-1, max-image-preview:large, max-video-preview:-1\" \/>\n<link rel=\"canonical\" href=\"https:\/\/www.abennacional.org.br\/site\/historia\/\" \/>\n<meta property=\"og:locale\" content=\"pt_BR\" \/>\n<meta property=\"og:type\" content=\"article\" \/>\n<meta property=\"og:title\" content=\"Hist\u00f3ria - ABEn Nacional\" \/>\n<meta property=\"og:description\" content=\"Hist\u00f3rico Em 1926, as primeiras Enfermeiras formadas pela Escola de Enfermeiras do Departamento Nacional de Sa\u00fade P\u00fablica, atual Escola de Enfermagem Anna Nery, no Rio de Janeiro, criaram a Associa\u00e7\u00e3o Nacional de Enfermeiras Diplomadas. Manteve esse nome at\u00e9 1928, quando passou a ser dominada de Associa\u00e7\u00e3o Nacional de Enfermeiras Diplomadas, quando, ent\u00e3o, foi registrada juridicamente. [&hellip;]\" \/>\n<meta property=\"og:url\" content=\"https:\/\/www.abennacional.org.br\/site\/historia\/\" \/>\n<meta property=\"og:site_name\" content=\"ABEn Nacional\" \/>\n<meta property=\"article:publisher\" content=\"https:\/\/www.facebook.com\/ABEn-Nacional-202551919840028\/\" \/>\n<meta property=\"article:modified_time\" content=\"2019-01-20T22:12:30+00:00\" \/>\n<meta name=\"twitter:card\" content=\"summary_large_image\" \/>\n<meta name=\"twitter:label1\" content=\"Est. tempo de leitura\" \/>\n\t<meta name=\"twitter:data1\" content=\"2 minutos\" \/>\n<script type=\"application\/ld+json\" class=\"yoast-schema-graph\">{\"@context\":\"https:\/\/schema.org\",\"@graph\":[{\"@type\":\"Organization\",\"@id\":\"https:\/\/www.abennacional.org.br\/site\/#organization\",\"name\":\"ABEn Nacional\",\"url\":\"https:\/\/www.abennacional.org.br\/site\/\",\"sameAs\":[\"https:\/\/www.facebook.com\/ABEn-Nacional-202551919840028\/\",\"https:\/\/br.linkedin.com\/in\/aben-nacional-42385511b\",\"https:\/\/www.youtube.com\/watch?v=m8cvAUgypCI\"],\"logo\":{\"@type\":\"ImageObject\",\"@id\":\"https:\/\/www.abennacional.org.br\/site\/#logo\",\"inLanguage\":\"pt-BR\",\"url\":\"https:\/\/www.abennacional.org.br\/site\/wp-content\/uploads\/2018\/12\/logoaben_grande-2.png\",\"contentUrl\":\"https:\/\/www.abennacional.org.br\/site\/wp-content\/uploads\/2018\/12\/logoaben_grande-2.png\",\"width\":410,\"height\":139,\"caption\":\"ABEn Nacional\"},\"image\":{\"@id\":\"https:\/\/www.abennacional.org.br\/site\/#logo\"}},{\"@type\":\"WebSite\",\"@id\":\"https:\/\/www.abennacional.org.br\/site\/#website\",\"url\":\"https:\/\/www.abennacional.org.br\/site\/\",\"name\":\"ABEn Nacional\",\"description\":\"Associa\u00e7\u00e3o Brasileira de Enfermagem\",\"publisher\":{\"@id\":\"https:\/\/www.abennacional.org.br\/site\/#organization\"},\"potentialAction\":[{\"@type\":\"SearchAction\",\"target\":{\"@type\":\"EntryPoint\",\"urlTemplate\":\"https:\/\/www.abennacional.org.br\/site\/?s={search_term_string}\"},\"query-input\":\"required name=search_term_string\"}],\"inLanguage\":\"pt-BR\"},{\"@type\":\"WebPage\",\"@id\":\"https:\/\/www.abennacional.org.br\/site\/historia\/#webpage\",\"url\":\"https:\/\/www.abennacional.org.br\/site\/historia\/\",\"name\":\"Hist\u00f3ria - ABEn Nacional\",\"isPartOf\":{\"@id\":\"https:\/\/www.abennacional.org.br\/site\/#website\"},\"datePublished\":\"2018-12-05T19:52:47+00:00\",\"dateModified\":\"2019-01-20T22:12:30+00:00\",\"breadcrumb\":{\"@id\":\"https:\/\/www.abennacional.org.br\/site\/historia\/#breadcrumb\"},\"inLanguage\":\"pt-BR\",\"potentialAction\":[{\"@type\":\"ReadAction\",\"target\":[\"https:\/\/www.abennacional.org.br\/site\/historia\/\"]}]},{\"@type\":\"BreadcrumbList\",\"@id\":\"https:\/\/www.abennacional.org.br\/site\/historia\/#breadcrumb\",\"itemListElement\":[{\"@type\":\"ListItem\",\"position\":1,\"name\":\"In\u00edcio\",\"item\":\"https:\/\/www.abennacional.org.br\/site\/\"},{\"@type\":\"ListItem\",\"position\":2,\"name\":\"Hist\u00f3ria\"}]}]}<\/script>\n<!-- \/ Yoast SEO plugin. -->","yoast_head_json":{"title":"Hist\u00f3ria - ABEn Nacional","robots":{"index":"index","follow":"follow","max-snippet":"max-snippet:-1","max-image-preview":"max-image-preview:large","max-video-preview":"max-video-preview:-1"},"canonical":"https:\/\/www.abennacional.org.br\/site\/historia\/","og_locale":"pt_BR","og_type":"article","og_title":"Hist\u00f3ria - ABEn Nacional","og_description":"Hist\u00f3rico Em 1926, as primeiras Enfermeiras formadas pela Escola de Enfermeiras do Departamento Nacional de Sa\u00fade P\u00fablica, atual Escola de Enfermagem Anna Nery, no Rio de Janeiro, criaram a Associa\u00e7\u00e3o Nacional de Enfermeiras Diplomadas. Manteve esse nome at\u00e9 1928, quando passou a ser dominada de Associa\u00e7\u00e3o Nacional de Enfermeiras Diplomadas, quando, ent\u00e3o, foi registrada juridicamente. [&hellip;]","og_url":"https:\/\/www.abennacional.org.br\/site\/historia\/","og_site_name":"ABEn Nacional","article_publisher":"https:\/\/www.facebook.com\/ABEn-Nacional-202551919840028\/","article_modified_time":"2019-01-20T22:12:30+00:00","twitter_card":"summary_large_image","twitter_misc":{"Est. tempo de leitura":"2 minutos"},"schema":{"@context":"https:\/\/schema.org","@graph":[{"@type":"Organization","@id":"https:\/\/www.abennacional.org.br\/site\/#organization","name":"ABEn Nacional","url":"https:\/\/www.abennacional.org.br\/site\/","sameAs":["https:\/\/www.facebook.com\/ABEn-Nacional-202551919840028\/","https:\/\/br.linkedin.com\/in\/aben-nacional-42385511b","https:\/\/www.youtube.com\/watch?v=m8cvAUgypCI"],"logo":{"@type":"ImageObject","@id":"https:\/\/www.abennacional.org.br\/site\/#logo","inLanguage":"pt-BR","url":"https:\/\/www.abennacional.org.br\/site\/wp-content\/uploads\/2018\/12\/logoaben_grande-2.png","contentUrl":"https:\/\/www.abennacional.org.br\/site\/wp-content\/uploads\/2018\/12\/logoaben_grande-2.png","width":410,"height":139,"caption":"ABEn Nacional"},"image":{"@id":"https:\/\/www.abennacional.org.br\/site\/#logo"}},{"@type":"WebSite","@id":"https:\/\/www.abennacional.org.br\/site\/#website","url":"https:\/\/www.abennacional.org.br\/site\/","name":"ABEn Nacional","description":"Associa\u00e7\u00e3o Brasileira de Enfermagem","publisher":{"@id":"https:\/\/www.abennacional.org.br\/site\/#organization"},"potentialAction":[{"@type":"SearchAction","target":{"@type":"EntryPoint","urlTemplate":"https:\/\/www.abennacional.org.br\/site\/?s={search_term_string}"},"query-input":"required name=search_term_string"}],"inLanguage":"pt-BR"},{"@type":"WebPage","@id":"https:\/\/www.abennacional.org.br\/site\/historia\/#webpage","url":"https:\/\/www.abennacional.org.br\/site\/historia\/","name":"Hist\u00f3ria - ABEn Nacional","isPartOf":{"@id":"https:\/\/www.abennacional.org.br\/site\/#website"},"datePublished":"2018-12-05T19:52:47+00:00","dateModified":"2019-01-20T22:12:30+00:00","breadcrumb":{"@id":"https:\/\/www.abennacional.org.br\/site\/historia\/#breadcrumb"},"inLanguage":"pt-BR","potentialAction":[{"@type":"ReadAction","target":["https:\/\/www.abennacional.org.br\/site\/historia\/"]}]},{"@type":"BreadcrumbList","@id":"https:\/\/www.abennacional.org.br\/site\/historia\/#breadcrumb","itemListElement":[{"@type":"ListItem","position":1,"name":"In\u00edcio","item":"https:\/\/www.abennacional.org.br\/site\/"},{"@type":"ListItem","position":2,"name":"Hist\u00f3ria"}]}]}},"jetpack_sharing_enabled":true,"jetpack_shortlink":"https:\/\/wp.me\/PaUzFo-4m","_links":{"self":[{"href":"https:\/\/www.abennacional.org.br\/site\/wp-json\/wp\/v2\/pages\/270"}],"collection":[{"href":"https:\/\/www.abennacional.org.br\/site\/wp-json\/wp\/v2\/pages"}],"about":[{"href":"https:\/\/www.abennacional.org.br\/site\/wp-json\/wp\/v2\/types\/page"}],"author":[{"embeddable":true,"href":"https:\/\/www.abennacional.org.br\/site\/wp-json\/wp\/v2\/users\/2"}],"replies":[{"embeddable":true,"href":"https:\/\/www.abennacional.org.br\/site\/wp-json\/wp\/v2\/comments?post=270"}],"version-history":[{"count":5,"href":"https:\/\/www.abennacional.org.br\/site\/wp-json\/wp\/v2\/pages\/270\/revisions"}],"predecessor-version":[{"id":1208,"href":"https:\/\/www.abennacional.org.br\/site\/wp-json\/wp\/v2\/pages\/270\/revisions\/1208"}],"wp:attachment":[{"href":"https:\/\/www.abennacional.org.br\/site\/wp-json\/wp\/v2\/media?parent=270"}],"curies":[{"name":"wp","href":"https:\/\/api.w.org\/{rel}","templated":true}]}}