{"id":282,"date":"2018-12-05T17:54:36","date_gmt":"2018-12-05T19:54:36","guid":{"rendered":"http:\/\/www.abennacional.org.br\/validacao\/?page_id=282"},"modified":"2023-05-30T23:03:52","modified_gmt":"2023-05-31T02:03:52","slug":"encontre-a-aben","status":"publish","type":"page","link":"https:\/\/www.abennacional.org.br\/site\/encontre-a-aben\/","title":{"rendered":"Encontre a ABEn"},"content":{"rendered":"\n<p><br> A seguir Se\u00e7\u00f5es e Regi\u00f5es da ABEn  (Gest\u00e3o 2020 \u2013 2022): <br><br><\/p>\n\n\n\n<p><strong>\u2022 ABEn Se\u00e7\u00e3o Alagoas<\/strong><br><\/p>\n\n\n\n<p>Rua Pedro de Oliveira Rocha, 189 \u2013Salas 02 e 03<br>Endere\u00e7o:  Empresarial Parthenon, CEP. 57057-560 -Macei\u00f3 \u2013AL<br>Site: <a href=\"http:\/\/www.abenalagoas.org\">www.abenalagoas.org<\/a><br>Instagram: @abenalagoas<\/p>\n\n\n\n<p>\n&#8230;&#8230;&#8230;&#8230;&#8230;&#8230;&#8230;&#8230;&#8230;&#8230;&#8230;&#8230;&#8230;&#8230;&#8230;&#8230;&#8230;&#8230;&#8230;&#8230;&#8230;\n\n<\/p>\n\n\n\n<p><\/p>\n\n\n\n<p><strong>\u2022 ABEn Se\u00e7\u00e3o Amap\u00e1<br><\/strong> <br><strong><strong>JOS\u00c9 LU\u00cdS DA CUNHA PENA<\/strong><\/strong><br><em>Presidente<\/em><br>Endere\u00e7o: Travessa Juscelino Kubitschek, 1194 \u2013Bloco de Enfermagem &#8211; Jardim Marco Zero &#8211; Macap\u00e1 \u2013AP CEP. 68903-419<br>Facebook: <a href=\"https:\/\/facebook.com\/abensecaoamapa\/\">https:\/\/facebook.com\/abensecaoamapa<\/a> <br>Instagram: @abenamapa<br><br><strong>TATIANA CALANDRINI<\/strong><br>Diretora de Comunica\u00e7\u00e3o Social e Divulga\u00e7\u00e3o<br><br> &#8230;&#8230;&#8230;&#8230;&#8230;&#8230;&#8230;&#8230;&#8230;&#8230;&#8230;&#8230;&#8230;&#8230;&#8230;&#8230;&#8230;&#8230;&#8230;&#8230;&#8230; <\/p>\n\n\n\n<p class=\"has-text-align-left\"><strong>\u2022 ABEn Se\u00e7\u00e3o Amazonas<\/strong><br><br>Endere\u00e7o: Rua Costa Azevedo, n\u00ba 09 <br>Ed. Rio Madeira \u20137\u00ba Andar &#8211; Sala 701 Centro 69010-230 \u2013 Manaus &#8211; AM <br><br> &#8230;&#8230;&#8230;&#8230;&#8230;&#8230;&#8230;&#8230;&#8230;&#8230;&#8230;&#8230;&#8230;&#8230;&#8230;&#8230;&#8230;&#8230;&#8230;&#8230;&#8230;  <\/p>\n\n\n\n<p><strong>\u2022 ABEn Se\u00e7\u00e3o Bahia<\/strong><br> <br><strong><strong>TIAGO PARADA COSTA SILVA<\/strong><\/strong><br><em>Presidente<\/em><br><em>Email<\/em>: <a href=\"mailto:presidencia@abenbahia.org.br\">presidencia@abenbahia.org.br<\/a><a href=\"Cel.: (71)\u00a0\n9 9230-5756\"> <\/a> <br><br><strong><strong><strong>TIAGO SOUZA LEAL<\/strong><\/strong><\/strong><br>Diretor de Comunica\u00e7\u00e3o Social e Publica\u00e7\u00f5es<br><em>Email<\/em>: <a href=\"mailto:comunica@abenbahia.org.br\" target=\"_blank\" rel=\"noreferrer noopener\">comunica@abenbahia.org.br<\/a><br> &#8230;&#8230;&#8230;&#8230;&#8230;&#8230;&#8230;&#8230;&#8230;&#8230;&#8230;&#8230;&#8230;&#8230;&#8230;&#8230;&#8230;&#8230;&#8230;&#8230;&#8230;   <\/p>\n\n\n\n<p><strong>\u2022 ABEn Se\u00e7\u00e3o Cear\u00e1<\/strong><br><br><strong><strong>JOS\u00c9&nbsp; MARIA XIMENES GUIMAR\u00c3ES<\/strong><\/strong><br>Presidente<br><br><strong>Sherida Karanini Paz de Oliveira<\/strong><br>Diretora de Comunica\u00e7\u00e3o Social e Publica\u00e7\u00f5es<br><br>&#8230;&#8230;&#8230;&#8230;&#8230;&#8230;&#8230;&#8230;&#8230;&#8230;&#8230;&#8230;&#8230;&#8230;&#8230;&#8230;&#8230;&#8230;&#8230;&#8230;&#8230;    <\/p>\n\n\n\n<p><strong>&nbsp;\u2022 ABEn Se\u00e7\u00e3o Distrito Federal<\/strong><\/p>\n\n\n\n<p><strong><strong>KARINE RODRIGUES AFONSECA<\/strong><\/strong><br><em>President<\/em>a<br><br><strong>Mariana Andr\u00e9 Honorato Franzoi<\/strong><br>Diretora de Comunica\u00e7\u00e3o Social e Publica\u00e7\u00f5es<br><br>&#8230;&#8230;&#8230;&#8230;&#8230;&#8230;&#8230;&#8230;&#8230;&#8230;&#8230;&#8230;&#8230;&#8230;&#8230;&#8230;&#8230;&#8230;&#8230;&#8230;&#8230;..<\/p>\n\n\n\n<p><strong>\u2022 ABEn Se\u00e7\u00e3o Esp\u00edrito Santo <\/strong><br><br>Endere\u00e7o: Av. Marechal Campos, 1468 Depto de Enfermagem <br>Maru\u00edpe 29.040 &#8211; 090 \u2013 Vit\u00f3ria \u2013ES<br>CNPJ: 33.989.468\/0031-25<br><em>Email<\/em>: <a aria-label=\"aben-es@abennacional.org.br (abre em uma nova aba)\" href=\"mailto:aben-es@abennacional.org.br\" target=\"_blank\" rel=\"noreferrer noopener\">aben-es@abennacional.org.br<\/a><\/p>\n\n\n\n<p>\n&#8230;&#8230;&#8230;&#8230;&#8230;&#8230;&#8230;&#8230;&#8230;&#8230;&#8230;&#8230;&#8230;&#8230;&#8230;&#8230;&#8230;&#8230;&#8230;&#8230;&#8230;\n\n<\/p>\n\n\n\n<p><strong> \u2022 ABEn Se\u00e7\u00e3o Goi\u00e1s<\/strong><br><br><strong>MARTA VAL\u00c9RIA CALATAYUD CARVALHO<\/strong><br><em>President<\/em>a<br><br><strong>Flavia Alves Amorim Souza Sales<\/strong><br>Diretora de Comunica\u00e7\u00e3o Social e Publica\u00e7\u00f5es<br> &#8230;&#8230;&#8230;&#8230;&#8230;&#8230;&#8230;&#8230;&#8230;&#8230;&#8230;&#8230;&#8230;&#8230;&#8230;&#8230;&#8230;&#8230;&#8230;&#8230;&#8230;  <\/p>\n\n\n\n<p><\/p>\n\n\n\n<p><strong>\u2022 ABEn Se\u00e7\u00e3o Maranh\u00e3o <\/strong><br><br><strong><strong>SILVIA CRISTINA VIANA SILVA LIMA<\/strong><\/strong><br><em>President<\/em>a<br><\/p>\n\n\n\n<p><strong>Iderlania Maria de Oliveira Sousa<\/strong><br>Diretora de Comunica\u00e7\u00e3o Social e Publica\u00e7\u00f5es<br><\/p>\n\n\n\n<p> &#8230;&#8230;&#8230;&#8230;&#8230;&#8230;&#8230;&#8230;&#8230;&#8230;&#8230;&#8230;&#8230;&#8230;&#8230;&#8230;&#8230;&#8230;&#8230;&#8230;&#8230; <\/p>\n\n\n\n<p><\/p>\n\n\n\n<p><strong>\u2022 ABEn Se\u00e7\u00e3o Mato Grosso <\/strong><br><br><strong><strong>DEBORA DA SILVEIRA CAMPOS<\/strong><\/strong><br><em>President<\/em>a<br><br><\/p>\n\n\n\n<p><strong>Adriana Freitas de Almeida Finger<\/strong><br>Diretora de Comunica\u00e7\u00e3o Social e Publica\u00e7\u00f5es<br><\/p>\n\n\n\n<p> <\/p>\n\n\n\n<p><\/p>\n\n\n\n<p>&#8230;&#8230;&#8230;&#8230;&#8230;&#8230;&#8230;&#8230;&#8230;&#8230;&#8230;&#8230;&#8230;&#8230;&#8230;&#8230;&#8230;&#8230;&#8230;&#8230;&#8230; <br><br><strong>\u2022 ABEn Se\u00e7\u00e3o Mato Grosso do Sul <\/strong><\/p>\n\n\n\n<p><strong><strong>ARMINDA REZENDE DE P\u00c1DUA DEL CORONA<\/strong><\/strong><br><em>President<\/em>a<br><em>Email<\/em>: <a href=\"mailto:aben-ms@abennacional.org.br\" target=\"_blank\" rel=\"noreferrer noopener\">aben-ms@abennacional.org.br<\/a><br><br><\/p>\n\n\n\n<p> <strong>Luciane Aparecida Pereira de Lima Terra<\/strong><br>Diretora de Comunica\u00e7\u00e3o Social e Publica\u00e7\u00f5es<br><\/p>\n\n\n\n<p>&#8230;&#8230;&#8230;&#8230;&#8230;&#8230;&#8230;&#8230;&#8230;&#8230;&#8230;&#8230;&#8230;&#8230;&#8230;&#8230;&#8230;&#8230;&#8230;&#8230;&#8230;  <br><br><strong>\u2022 ABEn Se\u00e7\u00e3o Minas Gerais <\/strong><br><br><strong>Quesia Nayrane Ferreira de Sousa<\/strong><br>Presidenta<br><\/p>\n\n\n\n<p><strong>Simone Graziele Silva Cunha<\/strong><br>Diretora de Comunica\u00e7\u00e3o Social e Publica\u00e7\u00f5es<br><\/p>\n\n\n\n<p><br> <br> &#8230;&#8230;&#8230;&#8230;&#8230;&#8230;&#8230;&#8230;&#8230;&#8230;&#8230;&#8230;&#8230;&#8230;&#8230;&#8230;&#8230;&#8230;&#8230;&#8230;&#8230;   <\/p>\n\n\n\n<p><strong>\u2022 ABEn Se\u00e7\u00e3o Paran\u00e1 <\/strong><\/p>\n\n\n\n<p><strong><strong>OLGA LAURA GIRALDI PETERLIN<\/strong><\/strong>I<br>Presidenta<br><\/p>\n\n\n\n<p><strong>Gicelle Galvan Machineski<\/strong><br>Diretora de Comunica\u00e7\u00e3o Social e Publica\u00e7\u00f5es<br><\/p>\n\n\n\n<p><br> &#8230;&#8230;&#8230;&#8230;&#8230;&#8230;&#8230;&#8230;&#8230;&#8230;&#8230;&#8230;&#8230;&#8230;&#8230;&#8230;&#8230;&#8230;&#8230;&#8230;&#8230; <\/p>\n\n\n\n<p><strong>\u2022 ABEn Se\u00e7\u00e3o Para\u00edba<\/strong><\/p>\n\n\n\n<p>Endere\u00e7o: Av. Nossa Senhora de F\u00e1tima, 1347 S\/ 206 Ed. Argemiro Holanda Torre5 8.040-380 \u2013 Jo\u00e3o Pessoa \u2013 PB <br>Site: <a href=\"https:\/\/www.abenpb.com.br\/\">http:\/\/www.abenpb.com.br\/abenpb\/<\/a><br>Facebook: <a href=\"https:\/\/www.facebook.com\/abenparaiba\">https:\/\/www.facebook.com\/abenparaiba<\/a><br>Instagram: @abensecaoparaiba<br>YouTube: Aben Para\u00edba<br><br><strong> <\/strong> &#8230;&#8230;&#8230;&#8230;&#8230;&#8230;&#8230;&#8230;&#8230;&#8230;&#8230;&#8230;&#8230;&#8230;&#8230;&#8230;&#8230;&#8230;&#8230;&#8230;&#8230;  <a href=\"http:\/\/www.abenpb.com.br\/\"><\/a><\/p>\n\n\n\n<p><strong> ABEn Se\u00e7\u00e3o Par\u00e1<\/strong><br><br><strong>ILMA PASTANA FERREIRA<\/strong><br>Presidenta<br><\/p>\n\n\n\n<p><strong>N\u00e1dile Juliane Costa de Castro<\/strong><br>Diretora de Comunica\u00e7\u00e3o Social e Publica\u00e7\u00f5es<br><\/p>\n\n\n\n<p><br> &#8230;&#8230;&#8230;&#8230;&#8230;&#8230;&#8230;&#8230;&#8230;&#8230;&#8230;&#8230;&#8230;&#8230;&#8230;&#8230;&#8230;&#8230;&#8230;&#8230;&#8230;  <\/p>\n\n\n\n<p><strong>\u2022 ABEn Se\u00e7\u00e3o Pernambuco <\/strong><\/p>\n\n\n\n<p><strong>Jackeline Cristiane Santos<\/strong><br>Presidenta<br><\/p>\n\n\n\n<p><strong>Bruno Felipe Novaes de Sousa<\/strong><br>Diretor de Comunica\u00e7\u00e3o Social e Publica\u00e7\u00f5es<br><\/p>\n\n\n\n<p><br>&#8230;&#8230;&#8230;&#8230;&#8230;&#8230;&#8230;&#8230;&#8230;&#8230;&#8230;&#8230;&#8230;&#8230;&#8230;&#8230;&#8230;&#8230;&#8230;&#8230;&#8230; <\/p>\n\n\n\n<p><strong>\u2022 ABEn Se\u00e7\u00e3o Piau\u00ed <\/strong><\/p>\n\n\n\n<p><strong><strong>IOLETE SOARES DA CUNHA<\/strong><\/strong><br>Presidenta<br><\/p>\n\n\n\n<p><strong>Odinea Maria Amorim Batista<\/strong><br>Diretora de Comunica\u00e7\u00e3o Social e Publica\u00e7\u00f5es<br><\/p>\n\n\n\n<p><\/p>\n\n\n\n<p>\n&#8230;&#8230;&#8230;&#8230;&#8230;&#8230;&#8230;&#8230;&#8230;&#8230;&#8230;&#8230;&#8230;&#8230;&#8230;&#8230;&#8230;&#8230;&#8230;&#8230;&#8230;\n\n<\/p>\n\n\n\n<p><strong>\u2022 ABEn Se\u00e7\u00e3o Rio de Janeiro <\/strong><\/p>\n\n\n\n<p><strong><strong>SOLANGE GON\u00c7ALVES BELCHIOR<\/strong><\/strong><br>Presidenta <br>Endere\u00e7o: Av. Presidente Vargas, 590 sala 418<br>CEP: 20071-000 &#8211; Centro &#8211; RJ<br>Tel.: 2263-5471<br><em>Email<\/em>: <a href=\"mailto:abenrio@abenrio.com.br\" target=\"_blank\" rel=\"noreferrer noopener\">abenrio@abenrio.com.br<\/a><\/p>\n\n\n\n<p><strong>Romulo Delvalle<\/strong><br>Diretor de Comunica\u00e7\u00e3o Social e Publica\u00e7\u00f5es<br><\/p>\n\n\n\n<p> &#8230;&#8230;&#8230;&#8230;&#8230;&#8230;&#8230;&#8230;&#8230;&#8230;&#8230;&#8230;&#8230;&#8230;&#8230;&#8230;&#8230;&#8230;&#8230;&#8230;&#8230;   <\/p>\n\n\n\n<p><strong>\u2022 ABEn Se\u00e7\u00e3o Rio Grande do Norte <\/strong><br><br><strong><strong>SHEILA SAINT-CLAIR DA SILVA TEODOSIO&nbsp;&nbsp;&nbsp;&nbsp;&nbsp;&nbsp;&nbsp;&nbsp;&nbsp;<\/strong><\/strong><br><em>President<\/em>a<br><\/p>\n\n\n\n<p><strong>Jessica Dantas de S\u00e1 Tinoco<\/strong><br>Diretora de Comunica\u00e7\u00e3o Social e Publica\u00e7\u00f5es<br><\/p>\n\n\n\n<p> &#8230;&#8230;&#8230;&#8230;&#8230;&#8230;&#8230;&#8230;&#8230;&#8230;&#8230;&#8230;&#8230;&#8230;&#8230;&#8230;&#8230;&#8230;&#8230;&#8230;&#8230;   <\/p>\n\n\n\n<p> <\/p>\n\n\n\n<p><strong>\u2022 ABEn RS &#8211; Se\u00e7\u00e3o Rio Grande do Sul <\/strong><\/p>\n\n\n\n<p><strong><strong>IRIDE CRISTOFOLI CABERLON<\/strong><\/strong><br>Presidenta<br><\/p>\n\n\n\n<p><strong>Tiane Muriel Volpato P. Farais<\/strong><br>Diretora de Comunica\u00e7\u00e3o Social e Publica\u00e7\u00f5es<br><\/p>\n\n\n\n<p><br> &#8230;&#8230;&#8230;&#8230;&#8230;&#8230;&#8230;&#8230;&#8230;&#8230;&#8230;&#8230;&#8230;&#8230;&#8230;&#8230;&#8230;&#8230;&#8230;&#8230;&#8230;   <\/p>\n\n\n\n<p><strong>\u2022 ABEn Se\u00e7\u00e3o Rond\u00f4nia <\/strong><br><\/p>\n\n\n\n<p>Endere\u00e7o: Rua Alexandre Guimar\u00e3es, 1927 &#8211; Areal  Bloco A\u00e7a\u00ed  <br>CEP: 76805-846 \u2013 Porto Velho &#8211; RO <br><br><\/p>\n\n\n\n<p> &#8230;&#8230;&#8230;&#8230;&#8230;&#8230;&#8230;&#8230;&#8230;&#8230;&#8230;&#8230;&#8230;&#8230;&#8230;&#8230;&#8230;&#8230;&#8230;&#8230;&#8230;   <\/p>\n\n\n\n<p><strong>\u2022 ABEn Se\u00e7\u00e3o Santa Catarina<\/strong><br><\/p>\n\n\n\n<p><strong><strong>JUSSARA GUE MARTINI<\/strong><\/strong><br>Presidenta<br><\/p>\n\n\n\n<p><strong>Jean Carlos M\u00faller da Silva Bizarro<\/strong><br>Diretor de Comunica\u00e7\u00e3o Social e Publica\u00e7\u00f5es<br><\/p>\n\n\n\n<p>&#8230;&#8230;&#8230;&#8230;&#8230;&#8230;&#8230;&#8230;&#8230;&#8230;&#8230;&#8230;&#8230;&#8230;&#8230;&#8230;&#8230;&#8230;&#8230;&#8230;&#8230;   <\/p>\n\n\n\n<p><strong>\u2022 ABEn Se\u00e7\u00e3o Sergipe <\/strong><\/p>\n\n\n\n<p><br><\/p>\n\n\n\n<p> &#8230;&#8230;&#8230;&#8230;&#8230;&#8230;&#8230;&#8230;&#8230;&#8230;&#8230;&#8230;&#8230;&#8230;&#8230;&#8230;&#8230;&#8230;&#8230;&#8230;&#8230;   <\/p>\n\n\n\n<p><\/p>\n\n\n\n<p><strong>\u2022 ABEn Se\u00e7\u00e3o S\u00e3o Paulo <\/strong><\/p>\n\n\n\n<p><strong><strong>ANA LYGIA PIRES MELARAGNO<\/strong><\/strong><br>Presidenta<br><\/p>\n\n\n\n<p><strong>Diego Stefan Catani<\/strong><br>Diretor de Comunica\u00e7\u00e3o Social e Publica\u00e7\u00f5es<br><\/p>\n\n\n\n<p> &#8230;&#8230;&#8230;&#8230;&#8230;&#8230;&#8230;&#8230;&#8230;&#8230;&#8230;&#8230;&#8230;&#8230;&#8230;&#8230;&#8230;&#8230;&#8230;&#8230;&#8230;   <\/p>\n\n\n\n<p><strong>\u2022 ABEn Se\u00e7\u00e3o Tocantins <\/strong><\/p>\n\n\n\n<p><strong>JOSEANE ARA\u00daJO FRANCO<\/strong><br>Presidenta<br><\/p>\n\n\n\n<p><strong>\u00c2ngela Lima Pereira<\/strong><br>Diretora de Comunica\u00e7\u00e3o Social e Publica\u00e7\u00f5es&nbsp;<br><\/p>\n\n\n\n<p><br>&#8230;&#8230;&#8230;&#8230;&#8230;&#8230;&#8230;&#8230;&#8230;&#8230;&#8230;&#8230;&#8230;&#8230;&#8230;&#8230;&#8230;&#8230;&#8230;..<br><em>COES<strong>T<\/strong><\/em><\/p>\n\n\n\n<p><em>Coordenador Nacional<\/em><br><em>Daniel Martins<\/em><br><em>Email<\/em>: <a href=\"mailto:coestnacional@discente.ufma.br\"><em>coestnacional@abennacional.org.br<\/em><\/a><br><\/p>\n\n\n\n<p> <\/p>\n","protected":false},"excerpt":{"rendered":"<p>A seguir Se\u00e7\u00f5es e Regi\u00f5es da ABEn (Gest\u00e3o 2020 \u2013 2022): \u2022 ABEn Se\u00e7\u00e3o Alagoas Rua Pedro de Oliveira Rocha, 189 \u2013Salas 02 e 03Endere\u00e7o: Empresarial Parthenon, CEP. 57057-560 -Macei\u00f3 \u2013ALSite: www.abenalagoas.orgInstagram: @abenalagoas &#8230;&#8230;&#8230;&#8230;&#8230;&#8230;&#8230;&#8230;&#8230;&#8230;&#8230;&#8230;&#8230;&#8230;&#8230;&#8230;&#8230;&#8230;&#8230;&#8230;&#8230; \u2022 ABEn Se\u00e7\u00e3o Amap\u00e1 JOS\u00c9 LU\u00cdS DA CUNHA PENAPresidenteEndere\u00e7o: Travessa Juscelino Kubitschek, 1194 \u2013Bloco de Enfermagem &#8211; Jardim Marco Zero &#8211; [&hellip;]<\/p>\n","protected":false},"author":2,"featured_media":0,"parent":0,"menu_order":0,"comment_status":"closed","ping_status":"closed","template":"","meta":{"spay_email":""},"yoast_head":"<!-- This site is optimized with the Yoast SEO plugin v18.3 - https:\/\/yoast.com\/wordpress\/plugins\/seo\/ -->\n<title>Encontre a ABEn - ABEn Nacional<\/title>\n<meta name=\"robots\" content=\"index, follow, max-snippet:-1, max-image-preview:large, max-video-preview:-1\" \/>\n<link rel=\"canonical\" href=\"https:\/\/www.abennacional.org.br\/site\/encontre-a-aben\/\" \/>\n<meta property=\"og:locale\" content=\"pt_BR\" \/>\n<meta property=\"og:type\" content=\"article\" \/>\n<meta property=\"og:title\" content=\"Encontre a ABEn - ABEn Nacional\" \/>\n<meta property=\"og:description\" content=\"A seguir Se\u00e7\u00f5es e Regi\u00f5es da ABEn (Gest\u00e3o 2020 \u2013 2022): \u2022 ABEn Se\u00e7\u00e3o Alagoas Rua Pedro de Oliveira Rocha, 189 \u2013Salas 02 e 03Endere\u00e7o: Empresarial Parthenon, CEP. 57057-560 -Macei\u00f3 \u2013ALSite: www.abenalagoas.orgInstagram: @abenalagoas &#8230;&#8230;&#8230;&#8230;&#8230;&#8230;&#8230;&#8230;&#8230;&#8230;&#8230;&#8230;&#8230;&#8230;&#8230;&#8230;&#8230;&#8230;&#8230;&#8230;&#8230; \u2022 ABEn Se\u00e7\u00e3o Amap\u00e1 JOS\u00c9 LU\u00cdS DA CUNHA PENAPresidenteEndere\u00e7o: Travessa Juscelino Kubitschek, 1194 \u2013Bloco de Enfermagem &#8211; Jardim Marco Zero &#8211; [&hellip;]\" \/>\n<meta property=\"og:url\" content=\"https:\/\/www.abennacional.org.br\/site\/encontre-a-aben\/\" \/>\n<meta property=\"og:site_name\" content=\"ABEn Nacional\" \/>\n<meta property=\"article:publisher\" content=\"https:\/\/www.facebook.com\/ABEn-Nacional-202551919840028\/\" \/>\n<meta property=\"article:modified_time\" content=\"2023-05-31T02:03:52+00:00\" \/>\n<meta name=\"twitter:card\" content=\"summary_large_image\" \/>\n<meta name=\"twitter:label1\" content=\"Est. tempo de leitura\" \/>\n\t<meta name=\"twitter:data1\" content=\"4 minutos\" \/>\n<script type=\"application\/ld+json\" class=\"yoast-schema-graph\">{\"@context\":\"https:\/\/schema.org\",\"@graph\":[{\"@type\":\"Organization\",\"@id\":\"https:\/\/www.abennacional.org.br\/site\/#organization\",\"name\":\"ABEn Nacional\",\"url\":\"https:\/\/www.abennacional.org.br\/site\/\",\"sameAs\":[\"https:\/\/www.facebook.com\/ABEn-Nacional-202551919840028\/\",\"https:\/\/br.linkedin.com\/in\/aben-nacional-42385511b\",\"https:\/\/www.youtube.com\/watch?v=m8cvAUgypCI\"],\"logo\":{\"@type\":\"ImageObject\",\"@id\":\"https:\/\/www.abennacional.org.br\/site\/#logo\",\"inLanguage\":\"pt-BR\",\"url\":\"https:\/\/www.abennacional.org.br\/site\/wp-content\/uploads\/2018\/12\/logoaben_grande-2.png\",\"contentUrl\":\"https:\/\/www.abennacional.org.br\/site\/wp-content\/uploads\/2018\/12\/logoaben_grande-2.png\",\"width\":410,\"height\":139,\"caption\":\"ABEn Nacional\"},\"image\":{\"@id\":\"https:\/\/www.abennacional.org.br\/site\/#logo\"}},{\"@type\":\"WebSite\",\"@id\":\"https:\/\/www.abennacional.org.br\/site\/#website\",\"url\":\"https:\/\/www.abennacional.org.br\/site\/\",\"name\":\"ABEn Nacional\",\"description\":\"Associa\u00e7\u00e3o Brasileira de Enfermagem\",\"publisher\":{\"@id\":\"https:\/\/www.abennacional.org.br\/site\/#organization\"},\"potentialAction\":[{\"@type\":\"SearchAction\",\"target\":{\"@type\":\"EntryPoint\",\"urlTemplate\":\"https:\/\/www.abennacional.org.br\/site\/?s={search_term_string}\"},\"query-input\":\"required name=search_term_string\"}],\"inLanguage\":\"pt-BR\"},{\"@type\":\"WebPage\",\"@id\":\"https:\/\/www.abennacional.org.br\/site\/encontre-a-aben\/#webpage\",\"url\":\"https:\/\/www.abennacional.org.br\/site\/encontre-a-aben\/\",\"name\":\"Encontre a ABEn - ABEn Nacional\",\"isPartOf\":{\"@id\":\"https:\/\/www.abennacional.org.br\/site\/#website\"},\"datePublished\":\"2018-12-05T19:54:36+00:00\",\"dateModified\":\"2023-05-31T02:03:52+00:00\",\"breadcrumb\":{\"@id\":\"https:\/\/www.abennacional.org.br\/site\/encontre-a-aben\/#breadcrumb\"},\"inLanguage\":\"pt-BR\",\"potentialAction\":[{\"@type\":\"ReadAction\",\"target\":[\"https:\/\/www.abennacional.org.br\/site\/encontre-a-aben\/\"]}]},{\"@type\":\"BreadcrumbList\",\"@id\":\"https:\/\/www.abennacional.org.br\/site\/encontre-a-aben\/#breadcrumb\",\"itemListElement\":[{\"@type\":\"ListItem\",\"position\":1,\"name\":\"In\u00edcio\",\"item\":\"https:\/\/www.abennacional.org.br\/site\/\"},{\"@type\":\"ListItem\",\"position\":2,\"name\":\"Encontre a ABEn\"}]}]}<\/script>\n<!-- \/ Yoast SEO plugin. -->","yoast_head_json":{"title":"Encontre a ABEn - ABEn Nacional","robots":{"index":"index","follow":"follow","max-snippet":"max-snippet:-1","max-image-preview":"max-image-preview:large","max-video-preview":"max-video-preview:-1"},"canonical":"https:\/\/www.abennacional.org.br\/site\/encontre-a-aben\/","og_locale":"pt_BR","og_type":"article","og_title":"Encontre a ABEn - ABEn Nacional","og_description":"A seguir Se\u00e7\u00f5es e Regi\u00f5es da ABEn (Gest\u00e3o 2020 \u2013 2022): \u2022 ABEn Se\u00e7\u00e3o Alagoas Rua Pedro de Oliveira Rocha, 189 \u2013Salas 02 e 03Endere\u00e7o: Empresarial Parthenon, CEP. 57057-560 -Macei\u00f3 \u2013ALSite: www.abenalagoas.orgInstagram: @abenalagoas &#8230;&#8230;&#8230;&#8230;&#8230;&#8230;&#8230;&#8230;&#8230;&#8230;&#8230;&#8230;&#8230;&#8230;&#8230;&#8230;&#8230;&#8230;&#8230;&#8230;&#8230; \u2022 ABEn Se\u00e7\u00e3o Amap\u00e1 JOS\u00c9 LU\u00cdS DA CUNHA PENAPresidenteEndere\u00e7o: Travessa Juscelino Kubitschek, 1194 \u2013Bloco de Enfermagem &#8211; Jardim Marco Zero &#8211; [&hellip;]","og_url":"https:\/\/www.abennacional.org.br\/site\/encontre-a-aben\/","og_site_name":"ABEn Nacional","article_publisher":"https:\/\/www.facebook.com\/ABEn-Nacional-202551919840028\/","article_modified_time":"2023-05-31T02:03:52+00:00","twitter_card":"summary_large_image","twitter_misc":{"Est. tempo de leitura":"4 minutos"},"schema":{"@context":"https:\/\/schema.org","@graph":[{"@type":"Organization","@id":"https:\/\/www.abennacional.org.br\/site\/#organization","name":"ABEn Nacional","url":"https:\/\/www.abennacional.org.br\/site\/","sameAs":["https:\/\/www.facebook.com\/ABEn-Nacional-202551919840028\/","https:\/\/br.linkedin.com\/in\/aben-nacional-42385511b","https:\/\/www.youtube.com\/watch?v=m8cvAUgypCI"],"logo":{"@type":"ImageObject","@id":"https:\/\/www.abennacional.org.br\/site\/#logo","inLanguage":"pt-BR","url":"https:\/\/www.abennacional.org.br\/site\/wp-content\/uploads\/2018\/12\/logoaben_grande-2.png","contentUrl":"https:\/\/www.abennacional.org.br\/site\/wp-content\/uploads\/2018\/12\/logoaben_grande-2.png","width":410,"height":139,"caption":"ABEn Nacional"},"image":{"@id":"https:\/\/www.abennacional.org.br\/site\/#logo"}},{"@type":"WebSite","@id":"https:\/\/www.abennacional.org.br\/site\/#website","url":"https:\/\/www.abennacional.org.br\/site\/","name":"ABEn Nacional","description":"Associa\u00e7\u00e3o Brasileira de Enfermagem","publisher":{"@id":"https:\/\/www.abennacional.org.br\/site\/#organization"},"potentialAction":[{"@type":"SearchAction","target":{"@type":"EntryPoint","urlTemplate":"https:\/\/www.abennacional.org.br\/site\/?s={search_term_string}"},"query-input":"required name=search_term_string"}],"inLanguage":"pt-BR"},{"@type":"WebPage","@id":"https:\/\/www.abennacional.org.br\/site\/encontre-a-aben\/#webpage","url":"https:\/\/www.abennacional.org.br\/site\/encontre-a-aben\/","name":"Encontre a ABEn - ABEn Nacional","isPartOf":{"@id":"https:\/\/www.abennacional.org.br\/site\/#website"},"datePublished":"2018-12-05T19:54:36+00:00","dateModified":"2023-05-31T02:03:52+00:00","breadcrumb":{"@id":"https:\/\/www.abennacional.org.br\/site\/encontre-a-aben\/#breadcrumb"},"inLanguage":"pt-BR","potentialAction":[{"@type":"ReadAction","target":["https:\/\/www.abennacional.org.br\/site\/encontre-a-aben\/"]}]},{"@type":"BreadcrumbList","@id":"https:\/\/www.abennacional.org.br\/site\/encontre-a-aben\/#breadcrumb","itemListElement":[{"@type":"ListItem","position":1,"name":"In\u00edcio","item":"https:\/\/www.abennacional.org.br\/site\/"},{"@type":"ListItem","position":2,"name":"Encontre a ABEn"}]}]}},"jetpack_sharing_enabled":true,"jetpack_shortlink":"https:\/\/wp.me\/PaUzFo-4y","_links":{"self":[{"href":"https:\/\/www.abennacional.org.br\/site\/wp-json\/wp\/v2\/pages\/282"}],"collection":[{"href":"https:\/\/www.abennacional.org.br\/site\/wp-json\/wp\/v2\/pages"}],"about":[{"href":"https:\/\/www.abennacional.org.br\/site\/wp-json\/wp\/v2\/types\/page"}],"author":[{"embeddable":true,"href":"https:\/\/www.abennacional.org.br\/site\/wp-json\/wp\/v2\/users\/2"}],"replies":[{"embeddable":true,"href":"https:\/\/www.abennacional.org.br\/site\/wp-json\/wp\/v2\/comments?post=282"}],"version-history":[{"count":162,"href":"https:\/\/www.abennacional.org.br\/site\/wp-json\/wp\/v2\/pages\/282\/revisions"}],"predecessor-version":[{"id":14321,"href":"https:\/\/www.abennacional.org.br\/site\/wp-json\/wp\/v2\/pages\/282\/revisions\/14321"}],"wp:attachment":[{"href":"https:\/\/www.abennacional.org.br\/site\/wp-json\/wp\/v2\/media?parent=282"}],"curies":[{"name":"wp","href":"https:\/\/api.w.org\/{rel}","templated":true}]}}