{"id":293,"date":"2018-12-05T17:57:25","date_gmt":"2018-12-05T19:57:25","guid":{"rendered":"http:\/\/www.abennacional.org.br\/validacao\/?page_id=293"},"modified":"2019-02-19T23:36:53","modified_gmt":"2019-02-20T02:36:53","slug":"cepen","status":"publish","type":"page","link":"https:\/\/www.abennacional.org.br\/site\/cepen\/","title":{"rendered":"Centro de Comunica\u00e7\u00e3o Social e Publica\u00e7\u00f5es"},"content":{"rendered":"\n<p><strong>APRESENTA\u00c7\u00c3O<\/strong><br>&#8230;&#8230;&#8230;&#8230;&#8230;&#8230;&#8230;&#8230;&#8230;&#8230;&#8230;&#8230;&#8230;&#8230;&#8230;&#8230;&#8230;&#8230;&#8230;&#8230;&#8230;..<br><br>O Centro de Comunica\u00e7\u00e3o Social e Publica\u00e7\u00f5es da ABEn integra atividades de comunica\u00e7\u00e3o com os associados, com as Se\u00e7\u00f5es Federadas, e com a sociedade em geral, por meio de m\u00eddias de imagem, som, impressas e digitais. Nele est\u00e3o inclu\u00eddas atividades de publica\u00e7\u00e3o peri\u00f3dicas e seriadas, entre elas a revista Brasileira de Enfermagem REBEn, Hist\u00f3ria de Enfermagem Revista Eletr\u00f4nica (HERE), e o Jornal Informativo ABEn.<\/p>\n\n\n\n<p><br><strong>De acordo com o <a href=\"http:\/\/www.abennacional.org.br\/backup_site\/wp-content\/uploads\/2018\/09\/Estatuto-ABEn-FINAL.pdf\" target=\"_blank\" rel=\"noreferrer noopener\" aria-label=\" (abre em uma nova aba)\">novo estatuto <\/a>da ABEn, compete ao Diretor do Centro de Comunica\u00e7\u00e3o Social e Publica\u00e7\u00f5es:<\/strong><br><br>1.  coordenar a comunica\u00e7\u00e3o social da ABEn, nos \u00e2mbitos nacional e internacional <\/p>\n\n\n\n<p>2. assessorar a elabora\u00e7\u00e3o de conte\u00fados informativos veiculados pelos canais de comunica\u00e7\u00e3o da ABEn;<\/p>\n\n\n\n<p>3. manter atualizado o fluxo de not\u00edcias sobre a ABEn e assuntos de interesse para os associados e a sociedade em geral; <\/p>\n\n\n\n<p>4. promover o fortalecimento da comunica\u00e7\u00e3o com as Se\u00e7\u00f5es; <\/p>\n\n\n\n<p>5. coordenar o processo editorial das publica\u00e7\u00f5es peri\u00f3dicas da ABEn; <\/p>\n\n\n\n<p>6. coordenar o F\u00f3rum de Editores Cient\u00edficos de Revistas de Enfermagem; <\/p>\n\n\n\n<p>7. incentivar a produ\u00e7\u00e3o editorial nas Se\u00e7\u00f5es; <\/p>\n\n\n\n<p>8. realizar assessorias e consultorias editoriais. <\/p>\n\n\n<p><!--EndFragment--><\/p>\n<p><\/p>","protected":false},"excerpt":{"rendered":"<p>APRESENTA\u00c7\u00c3O&#8230;&#8230;&#8230;&#8230;&#8230;&#8230;&#8230;&#8230;&#8230;&#8230;&#8230;&#8230;&#8230;&#8230;&#8230;&#8230;&#8230;&#8230;&#8230;&#8230;&#8230;.. O Centro de Comunica\u00e7\u00e3o Social e Publica\u00e7\u00f5es da ABEn integra atividades de comunica\u00e7\u00e3o com os associados, com as Se\u00e7\u00f5es Federadas, e com a sociedade em geral, por meio de m\u00eddias de imagem, som, impressas e digitais. Nele est\u00e3o inclu\u00eddas atividades de publica\u00e7\u00e3o peri\u00f3dicas e seriadas, entre elas a revista Brasileira de Enfermagem REBEn, Hist\u00f3ria [&hellip;]<\/p>\n","protected":false},"author":2,"featured_media":0,"parent":0,"menu_order":0,"comment_status":"closed","ping_status":"closed","template":"","meta":{"spay_email":""},"yoast_head":"<!-- This site is optimized with the Yoast SEO plugin v18.3 - https:\/\/yoast.com\/wordpress\/plugins\/seo\/ -->\n<title>Centro de Comunica\u00e7\u00e3o Social e Publica\u00e7\u00f5es - ABEn Nacional<\/title>\n<meta name=\"robots\" content=\"index, follow, max-snippet:-1, max-image-preview:large, max-video-preview:-1\" \/>\n<link rel=\"canonical\" href=\"https:\/\/www.abennacional.org.br\/site\/cepen\/\" \/>\n<meta property=\"og:locale\" content=\"pt_BR\" \/>\n<meta property=\"og:type\" content=\"article\" \/>\n<meta property=\"og:title\" content=\"Centro de Comunica\u00e7\u00e3o Social e Publica\u00e7\u00f5es - ABEn Nacional\" \/>\n<meta property=\"og:description\" content=\"APRESENTA\u00c7\u00c3O&#8230;&#8230;&#8230;&#8230;&#8230;&#8230;&#8230;&#8230;&#8230;&#8230;&#8230;&#8230;&#8230;&#8230;&#8230;&#8230;&#8230;&#8230;&#8230;&#8230;&#8230;.. O Centro de Comunica\u00e7\u00e3o Social e Publica\u00e7\u00f5es da ABEn integra atividades de comunica\u00e7\u00e3o com os associados, com as Se\u00e7\u00f5es Federadas, e com a sociedade em geral, por meio de m\u00eddias de imagem, som, impressas e digitais. Nele est\u00e3o inclu\u00eddas atividades de publica\u00e7\u00e3o peri\u00f3dicas e seriadas, entre elas a revista Brasileira de Enfermagem REBEn, Hist\u00f3ria [&hellip;]\" \/>\n<meta property=\"og:url\" content=\"https:\/\/www.abennacional.org.br\/site\/cepen\/\" \/>\n<meta property=\"og:site_name\" content=\"ABEn Nacional\" \/>\n<meta property=\"article:publisher\" content=\"https:\/\/www.facebook.com\/ABEn-Nacional-202551919840028\/\" \/>\n<meta property=\"article:modified_time\" content=\"2019-02-20T02:36:53+00:00\" \/>\n<meta name=\"twitter:card\" content=\"summary_large_image\" \/>\n<meta name=\"twitter:label1\" content=\"Est. tempo de leitura\" \/>\n\t<meta name=\"twitter:data1\" content=\"1 minuto\" \/>\n<script type=\"application\/ld+json\" class=\"yoast-schema-graph\">{\"@context\":\"https:\/\/schema.org\",\"@graph\":[{\"@type\":\"Organization\",\"@id\":\"https:\/\/www.abennacional.org.br\/site\/#organization\",\"name\":\"ABEn Nacional\",\"url\":\"https:\/\/www.abennacional.org.br\/site\/\",\"sameAs\":[\"https:\/\/www.facebook.com\/ABEn-Nacional-202551919840028\/\",\"https:\/\/br.linkedin.com\/in\/aben-nacional-42385511b\",\"https:\/\/www.youtube.com\/watch?v=m8cvAUgypCI\"],\"logo\":{\"@type\":\"ImageObject\",\"@id\":\"https:\/\/www.abennacional.org.br\/site\/#logo\",\"inLanguage\":\"pt-BR\",\"url\":\"https:\/\/www.abennacional.org.br\/site\/wp-content\/uploads\/2018\/12\/logoaben_grande-2.png\",\"contentUrl\":\"https:\/\/www.abennacional.org.br\/site\/wp-content\/uploads\/2018\/12\/logoaben_grande-2.png\",\"width\":410,\"height\":139,\"caption\":\"ABEn Nacional\"},\"image\":{\"@id\":\"https:\/\/www.abennacional.org.br\/site\/#logo\"}},{\"@type\":\"WebSite\",\"@id\":\"https:\/\/www.abennacional.org.br\/site\/#website\",\"url\":\"https:\/\/www.abennacional.org.br\/site\/\",\"name\":\"ABEn Nacional\",\"description\":\"Associa\u00e7\u00e3o Brasileira de Enfermagem\",\"publisher\":{\"@id\":\"https:\/\/www.abennacional.org.br\/site\/#organization\"},\"potentialAction\":[{\"@type\":\"SearchAction\",\"target\":{\"@type\":\"EntryPoint\",\"urlTemplate\":\"https:\/\/www.abennacional.org.br\/site\/?s={search_term_string}\"},\"query-input\":\"required name=search_term_string\"}],\"inLanguage\":\"pt-BR\"},{\"@type\":\"WebPage\",\"@id\":\"https:\/\/www.abennacional.org.br\/site\/cepen\/#webpage\",\"url\":\"https:\/\/www.abennacional.org.br\/site\/cepen\/\",\"name\":\"Centro de Comunica\u00e7\u00e3o Social e Publica\u00e7\u00f5es - ABEn Nacional\",\"isPartOf\":{\"@id\":\"https:\/\/www.abennacional.org.br\/site\/#website\"},\"datePublished\":\"2018-12-05T19:57:25+00:00\",\"dateModified\":\"2019-02-20T02:36:53+00:00\",\"breadcrumb\":{\"@id\":\"https:\/\/www.abennacional.org.br\/site\/cepen\/#breadcrumb\"},\"inLanguage\":\"pt-BR\",\"potentialAction\":[{\"@type\":\"ReadAction\",\"target\":[\"https:\/\/www.abennacional.org.br\/site\/cepen\/\"]}]},{\"@type\":\"BreadcrumbList\",\"@id\":\"https:\/\/www.abennacional.org.br\/site\/cepen\/#breadcrumb\",\"itemListElement\":[{\"@type\":\"ListItem\",\"position\":1,\"name\":\"In\u00edcio\",\"item\":\"https:\/\/www.abennacional.org.br\/site\/\"},{\"@type\":\"ListItem\",\"position\":2,\"name\":\"Centro de Comunica\u00e7\u00e3o Social e Publica\u00e7\u00f5es\"}]}]}<\/script>\n<!-- \/ Yoast SEO plugin. -->","yoast_head_json":{"title":"Centro de Comunica\u00e7\u00e3o Social e Publica\u00e7\u00f5es - ABEn Nacional","robots":{"index":"index","follow":"follow","max-snippet":"max-snippet:-1","max-image-preview":"max-image-preview:large","max-video-preview":"max-video-preview:-1"},"canonical":"https:\/\/www.abennacional.org.br\/site\/cepen\/","og_locale":"pt_BR","og_type":"article","og_title":"Centro de Comunica\u00e7\u00e3o Social e Publica\u00e7\u00f5es - ABEn Nacional","og_description":"APRESENTA\u00c7\u00c3O&#8230;&#8230;&#8230;&#8230;&#8230;&#8230;&#8230;&#8230;&#8230;&#8230;&#8230;&#8230;&#8230;&#8230;&#8230;&#8230;&#8230;&#8230;&#8230;&#8230;&#8230;.. O Centro de Comunica\u00e7\u00e3o Social e Publica\u00e7\u00f5es da ABEn integra atividades de comunica\u00e7\u00e3o com os associados, com as Se\u00e7\u00f5es Federadas, e com a sociedade em geral, por meio de m\u00eddias de imagem, som, impressas e digitais. Nele est\u00e3o inclu\u00eddas atividades de publica\u00e7\u00e3o peri\u00f3dicas e seriadas, entre elas a revista Brasileira de Enfermagem REBEn, Hist\u00f3ria [&hellip;]","og_url":"https:\/\/www.abennacional.org.br\/site\/cepen\/","og_site_name":"ABEn Nacional","article_publisher":"https:\/\/www.facebook.com\/ABEn-Nacional-202551919840028\/","article_modified_time":"2019-02-20T02:36:53+00:00","twitter_card":"summary_large_image","twitter_misc":{"Est. tempo de leitura":"1 minuto"},"schema":{"@context":"https:\/\/schema.org","@graph":[{"@type":"Organization","@id":"https:\/\/www.abennacional.org.br\/site\/#organization","name":"ABEn Nacional","url":"https:\/\/www.abennacional.org.br\/site\/","sameAs":["https:\/\/www.facebook.com\/ABEn-Nacional-202551919840028\/","https:\/\/br.linkedin.com\/in\/aben-nacional-42385511b","https:\/\/www.youtube.com\/watch?v=m8cvAUgypCI"],"logo":{"@type":"ImageObject","@id":"https:\/\/www.abennacional.org.br\/site\/#logo","inLanguage":"pt-BR","url":"https:\/\/www.abennacional.org.br\/site\/wp-content\/uploads\/2018\/12\/logoaben_grande-2.png","contentUrl":"https:\/\/www.abennacional.org.br\/site\/wp-content\/uploads\/2018\/12\/logoaben_grande-2.png","width":410,"height":139,"caption":"ABEn Nacional"},"image":{"@id":"https:\/\/www.abennacional.org.br\/site\/#logo"}},{"@type":"WebSite","@id":"https:\/\/www.abennacional.org.br\/site\/#website","url":"https:\/\/www.abennacional.org.br\/site\/","name":"ABEn Nacional","description":"Associa\u00e7\u00e3o Brasileira de Enfermagem","publisher":{"@id":"https:\/\/www.abennacional.org.br\/site\/#organization"},"potentialAction":[{"@type":"SearchAction","target":{"@type":"EntryPoint","urlTemplate":"https:\/\/www.abennacional.org.br\/site\/?s={search_term_string}"},"query-input":"required name=search_term_string"}],"inLanguage":"pt-BR"},{"@type":"WebPage","@id":"https:\/\/www.abennacional.org.br\/site\/cepen\/#webpage","url":"https:\/\/www.abennacional.org.br\/site\/cepen\/","name":"Centro de Comunica\u00e7\u00e3o Social e Publica\u00e7\u00f5es - ABEn Nacional","isPartOf":{"@id":"https:\/\/www.abennacional.org.br\/site\/#website"},"datePublished":"2018-12-05T19:57:25+00:00","dateModified":"2019-02-20T02:36:53+00:00","breadcrumb":{"@id":"https:\/\/www.abennacional.org.br\/site\/cepen\/#breadcrumb"},"inLanguage":"pt-BR","potentialAction":[{"@type":"ReadAction","target":["https:\/\/www.abennacional.org.br\/site\/cepen\/"]}]},{"@type":"BreadcrumbList","@id":"https:\/\/www.abennacional.org.br\/site\/cepen\/#breadcrumb","itemListElement":[{"@type":"ListItem","position":1,"name":"In\u00edcio","item":"https:\/\/www.abennacional.org.br\/site\/"},{"@type":"ListItem","position":2,"name":"Centro de Comunica\u00e7\u00e3o Social e Publica\u00e7\u00f5es"}]}]}},"jetpack_sharing_enabled":true,"jetpack_shortlink":"https:\/\/wp.me\/PaUzFo-4J","_links":{"self":[{"href":"https:\/\/www.abennacional.org.br\/site\/wp-json\/wp\/v2\/pages\/293"}],"collection":[{"href":"https:\/\/www.abennacional.org.br\/site\/wp-json\/wp\/v2\/pages"}],"about":[{"href":"https:\/\/www.abennacional.org.br\/site\/wp-json\/wp\/v2\/types\/page"}],"author":[{"embeddable":true,"href":"https:\/\/www.abennacional.org.br\/site\/wp-json\/wp\/v2\/users\/2"}],"replies":[{"embeddable":true,"href":"https:\/\/www.abennacional.org.br\/site\/wp-json\/wp\/v2\/comments?post=293"}],"version-history":[{"count":17,"href":"https:\/\/www.abennacional.org.br\/site\/wp-json\/wp\/v2\/pages\/293\/revisions"}],"predecessor-version":[{"id":2391,"href":"https:\/\/www.abennacional.org.br\/site\/wp-json\/wp\/v2\/pages\/293\/revisions\/2391"}],"wp:attachment":[{"href":"https:\/\/www.abennacional.org.br\/site\/wp-json\/wp\/v2\/media?parent=293"}],"curies":[{"name":"wp","href":"https:\/\/api.w.org\/{rel}","templated":true}]}}