{"id":296,"date":"2018-12-05T17:57:41","date_gmt":"2018-12-05T19:57:41","guid":{"rendered":"http:\/\/www.abennacional.org.br\/validacao\/?page_id=296"},"modified":"2020-07-16T14:57:17","modified_gmt":"2020-07-16T17:57:17","slug":"ceppr","status":"publish","type":"page","link":"https:\/\/www.abennacional.org.br\/site\/ceppr\/","title":{"rendered":"Centro de Desenvolvimento da Pr\u00e1tica Profissional e do Trabalho de Enfermagem"},"content":{"rendered":"\n<p>1 &#8211;  <a href=\"#APRESENTA\">Apresenta\u00e7\u00e3o <\/a><br>2 &#8211;  <a href=\"#DOCUMENTOS\">Sociedade de Especialistas<\/a> <\/p>\n\n\n\n<p><\/p>\n\n\n\n<p> <br>_________________________________________________________________<br> <br><br><br><\/p>\n\n\n\n<p><a name=\"APRESENTA\"><\/a>\n<\/p>\n<p><strong>1 &#8211; APRESENTA\u00c7\u00c3O<\/strong><br>&#8230;&#8230;&#8230;&#8230;&#8230;&#8230;&#8230;&#8230;&#8230;&#8230;&#8230;&#8230;&#8230;.<\/p>\n\n\n\n<p><br>O Centro de Desenvolvimento da Pr\u00e1tica Profissional e do Trabalho de Enfermagem.<\/p>\n\n\n\n<p>Segundo o Estatuto Social de 2018, essa estrutura organizacional da ABEn tem o prop\u00f3sito de:<\/p>\n\n\n\n<p><br>\u2022  articular as atividades das Comiss\u00f5es Permanentes do Trabalho de Enfermagem, da Sistematiza\u00e7\u00e3o da Pr\u00e1tica de Enfermagem e dos Departamentos Cient\u00edficos relacionados \u00e0 pr\u00e1tica profissional; <br><br><\/p>\n\n\n\n<p>\u2022 presidir o Conselho Consultivo Nacional de Sociedades e Associa\u00e7\u00f5es de Enfermagem ou de Enfermeiros Especialistas; representar a ABEn em espa\u00e7os de formula\u00e7\u00e3o de pol\u00edticas relacionadas \u00e0 pr\u00e1tica profissional e ao trabalho de Enfermagem; <br><br><\/p>\n\n\n\n<p>\u2022 participar de programas de educa\u00e7\u00e3o permanente relativos \u00e0 pr\u00e1tica profissional e ao trabalho de Enfermagem;<\/p>\n\n\n\n<p><br><\/p>\n\n\n\n<p><\/p>\n\n\n\n<p><\/p>\n\n\n\n<p>\u2022 coordenar a organiza\u00e7\u00e3o e a realiza\u00e7\u00e3o dos eventos tem\u00e1ticos da pr\u00e1tica profissional e do trabalho de Enfermagem: Semin\u00e1rio Internacional sobre o Trabalho na Enfermagem (SITEn), Jornada Brasileira de Enfermagem Gerontol\u00f3gica, Semin\u00e1rio Nacional de Diretrizes para Enfermagem na Aten\u00e7\u00e3o B\u00e1sica em Sa\u00fade (SENABS), Simp\u00f3sio Nacional de Diagn\u00f3stico de Enfermagem (SINADEn) e outros, em articula\u00e7\u00e3o com as Comiss\u00f5es Permanentes e os Departamentos Cient\u00edficos respectivos;<br><br><\/p>\n\n\n\n<p><a name=\"DOCUMENTOS\"><\/a>\n<\/p>\n\n\n\n<p> &#8230;&#8230;&#8230;&#8230;&#8230;&#8230;&#8230;&#8230;&#8230;&#8230;&#8230;&#8230;&#8230;&#8230;&#8230;&#8230;&#8230;&#8230;&#8230;&#8230;&#8230;.. <br><br><strong>Suderlan Sabino Leandro<\/strong><br>Representante da ABEn Nacional; Diretor do Centro de Desenvolvimento da Pr\u00e1tica Profissional e do Trabalho de Enfermagem; <br><br>Doutor em Enfermagem pelo Programa de P\u00f3s Gradua\u00e7\u00e3o em Enfermagem da Universidade de Bras\u00edlia (2017) . Mestre em Enfermagem na Aten\u00e7\u00e3o \u00e0 Sa\u00fade pelo Programa de P\u00f3s Gradua\u00e7\u00e3o em Enfermagem da Universidade Federal da Para\u00edba (2008). Especialista em Estrat\u00e9gia Sa\u00fade da Fam\u00edlia (2006). Graduado em Enfermagem pela Universidade Federal da Para\u00edba (2004). Docente da ESCS\/FEPECS\/SES e coordenador e professor do Curso de Gradua\u00e7\u00e3o em Enfermagem do Centro Universit\u00e1rio UDF.\u00a0<br><br><em>Email:\u00a0<\/em> <a href=\"mailto:suderlan.leandro@gmail.com\">suderlan.leandro@gmail.com<\/a><br><br><\/p>\n\n\n\n<p><\/p>\n\n\n\n<p><strong>2 &#8211; Sociedade de Especialistas <\/strong><br>&#8230;&#8230;&#8230;&#8230;&#8230;&#8230;&#8230;&#8230;&#8230;&#8230;&#8230;&#8230;&#8230;.<\/p>\n\n\n\n<p> \u2022 Orienta\u00e7\u00e3o para filia\u00e7\u00e3o das Sociedades de Especialistas em Enfermagem. <a rel=\"noreferrer noopener\" aria-label=\"Cliquei aqui (abre numa nova aba)\" href=\"https:\/\/www.abennacional.org.br\/site\/wp-content\/uploads\/2019\/04\/orientacao_afiliacao_sociedades.pdf\" target=\"_blank\">Cliquei aqui<\/a>. <br><br> \u2022 Fluxo para filia\u00e7\u00e3o das sociedades\/associa\u00e7\u00f5es de especialistas.  <a rel=\"noreferrer noopener\" aria-label=\"Clique aqui (abre numa nova aba)\" href=\"https:\/\/www.abennacional.org.br\/site\/wp-content\/uploads\/2019\/04\/FLUXO-DE-FILIA\u00c7\u00c3O.pdf\" target=\"_blank\">Clique aqui<\/a>. <br><br>\u2022 Template para Inser\u00e7\u00e3o de dados dos Departamentos, Comiss\u00f5es  Permanentes\/ Sociedades ou Comit\u00eas no Site da ABEn nacional. <a href=\"https:\/\/www.abennacional.org.br\/site\/wp-content\/uploads\/2019\/04\/1TEMPLATE_deptos_Comisso.pdf\" target=\"_blank\" rel=\"noreferrer noopener\" aria-label=\"Clique\n aqui (abre numa nova aba)\">Clique<br> aqui<\/a>.  <\/p>\n","protected":false},"excerpt":{"rendered":"<p>1 &#8211; Apresenta\u00e7\u00e3o 2 &#8211; Sociedade de Especialistas _________________________________________________________________ 1 &#8211; APRESENTA\u00c7\u00c3O&#8230;&#8230;&#8230;&#8230;&#8230;&#8230;&#8230;&#8230;&#8230;&#8230;&#8230;&#8230;&#8230;. O Centro de Desenvolvimento da Pr\u00e1tica Profissional e do Trabalho de Enfermagem. Segundo o Estatuto Social de 2018, essa estrutura organizacional da ABEn tem o prop\u00f3sito de: \u2022 articular as atividades das Comiss\u00f5es Permanentes do Trabalho de Enfermagem, da Sistematiza\u00e7\u00e3o da Pr\u00e1tica de [&hellip;]<\/p>\n","protected":false},"author":2,"featured_media":0,"parent":0,"menu_order":0,"comment_status":"closed","ping_status":"closed","template":"","meta":{"spay_email":""},"yoast_head":"<!-- This site is optimized with the Yoast SEO plugin v18.3 - https:\/\/yoast.com\/wordpress\/plugins\/seo\/ -->\n<title>Centro de Desenvolvimento da Pr\u00e1tica Profissional e do Trabalho de Enfermagem - ABEn Nacional<\/title>\n<meta name=\"robots\" content=\"index, follow, max-snippet:-1, max-image-preview:large, max-video-preview:-1\" \/>\n<link rel=\"canonical\" href=\"https:\/\/www.abennacional.org.br\/site\/ceppr\/\" \/>\n<meta property=\"og:locale\" content=\"pt_BR\" \/>\n<meta property=\"og:type\" content=\"article\" \/>\n<meta property=\"og:title\" content=\"Centro de Desenvolvimento da Pr\u00e1tica Profissional e do Trabalho de Enfermagem - ABEn Nacional\" \/>\n<meta property=\"og:description\" content=\"1 &#8211; Apresenta\u00e7\u00e3o 2 &#8211; Sociedade de Especialistas _________________________________________________________________ 1 &#8211; APRESENTA\u00c7\u00c3O&#8230;&#8230;&#8230;&#8230;&#8230;&#8230;&#8230;&#8230;&#8230;&#8230;&#8230;&#8230;&#8230;. O Centro de Desenvolvimento da Pr\u00e1tica Profissional e do Trabalho de Enfermagem. Segundo o Estatuto Social de 2018, essa estrutura organizacional da ABEn tem o prop\u00f3sito de: \u2022 articular as atividades das Comiss\u00f5es Permanentes do Trabalho de Enfermagem, da Sistematiza\u00e7\u00e3o da Pr\u00e1tica de [&hellip;]\" \/>\n<meta property=\"og:url\" content=\"https:\/\/www.abennacional.org.br\/site\/ceppr\/\" \/>\n<meta property=\"og:site_name\" content=\"ABEn Nacional\" \/>\n<meta property=\"article:publisher\" content=\"https:\/\/www.facebook.com\/ABEn-Nacional-202551919840028\/\" \/>\n<meta property=\"article:modified_time\" content=\"2020-07-16T17:57:17+00:00\" \/>\n<meta name=\"twitter:card\" content=\"summary_large_image\" \/>\n<meta name=\"twitter:label1\" content=\"Est. tempo de leitura\" \/>\n\t<meta name=\"twitter:data1\" content=\"2 minutos\" \/>\n<script type=\"application\/ld+json\" class=\"yoast-schema-graph\">{\"@context\":\"https:\/\/schema.org\",\"@graph\":[{\"@type\":\"Organization\",\"@id\":\"https:\/\/www.abennacional.org.br\/site\/#organization\",\"name\":\"ABEn Nacional\",\"url\":\"https:\/\/www.abennacional.org.br\/site\/\",\"sameAs\":[\"https:\/\/www.facebook.com\/ABEn-Nacional-202551919840028\/\",\"https:\/\/br.linkedin.com\/in\/aben-nacional-42385511b\",\"https:\/\/www.youtube.com\/watch?v=m8cvAUgypCI\"],\"logo\":{\"@type\":\"ImageObject\",\"@id\":\"https:\/\/www.abennacional.org.br\/site\/#logo\",\"inLanguage\":\"pt-BR\",\"url\":\"https:\/\/www.abennacional.org.br\/site\/wp-content\/uploads\/2018\/12\/logoaben_grande-2.png\",\"contentUrl\":\"https:\/\/www.abennacional.org.br\/site\/wp-content\/uploads\/2018\/12\/logoaben_grande-2.png\",\"width\":410,\"height\":139,\"caption\":\"ABEn Nacional\"},\"image\":{\"@id\":\"https:\/\/www.abennacional.org.br\/site\/#logo\"}},{\"@type\":\"WebSite\",\"@id\":\"https:\/\/www.abennacional.org.br\/site\/#website\",\"url\":\"https:\/\/www.abennacional.org.br\/site\/\",\"name\":\"ABEn Nacional\",\"description\":\"Associa\u00e7\u00e3o Brasileira de Enfermagem\",\"publisher\":{\"@id\":\"https:\/\/www.abennacional.org.br\/site\/#organization\"},\"potentialAction\":[{\"@type\":\"SearchAction\",\"target\":{\"@type\":\"EntryPoint\",\"urlTemplate\":\"https:\/\/www.abennacional.org.br\/site\/?s={search_term_string}\"},\"query-input\":\"required name=search_term_string\"}],\"inLanguage\":\"pt-BR\"},{\"@type\":\"WebPage\",\"@id\":\"https:\/\/www.abennacional.org.br\/site\/ceppr\/#webpage\",\"url\":\"https:\/\/www.abennacional.org.br\/site\/ceppr\/\",\"name\":\"Centro de Desenvolvimento da Pr\u00e1tica Profissional e do Trabalho de Enfermagem - ABEn Nacional\",\"isPartOf\":{\"@id\":\"https:\/\/www.abennacional.org.br\/site\/#website\"},\"datePublished\":\"2018-12-05T19:57:41+00:00\",\"dateModified\":\"2020-07-16T17:57:17+00:00\",\"breadcrumb\":{\"@id\":\"https:\/\/www.abennacional.org.br\/site\/ceppr\/#breadcrumb\"},\"inLanguage\":\"pt-BR\",\"potentialAction\":[{\"@type\":\"ReadAction\",\"target\":[\"https:\/\/www.abennacional.org.br\/site\/ceppr\/\"]}]},{\"@type\":\"BreadcrumbList\",\"@id\":\"https:\/\/www.abennacional.org.br\/site\/ceppr\/#breadcrumb\",\"itemListElement\":[{\"@type\":\"ListItem\",\"position\":1,\"name\":\"In\u00edcio\",\"item\":\"https:\/\/www.abennacional.org.br\/site\/\"},{\"@type\":\"ListItem\",\"position\":2,\"name\":\"Centro de Desenvolvimento da Pr\u00e1tica Profissional e do Trabalho de Enfermagem\"}]}]}<\/script>\n<!-- \/ Yoast SEO plugin. -->","yoast_head_json":{"title":"Centro de Desenvolvimento da Pr\u00e1tica Profissional e do Trabalho de Enfermagem - ABEn Nacional","robots":{"index":"index","follow":"follow","max-snippet":"max-snippet:-1","max-image-preview":"max-image-preview:large","max-video-preview":"max-video-preview:-1"},"canonical":"https:\/\/www.abennacional.org.br\/site\/ceppr\/","og_locale":"pt_BR","og_type":"article","og_title":"Centro de Desenvolvimento da Pr\u00e1tica Profissional e do Trabalho de Enfermagem - ABEn Nacional","og_description":"1 &#8211; Apresenta\u00e7\u00e3o 2 &#8211; Sociedade de Especialistas _________________________________________________________________ 1 &#8211; APRESENTA\u00c7\u00c3O&#8230;&#8230;&#8230;&#8230;&#8230;&#8230;&#8230;&#8230;&#8230;&#8230;&#8230;&#8230;&#8230;. O Centro de Desenvolvimento da Pr\u00e1tica Profissional e do Trabalho de Enfermagem. Segundo o Estatuto Social de 2018, essa estrutura organizacional da ABEn tem o prop\u00f3sito de: \u2022 articular as atividades das Comiss\u00f5es Permanentes do Trabalho de Enfermagem, da Sistematiza\u00e7\u00e3o da Pr\u00e1tica de [&hellip;]","og_url":"https:\/\/www.abennacional.org.br\/site\/ceppr\/","og_site_name":"ABEn Nacional","article_publisher":"https:\/\/www.facebook.com\/ABEn-Nacional-202551919840028\/","article_modified_time":"2020-07-16T17:57:17+00:00","twitter_card":"summary_large_image","twitter_misc":{"Est. tempo de leitura":"2 minutos"},"schema":{"@context":"https:\/\/schema.org","@graph":[{"@type":"Organization","@id":"https:\/\/www.abennacional.org.br\/site\/#organization","name":"ABEn Nacional","url":"https:\/\/www.abennacional.org.br\/site\/","sameAs":["https:\/\/www.facebook.com\/ABEn-Nacional-202551919840028\/","https:\/\/br.linkedin.com\/in\/aben-nacional-42385511b","https:\/\/www.youtube.com\/watch?v=m8cvAUgypCI"],"logo":{"@type":"ImageObject","@id":"https:\/\/www.abennacional.org.br\/site\/#logo","inLanguage":"pt-BR","url":"https:\/\/www.abennacional.org.br\/site\/wp-content\/uploads\/2018\/12\/logoaben_grande-2.png","contentUrl":"https:\/\/www.abennacional.org.br\/site\/wp-content\/uploads\/2018\/12\/logoaben_grande-2.png","width":410,"height":139,"caption":"ABEn Nacional"},"image":{"@id":"https:\/\/www.abennacional.org.br\/site\/#logo"}},{"@type":"WebSite","@id":"https:\/\/www.abennacional.org.br\/site\/#website","url":"https:\/\/www.abennacional.org.br\/site\/","name":"ABEn Nacional","description":"Associa\u00e7\u00e3o Brasileira de Enfermagem","publisher":{"@id":"https:\/\/www.abennacional.org.br\/site\/#organization"},"potentialAction":[{"@type":"SearchAction","target":{"@type":"EntryPoint","urlTemplate":"https:\/\/www.abennacional.org.br\/site\/?s={search_term_string}"},"query-input":"required name=search_term_string"}],"inLanguage":"pt-BR"},{"@type":"WebPage","@id":"https:\/\/www.abennacional.org.br\/site\/ceppr\/#webpage","url":"https:\/\/www.abennacional.org.br\/site\/ceppr\/","name":"Centro de Desenvolvimento da Pr\u00e1tica Profissional e do Trabalho de Enfermagem - ABEn Nacional","isPartOf":{"@id":"https:\/\/www.abennacional.org.br\/site\/#website"},"datePublished":"2018-12-05T19:57:41+00:00","dateModified":"2020-07-16T17:57:17+00:00","breadcrumb":{"@id":"https:\/\/www.abennacional.org.br\/site\/ceppr\/#breadcrumb"},"inLanguage":"pt-BR","potentialAction":[{"@type":"ReadAction","target":["https:\/\/www.abennacional.org.br\/site\/ceppr\/"]}]},{"@type":"BreadcrumbList","@id":"https:\/\/www.abennacional.org.br\/site\/ceppr\/#breadcrumb","itemListElement":[{"@type":"ListItem","position":1,"name":"In\u00edcio","item":"https:\/\/www.abennacional.org.br\/site\/"},{"@type":"ListItem","position":2,"name":"Centro de Desenvolvimento da Pr\u00e1tica Profissional e do Trabalho de Enfermagem"}]}]}},"jetpack_sharing_enabled":true,"jetpack_shortlink":"https:\/\/wp.me\/PaUzFo-4M","_links":{"self":[{"href":"https:\/\/www.abennacional.org.br\/site\/wp-json\/wp\/v2\/pages\/296"}],"collection":[{"href":"https:\/\/www.abennacional.org.br\/site\/wp-json\/wp\/v2\/pages"}],"about":[{"href":"https:\/\/www.abennacional.org.br\/site\/wp-json\/wp\/v2\/types\/page"}],"author":[{"embeddable":true,"href":"https:\/\/www.abennacional.org.br\/site\/wp-json\/wp\/v2\/users\/2"}],"replies":[{"embeddable":true,"href":"https:\/\/www.abennacional.org.br\/site\/wp-json\/wp\/v2\/comments?post=296"}],"version-history":[{"count":35,"href":"https:\/\/www.abennacional.org.br\/site\/wp-json\/wp\/v2\/pages\/296\/revisions"}],"predecessor-version":[{"id":8894,"href":"https:\/\/www.abennacional.org.br\/site\/wp-json\/wp\/v2\/pages\/296\/revisions\/8894"}],"wp:attachment":[{"href":"https:\/\/www.abennacional.org.br\/site\/wp-json\/wp\/v2\/media?parent=296"}],"curies":[{"name":"wp","href":"https:\/\/api.w.org\/{rel}","templated":true}]}}