{"id":299,"date":"2018-12-05T17:57:56","date_gmt":"2018-12-05T19:57:56","guid":{"rendered":"http:\/\/www.abennacional.org.br\/validacao\/?page_id=299"},"modified":"2019-11-10T23:45:04","modified_gmt":"2019-11-11T02:45:04","slug":"centro-de-comunicacao-social-e-publicacoes","status":"publish","type":"page","link":"https:\/\/www.abennacional.org.br\/site\/centro-de-comunicacao-social-e-publicacoes\/","title":{"rendered":"Centro de Estudos e Pesquisas em Enfermagem"},"content":{"rendered":"\n<p><br><strong>APRESENTA\u00c7\u00c3O<\/strong><br> &#8230;&#8230;&#8230;&#8230;&#8230;&#8230;&#8230;&#8230;&#8230;&#8230;&#8230;&#8230;&#8230;&#8230;&#8230;&#8230;&#8230;&#8230;&#8230;&#8230;&#8230;.. <br><br>O Centro de Estudos e Pesquisas em Enfermagem \u2013 CEPEn, foi criado em 17 de julho de 1971, destinado a incentivar o desenvolvimento e a divulga\u00e7\u00e3o da pesquisa em enfermagem, organizar e preservar documentos hist\u00f3ricos da profiss\u00e3o e rege-se pelas disposi\u00e7\u00f5es do Estatuto da ABEn e do Regimento Especial.&nbsp; Possui, em seu acervo, o maior banco de teses e disserta\u00e7\u00f5es na \u00e1rea de Enfermagem no Brasil, al\u00e9m de possuir a Cole\u00e7\u00e3o completa da Revista Brasileira de Enfermagem e quase todos os t\u00edtulos de peri\u00f3dicos brasileiros de enfermagem.<br><br><\/p>\n\n\n\n<p><strong>Hor\u00e1rio de atendimento<\/strong>: Segunda a sexta-feira; de 09:00h \u00e0 12:00h e de 14:00h \u00e0 18:00h.<\/p>\n\n\n\n<p><strong>Contato<\/strong>: (061) 3226-0653<br><strong>Email<\/strong>:&nbsp;<a rel=\"noreferrer noopener\" aria-label=\"cepen@abennacional.org.br (abre em uma nova aba)\" href=\"mailto:cepen@abennacional.org.br\" target=\"_blank\">cepen@abennacional.org.br<\/a><\/p>\n\n\n\n<p><br><strong>SOBRE O  CEPEn<\/strong><br>&#8230;&#8230;&#8230;&#8230;&#8230;&#8230;&#8230;&#8230;&#8230;&#8230;&#8230;&#8230;&#8230;&#8230;&#8230;&#8230;&#8230;&#8230;&#8230;&#8230;&#8230;.. <\/p>\n\n\n\n<p>1.<a href=\"http:\/\/www.abennacional.org.br\/home\/download\/atrajetoriadocentro_de_estudos_e_pesquisas_em_enfermagem.pdf\"> <\/a>A trajet\u00f3ria do Centro de Estudos e Pesquisas em Enfermagem. <a rel=\"noreferrer noopener\" aria-label=\"Clique aqui (abre em uma nova aba)\" href=\"http:\/\/www.abennacional.org.br\/home\/download\/atrajetoriadocentro_de_estudos_e_pesquisas_em_enfermagem.pdf\" target=\"_blank\">Clique aqui<\/a><\/p>\n\n\n\n<p>2.&nbsp;Centro de Estudos e Pesquisas em Enfermagem e a ABEn: 80 Anos de Desafios. <a rel=\"noreferrer noopener\" aria-label=\"Clique aqui (abre em uma nova aba)\" href=\"http:\/\/www.abennacional.org.br\/home\/download\/cepen_e_desafios_80%20anos.pdf\" target=\"_blank\">Clique aqui<\/a><\/p>\n\n\n\n<p>3.&nbsp;O CEPEn e a produ\u00e7\u00e3o e difus\u00e3o do conhecimento da Enfermagem Brasileira. <a rel=\"noreferrer noopener\" aria-label=\"Clique aqui (abre em uma nova aba)\" href=\"http:\/\/www.abennacional.org.br\/home\/download\/cepen_e_difusao.pdf\" target=\"_blank\">Clique aqui<\/a><\/p>\n\n\n\n<p><br><strong>MANIFESTO DE FORTALEZA  (2008)<\/strong><br>&#8230;&#8230;&#8230;&#8230;&#8230;&#8230;&#8230;&#8230;&#8230;&#8230;&#8230;&#8230;&#8230;&#8230;&#8230;&#8230;&#8230;&#8230;&#8230;&#8230;&#8230;..  <\/p>\n\n\n\n<p><strong>Pol\u00edtica para a Enfermagem Brasileira em Ci\u00eancia, Tecnologia e Inova\u00e7\u00e3o&nbsp;<\/strong><br><br>A Associa\u00e7\u00e3o Brasileira de Enfermagem \u2013 ABEn, Coordena\u00e7\u00e3o&nbsp; de Representantes da Enfermagem no Comit\u00ea Assessor do CNPQ e CAPES, com o apoio da Associa\u00e7\u00e3o Brasileira de Obstetrizes e Enfermeiros Obstetras \u2013 ABENFO, do Conselho Federal de Enfermagem \u2013 COFEn e Federa\u00e7\u00e3o Nacional dos Enfermeiros \u2013 FNE.<br><br>Leia o texto na integra. <a href=\"http:\/\/www.abennacional.org.br\/home\/download\/MANIFESTODEFORTALEZA.pdf\" target=\"_blank\" rel=\"noreferrer noopener\" aria-label=\" (abre em uma nova aba)\">Clique aqui<\/a><br><br><\/p>\n\n\n\n<p><strong>LINHAS DE PESQUISA EM ENFERMAGEM<\/strong><br>&#8230;&#8230;&#8230;&#8230;&#8230;&#8230;&#8230;&#8230;&#8230;&#8230;&#8230;&#8230;&#8230;&#8230;&#8230;&#8230;&#8230;&#8230;&#8230;&#8230;&#8230;..  <\/p>\n\n\n\n<p><strong>Consolida\u00e7\u00e3o das propostas de linha de pesquisa em enfermagem (Bel\u00e9m, 2001)<\/strong><br>Elaborada no 11\u00ba SENPE, Bel\u00e9m do Par\u00e1, 27 a 30\/05\/2001 e aprovado na Reuni\u00e3o de Coordenadores de P\u00f3s-Gradua\u00e7\u00e3o em Enfermagem.<br><br>Para saber mais.  <a href=\"http:\/\/www.abennacional.org.br\/home\/download\/linhasdepesquisa.pdf\" target=\"_blank\" rel=\"noreferrer noopener\" aria-label=\" (abre em uma nova aba)\">Clique aqui<\/a> <br><br><\/p>\n\n\n\n<p><strong>PROGRAMAS DE P\u00d3S-GRADUA\u00c7\u00c3O EM ENFERMAGEM NO BRASIL<\/strong><br>&#8230;&#8230;&#8230;&#8230;&#8230;&#8230;&#8230;&#8230;&#8230;&#8230;&#8230;&#8230;&#8230;&#8230;&#8230;&#8230;&#8230;&#8230;&#8230;&#8230;&#8230;..  <br><br><\/p>\n\n\n\n<p><strong>Cursos de P\u00f3s-Gradua\u00e7\u00e3o em Enfermagem:<\/strong><\/p>\n\n\n\n<p><\/p>\n\n\n\n<p>\u2022 UNIVERSIDADE FEDERAL DO MATO GROSSO<\/p>\n\n\n\n<p>\u2022 <a href=\"http:\/\/www.abennacional.org.br\/home\/download\/MESTRADO_EM_ATENCAO_A_SAUDE_UFTM.pdf\" target=\"_blank\" rel=\"noreferrer noopener\" aria-label=\" (abre em uma nova aba)\">UNIVERSIDADE FEDERAL DO TRI\u00c2NGULO MINEIRO<\/a><\/p>\n\n\n\n<p>\u2022 <a href=\"http:\/\/www.abennacional.org.br\/home\/download\/PG_UFMG.pdf\" target=\"_blank\" rel=\"noreferrer noopener\" aria-label=\" (opens in a new tab)\">UNIVERSIDADE FEDERAL DE MINAS GERAIS<\/a><\/p>\n\n\n\n<p>\u2022 <a href=\"http:\/\/www.abennacional.org.br\/home\/download\/mestrado_doutorado_UECE.pdf\" target=\"_blank\" rel=\"noreferrer noopener\" aria-label=\" (abre em uma nova aba)\">UNIVERSIDADE ESTADUAL DO CEAR\u00c1<\/a><\/p>\n\n\n\n<p>\u2022 &nbsp;<a href=\"http:\/\/www.abennacional.org.br\/home\/download\/mestrado_doutorado_UFC.pdf\" target=\"_blank\" rel=\"noreferrer noopener\" aria-label=\" (abre em uma nova aba)\">UNIVERSIDADE FEDERAL DO CEAR\u00c1<\/a><\/p>\n\n\n\n<p>\u2022 <a href=\"http:\/\/www.abennacional.org.br\/home\/download\/MESTRADO_UFPB.pdf\" target=\"_blank\" rel=\"noreferrer noopener\" aria-label=\" (abre em uma nova aba)\">UNIVERSIDADE FEDERAL DA PARA\u00cdBA<\/a><\/p>\n\n\n\n<p>\u2022 <a href=\"http:\/\/www.abennacional.org.br\/home\/download\/Pos-GraduUFBA.pdf\" target=\"_blank\" rel=\"noreferrer noopener\" aria-label=\" (abre em uma nova aba)\">UNIVERSIDADE FEDERAL DA BAHIA<\/a><\/p>\n\n\n\n<p>\u2022 <a href=\"http:\/\/www.abennacional.org.br\/home\/download\/Pos-Graduufpi.pdf\" target=\"_blank\" rel=\"noreferrer noopener\" aria-label=\" (abre em uma nova aba)\">UNIVERSIDADE FEDERAL DO PIAU\u00cd<\/a><\/p>\n\n\n\n<p>\u2022 <a href=\"http:\/\/www.abennacional.org.br\/home\/download\/POSGRADUACAO_UEM.pdf\" target=\"_blank\" rel=\"noreferrer noopener\" aria-label=\" (abre em uma nova aba)\">UNIVERSIDADE ESTADUAL DE MARING\u00c1<\/a><\/p>\n\n\n\n<p>\u2022 <a href=\"http:\/\/www.abennacional.org.br\/home\/download\/POSGRADUACAO_UFPR.pdf\" target=\"_blank\" rel=\"noreferrer noopener\" aria-label=\" (abre em uma nova aba)\">UNIVERSIDADE FEDERAL DO PARAN\u00c1<\/a><\/p>\n\n\n\n<p>\u2022 <a href=\"http:\/\/www.abennacional.org.br\/home\/download\/CIENCIAS_DO_CUIDADO_EM%20SA%C3%9ADE_UFF.pdf\" target=\"_blank\" rel=\"noreferrer noopener\" aria-label=\" (abre em uma nova aba)\">UNIVERSIDADE FEDERAL FLUMINENSE<\/a><\/p>\n\n\n\n<p>\u2022 <a href=\"http:\/\/www.abennacional.org.br\/home\/download\/Pos-GraduEEAN.pdf\" target=\"_blank\" rel=\"noreferrer noopener\" aria-label=\" (abre em uma nova aba)\">UNIVERSIDADE FEDERAL DO RIO DE JANEIRO<\/a><\/p>\n\n\n\n<p>\u2022 <a href=\"http:\/\/www.abennacional.org.br\/home\/download\/Pos-GraduUERJ.pdf\" target=\"_blank\" rel=\"noreferrer noopener\" aria-label=\" (abre em uma nova aba)\">UNIVERSIDADE ESTADUAL DO RIO DE JANEIRO<\/a><\/p>\n\n\n\n<p>\u2022<a href=\"http:\/\/www.abennacional.org.br\/home\/download\/PROGRAMA_DE_MESTRADO_PROFISSIONAL_ENFERMAGEM_ASSISTENCIAL_UFF.pdf\" target=\"_blank\" rel=\"noreferrer noopener\" aria-label=\" (abre em uma nova aba)\">UNIVERSIDADE FEDERAL FLUMINENSE<\/a><\/p>\n\n\n\n<p>\u2022 <a href=\"http:\/\/www.abennacional.org.br\/home\/download\/Programa_de_Pos_enfermagem_UNIRIO.pdf\" target=\"_blank\" rel=\"noreferrer noopener\" aria-label=\" (abre em uma nova aba)\">UNIVERSIDADE FEDERAL DO ESTADO DO RIO DE JANEIRO \u2013 UNIRIO<\/a><\/p>\n\n\n\n<p>\u2022 <a href=\"http:\/\/www.abennacional.org.br\/home\/download\/\" target=\"_blank\" rel=\"noreferrer noopener\" aria-label=\" (abre em uma nova aba)\">UNIVERSIDADE FEDERAL DE SANTA MARIA<\/a><\/p>\n\n\n\n<p>\u2022 <a href=\"http:\/\/www.abennacional.org.br\/home\/download\/POS_UFPEL.pdf\" target=\"_blank\" rel=\"noreferrer noopener\" aria-label=\" (abre em uma nova aba)\">UNIVERSIDADE FEDERAL DE PELOTAS<\/a><\/p>\n\n\n\n<p>\u2022 <a href=\"http:\/\/www.abennacional.org.br\/home\/download\/POS_UFRGS.pdf\" target=\"_blank\" rel=\"noreferrer noopener\" aria-label=\" (abre em uma nova aba)\">UNIVERSIDADE FEDERAL DO RIO GRANDE DO SUL<\/a><\/p>\n\n\n\n<p>\u2022 <a href=\"http:\/\/www.abennacional.org.br\/home\/download\/Pos_GraduFURG.pdf\" target=\"_blank\" rel=\"noreferrer noopener\" aria-label=\" (abre em uma nova aba)\">UNIVERSIDADE FEDERAL DO RIO GRANDE<\/a><\/p>\n\n\n\n<p>\u2022 <a href=\"http:\/\/www.abennacional.org.br\/home\/download\/mestrado_doutorado_UFSC.pdf\" target=\"_blank\" rel=\"noreferrer noopener\" aria-label=\" (abre em uma nova aba)\">UNIVERSIDADE FEDERAL DE SANTA CATARINA<\/a><\/p>\n\n\n\n<p>\u2022 <a href=\"http:\/\/www.abennacional.org.br\/home\/download\/MESTRADO_DOUTORADO%20UNIFESP.pdf\" target=\"_blank\" rel=\"noreferrer noopener\" aria-label=\" (abre em uma nova aba)\">UNIVERSIDADE FEDERAL DE S\u00c3O PAULO<\/a><\/p>\n\n\n\n<p>\u2022 <a href=\"http:\/\/www.abennacional.org.br\/home\/download\/PROGRAMA_DE%20POS_UNICAMP.pdf\" target=\"_blank\" rel=\"noreferrer noopener\" aria-label=\" (abre em uma nova aba)\">UNIVERSIDADE ESTADUAL DE CAMPINAS<\/a><\/p>\n\n\n\n<p>\u2022 <a href=\"http:\/\/www.abennacional.org.br\/home\/download\/PROGRAMA_DE_POSUFSCAR.pdf\" target=\"_blank\" rel=\"noreferrer noopener\" aria-label=\" (abre em uma nova aba)\">UNIVERSIDADE FEDERAL DE S\u00c3O CARLOS<\/a><\/p>\n\n\n\n<p>\u2022 <a href=\"http:\/\/www.abennacional.org.br\/home\/download\/PROGRAMA_DE_POSUNESP.pdf\" target=\"_blank\" rel=\"noreferrer noopener\" aria-label=\" (abre em uma nova aba)\">UNIVERSIDADE ESTADUAL PAULISTA<\/a><\/p>\n\n\n\n<p>\u2022 <a href=\"http:\/\/www.abennacional.org.br\/home\/download\/PROGRAMA_DE_POSUNiguarulhos.pdf\" target=\"_blank\" rel=\"noreferrer noopener\" aria-label=\" (abre em uma nova aba)\">UNIVERSIDADE GUARULHOS<\/a><\/p>\n\n\n\n<p>\u2022 UNIVERSIDADE DE S\u00c3O PAULO<\/p>\n\n\n\n<p>\u2022 <a href=\"http:\/\/www.abennacional.org.br\/home\/download\/EERPUSP.pdf\" target=\"_blank\" rel=\"noreferrer noopener\" aria-label=\" (abre em uma nova aba)\">ESCOLA DE ENFERMAGEM \u2013 USP\/EERP<\/a><\/p>\n\n\n\n<p>\u2022 <a href=\"http:\/\/www.abennacional.org.br\/home\/download\/saude_publica_EERP.pdf\" target=\"_blank\" rel=\"noreferrer noopener\" aria-label=\" (abre em uma nova aba)\">ESCOLA DE ENFERMAGEM \u2013 USP\/EERP<\/a>&nbsp;(Sa\u00fade P\u00fablica)<\/p>\n\n\n\n<p>\u2022<a href=\"http:\/\/www.abennacional.org.br\/home\/download\/posUSP1.pdf\" target=\"_blank\" rel=\"noreferrer noopener\" aria-label=\" (abre em uma nova aba)\">ESCOLA DE ENFERMAGEM DA USP<\/a><\/p>\n\n\n\n<p>\u2022 <a href=\"http:\/\/www.abennacional.org.br\/home\/download\/Pos_Graduusp.pdf\" target=\"_blank\" rel=\"noreferrer noopener\" aria-label=\" (abre em uma nova aba)\">ESCOLA DE ENFERMAGEM DA USP<\/a>&nbsp;(Sa\u00fade do Adulto)<\/p>\n\n\n\n<p>\u2022 <a href=\"http:\/\/www.abennacional.org.br\/home\/download\/enf_fundamental_EERP.pdf\" target=\"_blank\" rel=\"noreferrer noopener\" aria-label=\" (abre em uma nova aba)\">ESCOLA DE ENFERMAGEM DE RIBEIR\u00c3O PRETO<\/a>&nbsp;(Fundamental)<\/p>\n\n\n\n<p>\u2022 <a href=\"http:\/\/www.abennacional.org.br\/home\/download\/enf_psiquiatrica_EERP.pdf\" target=\"_blank\" rel=\"noreferrer noopener\" aria-label=\" (abre em uma nova aba)\">ESCOLA DE ENFERMAGEM DE RIBEIR\u00c3O PRETO<\/a>&nbsp;(Psiquiatrica)<\/p>\n\n\n\n<p><\/p>\n\n\n\n<p>Veja aqui&nbsp; a&nbsp;<a href=\"http:\/\/www.abennacional.org.br\/home\/download\/cursosposgraduacaobrasil.pdf\" target=\"_blank\" rel=\"noreferrer noopener\" aria-label=\" (abre em uma nova aba)\">Lista de Cursos de P\u00f3s-gradua\u00e7\u00e3o em Enfermagem<\/a><\/p>\n\n\n\n<p><br><strong>CAT\u00c1LOGO DE TESES E DISSERTA\u00c7\u00d5ES PARA PESQUISADORES DE ENFERMAGEM <\/strong><br> ____________________________________________<\/p>\n\n\n\n<p><a rel=\"noreferrer noopener\" aria-label=\"Cat\u00e1logo de Teses &amp; Disserta\u00e7\u00f5es - CAPES  (opens in a new tab)\" href=\"https:\/\/catalogodeteses.capes.gov.br\/catalogo-teses\/#!\/\" target=\"_blank\">Cat\u00e1logo de Teses &amp; Disserta\u00e7\u00f5es &#8211; CAPES <\/a><br><br><\/p>\n\n\n\n<p><a href=\"http:\/\/www.abennacional.org.br\/backup_site\/wp-content\/uploads\/2018\/04\/ANUARIO_2016_ABEn_TESES-DISSERTACOES.pdf\" target=\"_blank\" rel=\"noreferrer noopener\" aria-label=\" (abre em uma nova aba)\">Volume XXXIV, 2016<\/a>;<\/p>\n\n\n\n<p><a href=\"http:\/\/www.abennacional.org.br\/backup_site\/wp-content\/uploads\/2018\/04\/Catalogo_2015.pdf\" target=\"_blank\" rel=\"noreferrer noopener\" aria-label=\" (abre em uma nova aba)\">Volume XXXIV, 2014<\/a>;<\/p>\n\n\n\n<p><a href=\"http:\/\/www.abennacional.org.br\/backup_site\/wp-content\/uploads\/2018\/04\/catalogocongresso2014.pdf\" target=\"_blank\" rel=\"noreferrer noopener\" aria-label=\" (abre em uma nova aba)\">Volume XXXII, 2013<\/a>&nbsp;;<\/p>\n\n\n\n<p><a href=\"http:\/\/www.abennacional.org.br\/backup_site\/wp-content\/uploads\/2018\/04\/catalogo_finalizado_pdf_1_8.pdf\">Volume XXXI, 2012<\/a>&nbsp;;<\/p>\n\n\n\n<p><a href=\"http:\/\/www.abennacional.org.br\/backup_site\/wp-content\/uploads\/2018\/04\/catalogocongresso2012.pdf\" target=\"_blank\" rel=\"noreferrer noopener\" aria-label=\" (abre em uma nova aba)\">Volume XXX, 2011<\/a>&nbsp;;<\/p>\n\n\n\n<p><a href=\"http:\/\/www.abennacional.org.br\/backup_site\/wp-content\/uploads\/2018\/04\/Catalogo2010.pdf\">Volume XXIX, 2010<\/a>&nbsp;;<\/p>\n\n\n\n<p><a href=\"http:\/\/www.abennacional.org.br\/backup_site\/wp-content\/uploads\/2018\/04\/Catalogo_Final_Site_2009_141010.pdf\" target=\"_blank\" rel=\"noreferrer noopener\" aria-label=\" (abre em uma nova aba)\">Volume XXVIII, 2009<\/a>&nbsp;;<\/p>\n\n\n\n<p><a href=\"http:\/\/www.abennacional.org.br\/backup_site\/wp-content\/uploads\/2018\/04\/Catalogo_2008_260410_2.pdf\" target=\"_blank\" rel=\"noreferrer noopener\" aria-label=\" (abre em uma nova aba)\">Volume XXVII, 2008<\/a>&nbsp;;<\/p>\n\n\n\n<p><a href=\"http:\/\/www.abennacional.org.br\/backup_site\/wp-content\/uploads\/2018\/04\/catalogo_2007.pdf\" target=\"_blank\" rel=\"noreferrer noopener\" aria-label=\" (abre em uma nova aba)\">Volume XXVI, 2007<\/a>&nbsp;;<\/p>\n\n\n\n<p><a href=\"http:\/\/www.abennacional.org.br\/backup_site\/wp-content\/uploads\/2018\/04\/catalogo2006versaofinal2008-1.pdf\" target=\"_blank\" rel=\"noreferrer noopener\" aria-label=\" (abre em uma nova aba)\">Volume XXV, 2006<\/a>&nbsp;;<\/p>\n\n\n\n<p><a href=\"http:\/\/www.abennacional.org.br\/backup_site\/wp-content\/uploads\/2018\/04\/Catalogo2005060507.pdf\" target=\"_blank\" rel=\"noreferrer noopener\" aria-label=\" (abre em uma nova aba)\">Volume XXIV, 2005 ;<\/a><\/p>\n\n\n\n<p><a href=\"http:\/\/www.abennacional.org.br\/backup_site\/wp-content\/uploads\/2018\/04\/catalogo2004.pdf\" target=\"_blank\" rel=\"noreferrer noopener\" aria-label=\" (abre em uma nova aba)\">Volume XXIII, 2004;<\/a><\/p>\n\n\n\n<p><a href=\"http:\/\/www.abennacional.org.br\/backup_site\/wp-content\/uploads\/2018\/04\/catalogo2003170507.pdf\" target=\"_blank\" rel=\"noreferrer noopener\" aria-label=\" (abre em uma nova aba)\">Volume XXII, 2003<\/a>&nbsp;;<\/p>\n\n\n\n<p><a href=\"http:\/\/www.abennacional.org.br\/backup_site\/wp-content\/uploads\/2018\/04\/catalogo2002sem.pdf\" target=\"_blank\" rel=\"noreferrer noopener\" aria-label=\" (abre em uma nova aba)\">Volume XXI, 2\u00b0 Semestre de 2002<\/a>&nbsp;;<\/p>\n\n\n\n<p><a href=\"http:\/\/www.abennacional.org.br\/backup_site\/wp-content\/uploads\/2018\/04\/catalogo2002sem270307.pdf\" target=\"_blank\" rel=\"noreferrer noopener\" aria-label=\" (abre em uma nova aba)\">Volume XX, 1\u00b0 Semestre de 2002<\/a>&nbsp;;<\/p>\n\n\n\n<p><a href=\"http:\/\/www.abennacional.org.br\/backup_site\/wp-content\/uploads\/2018\/04\/catalogo2001jul2005.pdf\" target=\"_blank\" rel=\"noreferrer noopener\" aria-label=\" (abre em uma nova aba)\">Volume XIX, 2001<\/a>&nbsp;;<\/p>\n\n\n\n<p>*volumes anteriores a 2001 est\u00e3o dispon\u00edveis na forma impressa e pode ser solicitada c\u00f3pia ao CEPEN.<\/p>\n","protected":false},"excerpt":{"rendered":"<p>APRESENTA\u00c7\u00c3O &#8230;&#8230;&#8230;&#8230;&#8230;&#8230;&#8230;&#8230;&#8230;&#8230;&#8230;&#8230;&#8230;&#8230;&#8230;&#8230;&#8230;&#8230;&#8230;&#8230;&#8230;.. O Centro de Estudos e Pesquisas em Enfermagem \u2013 CEPEn, foi criado em 17 de julho de 1971, destinado a incentivar o desenvolvimento e a divulga\u00e7\u00e3o da pesquisa em enfermagem, organizar e preservar documentos hist\u00f3ricos da profiss\u00e3o e rege-se pelas disposi\u00e7\u00f5es do Estatuto da ABEn e do Regimento Especial.&nbsp; Possui, em seu acervo, [&hellip;]<\/p>\n","protected":false},"author":2,"featured_media":0,"parent":0,"menu_order":0,"comment_status":"closed","ping_status":"closed","template":"","meta":{"spay_email":""},"yoast_head":"<!-- This site is optimized with the Yoast SEO plugin v18.3 - https:\/\/yoast.com\/wordpress\/plugins\/seo\/ -->\n<title>Centro de Estudos e Pesquisas em Enfermagem - ABEn Nacional<\/title>\n<meta name=\"robots\" content=\"index, follow, max-snippet:-1, max-image-preview:large, max-video-preview:-1\" \/>\n<link rel=\"canonical\" href=\"https:\/\/www.abennacional.org.br\/site\/centro-de-comunicacao-social-e-publicacoes\/\" \/>\n<meta property=\"og:locale\" content=\"pt_BR\" \/>\n<meta property=\"og:type\" content=\"article\" \/>\n<meta property=\"og:title\" content=\"Centro de Estudos e Pesquisas em Enfermagem - ABEn Nacional\" \/>\n<meta property=\"og:description\" content=\"APRESENTA\u00c7\u00c3O &#8230;&#8230;&#8230;&#8230;&#8230;&#8230;&#8230;&#8230;&#8230;&#8230;&#8230;&#8230;&#8230;&#8230;&#8230;&#8230;&#8230;&#8230;&#8230;&#8230;&#8230;.. O Centro de Estudos e Pesquisas em Enfermagem \u2013 CEPEn, foi criado em 17 de julho de 1971, destinado a incentivar o desenvolvimento e a divulga\u00e7\u00e3o da pesquisa em enfermagem, organizar e preservar documentos hist\u00f3ricos da profiss\u00e3o e rege-se pelas disposi\u00e7\u00f5es do Estatuto da ABEn e do Regimento Especial.&nbsp; Possui, em seu acervo, [&hellip;]\" \/>\n<meta property=\"og:url\" content=\"https:\/\/www.abennacional.org.br\/site\/centro-de-comunicacao-social-e-publicacoes\/\" \/>\n<meta property=\"og:site_name\" content=\"ABEn Nacional\" \/>\n<meta property=\"article:publisher\" content=\"https:\/\/www.facebook.com\/ABEn-Nacional-202551919840028\/\" \/>\n<meta property=\"article:modified_time\" content=\"2019-11-11T02:45:04+00:00\" \/>\n<meta name=\"twitter:card\" content=\"summary_large_image\" \/>\n<meta name=\"twitter:label1\" content=\"Est. tempo de leitura\" \/>\n\t<meta name=\"twitter:data1\" content=\"3 minutos\" \/>\n<script type=\"application\/ld+json\" class=\"yoast-schema-graph\">{\"@context\":\"https:\/\/schema.org\",\"@graph\":[{\"@type\":\"Organization\",\"@id\":\"https:\/\/www.abennacional.org.br\/site\/#organization\",\"name\":\"ABEn Nacional\",\"url\":\"https:\/\/www.abennacional.org.br\/site\/\",\"sameAs\":[\"https:\/\/www.facebook.com\/ABEn-Nacional-202551919840028\/\",\"https:\/\/br.linkedin.com\/in\/aben-nacional-42385511b\",\"https:\/\/www.youtube.com\/watch?v=m8cvAUgypCI\"],\"logo\":{\"@type\":\"ImageObject\",\"@id\":\"https:\/\/www.abennacional.org.br\/site\/#logo\",\"inLanguage\":\"pt-BR\",\"url\":\"https:\/\/www.abennacional.org.br\/site\/wp-content\/uploads\/2018\/12\/logoaben_grande-2.png\",\"contentUrl\":\"https:\/\/www.abennacional.org.br\/site\/wp-content\/uploads\/2018\/12\/logoaben_grande-2.png\",\"width\":410,\"height\":139,\"caption\":\"ABEn Nacional\"},\"image\":{\"@id\":\"https:\/\/www.abennacional.org.br\/site\/#logo\"}},{\"@type\":\"WebSite\",\"@id\":\"https:\/\/www.abennacional.org.br\/site\/#website\",\"url\":\"https:\/\/www.abennacional.org.br\/site\/\",\"name\":\"ABEn Nacional\",\"description\":\"Associa\u00e7\u00e3o Brasileira de Enfermagem\",\"publisher\":{\"@id\":\"https:\/\/www.abennacional.org.br\/site\/#organization\"},\"potentialAction\":[{\"@type\":\"SearchAction\",\"target\":{\"@type\":\"EntryPoint\",\"urlTemplate\":\"https:\/\/www.abennacional.org.br\/site\/?s={search_term_string}\"},\"query-input\":\"required name=search_term_string\"}],\"inLanguage\":\"pt-BR\"},{\"@type\":\"WebPage\",\"@id\":\"https:\/\/www.abennacional.org.br\/site\/centro-de-comunicacao-social-e-publicacoes\/#webpage\",\"url\":\"https:\/\/www.abennacional.org.br\/site\/centro-de-comunicacao-social-e-publicacoes\/\",\"name\":\"Centro de Estudos e Pesquisas em Enfermagem - ABEn Nacional\",\"isPartOf\":{\"@id\":\"https:\/\/www.abennacional.org.br\/site\/#website\"},\"datePublished\":\"2018-12-05T19:57:56+00:00\",\"dateModified\":\"2019-11-11T02:45:04+00:00\",\"breadcrumb\":{\"@id\":\"https:\/\/www.abennacional.org.br\/site\/centro-de-comunicacao-social-e-publicacoes\/#breadcrumb\"},\"inLanguage\":\"pt-BR\",\"potentialAction\":[{\"@type\":\"ReadAction\",\"target\":[\"https:\/\/www.abennacional.org.br\/site\/centro-de-comunicacao-social-e-publicacoes\/\"]}]},{\"@type\":\"BreadcrumbList\",\"@id\":\"https:\/\/www.abennacional.org.br\/site\/centro-de-comunicacao-social-e-publicacoes\/#breadcrumb\",\"itemListElement\":[{\"@type\":\"ListItem\",\"position\":1,\"name\":\"In\u00edcio\",\"item\":\"https:\/\/www.abennacional.org.br\/site\/\"},{\"@type\":\"ListItem\",\"position\":2,\"name\":\"Centro de Estudos e Pesquisas em Enfermagem\"}]}]}<\/script>\n<!-- \/ Yoast SEO plugin. -->","yoast_head_json":{"title":"Centro de Estudos e Pesquisas em Enfermagem - ABEn Nacional","robots":{"index":"index","follow":"follow","max-snippet":"max-snippet:-1","max-image-preview":"max-image-preview:large","max-video-preview":"max-video-preview:-1"},"canonical":"https:\/\/www.abennacional.org.br\/site\/centro-de-comunicacao-social-e-publicacoes\/","og_locale":"pt_BR","og_type":"article","og_title":"Centro de Estudos e Pesquisas em Enfermagem - ABEn Nacional","og_description":"APRESENTA\u00c7\u00c3O &#8230;&#8230;&#8230;&#8230;&#8230;&#8230;&#8230;&#8230;&#8230;&#8230;&#8230;&#8230;&#8230;&#8230;&#8230;&#8230;&#8230;&#8230;&#8230;&#8230;&#8230;.. O Centro de Estudos e Pesquisas em Enfermagem \u2013 CEPEn, foi criado em 17 de julho de 1971, destinado a incentivar o desenvolvimento e a divulga\u00e7\u00e3o da pesquisa em enfermagem, organizar e preservar documentos hist\u00f3ricos da profiss\u00e3o e rege-se pelas disposi\u00e7\u00f5es do Estatuto da ABEn e do Regimento Especial.&nbsp; Possui, em seu acervo, [&hellip;]","og_url":"https:\/\/www.abennacional.org.br\/site\/centro-de-comunicacao-social-e-publicacoes\/","og_site_name":"ABEn Nacional","article_publisher":"https:\/\/www.facebook.com\/ABEn-Nacional-202551919840028\/","article_modified_time":"2019-11-11T02:45:04+00:00","twitter_card":"summary_large_image","twitter_misc":{"Est. tempo de leitura":"3 minutos"},"schema":{"@context":"https:\/\/schema.org","@graph":[{"@type":"Organization","@id":"https:\/\/www.abennacional.org.br\/site\/#organization","name":"ABEn Nacional","url":"https:\/\/www.abennacional.org.br\/site\/","sameAs":["https:\/\/www.facebook.com\/ABEn-Nacional-202551919840028\/","https:\/\/br.linkedin.com\/in\/aben-nacional-42385511b","https:\/\/www.youtube.com\/watch?v=m8cvAUgypCI"],"logo":{"@type":"ImageObject","@id":"https:\/\/www.abennacional.org.br\/site\/#logo","inLanguage":"pt-BR","url":"https:\/\/www.abennacional.org.br\/site\/wp-content\/uploads\/2018\/12\/logoaben_grande-2.png","contentUrl":"https:\/\/www.abennacional.org.br\/site\/wp-content\/uploads\/2018\/12\/logoaben_grande-2.png","width":410,"height":139,"caption":"ABEn Nacional"},"image":{"@id":"https:\/\/www.abennacional.org.br\/site\/#logo"}},{"@type":"WebSite","@id":"https:\/\/www.abennacional.org.br\/site\/#website","url":"https:\/\/www.abennacional.org.br\/site\/","name":"ABEn Nacional","description":"Associa\u00e7\u00e3o Brasileira de Enfermagem","publisher":{"@id":"https:\/\/www.abennacional.org.br\/site\/#organization"},"potentialAction":[{"@type":"SearchAction","target":{"@type":"EntryPoint","urlTemplate":"https:\/\/www.abennacional.org.br\/site\/?s={search_term_string}"},"query-input":"required name=search_term_string"}],"inLanguage":"pt-BR"},{"@type":"WebPage","@id":"https:\/\/www.abennacional.org.br\/site\/centro-de-comunicacao-social-e-publicacoes\/#webpage","url":"https:\/\/www.abennacional.org.br\/site\/centro-de-comunicacao-social-e-publicacoes\/","name":"Centro de Estudos e Pesquisas em Enfermagem - ABEn Nacional","isPartOf":{"@id":"https:\/\/www.abennacional.org.br\/site\/#website"},"datePublished":"2018-12-05T19:57:56+00:00","dateModified":"2019-11-11T02:45:04+00:00","breadcrumb":{"@id":"https:\/\/www.abennacional.org.br\/site\/centro-de-comunicacao-social-e-publicacoes\/#breadcrumb"},"inLanguage":"pt-BR","potentialAction":[{"@type":"ReadAction","target":["https:\/\/www.abennacional.org.br\/site\/centro-de-comunicacao-social-e-publicacoes\/"]}]},{"@type":"BreadcrumbList","@id":"https:\/\/www.abennacional.org.br\/site\/centro-de-comunicacao-social-e-publicacoes\/#breadcrumb","itemListElement":[{"@type":"ListItem","position":1,"name":"In\u00edcio","item":"https:\/\/www.abennacional.org.br\/site\/"},{"@type":"ListItem","position":2,"name":"Centro de Estudos e Pesquisas em Enfermagem"}]}]}},"jetpack_sharing_enabled":true,"jetpack_shortlink":"https:\/\/wp.me\/PaUzFo-4P","_links":{"self":[{"href":"https:\/\/www.abennacional.org.br\/site\/wp-json\/wp\/v2\/pages\/299"}],"collection":[{"href":"https:\/\/www.abennacional.org.br\/site\/wp-json\/wp\/v2\/pages"}],"about":[{"href":"https:\/\/www.abennacional.org.br\/site\/wp-json\/wp\/v2\/types\/page"}],"author":[{"embeddable":true,"href":"https:\/\/www.abennacional.org.br\/site\/wp-json\/wp\/v2\/users\/2"}],"replies":[{"embeddable":true,"href":"https:\/\/www.abennacional.org.br\/site\/wp-json\/wp\/v2\/comments?post=299"}],"version-history":[{"count":26,"href":"https:\/\/www.abennacional.org.br\/site\/wp-json\/wp\/v2\/pages\/299\/revisions"}],"predecessor-version":[{"id":5708,"href":"https:\/\/www.abennacional.org.br\/site\/wp-json\/wp\/v2\/pages\/299\/revisions\/5708"}],"wp:attachment":[{"href":"https:\/\/www.abennacional.org.br\/site\/wp-json\/wp\/v2\/media?parent=299"}],"curies":[{"name":"wp","href":"https:\/\/api.w.org\/{rel}","templated":true}]}}