{"id":2996,"date":"2019-03-25T14:31:22","date_gmt":"2019-03-25T17:31:22","guid":{"rendered":"http:\/\/www.abennacional.org.br\/site\/?page_id=2996"},"modified":"2019-03-27T08:13:49","modified_gmt":"2019-03-27T11:13:49","slug":"afiliar","status":"publish","type":"page","link":"https:\/\/www.abennacional.org.br\/site\/afiliar\/","title":{"rendered":"Afilie-se"},"content":{"rendered":"\n<p><\/p>\n\n\n\n<p><\/p>\n\n\n\n<p>Para efetuar sua filia\u00e7\u00e3o,  preencha o formul\u00e1rio abaixo com as informa\u00e7\u00f5es necess\u00e1rias e anexe os documentos solicitados.<\/p>\n\n\n\n<p>&#8230;&#8230;&#8230;&#8230;&#8230;&#8230;&#8230;&#8230;&#8230;&#8230;&#8230;&#8230;&#8230;&#8230;&#8230;&#8230;&#8230;&#8230;&#8230;&#8230;&#8230;&#8230;&#8230;&#8230;&#8230;&#8230;&#8230;&#8230;&#8230;&#8230;&#8230;&#8230;&#8230;&#8230;<\/p>\n\n\n\n<p><\/p>\n\n\n\n<p><strong>1 &#8211; INFORMA\u00c7\u00d5ES SOBRE A INSTITUI\u00c7\u00c3O<\/strong><\/p>\n\n\n\n<p><br><\/p>\n\n\n\n<p><\/p>\n\n\n<div role=\"form\" class=\"wpcf7\" id=\"wpcf7-f2999-o1\" lang=\"pt-BR\" dir=\"ltr\">\n<div class=\"screen-reader-response\"><p role=\"status\" aria-live=\"polite\" aria-atomic=\"true\"><\/p> <ul><\/ul><\/div>\n<form action=\"\/site\/wp-json\/wp\/v2\/pages\/2996#wpcf7-f2999-o1\" method=\"post\" class=\"wpcf7-form init\" enctype=\"multipart\/form-data\" novalidate=\"novalidate\" data-status=\"init\">\n<div style=\"display: none;\">\n<input type=\"hidden\" name=\"_wpcf7\" value=\"2999\" \/>\n<input type=\"hidden\" name=\"_wpcf7_version\" value=\"5.5.6\" \/>\n<input type=\"hidden\" name=\"_wpcf7_locale\" value=\"pt_BR\" \/>\n<input type=\"hidden\" name=\"_wpcf7_unit_tag\" value=\"wpcf7-f2999-o1\" \/>\n<input type=\"hidden\" name=\"_wpcf7_container_post\" value=\"0\" \/>\n<input type=\"hidden\" name=\"_wpcf7_posted_data_hash\" value=\"\" \/>\n<\/div>\n<p><label> Organiza\u00e7\u00e3o Institucional: (nome da institui\u00e7\u00e3o: Universidade...Faculdade... Escola...)<br \/>\n    <span class=\"wpcf7-form-control-wrap your-name\"><input type=\"text\" name=\"your-name\" value=\"\" size=\"40\" class=\"wpcf7-form-control wpcf7-text wpcf7-validates-as-required\" aria-required=\"true\" aria-invalid=\"false\" \/><\/span> <\/label><\/p>\n<p><label> Categoria Administrativa: <\/label><br \/>\n<span class=\"wpcf7-form-control-wrap CategoriaAdministrativa\"><span class=\"wpcf7-form-control wpcf7-radio\"><span class=\"wpcf7-list-item first\"><label><input type=\"radio\" name=\"CategoriaAdministrativa\" value=\"P\u00fablica\" checked=\"checked\" \/><span class=\"wpcf7-list-item-label\">P\u00fablica<\/span><\/label><\/span><span class=\"wpcf7-list-item\"><label><input type=\"radio\" name=\"CategoriaAdministrativa\" value=\"Privada\" \/><span class=\"wpcf7-list-item-label\">Privada<\/span><\/label><\/span><span class=\"wpcf7-list-item\"><label><input type=\"radio\" name=\"CategoriaAdministrativa\" value=\"Comunit\u00e1ria\" \/><span class=\"wpcf7-list-item-label\">Comunit\u00e1ria<\/span><\/label><\/span><span class=\"wpcf7-list-item last\"><label><input type=\"radio\" name=\"CategoriaAdministrativa\" value=\"Outros\" \/><span class=\"wpcf7-list-item-label\">Outros<\/span><\/label><\/span><\/span><\/span><\/p>\n<p><label> Nome do Reitor\/Diretor:<br \/>\n<span class=\"wpcf7-form-control-wrap NomedoReitorDiretor\"><input type=\"text\" name=\"NomedoReitorDiretor\" value=\"\" size=\"40\" class=\"wpcf7-form-control wpcf7-text wpcf7-validates-as-required\" aria-required=\"true\" aria-invalid=\"false\" \/><\/span><\/label><\/p>\n<p><label> E-mail<br \/>\n    <span class=\"wpcf7-form-control-wrap your-email\"><input type=\"email\" name=\"your-email\" value=\"\" size=\"40\" class=\"wpcf7-form-control wpcf7-text wpcf7-email wpcf7-validates-as-required wpcf7-validates-as-email\" aria-required=\"true\" aria-invalid=\"false\" \/><\/span> <\/label><\/p>\n<p><label> Telefone de contato:<br \/>\n    <span class=\"wpcf7-form-control-wrap Telefonedecontato\"><input type=\"tel\" name=\"Telefonedecontato\" value=\"\" size=\"40\" class=\"wpcf7-form-control wpcf7-text wpcf7-tel wpcf7-validates-as-required wpcf7-validates-as-tel\" aria-required=\"true\" aria-invalid=\"false\" \/><\/span> <\/label><br \/>\n<label>____________________________________ <\/label><br \/>\n<label> Nome do(a) Secret\u00e1ria do Reitor\/Diretor:<br \/>\n<span class=\"wpcf7-form-control-wrap nomesecratariareitor\"><input type=\"text\" name=\"nomesecratariareitor\" value=\"\" size=\"40\" class=\"wpcf7-form-control wpcf7-text wpcf7-validates-as-required\" aria-required=\"true\" aria-invalid=\"false\" \/><\/span><\/label><br \/>\n<label> E-mail<br \/>\n     <span class=\"wpcf7-form-control-wrap your-email1\"><input type=\"email\" name=\"your-email1\" value=\"\" size=\"40\" class=\"wpcf7-form-control wpcf7-text wpcf7-email wpcf7-validates-as-required wpcf7-validates-as-email\" aria-required=\"true\" aria-invalid=\"false\" \/><\/span> <\/label><br \/>\n<label> Telefone de contato:<br \/>\n  <span class=\"wpcf7-form-control-wrap Telefonedecontato1\"><input type=\"tel\" name=\"Telefonedecontato1\" value=\"\" size=\"40\" class=\"wpcf7-form-control wpcf7-text wpcf7-tel wpcf7-validates-as-tel\" aria-invalid=\"false\" \/><\/span> <\/label><br \/>\n<label>____________________________________ <\/label><br \/>\n<label>Endere\u00e7o da Reitoria\/Diretoria: (Rua, av. N\u00famero, complemento, Bairro)<br \/>\n <span class=\"wpcf7-form-control-wrap EndereodaReitoriaDiretoria\"><input type=\"text\" name=\"EndereodaReitoriaDiretoria\" value=\"\" size=\"40\" class=\"wpcf7-form-control wpcf7-text wpcf7-validates-as-required\" aria-required=\"true\" aria-invalid=\"false\" \/><\/span> <\/label><\/p>\n<p><label>Cidade e Estado:<br \/>\n<span class=\"wpcf7-form-control-wrap CidadeEstado\"><input type=\"text\" name=\"CidadeEstado\" value=\"\" size=\"40\" class=\"wpcf7-form-control wpcf7-text wpcf7-validates-as-required\" aria-required=\"true\" aria-invalid=\"false\" \/><\/span> <\/label><\/p>\n<p><label>CEP:<br \/>\n<span class=\"wpcf7-form-control-wrap CEP\"><input type=\"text\" name=\"CEP\" value=\"\" size=\"40\" class=\"wpcf7-form-control wpcf7-text wpcf7-validates-as-required\" aria-required=\"true\" aria-invalid=\"false\" \/><\/span><\/label><\/p>\n<p><label>Home-Page da Institui\u00e7\u00e3o:<br \/>\n<span class=\"wpcf7-form-control-wrap HomePage\"><input type=\"text\" name=\"HomePage\" value=\"\" size=\"40\" class=\"wpcf7-form-control wpcf7-text wpcf7-validates-as-required\" aria-required=\"true\" aria-invalid=\"false\" \/><\/span><\/label><\/p>\n<p><label>\u2026\u2026\u2026\u2026\u2026\u2026\u2026\u2026\u2026\u2026\u2026\u2026\u2026\u2026\u2026\u2026\u2026\u2026\u2026\u2026\u2026\u2026\u2026\u2026\u2026\u2026\u2026\u2026\u2026\u2026\u2026\u2026\u2026\u2026<br \/>\n2. INFORMA\u00c7\u00d5ES SOBRE A ESCOLA <\/label><\/p>\n<p><label>Nome da Escola ou Curso:<br \/>\n<span class=\"wpcf7-form-control-wrap NomedaEscolaouCurso\"><input type=\"text\" name=\"NomedaEscolaouCurso\" value=\"\" size=\"40\" class=\"wpcf7-form-control wpcf7-text wpcf7-validates-as-required\" aria-required=\"true\" aria-invalid=\"false\" \/><\/span> <\/label><\/p>\n<p><label>Sigla:<br \/>\n<span class=\"wpcf7-form-control-wrap Sigla\"><input type=\"text\" name=\"Sigla\" value=\"\" size=\"40\" class=\"wpcf7-form-control wpcf7-text wpcf7-validates-as-required\" aria-required=\"true\" aria-invalid=\"false\" \/><\/span> <\/label><br \/>\n<label>Endere\u00e7o da Escola ou Curso: (Rua, av. N\u00famero, complemento, Bairro)<br \/>\n<span class=\"wpcf7-form-control-wrap Endereco\"><input type=\"text\" name=\"Endereco\" value=\"\" size=\"40\" class=\"wpcf7-form-control wpcf7-text wpcf7-validates-as-required\" aria-required=\"true\" aria-invalid=\"false\" \/><\/span><\/label><br \/>\n<label>Cidade e Estado:<br \/>\n<span class=\"wpcf7-form-control-wrap CidadeeEstado\"><input type=\"text\" name=\"CidadeeEstado\" value=\"\" size=\"40\" class=\"wpcf7-form-control wpcf7-text wpcf7-validates-as-required\" aria-required=\"true\" aria-invalid=\"false\" \/><\/span><\/label><br \/>\n<label>CEP:<br \/>\n<span class=\"wpcf7-form-control-wrap CEP2\"><input type=\"text\" name=\"CEP2\" value=\"\" size=\"40\" class=\"wpcf7-form-control wpcf7-text wpcf7-validates-as-required\" aria-required=\"true\" aria-invalid=\"false\" \/><\/span><\/label><br \/>\n<label>____________________________________ <\/label><br \/>\n<label>Nome do Diretor da Escola ou Curso:<br \/>\n<span class=\"wpcf7-form-control-wrap NomedoDiretordaEscolaouCurso\"><input type=\"text\" name=\"NomedoDiretordaEscolaouCurso\" value=\"\" size=\"40\" class=\"wpcf7-form-control wpcf7-text wpcf7-validates-as-required\" aria-required=\"true\" aria-invalid=\"false\" \/><\/span><\/label><br \/>\n<label> E-mail<br \/>\n    <span class=\"wpcf7-form-control-wrap your-email2\"><input type=\"email\" name=\"your-email2\" value=\"\" size=\"40\" class=\"wpcf7-form-control wpcf7-text wpcf7-email wpcf7-validates-as-required wpcf7-validates-as-email\" aria-required=\"true\" aria-invalid=\"false\" \/><\/span> <\/label><br \/>\n<label> Telefone de contato:<br \/>\n    <span class=\"wpcf7-form-control-wrap Telefonedecontato2\"><input type=\"tel\" name=\"Telefonedecontato2\" value=\"\" size=\"40\" class=\"wpcf7-form-control wpcf7-text wpcf7-tel wpcf7-validates-as-required wpcf7-validates-as-tel\" aria-required=\"true\" aria-invalid=\"false\" \/><\/span> <\/label><br \/>\n<label>____________________________________<\/label><br \/>\n<label>Nome do Chefe do Departamento (caso sua escola n\u00e3o possua essa fun\u00e7\u00e3o informar os dados do coordenador do curso):<br \/>\n<span class=\"wpcf7-form-control-wrap NomedoChefeDepto\"><input type=\"text\" name=\"NomedoChefeDepto\" value=\"\" size=\"40\" class=\"wpcf7-form-control wpcf7-text wpcf7-validates-as-required\" aria-required=\"true\" aria-invalid=\"false\" \/><\/span><\/label><br \/>\n<label> E-mail<br \/>\n    <span class=\"wpcf7-form-control-wrap your-email3\"><input type=\"email\" name=\"your-email3\" value=\"\" size=\"40\" class=\"wpcf7-form-control wpcf7-text wpcf7-email wpcf7-validates-as-required wpcf7-validates-as-email\" aria-required=\"true\" aria-invalid=\"false\" \/><\/span> <\/label><br \/>\n<label> Telefone de contato:<br \/>\n    <span class=\"wpcf7-form-control-wrap Telefonedecontato3\"><input type=\"tel\" name=\"Telefonedecontato3\" value=\"\" size=\"40\" class=\"wpcf7-form-control wpcf7-text wpcf7-tel wpcf7-validates-as-tel\" aria-invalid=\"false\" \/><\/span> <\/label><br \/>\n<label>____________________________________ <\/label><br \/>\n<label>Nome do Coordenador do Curso (caso sua escola n\u00e3o possua essa fun\u00e7\u00e3o informar os dados do chefe do departamento):<br \/>\n<span class=\"wpcf7-form-control-wrap NomedoCoordenadorCurso\"><input type=\"text\" name=\"NomedoCoordenadorCurso\" value=\"\" size=\"40\" class=\"wpcf7-form-control wpcf7-text wpcf7-validates-as-required\" aria-required=\"true\" aria-invalid=\"false\" \/><\/span><\/label><br \/>\n<label> E-mail<br \/>\n    <span class=\"wpcf7-form-control-wrap your-email4\"><input type=\"email\" name=\"your-email4\" value=\"\" size=\"40\" class=\"wpcf7-form-control wpcf7-text wpcf7-email wpcf7-validates-as-required wpcf7-validates-as-email\" aria-required=\"true\" aria-invalid=\"false\" \/><\/span> <\/label><br \/>\n<label> Telefone de contato:<br \/>\n    <span class=\"wpcf7-form-control-wrap Telefonedecontato4\"><input type=\"tel\" name=\"Telefonedecontato4\" value=\"\" size=\"40\" class=\"wpcf7-form-control wpcf7-text wpcf7-tel wpcf7-validates-as-required wpcf7-validates-as-tel\" aria-required=\"true\" aria-invalid=\"false\" \/><\/span> <\/label><br \/>\n<label>____________________________________ <\/label><br \/>\n<label>Nome da Secret\u00e1ria do Curso:<br \/>\n<span class=\"wpcf7-form-control-wrap NomedaSecretariaCurso\"><input type=\"text\" name=\"NomedaSecretariaCurso\" value=\"\" size=\"40\" class=\"wpcf7-form-control wpcf7-text wpcf7-validates-as-required\" aria-required=\"true\" aria-invalid=\"false\" \/><\/span><\/label><br \/>\n<label> E-mail<br \/>\n    <span class=\"wpcf7-form-control-wrap your-email5\"><input type=\"email\" name=\"your-email5\" value=\"\" size=\"40\" class=\"wpcf7-form-control wpcf7-text wpcf7-email wpcf7-validates-as-required wpcf7-validates-as-email\" aria-required=\"true\" aria-invalid=\"false\" \/><\/span> <\/label><br \/>\n<label> Telefone de contato:<br \/>\n    <span class=\"wpcf7-form-control-wrap Telefonedecontato5\"><input type=\"tel\" name=\"Telefonedecontato5\" value=\"\" size=\"40\" class=\"wpcf7-form-control wpcf7-text wpcf7-tel wpcf7-validates-as-required wpcf7-validates-as-tel\" aria-required=\"true\" aria-invalid=\"false\" \/><\/span> <\/label><br \/>\n<label>____________________________________ <\/label><br \/>\n<label>Home-Page do Curso:<br \/>\n<span class=\"wpcf7-form-control-wrap Homepagecurso\"><input type=\"text\" name=\"Homepagecurso\" value=\"\" size=\"40\" class=\"wpcf7-form-control wpcf7-text wpcf7-validates-as-required\" aria-required=\"true\" aria-invalid=\"false\" \/><\/span><\/label><br \/>\n<label>N\u00famero total de Docentes:<br \/>\n<span class=\"wpcf7-form-control-wrap numerototaldocentes\"><input type=\"number\" name=\"numerototaldocentes\" value=\"\" class=\"wpcf7-form-control wpcf7-number wpcf7-validates-as-required wpcf7-validates-as-number\" aria-required=\"true\" aria-invalid=\"false\" \/><\/span><\/label><br \/>\n<label>N\u00famero total de Discentes:<br \/>\n<span class=\"wpcf7-form-control-wrap numerototalDiscentes\"><input type=\"number\" name=\"numerototalDiscentes\" value=\"\" class=\"wpcf7-form-control wpcf7-number wpcf7-validates-as-required wpcf7-validates-as-number\" aria-required=\"true\" aria-invalid=\"false\" \/><\/span><\/label><br \/>\n<label>N\u00famero total de t\u00e9cnico administrativo:<br \/>\n<span class=\"wpcf7-form-control-wrap numerotecnicosadministrativos\"><input type=\"number\" name=\"numerotecnicosadministrativos\" value=\"\" class=\"wpcf7-form-control wpcf7-number wpcf7-validates-as-required wpcf7-validates-as-number\" aria-required=\"true\" aria-invalid=\"false\" \/><\/span><\/label><\/p>\n<p><label>Anexar documentos: <\/label><br \/>\n1. Of\u00edcio  do  respons\u00e1vel  pela  Institui\u00e7\u00e3o  em  papel  timbrado: <span class=\"wpcf7-form-control-wrap Oficiorespinstituiao\"><input type=\"file\" name=\"Oficiorespinstituiao\" size=\"40\" class=\"wpcf7-form-control wpcf7-file wpcf7-validates-as-required\" accept=\".jpg,.jpeg,.png,.gif,.pdf,.doc,.docx,.ppt,.pptx,.odt,.avi,.ogg,.m4a,.mov,.mp3,.mp4,.mpg,.wav,.wmv\" aria-required=\"true\" aria-invalid=\"false\" \/><\/span><br \/>\n2. Ato autorizativo da oferta do Curso: <span class=\"wpcf7-form-control-wrap autorizativocurso\"><input type=\"file\" name=\"autorizativocurso\" size=\"40\" class=\"wpcf7-form-control wpcf7-file wpcf7-validates-as-required\" accept=\".jpg,.jpeg,.png,.gif,.pdf,.doc,.docx,.ppt,.pptx,.odt,.avi,.ogg,.m4a,.mov,.mp3,.mp4,.mpg,.wav,.wmv\" aria-required=\"true\" aria-invalid=\"false\" \/><\/span><br \/>\n3. C\u00f3pia do Projeto Pedag\u00f3gico do Curso: <span class=\"wpcf7-form-control-wrap projetopedagogico\"><input type=\"file\" name=\"projetopedagogico\" size=\"40\" class=\"wpcf7-form-control wpcf7-file wpcf7-validates-as-required\" accept=\".jpg,.jpeg,.png,.gif,.pdf,.doc,.docx,.ppt,.pptx,.odt,.avi,.ogg,.m4a,.mov,.mp3,.mp4,.mpg,.wav,.wmv\" aria-required=\"true\" aria-invalid=\"false\" \/><\/span><br \/>\n4. Comprovante de reconhecimento do Curso: <span class=\"wpcf7-form-control-wrap comprovantereconhecimento\"><input type=\"file\" name=\"comprovantereconhecimento\" size=\"40\" class=\"wpcf7-form-control wpcf7-file wpcf7-validates-as-required\" accept=\".jpg,.jpeg,.png,.gif,.pdf,.doc,.docx,.ppt,.pptx,.odt,.avi,.ogg,.m4a,.mov,.mp3,.mp4,.mpg,.wav,.wmv\" aria-required=\"true\" aria-invalid=\"false\" \/><\/span><br \/>\n5. Comprovante de pagamento de Associa\u00e7\u00e3o como filiada \u00e0 ABEn: <span class=\"wpcf7-form-control-wrap comprovantepagamento\"><input type=\"file\" name=\"comprovantepagamento\" size=\"40\" class=\"wpcf7-form-control wpcf7-file wpcf7-validates-as-required\" accept=\".jpg,.jpeg,.png,.gif,.pdf,.doc,.docx,.ppt,.pptx,.odt,.avi,.ogg,.m4a,.mov,.mp3,.mp4,.mpg,.wav,.wmv\" aria-required=\"true\" aria-invalid=\"false\" \/><\/span><\/p>\n<p><input type=\"submit\" value=\"Enviar\" class=\"wpcf7-form-control has-spinner wpcf7-submit\" \/><\/p>\n<div class=\"wpcf7-response-output\" aria-hidden=\"true\"><\/div><\/form><\/div>\n","protected":false},"excerpt":{"rendered":"<p>Para efetuar sua filia\u00e7\u00e3o, preencha o formul\u00e1rio abaixo com as informa\u00e7\u00f5es necess\u00e1rias e anexe os documentos solicitados. &#8230;&#8230;&#8230;&#8230;&#8230;&#8230;&#8230;&#8230;&#8230;&#8230;&#8230;&#8230;&#8230;&#8230;&#8230;&#8230;&#8230;&#8230;&#8230;&#8230;&#8230;&#8230;&#8230;&#8230;&#8230;&#8230;&#8230;&#8230;&#8230;&#8230;&#8230;&#8230;&#8230;&#8230; 1 &#8211; INFORMA\u00c7\u00d5ES SOBRE A INSTITUI\u00c7\u00c3O<\/p>\n","protected":false},"author":1,"featured_media":0,"parent":0,"menu_order":0,"comment_status":"closed","ping_status":"closed","template":"","meta":{"spay_email":""},"yoast_head":"<!-- This site is optimized with the Yoast SEO plugin v18.3 - https:\/\/yoast.com\/wordpress\/plugins\/seo\/ -->\n<title>Afilie-se - ABEn Nacional<\/title>\n<meta name=\"robots\" content=\"index, follow, max-snippet:-1, max-image-preview:large, max-video-preview:-1\" \/>\n<link rel=\"canonical\" href=\"https:\/\/www.abennacional.org.br\/site\/afiliar\/\" \/>\n<meta property=\"og:locale\" content=\"pt_BR\" \/>\n<meta property=\"og:type\" content=\"article\" \/>\n<meta property=\"og:title\" content=\"Afilie-se - ABEn Nacional\" \/>\n<meta property=\"og:description\" content=\"Para efetuar sua filia\u00e7\u00e3o, preencha o formul\u00e1rio abaixo com as informa\u00e7\u00f5es necess\u00e1rias e anexe os documentos solicitados. &#8230;&#8230;&#8230;&#8230;&#8230;&#8230;&#8230;&#8230;&#8230;&#8230;&#8230;&#8230;&#8230;&#8230;&#8230;&#8230;&#8230;&#8230;&#8230;&#8230;&#8230;&#8230;&#8230;&#8230;&#8230;&#8230;&#8230;&#8230;&#8230;&#8230;&#8230;&#8230;&#8230;&#8230; 1 &#8211; INFORMA\u00c7\u00d5ES SOBRE A INSTITUI\u00c7\u00c3O\" \/>\n<meta property=\"og:url\" content=\"https:\/\/www.abennacional.org.br\/site\/afiliar\/\" \/>\n<meta property=\"og:site_name\" content=\"ABEn Nacional\" \/>\n<meta property=\"article:publisher\" content=\"https:\/\/www.facebook.com\/ABEn-Nacional-202551919840028\/\" \/>\n<meta property=\"article:modified_time\" content=\"2019-03-27T11:13:49+00:00\" \/>\n<meta name=\"twitter:card\" content=\"summary_large_image\" \/>\n<script type=\"application\/ld+json\" class=\"yoast-schema-graph\">{\"@context\":\"https:\/\/schema.org\",\"@graph\":[{\"@type\":\"Organization\",\"@id\":\"https:\/\/www.abennacional.org.br\/site\/#organization\",\"name\":\"ABEn Nacional\",\"url\":\"https:\/\/www.abennacional.org.br\/site\/\",\"sameAs\":[\"https:\/\/www.facebook.com\/ABEn-Nacional-202551919840028\/\",\"https:\/\/br.linkedin.com\/in\/aben-nacional-42385511b\",\"https:\/\/www.youtube.com\/watch?v=m8cvAUgypCI\"],\"logo\":{\"@type\":\"ImageObject\",\"@id\":\"https:\/\/www.abennacional.org.br\/site\/#logo\",\"inLanguage\":\"pt-BR\",\"url\":\"https:\/\/www.abennacional.org.br\/site\/wp-content\/uploads\/2018\/12\/logoaben_grande-2.png\",\"contentUrl\":\"https:\/\/www.abennacional.org.br\/site\/wp-content\/uploads\/2018\/12\/logoaben_grande-2.png\",\"width\":410,\"height\":139,\"caption\":\"ABEn Nacional\"},\"image\":{\"@id\":\"https:\/\/www.abennacional.org.br\/site\/#logo\"}},{\"@type\":\"WebSite\",\"@id\":\"https:\/\/www.abennacional.org.br\/site\/#website\",\"url\":\"https:\/\/www.abennacional.org.br\/site\/\",\"name\":\"ABEn Nacional\",\"description\":\"Associa\u00e7\u00e3o Brasileira de Enfermagem\",\"publisher\":{\"@id\":\"https:\/\/www.abennacional.org.br\/site\/#organization\"},\"potentialAction\":[{\"@type\":\"SearchAction\",\"target\":{\"@type\":\"EntryPoint\",\"urlTemplate\":\"https:\/\/www.abennacional.org.br\/site\/?s={search_term_string}\"},\"query-input\":\"required name=search_term_string\"}],\"inLanguage\":\"pt-BR\"},{\"@type\":\"WebPage\",\"@id\":\"https:\/\/www.abennacional.org.br\/site\/afiliar\/#webpage\",\"url\":\"https:\/\/www.abennacional.org.br\/site\/afiliar\/\",\"name\":\"Afilie-se - ABEn Nacional\",\"isPartOf\":{\"@id\":\"https:\/\/www.abennacional.org.br\/site\/#website\"},\"datePublished\":\"2019-03-25T17:31:22+00:00\",\"dateModified\":\"2019-03-27T11:13:49+00:00\",\"breadcrumb\":{\"@id\":\"https:\/\/www.abennacional.org.br\/site\/afiliar\/#breadcrumb\"},\"inLanguage\":\"pt-BR\",\"potentialAction\":[{\"@type\":\"ReadAction\",\"target\":[\"https:\/\/www.abennacional.org.br\/site\/afiliar\/\"]}]},{\"@type\":\"BreadcrumbList\",\"@id\":\"https:\/\/www.abennacional.org.br\/site\/afiliar\/#breadcrumb\",\"itemListElement\":[{\"@type\":\"ListItem\",\"position\":1,\"name\":\"In\u00edcio\",\"item\":\"https:\/\/www.abennacional.org.br\/site\/\"},{\"@type\":\"ListItem\",\"position\":2,\"name\":\"Afilie-se\"}]}]}<\/script>\n<!-- \/ Yoast SEO plugin. -->","yoast_head_json":{"title":"Afilie-se - ABEn Nacional","robots":{"index":"index","follow":"follow","max-snippet":"max-snippet:-1","max-image-preview":"max-image-preview:large","max-video-preview":"max-video-preview:-1"},"canonical":"https:\/\/www.abennacional.org.br\/site\/afiliar\/","og_locale":"pt_BR","og_type":"article","og_title":"Afilie-se - ABEn Nacional","og_description":"Para efetuar sua filia\u00e7\u00e3o, preencha o formul\u00e1rio abaixo com as informa\u00e7\u00f5es necess\u00e1rias e anexe os documentos solicitados. &#8230;&#8230;&#8230;&#8230;&#8230;&#8230;&#8230;&#8230;&#8230;&#8230;&#8230;&#8230;&#8230;&#8230;&#8230;&#8230;&#8230;&#8230;&#8230;&#8230;&#8230;&#8230;&#8230;&#8230;&#8230;&#8230;&#8230;&#8230;&#8230;&#8230;&#8230;&#8230;&#8230;&#8230; 1 &#8211; INFORMA\u00c7\u00d5ES SOBRE A INSTITUI\u00c7\u00c3O","og_url":"https:\/\/www.abennacional.org.br\/site\/afiliar\/","og_site_name":"ABEn Nacional","article_publisher":"https:\/\/www.facebook.com\/ABEn-Nacional-202551919840028\/","article_modified_time":"2019-03-27T11:13:49+00:00","twitter_card":"summary_large_image","schema":{"@context":"https:\/\/schema.org","@graph":[{"@type":"Organization","@id":"https:\/\/www.abennacional.org.br\/site\/#organization","name":"ABEn Nacional","url":"https:\/\/www.abennacional.org.br\/site\/","sameAs":["https:\/\/www.facebook.com\/ABEn-Nacional-202551919840028\/","https:\/\/br.linkedin.com\/in\/aben-nacional-42385511b","https:\/\/www.youtube.com\/watch?v=m8cvAUgypCI"],"logo":{"@type":"ImageObject","@id":"https:\/\/www.abennacional.org.br\/site\/#logo","inLanguage":"pt-BR","url":"https:\/\/www.abennacional.org.br\/site\/wp-content\/uploads\/2018\/12\/logoaben_grande-2.png","contentUrl":"https:\/\/www.abennacional.org.br\/site\/wp-content\/uploads\/2018\/12\/logoaben_grande-2.png","width":410,"height":139,"caption":"ABEn Nacional"},"image":{"@id":"https:\/\/www.abennacional.org.br\/site\/#logo"}},{"@type":"WebSite","@id":"https:\/\/www.abennacional.org.br\/site\/#website","url":"https:\/\/www.abennacional.org.br\/site\/","name":"ABEn Nacional","description":"Associa\u00e7\u00e3o Brasileira de Enfermagem","publisher":{"@id":"https:\/\/www.abennacional.org.br\/site\/#organization"},"potentialAction":[{"@type":"SearchAction","target":{"@type":"EntryPoint","urlTemplate":"https:\/\/www.abennacional.org.br\/site\/?s={search_term_string}"},"query-input":"required name=search_term_string"}],"inLanguage":"pt-BR"},{"@type":"WebPage","@id":"https:\/\/www.abennacional.org.br\/site\/afiliar\/#webpage","url":"https:\/\/www.abennacional.org.br\/site\/afiliar\/","name":"Afilie-se - ABEn Nacional","isPartOf":{"@id":"https:\/\/www.abennacional.org.br\/site\/#website"},"datePublished":"2019-03-25T17:31:22+00:00","dateModified":"2019-03-27T11:13:49+00:00","breadcrumb":{"@id":"https:\/\/www.abennacional.org.br\/site\/afiliar\/#breadcrumb"},"inLanguage":"pt-BR","potentialAction":[{"@type":"ReadAction","target":["https:\/\/www.abennacional.org.br\/site\/afiliar\/"]}]},{"@type":"BreadcrumbList","@id":"https:\/\/www.abennacional.org.br\/site\/afiliar\/#breadcrumb","itemListElement":[{"@type":"ListItem","position":1,"name":"In\u00edcio","item":"https:\/\/www.abennacional.org.br\/site\/"},{"@type":"ListItem","position":2,"name":"Afilie-se"}]}]}},"jetpack_sharing_enabled":true,"jetpack_shortlink":"https:\/\/wp.me\/PaUzFo-Mk","_links":{"self":[{"href":"https:\/\/www.abennacional.org.br\/site\/wp-json\/wp\/v2\/pages\/2996"}],"collection":[{"href":"https:\/\/www.abennacional.org.br\/site\/wp-json\/wp\/v2\/pages"}],"about":[{"href":"https:\/\/www.abennacional.org.br\/site\/wp-json\/wp\/v2\/types\/page"}],"author":[{"embeddable":true,"href":"https:\/\/www.abennacional.org.br\/site\/wp-json\/wp\/v2\/users\/1"}],"replies":[{"embeddable":true,"href":"https:\/\/www.abennacional.org.br\/site\/wp-json\/wp\/v2\/comments?post=2996"}],"version-history":[{"count":16,"href":"https:\/\/www.abennacional.org.br\/site\/wp-json\/wp\/v2\/pages\/2996\/revisions"}],"predecessor-version":[{"id":3056,"href":"https:\/\/www.abennacional.org.br\/site\/wp-json\/wp\/v2\/pages\/2996\/revisions\/3056"}],"wp:attachment":[{"href":"https:\/\/www.abennacional.org.br\/site\/wp-json\/wp\/v2\/media?parent=2996"}],"curies":[{"name":"wp","href":"https:\/\/api.w.org\/{rel}","templated":true}]}}