{"id":3161,"date":"2019-03-28T18:22:11","date_gmt":"2019-03-28T21:22:11","guid":{"rendered":"http:\/\/www.abennacional.org.br\/site\/?page_id=3161"},"modified":"2019-11-01T16:17:08","modified_gmt":"2019-11-01T19:17:08","slug":"edital-prova-titulo","status":"publish","type":"page","link":"https:\/\/www.abennacional.org.br\/site\/edital-prova-titulo\/","title":{"rendered":"EDITAL | Prova de T\u00edtulo de Especialista em Enfermagem Gerontol\u00f3gica"},"content":{"rendered":"\n<p><strong>DEPARTAMENTO CIENT\u00cdFICO DE ENFERMAGEM GERONTOL\u00d3GICA<\/strong><\/p>\n\n\n\n<p><strong>A ABEn divulga edital de convoca\u00e7\u00e3o para Prova de Titulo de Especialista em Enfermagem Gerontol\u00f3gica<\/strong> <\/p>\n\n\n\n<p><br><\/p>\n\n\n\n<p>A Associa\u00e7\u00e3o Brasileira de Enfermagem&nbsp; (ABEn), pessoa jur\u00eddica de direito privado, sem fins lucrativos, de utilidade p\u00fablica declarada pelo Decreto n\u00ba 31.417, de 9 de setembro de 1952, aplicar\u00e1 <strong>PROVA PARA A OBTEN\u00c7\u00c3O DO T\u00cdTULO DE ESPECIALISTA EM ENFERMAGEM GERONTOL\u00d3GICA<\/strong>, conforme prev\u00ea o seu Estatuto Social, a Resolu\u00e7\u00e3o COFEN N\u00ba &nbsp;570\/2018, &nbsp;as regras e condi\u00e7\u00f5es constantes neste Edital. <\/p>\n\n\n\n<p>&#8230;&#8230;&#8230;&#8230;&#8230;&#8230;&#8230;&#8230;&#8230;&#8230;&#8230;&#8230;&#8230;&#8230;&#8230;&#8230;&#8230;&#8230;&#8230;&#8230;&#8230;&#8230;&#8230;&#8230;&#8230;&#8230;&#8230;&#8230;&#8230;&#8230;&#8230;&#8230;&#8230;&#8230;&#8230;&#8230;.<br><br>Confira abaixo o edital e  inscri\u00e7\u00e3o:<br><\/p>\n\n\n\n<p>\u2022 <strong>Edital ABEn\u00a0 n\u00ba 01\/2019<\/strong>. <a rel=\"noreferrer noopener\" aria-label=\" (opens in a new tab)\" href=\"https:\/\/www.abennacional.org.br\/site\/wp-content\/uploads\/2019\/09\/DCEG_Edital_Prova_especialista1.pdf\" target=\"_blank\">Clique aqui<\/a>. <br>\u2022 <strong>Inscri\u00e7\u00e3o para Prova<\/strong>. <a href=\"https:\/\/www.abennacional.org.br\/site\/inscricao-prova-geron\/\">Clique aqui<\/a><a rel=\"noreferrer noopener\" aria-label=\" (opens in a new tab)\" href=\"https:\/\/www.abennacional.org.br\/site\/wp-content\/uploads\/2019\/09\/DCEG_Edital_Prova_especialista1.pdf\" target=\"_blank\">. <\/a><br>\u2022 <strong>Refer\u00eancias bibliogr\u00e1ficas sugeridas<\/strong>. <a rel=\"noreferrer noopener\" aria-label=\" (opens in a new tab)\" href=\"https:\/\/www.abennacional.org.br\/site\/wp-content\/uploads\/2019\/10\/Refererncias_sugeridas1.pdf\" target=\"_blank\">Clique aqui<\/a>.<br>\u2022 <strong>Homologa\u00e7\u00e3o das Inscri\u00e7\u00f5es<\/strong>. <a rel=\"noreferrer noopener\" aria-label=\" (opens in a new tab)\" href=\"https:\/\/www.abennacional.org.br\/site\/wp-content\/uploads\/2019\/11\/homolacao_inscricao_GEOTO.pdf\" target=\"_blank\">Clique aqui<\/a>.<\/p>\n\n\n\n<p><br><br><br><\/p>\n","protected":false},"excerpt":{"rendered":"<p>DEPARTAMENTO CIENT\u00cdFICO DE ENFERMAGEM GERONTOL\u00d3GICA A ABEn divulga edital de convoca\u00e7\u00e3o para Prova de Titulo de Especialista em Enfermagem Gerontol\u00f3gica A Associa\u00e7\u00e3o Brasileira de Enfermagem&nbsp; (ABEn), pessoa jur\u00eddica de direito privado, sem fins lucrativos, de utilidade p\u00fablica declarada pelo Decreto n\u00ba 31.417, de 9 de setembro de 1952, aplicar\u00e1 PROVA PARA A OBTEN\u00c7\u00c3O DO T\u00cdTULO [&hellip;]<\/p>\n","protected":false},"author":1,"featured_media":0,"parent":0,"menu_order":0,"comment_status":"closed","ping_status":"closed","template":"","meta":{"spay_email":""},"yoast_head":"<!-- This site is optimized with the Yoast SEO plugin v18.3 - https:\/\/yoast.com\/wordpress\/plugins\/seo\/ -->\n<title>EDITAL | Prova de T\u00edtulo de Especialista em Enfermagem Gerontol\u00f3gica - ABEn Nacional<\/title>\n<meta name=\"robots\" content=\"index, follow, max-snippet:-1, max-image-preview:large, max-video-preview:-1\" \/>\n<link rel=\"canonical\" href=\"https:\/\/www.abennacional.org.br\/site\/edital-prova-titulo\/\" \/>\n<meta property=\"og:locale\" content=\"pt_BR\" \/>\n<meta property=\"og:type\" content=\"article\" \/>\n<meta property=\"og:title\" content=\"EDITAL | Prova de T\u00edtulo de Especialista em Enfermagem Gerontol\u00f3gica - ABEn Nacional\" \/>\n<meta property=\"og:description\" content=\"DEPARTAMENTO CIENT\u00cdFICO DE ENFERMAGEM GERONTOL\u00d3GICA A ABEn divulga edital de convoca\u00e7\u00e3o para Prova de Titulo de Especialista em Enfermagem Gerontol\u00f3gica A Associa\u00e7\u00e3o Brasileira de Enfermagem&nbsp; (ABEn), pessoa jur\u00eddica de direito privado, sem fins lucrativos, de utilidade p\u00fablica declarada pelo Decreto n\u00ba 31.417, de 9 de setembro de 1952, aplicar\u00e1 PROVA PARA A OBTEN\u00c7\u00c3O DO T\u00cdTULO [&hellip;]\" \/>\n<meta property=\"og:url\" content=\"https:\/\/www.abennacional.org.br\/site\/edital-prova-titulo\/\" \/>\n<meta property=\"og:site_name\" content=\"ABEn Nacional\" \/>\n<meta property=\"article:publisher\" content=\"https:\/\/www.facebook.com\/ABEn-Nacional-202551919840028\/\" \/>\n<meta property=\"article:modified_time\" content=\"2019-11-01T19:17:08+00:00\" \/>\n<meta name=\"twitter:card\" content=\"summary_large_image\" \/>\n<meta name=\"twitter:label1\" content=\"Est. tempo de leitura\" \/>\n\t<meta name=\"twitter:data1\" content=\"1 minuto\" \/>\n<script type=\"application\/ld+json\" class=\"yoast-schema-graph\">{\"@context\":\"https:\/\/schema.org\",\"@graph\":[{\"@type\":\"Organization\",\"@id\":\"https:\/\/www.abennacional.org.br\/site\/#organization\",\"name\":\"ABEn Nacional\",\"url\":\"https:\/\/www.abennacional.org.br\/site\/\",\"sameAs\":[\"https:\/\/www.facebook.com\/ABEn-Nacional-202551919840028\/\",\"https:\/\/br.linkedin.com\/in\/aben-nacional-42385511b\",\"https:\/\/www.youtube.com\/watch?v=m8cvAUgypCI\"],\"logo\":{\"@type\":\"ImageObject\",\"@id\":\"https:\/\/www.abennacional.org.br\/site\/#logo\",\"inLanguage\":\"pt-BR\",\"url\":\"https:\/\/www.abennacional.org.br\/site\/wp-content\/uploads\/2018\/12\/logoaben_grande-2.png\",\"contentUrl\":\"https:\/\/www.abennacional.org.br\/site\/wp-content\/uploads\/2018\/12\/logoaben_grande-2.png\",\"width\":410,\"height\":139,\"caption\":\"ABEn Nacional\"},\"image\":{\"@id\":\"https:\/\/www.abennacional.org.br\/site\/#logo\"}},{\"@type\":\"WebSite\",\"@id\":\"https:\/\/www.abennacional.org.br\/site\/#website\",\"url\":\"https:\/\/www.abennacional.org.br\/site\/\",\"name\":\"ABEn Nacional\",\"description\":\"Associa\u00e7\u00e3o Brasileira de Enfermagem\",\"publisher\":{\"@id\":\"https:\/\/www.abennacional.org.br\/site\/#organization\"},\"potentialAction\":[{\"@type\":\"SearchAction\",\"target\":{\"@type\":\"EntryPoint\",\"urlTemplate\":\"https:\/\/www.abennacional.org.br\/site\/?s={search_term_string}\"},\"query-input\":\"required name=search_term_string\"}],\"inLanguage\":\"pt-BR\"},{\"@type\":\"WebPage\",\"@id\":\"https:\/\/www.abennacional.org.br\/site\/edital-prova-titulo\/#webpage\",\"url\":\"https:\/\/www.abennacional.org.br\/site\/edital-prova-titulo\/\",\"name\":\"EDITAL | Prova de T\u00edtulo de Especialista em Enfermagem Gerontol\u00f3gica - ABEn Nacional\",\"isPartOf\":{\"@id\":\"https:\/\/www.abennacional.org.br\/site\/#website\"},\"datePublished\":\"2019-03-28T21:22:11+00:00\",\"dateModified\":\"2019-11-01T19:17:08+00:00\",\"breadcrumb\":{\"@id\":\"https:\/\/www.abennacional.org.br\/site\/edital-prova-titulo\/#breadcrumb\"},\"inLanguage\":\"pt-BR\",\"potentialAction\":[{\"@type\":\"ReadAction\",\"target\":[\"https:\/\/www.abennacional.org.br\/site\/edital-prova-titulo\/\"]}]},{\"@type\":\"BreadcrumbList\",\"@id\":\"https:\/\/www.abennacional.org.br\/site\/edital-prova-titulo\/#breadcrumb\",\"itemListElement\":[{\"@type\":\"ListItem\",\"position\":1,\"name\":\"In\u00edcio\",\"item\":\"https:\/\/www.abennacional.org.br\/site\/\"},{\"@type\":\"ListItem\",\"position\":2,\"name\":\"EDITAL | Prova de T\u00edtulo de Especialista em Enfermagem Gerontol\u00f3gica\"}]}]}<\/script>\n<!-- \/ Yoast SEO plugin. -->","yoast_head_json":{"title":"EDITAL | Prova de T\u00edtulo de Especialista em Enfermagem Gerontol\u00f3gica - ABEn Nacional","robots":{"index":"index","follow":"follow","max-snippet":"max-snippet:-1","max-image-preview":"max-image-preview:large","max-video-preview":"max-video-preview:-1"},"canonical":"https:\/\/www.abennacional.org.br\/site\/edital-prova-titulo\/","og_locale":"pt_BR","og_type":"article","og_title":"EDITAL | Prova de T\u00edtulo de Especialista em Enfermagem Gerontol\u00f3gica - ABEn Nacional","og_description":"DEPARTAMENTO CIENT\u00cdFICO DE ENFERMAGEM GERONTOL\u00d3GICA A ABEn divulga edital de convoca\u00e7\u00e3o para Prova de Titulo de Especialista em Enfermagem Gerontol\u00f3gica A Associa\u00e7\u00e3o Brasileira de Enfermagem&nbsp; (ABEn), pessoa jur\u00eddica de direito privado, sem fins lucrativos, de utilidade p\u00fablica declarada pelo Decreto n\u00ba 31.417, de 9 de setembro de 1952, aplicar\u00e1 PROVA PARA A OBTEN\u00c7\u00c3O DO T\u00cdTULO [&hellip;]","og_url":"https:\/\/www.abennacional.org.br\/site\/edital-prova-titulo\/","og_site_name":"ABEn Nacional","article_publisher":"https:\/\/www.facebook.com\/ABEn-Nacional-202551919840028\/","article_modified_time":"2019-11-01T19:17:08+00:00","twitter_card":"summary_large_image","twitter_misc":{"Est. tempo de leitura":"1 minuto"},"schema":{"@context":"https:\/\/schema.org","@graph":[{"@type":"Organization","@id":"https:\/\/www.abennacional.org.br\/site\/#organization","name":"ABEn Nacional","url":"https:\/\/www.abennacional.org.br\/site\/","sameAs":["https:\/\/www.facebook.com\/ABEn-Nacional-202551919840028\/","https:\/\/br.linkedin.com\/in\/aben-nacional-42385511b","https:\/\/www.youtube.com\/watch?v=m8cvAUgypCI"],"logo":{"@type":"ImageObject","@id":"https:\/\/www.abennacional.org.br\/site\/#logo","inLanguage":"pt-BR","url":"https:\/\/www.abennacional.org.br\/site\/wp-content\/uploads\/2018\/12\/logoaben_grande-2.png","contentUrl":"https:\/\/www.abennacional.org.br\/site\/wp-content\/uploads\/2018\/12\/logoaben_grande-2.png","width":410,"height":139,"caption":"ABEn Nacional"},"image":{"@id":"https:\/\/www.abennacional.org.br\/site\/#logo"}},{"@type":"WebSite","@id":"https:\/\/www.abennacional.org.br\/site\/#website","url":"https:\/\/www.abennacional.org.br\/site\/","name":"ABEn Nacional","description":"Associa\u00e7\u00e3o Brasileira de Enfermagem","publisher":{"@id":"https:\/\/www.abennacional.org.br\/site\/#organization"},"potentialAction":[{"@type":"SearchAction","target":{"@type":"EntryPoint","urlTemplate":"https:\/\/www.abennacional.org.br\/site\/?s={search_term_string}"},"query-input":"required name=search_term_string"}],"inLanguage":"pt-BR"},{"@type":"WebPage","@id":"https:\/\/www.abennacional.org.br\/site\/edital-prova-titulo\/#webpage","url":"https:\/\/www.abennacional.org.br\/site\/edital-prova-titulo\/","name":"EDITAL | Prova de T\u00edtulo de Especialista em Enfermagem Gerontol\u00f3gica - ABEn Nacional","isPartOf":{"@id":"https:\/\/www.abennacional.org.br\/site\/#website"},"datePublished":"2019-03-28T21:22:11+00:00","dateModified":"2019-11-01T19:17:08+00:00","breadcrumb":{"@id":"https:\/\/www.abennacional.org.br\/site\/edital-prova-titulo\/#breadcrumb"},"inLanguage":"pt-BR","potentialAction":[{"@type":"ReadAction","target":["https:\/\/www.abennacional.org.br\/site\/edital-prova-titulo\/"]}]},{"@type":"BreadcrumbList","@id":"https:\/\/www.abennacional.org.br\/site\/edital-prova-titulo\/#breadcrumb","itemListElement":[{"@type":"ListItem","position":1,"name":"In\u00edcio","item":"https:\/\/www.abennacional.org.br\/site\/"},{"@type":"ListItem","position":2,"name":"EDITAL | Prova de T\u00edtulo de Especialista em Enfermagem Gerontol\u00f3gica"}]}]}},"jetpack_sharing_enabled":true,"jetpack_shortlink":"https:\/\/wp.me\/PaUzFo-OZ","_links":{"self":[{"href":"https:\/\/www.abennacional.org.br\/site\/wp-json\/wp\/v2\/pages\/3161"}],"collection":[{"href":"https:\/\/www.abennacional.org.br\/site\/wp-json\/wp\/v2\/pages"}],"about":[{"href":"https:\/\/www.abennacional.org.br\/site\/wp-json\/wp\/v2\/types\/page"}],"author":[{"embeddable":true,"href":"https:\/\/www.abennacional.org.br\/site\/wp-json\/wp\/v2\/users\/1"}],"replies":[{"embeddable":true,"href":"https:\/\/www.abennacional.org.br\/site\/wp-json\/wp\/v2\/comments?post=3161"}],"version-history":[{"count":27,"href":"https:\/\/www.abennacional.org.br\/site\/wp-json\/wp\/v2\/pages\/3161\/revisions"}],"predecessor-version":[{"id":5537,"href":"https:\/\/www.abennacional.org.br\/site\/wp-json\/wp\/v2\/pages\/3161\/revisions\/5537"}],"wp:attachment":[{"href":"https:\/\/www.abennacional.org.br\/site\/wp-json\/wp\/v2\/media?parent=3161"}],"curies":[{"name":"wp","href":"https:\/\/api.w.org\/{rel}","templated":true}]}}