{"id":3232,"date":"2019-04-03T11:21:31","date_gmt":"2019-04-03T14:21:31","guid":{"rendered":"http:\/\/www.abennacional.org.br\/site\/?page_id=3232"},"modified":"2019-04-03T11:41:37","modified_gmt":"2019-04-03T14:41:37","slug":"cirhrt","status":"publish","type":"page","link":"https:\/\/www.abennacional.org.br\/site\/cirhrt\/","title":{"rendered":"CIRHRT"},"content":{"rendered":"\n<p><\/p>\n\n\n\n<p><strong>COMISS\u00c3O INTERSETORIAL DE RECURSOS HUMANOS E RELA\u00c7\u00d5ES DE TRABALHO<\/strong><br><\/p>\n\n\n\n<p><strong>A CIRHRT<\/strong>&nbsp;assessora o Conselho Nacional de Sa\u00fade&nbsp; (CNS) nos temas referentes \u00e0 Pol\u00edtica Nacional de Educa\u00e7\u00e3o Permanente em Sa\u00fade (PNEPS) para os (as) trabalhadores(as) do SUS. Suas atribui\u00e7\u00f5es est\u00e3o previstas na Lei n\u00ba 8.080\/1990. <\/p>\n\n\n\n<p>A Comiss\u00e3o articula pol\u00edticas e programas na perspectiva da integra\u00e7\u00e3o ensino-servi\u00e7o-gest\u00e3o-comunidade, al\u00e9m de formular diretrizes para a gest\u00e3o do trabalho e da educa\u00e7\u00e3o na sa\u00fade, seja em n\u00edvel t\u00e9cnico, gradua\u00e7\u00e3o ou p\u00f3s-gradua\u00e7\u00e3o. Dentre suas atribui\u00e7\u00f5es, a CIRHRT elabora pareceres de processos de autoriza\u00e7\u00e3o, reconhecimento e renova\u00e7\u00e3o de cursos de gradua\u00e7\u00e3o da \u00e1rea da sa\u00fade, pautados nas necessidades sociais em sa\u00fade. <\/p>\n\n\n\n<p>A comiss\u00e3o \u00e9 composta por representantes das associa\u00e7\u00f5es de ensino, conselhos federais, federa\u00e7\u00f5es profissionais e executivas estudantis da \u00e1rea da sa\u00fade, gestores do Minist\u00e9rio da Sa\u00fade e Minist\u00e9rio da Educa\u00e7\u00e3o, docentes, trabalhadores, conselheiros de sa\u00fade dentre outros. A Comiss\u00e3o tamb\u00e9m possui uma C\u00e2mara T\u00e9cnica que trata dos especificamente dos temas ligados \u00e0 forma\u00e7\u00e3o em Sa\u00fade.<\/p>\n\n\n\n<p><br><br><\/p>\n\n\n\n<p><strong>Representante da ABEn na CIRHRT:<\/strong><br>Edlamar K\u00e1tia Adamy<br><em>Diretora de Educa\u00e7\u00e3o<\/em><br><br><\/p>\n\n\n\n<p>Link de acesso a CIRHRT:<\/p>\n\n\n\n<p><a href=\"http:\/\/conselho.saude.gov.br\/Web_comissoes\/cirhrt\/index.html\" target=\"_blank\" rel=\"noreferrer noopener\" aria-label=\" (abre numa nova aba)\">http:\/\/conselho.saude.gov.br\/Web_comissoes\/cirhrt\/index.html<\/a><\/p>\n","protected":false},"excerpt":{"rendered":"<p>COMISS\u00c3O INTERSETORIAL DE RECURSOS HUMANOS E RELA\u00c7\u00d5ES DE TRABALHO A CIRHRT&nbsp;assessora o Conselho Nacional de Sa\u00fade&nbsp; (CNS) nos temas referentes \u00e0 Pol\u00edtica Nacional de Educa\u00e7\u00e3o Permanente em Sa\u00fade (PNEPS) para os (as) trabalhadores(as) do SUS. Suas atribui\u00e7\u00f5es est\u00e3o previstas na Lei n\u00ba 8.080\/1990. A Comiss\u00e3o articula pol\u00edticas e programas na perspectiva da integra\u00e7\u00e3o ensino-servi\u00e7o-gest\u00e3o-comunidade, al\u00e9m [&hellip;]<\/p>\n","protected":false},"author":1,"featured_media":0,"parent":0,"menu_order":0,"comment_status":"closed","ping_status":"closed","template":"","meta":{"spay_email":""},"yoast_head":"<!-- This site is optimized with the Yoast SEO plugin v18.3 - https:\/\/yoast.com\/wordpress\/plugins\/seo\/ -->\n<title>CIRHRT - ABEn Nacional<\/title>\n<meta name=\"robots\" content=\"index, follow, max-snippet:-1, max-image-preview:large, max-video-preview:-1\" \/>\n<link rel=\"canonical\" href=\"https:\/\/www.abennacional.org.br\/site\/cirhrt\/\" \/>\n<meta property=\"og:locale\" content=\"pt_BR\" \/>\n<meta property=\"og:type\" content=\"article\" \/>\n<meta property=\"og:title\" content=\"CIRHRT - ABEn Nacional\" \/>\n<meta property=\"og:description\" content=\"COMISS\u00c3O INTERSETORIAL DE RECURSOS HUMANOS E RELA\u00c7\u00d5ES DE TRABALHO A CIRHRT&nbsp;assessora o Conselho Nacional de Sa\u00fade&nbsp; (CNS) nos temas referentes \u00e0 Pol\u00edtica Nacional de Educa\u00e7\u00e3o Permanente em Sa\u00fade (PNEPS) para os (as) trabalhadores(as) do SUS. Suas atribui\u00e7\u00f5es est\u00e3o previstas na Lei n\u00ba 8.080\/1990. A Comiss\u00e3o articula pol\u00edticas e programas na perspectiva da integra\u00e7\u00e3o ensino-servi\u00e7o-gest\u00e3o-comunidade, al\u00e9m [&hellip;]\" \/>\n<meta property=\"og:url\" content=\"https:\/\/www.abennacional.org.br\/site\/cirhrt\/\" \/>\n<meta property=\"og:site_name\" content=\"ABEn Nacional\" \/>\n<meta property=\"article:publisher\" content=\"https:\/\/www.facebook.com\/ABEn-Nacional-202551919840028\/\" \/>\n<meta property=\"article:modified_time\" content=\"2019-04-03T14:41:37+00:00\" \/>\n<meta name=\"twitter:card\" content=\"summary_large_image\" \/>\n<meta name=\"twitter:label1\" content=\"Est. tempo de leitura\" \/>\n\t<meta name=\"twitter:data1\" content=\"1 minuto\" \/>\n<script type=\"application\/ld+json\" class=\"yoast-schema-graph\">{\"@context\":\"https:\/\/schema.org\",\"@graph\":[{\"@type\":\"Organization\",\"@id\":\"https:\/\/www.abennacional.org.br\/site\/#organization\",\"name\":\"ABEn Nacional\",\"url\":\"https:\/\/www.abennacional.org.br\/site\/\",\"sameAs\":[\"https:\/\/www.facebook.com\/ABEn-Nacional-202551919840028\/\",\"https:\/\/br.linkedin.com\/in\/aben-nacional-42385511b\",\"https:\/\/www.youtube.com\/watch?v=m8cvAUgypCI\"],\"logo\":{\"@type\":\"ImageObject\",\"@id\":\"https:\/\/www.abennacional.org.br\/site\/#logo\",\"inLanguage\":\"pt-BR\",\"url\":\"https:\/\/www.abennacional.org.br\/site\/wp-content\/uploads\/2018\/12\/logoaben_grande-2.png\",\"contentUrl\":\"https:\/\/www.abennacional.org.br\/site\/wp-content\/uploads\/2018\/12\/logoaben_grande-2.png\",\"width\":410,\"height\":139,\"caption\":\"ABEn Nacional\"},\"image\":{\"@id\":\"https:\/\/www.abennacional.org.br\/site\/#logo\"}},{\"@type\":\"WebSite\",\"@id\":\"https:\/\/www.abennacional.org.br\/site\/#website\",\"url\":\"https:\/\/www.abennacional.org.br\/site\/\",\"name\":\"ABEn Nacional\",\"description\":\"Associa\u00e7\u00e3o Brasileira de Enfermagem\",\"publisher\":{\"@id\":\"https:\/\/www.abennacional.org.br\/site\/#organization\"},\"potentialAction\":[{\"@type\":\"SearchAction\",\"target\":{\"@type\":\"EntryPoint\",\"urlTemplate\":\"https:\/\/www.abennacional.org.br\/site\/?s={search_term_string}\"},\"query-input\":\"required name=search_term_string\"}],\"inLanguage\":\"pt-BR\"},{\"@type\":\"WebPage\",\"@id\":\"https:\/\/www.abennacional.org.br\/site\/cirhrt\/#webpage\",\"url\":\"https:\/\/www.abennacional.org.br\/site\/cirhrt\/\",\"name\":\"CIRHRT - ABEn Nacional\",\"isPartOf\":{\"@id\":\"https:\/\/www.abennacional.org.br\/site\/#website\"},\"datePublished\":\"2019-04-03T14:21:31+00:00\",\"dateModified\":\"2019-04-03T14:41:37+00:00\",\"breadcrumb\":{\"@id\":\"https:\/\/www.abennacional.org.br\/site\/cirhrt\/#breadcrumb\"},\"inLanguage\":\"pt-BR\",\"potentialAction\":[{\"@type\":\"ReadAction\",\"target\":[\"https:\/\/www.abennacional.org.br\/site\/cirhrt\/\"]}]},{\"@type\":\"BreadcrumbList\",\"@id\":\"https:\/\/www.abennacional.org.br\/site\/cirhrt\/#breadcrumb\",\"itemListElement\":[{\"@type\":\"ListItem\",\"position\":1,\"name\":\"In\u00edcio\",\"item\":\"https:\/\/www.abennacional.org.br\/site\/\"},{\"@type\":\"ListItem\",\"position\":2,\"name\":\"CIRHRT\"}]}]}<\/script>\n<!-- \/ Yoast SEO plugin. -->","yoast_head_json":{"title":"CIRHRT - ABEn Nacional","robots":{"index":"index","follow":"follow","max-snippet":"max-snippet:-1","max-image-preview":"max-image-preview:large","max-video-preview":"max-video-preview:-1"},"canonical":"https:\/\/www.abennacional.org.br\/site\/cirhrt\/","og_locale":"pt_BR","og_type":"article","og_title":"CIRHRT - ABEn Nacional","og_description":"COMISS\u00c3O INTERSETORIAL DE RECURSOS HUMANOS E RELA\u00c7\u00d5ES DE TRABALHO A CIRHRT&nbsp;assessora o Conselho Nacional de Sa\u00fade&nbsp; (CNS) nos temas referentes \u00e0 Pol\u00edtica Nacional de Educa\u00e7\u00e3o Permanente em Sa\u00fade (PNEPS) para os (as) trabalhadores(as) do SUS. Suas atribui\u00e7\u00f5es est\u00e3o previstas na Lei n\u00ba 8.080\/1990. A Comiss\u00e3o articula pol\u00edticas e programas na perspectiva da integra\u00e7\u00e3o ensino-servi\u00e7o-gest\u00e3o-comunidade, al\u00e9m [&hellip;]","og_url":"https:\/\/www.abennacional.org.br\/site\/cirhrt\/","og_site_name":"ABEn Nacional","article_publisher":"https:\/\/www.facebook.com\/ABEn-Nacional-202551919840028\/","article_modified_time":"2019-04-03T14:41:37+00:00","twitter_card":"summary_large_image","twitter_misc":{"Est. tempo de leitura":"1 minuto"},"schema":{"@context":"https:\/\/schema.org","@graph":[{"@type":"Organization","@id":"https:\/\/www.abennacional.org.br\/site\/#organization","name":"ABEn Nacional","url":"https:\/\/www.abennacional.org.br\/site\/","sameAs":["https:\/\/www.facebook.com\/ABEn-Nacional-202551919840028\/","https:\/\/br.linkedin.com\/in\/aben-nacional-42385511b","https:\/\/www.youtube.com\/watch?v=m8cvAUgypCI"],"logo":{"@type":"ImageObject","@id":"https:\/\/www.abennacional.org.br\/site\/#logo","inLanguage":"pt-BR","url":"https:\/\/www.abennacional.org.br\/site\/wp-content\/uploads\/2018\/12\/logoaben_grande-2.png","contentUrl":"https:\/\/www.abennacional.org.br\/site\/wp-content\/uploads\/2018\/12\/logoaben_grande-2.png","width":410,"height":139,"caption":"ABEn Nacional"},"image":{"@id":"https:\/\/www.abennacional.org.br\/site\/#logo"}},{"@type":"WebSite","@id":"https:\/\/www.abennacional.org.br\/site\/#website","url":"https:\/\/www.abennacional.org.br\/site\/","name":"ABEn Nacional","description":"Associa\u00e7\u00e3o Brasileira de Enfermagem","publisher":{"@id":"https:\/\/www.abennacional.org.br\/site\/#organization"},"potentialAction":[{"@type":"SearchAction","target":{"@type":"EntryPoint","urlTemplate":"https:\/\/www.abennacional.org.br\/site\/?s={search_term_string}"},"query-input":"required name=search_term_string"}],"inLanguage":"pt-BR"},{"@type":"WebPage","@id":"https:\/\/www.abennacional.org.br\/site\/cirhrt\/#webpage","url":"https:\/\/www.abennacional.org.br\/site\/cirhrt\/","name":"CIRHRT - ABEn Nacional","isPartOf":{"@id":"https:\/\/www.abennacional.org.br\/site\/#website"},"datePublished":"2019-04-03T14:21:31+00:00","dateModified":"2019-04-03T14:41:37+00:00","breadcrumb":{"@id":"https:\/\/www.abennacional.org.br\/site\/cirhrt\/#breadcrumb"},"inLanguage":"pt-BR","potentialAction":[{"@type":"ReadAction","target":["https:\/\/www.abennacional.org.br\/site\/cirhrt\/"]}]},{"@type":"BreadcrumbList","@id":"https:\/\/www.abennacional.org.br\/site\/cirhrt\/#breadcrumb","itemListElement":[{"@type":"ListItem","position":1,"name":"In\u00edcio","item":"https:\/\/www.abennacional.org.br\/site\/"},{"@type":"ListItem","position":2,"name":"CIRHRT"}]}]}},"jetpack_sharing_enabled":true,"jetpack_shortlink":"https:\/\/wp.me\/PaUzFo-Q8","_links":{"self":[{"href":"https:\/\/www.abennacional.org.br\/site\/wp-json\/wp\/v2\/pages\/3232"}],"collection":[{"href":"https:\/\/www.abennacional.org.br\/site\/wp-json\/wp\/v2\/pages"}],"about":[{"href":"https:\/\/www.abennacional.org.br\/site\/wp-json\/wp\/v2\/types\/page"}],"author":[{"embeddable":true,"href":"https:\/\/www.abennacional.org.br\/site\/wp-json\/wp\/v2\/users\/1"}],"replies":[{"embeddable":true,"href":"https:\/\/www.abennacional.org.br\/site\/wp-json\/wp\/v2\/comments?post=3232"}],"version-history":[{"count":3,"href":"https:\/\/www.abennacional.org.br\/site\/wp-json\/wp\/v2\/pages\/3232\/revisions"}],"predecessor-version":[{"id":3241,"href":"https:\/\/www.abennacional.org.br\/site\/wp-json\/wp\/v2\/pages\/3232\/revisions\/3241"}],"wp:attachment":[{"href":"https:\/\/www.abennacional.org.br\/site\/wp-json\/wp\/v2\/media?parent=3232"}],"curies":[{"name":"wp","href":"https:\/\/api.w.org\/{rel}","templated":true}]}}