{"id":3973,"date":"2019-05-26T17:46:04","date_gmt":"2019-05-26T20:46:04","guid":{"rendered":"http:\/\/www.abennacional.org.br\/site\/?page_id=3973"},"modified":"2022-05-13T14:59:22","modified_gmt":"2022-05-13T17:59:22","slug":"manifestos","status":"publish","type":"page","link":"https:\/\/www.abennacional.org.br\/site\/manifestos\/","title":{"rendered":"Manifestos"},"content":{"rendered":"\n<p>\u2022 83\u00aa SBEn &#8211; Nota de esclarecimento. <a href=\"https:\/\/www.abennacional.org.br\/site\/wp-content\/uploads\/2022\/05\/nota_esclarecimento_2022.pdf\" target=\"_blank\" rel=\"noreferrer noopener\">Clique aqui<\/a><br>\u2022 16\u00aa Confer\u00eancia Nacional de Sa\u00fade. <a href=\"https:\/\/www.abennacional.org.br\/site\/2019\/02\/26\/16a-conferencia-nacional-de-saude\/\">Clique aqui  <\/a><br>\u2022 Manifesta\u00e7\u00e3o  da Associa\u00e7\u00e3o Brasileira de Enfermagem acerca da Pol\u00edtica Nacional de  Sa\u00fade Mental e das Diretrizes da Pol\u00edtica Nacional sobre Drogas. <a aria-label=\"Clique aqui (opens in a new tab)\" href=\"https:\/\/www.abennacional.org.br\/site\/wp-content\/uploads\/2019\/04\/manifestacao_saude_mental.pdf\" target=\"_blank\" rel=\"noreferrer noopener\">Clique aqui<\/a>.<br>\u2022 Nota de Rep\u00fadio ao uso indevido e desrespeitoso de imagem de pessoa com doen\u00e7a rara de pele. <a aria-label=\"Clique aqui (opens in a new tab)\" href=\"https:\/\/www.abennacional.org.br\/site\/wp-content\/uploads\/2019\/04\/manifesto_doenc%CC%A7as_raras.pdf\" target=\"_blank\" rel=\"noreferrer noopener\">Clique aqui<\/a>.<br>\u2022 Manifesto em defesa do SUS como \u201cPATRIM\u00d4NIO DO POVO BRASILEIRO\u201d. <a aria-label=\"Clique aqui (opens in a new tab)\" href=\"https:\/\/www.abennacional.org.br\/site\/wp-content\/uploads\/2019\/04\/manifesto_ABEn_SUS_8abril2019.pdf\" target=\"_blank\" rel=\"noreferrer noopener\">Clique aqui<\/a>.<br>\u2022 Manifesto de Apoio e Solidariedade. <a aria-label=\"Clique aqui (opens in a new tab)\" href=\"https:\/\/www.abennacional.org.br\/site\/wp-content\/uploads\/2019\/03\/manifesto_UFAL.pdf\" target=\"_blank\" rel=\"noreferrer noopener\">Clique aqui<\/a>.<br><\/p>\n","protected":false},"excerpt":{"rendered":"<p>\u2022 83\u00aa SBEn &#8211; Nota de esclarecimento. Clique aqui\u2022 16\u00aa Confer\u00eancia Nacional de Sa\u00fade. Clique aqui \u2022 Manifesta\u00e7\u00e3o da Associa\u00e7\u00e3o Brasileira de Enfermagem acerca da Pol\u00edtica Nacional de Sa\u00fade Mental e das Diretrizes da Pol\u00edtica Nacional sobre Drogas. Clique aqui.\u2022 Nota de Rep\u00fadio ao uso indevido e desrespeitoso de imagem de pessoa com doen\u00e7a rara [&hellip;]<\/p>\n","protected":false},"author":1,"featured_media":0,"parent":0,"menu_order":0,"comment_status":"closed","ping_status":"closed","template":"","meta":{"spay_email":""},"yoast_head":"<!-- This site is optimized with the Yoast SEO plugin v18.3 - https:\/\/yoast.com\/wordpress\/plugins\/seo\/ -->\n<title>Manifestos - ABEn Nacional<\/title>\n<meta name=\"robots\" content=\"index, follow, max-snippet:-1, max-image-preview:large, max-video-preview:-1\" \/>\n<link rel=\"canonical\" href=\"https:\/\/www.abennacional.org.br\/site\/manifestos\/\" \/>\n<meta property=\"og:locale\" content=\"pt_BR\" \/>\n<meta property=\"og:type\" content=\"article\" \/>\n<meta property=\"og:title\" content=\"Manifestos - ABEn Nacional\" \/>\n<meta property=\"og:description\" content=\"\u2022 83\u00aa SBEn &#8211; Nota de esclarecimento. Clique aqui\u2022 16\u00aa Confer\u00eancia Nacional de Sa\u00fade. Clique aqui \u2022 Manifesta\u00e7\u00e3o da Associa\u00e7\u00e3o Brasileira de Enfermagem acerca da Pol\u00edtica Nacional de Sa\u00fade Mental e das Diretrizes da Pol\u00edtica Nacional sobre Drogas. Clique aqui.\u2022 Nota de Rep\u00fadio ao uso indevido e desrespeitoso de imagem de pessoa com doen\u00e7a rara [&hellip;]\" \/>\n<meta property=\"og:url\" content=\"https:\/\/www.abennacional.org.br\/site\/manifestos\/\" \/>\n<meta property=\"og:site_name\" content=\"ABEn Nacional\" \/>\n<meta property=\"article:publisher\" content=\"https:\/\/www.facebook.com\/ABEn-Nacional-202551919840028\/\" \/>\n<meta property=\"article:modified_time\" content=\"2022-05-13T17:59:22+00:00\" \/>\n<meta name=\"twitter:card\" content=\"summary_large_image\" \/>\n<meta name=\"twitter:label1\" content=\"Est. tempo de leitura\" \/>\n\t<meta name=\"twitter:data1\" content=\"1 minuto\" \/>\n<script type=\"application\/ld+json\" class=\"yoast-schema-graph\">{\"@context\":\"https:\/\/schema.org\",\"@graph\":[{\"@type\":\"Organization\",\"@id\":\"https:\/\/www.abennacional.org.br\/site\/#organization\",\"name\":\"ABEn Nacional\",\"url\":\"https:\/\/www.abennacional.org.br\/site\/\",\"sameAs\":[\"https:\/\/www.facebook.com\/ABEn-Nacional-202551919840028\/\",\"https:\/\/br.linkedin.com\/in\/aben-nacional-42385511b\",\"https:\/\/www.youtube.com\/watch?v=m8cvAUgypCI\"],\"logo\":{\"@type\":\"ImageObject\",\"@id\":\"https:\/\/www.abennacional.org.br\/site\/#logo\",\"inLanguage\":\"pt-BR\",\"url\":\"https:\/\/www.abennacional.org.br\/site\/wp-content\/uploads\/2018\/12\/logoaben_grande-2.png\",\"contentUrl\":\"https:\/\/www.abennacional.org.br\/site\/wp-content\/uploads\/2018\/12\/logoaben_grande-2.png\",\"width\":410,\"height\":139,\"caption\":\"ABEn Nacional\"},\"image\":{\"@id\":\"https:\/\/www.abennacional.org.br\/site\/#logo\"}},{\"@type\":\"WebSite\",\"@id\":\"https:\/\/www.abennacional.org.br\/site\/#website\",\"url\":\"https:\/\/www.abennacional.org.br\/site\/\",\"name\":\"ABEn Nacional\",\"description\":\"Associa\u00e7\u00e3o Brasileira de Enfermagem\",\"publisher\":{\"@id\":\"https:\/\/www.abennacional.org.br\/site\/#organization\"},\"potentialAction\":[{\"@type\":\"SearchAction\",\"target\":{\"@type\":\"EntryPoint\",\"urlTemplate\":\"https:\/\/www.abennacional.org.br\/site\/?s={search_term_string}\"},\"query-input\":\"required name=search_term_string\"}],\"inLanguage\":\"pt-BR\"},{\"@type\":\"WebPage\",\"@id\":\"https:\/\/www.abennacional.org.br\/site\/manifestos\/#webpage\",\"url\":\"https:\/\/www.abennacional.org.br\/site\/manifestos\/\",\"name\":\"Manifestos - ABEn Nacional\",\"isPartOf\":{\"@id\":\"https:\/\/www.abennacional.org.br\/site\/#website\"},\"datePublished\":\"2019-05-26T20:46:04+00:00\",\"dateModified\":\"2022-05-13T17:59:22+00:00\",\"breadcrumb\":{\"@id\":\"https:\/\/www.abennacional.org.br\/site\/manifestos\/#breadcrumb\"},\"inLanguage\":\"pt-BR\",\"potentialAction\":[{\"@type\":\"ReadAction\",\"target\":[\"https:\/\/www.abennacional.org.br\/site\/manifestos\/\"]}]},{\"@type\":\"BreadcrumbList\",\"@id\":\"https:\/\/www.abennacional.org.br\/site\/manifestos\/#breadcrumb\",\"itemListElement\":[{\"@type\":\"ListItem\",\"position\":1,\"name\":\"In\u00edcio\",\"item\":\"https:\/\/www.abennacional.org.br\/site\/\"},{\"@type\":\"ListItem\",\"position\":2,\"name\":\"Manifestos\"}]}]}<\/script>\n<!-- \/ Yoast SEO plugin. -->","yoast_head_json":{"title":"Manifestos - ABEn Nacional","robots":{"index":"index","follow":"follow","max-snippet":"max-snippet:-1","max-image-preview":"max-image-preview:large","max-video-preview":"max-video-preview:-1"},"canonical":"https:\/\/www.abennacional.org.br\/site\/manifestos\/","og_locale":"pt_BR","og_type":"article","og_title":"Manifestos - ABEn Nacional","og_description":"\u2022 83\u00aa SBEn &#8211; Nota de esclarecimento. Clique aqui\u2022 16\u00aa Confer\u00eancia Nacional de Sa\u00fade. Clique aqui \u2022 Manifesta\u00e7\u00e3o da Associa\u00e7\u00e3o Brasileira de Enfermagem acerca da Pol\u00edtica Nacional de Sa\u00fade Mental e das Diretrizes da Pol\u00edtica Nacional sobre Drogas. Clique aqui.\u2022 Nota de Rep\u00fadio ao uso indevido e desrespeitoso de imagem de pessoa com doen\u00e7a rara [&hellip;]","og_url":"https:\/\/www.abennacional.org.br\/site\/manifestos\/","og_site_name":"ABEn Nacional","article_publisher":"https:\/\/www.facebook.com\/ABEn-Nacional-202551919840028\/","article_modified_time":"2022-05-13T17:59:22+00:00","twitter_card":"summary_large_image","twitter_misc":{"Est. tempo de leitura":"1 minuto"},"schema":{"@context":"https:\/\/schema.org","@graph":[{"@type":"Organization","@id":"https:\/\/www.abennacional.org.br\/site\/#organization","name":"ABEn Nacional","url":"https:\/\/www.abennacional.org.br\/site\/","sameAs":["https:\/\/www.facebook.com\/ABEn-Nacional-202551919840028\/","https:\/\/br.linkedin.com\/in\/aben-nacional-42385511b","https:\/\/www.youtube.com\/watch?v=m8cvAUgypCI"],"logo":{"@type":"ImageObject","@id":"https:\/\/www.abennacional.org.br\/site\/#logo","inLanguage":"pt-BR","url":"https:\/\/www.abennacional.org.br\/site\/wp-content\/uploads\/2018\/12\/logoaben_grande-2.png","contentUrl":"https:\/\/www.abennacional.org.br\/site\/wp-content\/uploads\/2018\/12\/logoaben_grande-2.png","width":410,"height":139,"caption":"ABEn Nacional"},"image":{"@id":"https:\/\/www.abennacional.org.br\/site\/#logo"}},{"@type":"WebSite","@id":"https:\/\/www.abennacional.org.br\/site\/#website","url":"https:\/\/www.abennacional.org.br\/site\/","name":"ABEn Nacional","description":"Associa\u00e7\u00e3o Brasileira de Enfermagem","publisher":{"@id":"https:\/\/www.abennacional.org.br\/site\/#organization"},"potentialAction":[{"@type":"SearchAction","target":{"@type":"EntryPoint","urlTemplate":"https:\/\/www.abennacional.org.br\/site\/?s={search_term_string}"},"query-input":"required name=search_term_string"}],"inLanguage":"pt-BR"},{"@type":"WebPage","@id":"https:\/\/www.abennacional.org.br\/site\/manifestos\/#webpage","url":"https:\/\/www.abennacional.org.br\/site\/manifestos\/","name":"Manifestos - ABEn Nacional","isPartOf":{"@id":"https:\/\/www.abennacional.org.br\/site\/#website"},"datePublished":"2019-05-26T20:46:04+00:00","dateModified":"2022-05-13T17:59:22+00:00","breadcrumb":{"@id":"https:\/\/www.abennacional.org.br\/site\/manifestos\/#breadcrumb"},"inLanguage":"pt-BR","potentialAction":[{"@type":"ReadAction","target":["https:\/\/www.abennacional.org.br\/site\/manifestos\/"]}]},{"@type":"BreadcrumbList","@id":"https:\/\/www.abennacional.org.br\/site\/manifestos\/#breadcrumb","itemListElement":[{"@type":"ListItem","position":1,"name":"In\u00edcio","item":"https:\/\/www.abennacional.org.br\/site\/"},{"@type":"ListItem","position":2,"name":"Manifestos"}]}]}},"jetpack_sharing_enabled":true,"jetpack_shortlink":"https:\/\/wp.me\/PaUzFo-125","_links":{"self":[{"href":"https:\/\/www.abennacional.org.br\/site\/wp-json\/wp\/v2\/pages\/3973"}],"collection":[{"href":"https:\/\/www.abennacional.org.br\/site\/wp-json\/wp\/v2\/pages"}],"about":[{"href":"https:\/\/www.abennacional.org.br\/site\/wp-json\/wp\/v2\/types\/page"}],"author":[{"embeddable":true,"href":"https:\/\/www.abennacional.org.br\/site\/wp-json\/wp\/v2\/users\/1"}],"replies":[{"embeddable":true,"href":"https:\/\/www.abennacional.org.br\/site\/wp-json\/wp\/v2\/comments?post=3973"}],"version-history":[{"count":6,"href":"https:\/\/www.abennacional.org.br\/site\/wp-json\/wp\/v2\/pages\/3973\/revisions"}],"predecessor-version":[{"id":12489,"href":"https:\/\/www.abennacional.org.br\/site\/wp-json\/wp\/v2\/pages\/3973\/revisions\/12489"}],"wp:attachment":[{"href":"https:\/\/www.abennacional.org.br\/site\/wp-json\/wp\/v2\/media?parent=3973"}],"curies":[{"name":"wp","href":"https:\/\/api.w.org\/{rel}","templated":true}]}}