{"id":4851,"date":"2019-08-20T17:28:45","date_gmt":"2019-08-20T20:28:45","guid":{"rendered":"http:\/\/www.abennacional.org.br\/site\/?page_id=4851"},"modified":"2019-08-20T21:04:36","modified_gmt":"2019-08-21T00:04:36","slug":"sociedades","status":"publish","type":"page","link":"https:\/\/www.abennacional.org.br\/site\/sociedades\/","title":{"rendered":"Sociedades"},"content":{"rendered":"\n<p>A ABEn \u00e9 uma associa\u00e7\u00e3o de car\u00e1ter cultural, cient\u00edfico e pol\u00edtico, com personalidade jur\u00eddica pr\u00f3pria, de direito privado, que congrega pessoas, f\u00edsicas e jur\u00eddicas, entre elas&nbsp; Sociedades e Associa\u00e7\u00f5es de Enfermagem ou de Enfermeiros Especialistas \u2013 que a ela se filiam, individual e livremente, para fins n\u00e3o econ\u00f4micos. <br><br>As Sociedades e Associa\u00e7\u00f5es de Enfermagem ou de Enfermeiros Especialistas inserem-se na ABEn Nacional, por meio da Diretoria de Desenvolvimento da Pr\u00e1tica Profissional e do Trabalho de Enfermagem.<br><br><\/p>\n\n\n\n<p class=\"has-medium-font-size\"><strong>Link para as Sociedades:<\/strong><\/p>\n\n\n\n<p>\u2022 <a href=\"https:\/\/www.abennacional.org.br\/site\/sobef-sociedade-brasileira-de-enfermagem-forense\/\">SOBEF |Sociedade Brasileira de Enfermagem Forense <\/a> <br>\u2022 <a href=\"https:\/\/www.abennacional.org.br\/site\/sobest-associacao-brasileira-de-estomaterapia-estomias-feridas-e-incontinencias\/\">SOBEST | Associa\u00e7\u00e3o Brasileira de Estomaterapia: Estomias, Feridas e Incontin\u00eancias<\/a><\/p>\n","protected":false},"excerpt":{"rendered":"<p>A ABEn \u00e9 uma associa\u00e7\u00e3o de car\u00e1ter cultural, cient\u00edfico e pol\u00edtico, com personalidade jur\u00eddica pr\u00f3pria, de direito privado, que congrega pessoas, f\u00edsicas e jur\u00eddicas, entre elas&nbsp; Sociedades e Associa\u00e7\u00f5es de Enfermagem ou de Enfermeiros Especialistas \u2013 que a ela se filiam, individual e livremente, para fins n\u00e3o econ\u00f4micos. As Sociedades e Associa\u00e7\u00f5es de Enfermagem ou [&hellip;]<\/p>\n","protected":false},"author":1,"featured_media":0,"parent":0,"menu_order":0,"comment_status":"closed","ping_status":"closed","template":"","meta":{"spay_email":""},"yoast_head":"<!-- This site is optimized with the Yoast SEO plugin v18.3 - https:\/\/yoast.com\/wordpress\/plugins\/seo\/ -->\n<title>Sociedades - ABEn Nacional<\/title>\n<meta name=\"robots\" content=\"index, follow, max-snippet:-1, max-image-preview:large, max-video-preview:-1\" \/>\n<link rel=\"canonical\" href=\"https:\/\/www.abennacional.org.br\/site\/sociedades\/\" \/>\n<meta property=\"og:locale\" content=\"pt_BR\" \/>\n<meta property=\"og:type\" content=\"article\" \/>\n<meta property=\"og:title\" content=\"Sociedades - ABEn Nacional\" \/>\n<meta property=\"og:description\" content=\"A ABEn \u00e9 uma associa\u00e7\u00e3o de car\u00e1ter cultural, cient\u00edfico e pol\u00edtico, com personalidade jur\u00eddica pr\u00f3pria, de direito privado, que congrega pessoas, f\u00edsicas e jur\u00eddicas, entre elas&nbsp; Sociedades e Associa\u00e7\u00f5es de Enfermagem ou de Enfermeiros Especialistas \u2013 que a ela se filiam, individual e livremente, para fins n\u00e3o econ\u00f4micos. As Sociedades e Associa\u00e7\u00f5es de Enfermagem ou [&hellip;]\" \/>\n<meta property=\"og:url\" content=\"https:\/\/www.abennacional.org.br\/site\/sociedades\/\" \/>\n<meta property=\"og:site_name\" content=\"ABEn Nacional\" \/>\n<meta property=\"article:publisher\" content=\"https:\/\/www.facebook.com\/ABEn-Nacional-202551919840028\/\" \/>\n<meta property=\"article:modified_time\" content=\"2019-08-21T00:04:36+00:00\" \/>\n<meta name=\"twitter:card\" content=\"summary_large_image\" \/>\n<meta name=\"twitter:label1\" content=\"Est. tempo de leitura\" \/>\n\t<meta name=\"twitter:data1\" content=\"1 minuto\" \/>\n<script type=\"application\/ld+json\" class=\"yoast-schema-graph\">{\"@context\":\"https:\/\/schema.org\",\"@graph\":[{\"@type\":\"Organization\",\"@id\":\"https:\/\/www.abennacional.org.br\/site\/#organization\",\"name\":\"ABEn Nacional\",\"url\":\"https:\/\/www.abennacional.org.br\/site\/\",\"sameAs\":[\"https:\/\/www.facebook.com\/ABEn-Nacional-202551919840028\/\",\"https:\/\/br.linkedin.com\/in\/aben-nacional-42385511b\",\"https:\/\/www.youtube.com\/watch?v=m8cvAUgypCI\"],\"logo\":{\"@type\":\"ImageObject\",\"@id\":\"https:\/\/www.abennacional.org.br\/site\/#logo\",\"inLanguage\":\"pt-BR\",\"url\":\"https:\/\/www.abennacional.org.br\/site\/wp-content\/uploads\/2018\/12\/logoaben_grande-2.png\",\"contentUrl\":\"https:\/\/www.abennacional.org.br\/site\/wp-content\/uploads\/2018\/12\/logoaben_grande-2.png\",\"width\":410,\"height\":139,\"caption\":\"ABEn Nacional\"},\"image\":{\"@id\":\"https:\/\/www.abennacional.org.br\/site\/#logo\"}},{\"@type\":\"WebSite\",\"@id\":\"https:\/\/www.abennacional.org.br\/site\/#website\",\"url\":\"https:\/\/www.abennacional.org.br\/site\/\",\"name\":\"ABEn Nacional\",\"description\":\"Associa\u00e7\u00e3o Brasileira de Enfermagem\",\"publisher\":{\"@id\":\"https:\/\/www.abennacional.org.br\/site\/#organization\"},\"potentialAction\":[{\"@type\":\"SearchAction\",\"target\":{\"@type\":\"EntryPoint\",\"urlTemplate\":\"https:\/\/www.abennacional.org.br\/site\/?s={search_term_string}\"},\"query-input\":\"required name=search_term_string\"}],\"inLanguage\":\"pt-BR\"},{\"@type\":\"WebPage\",\"@id\":\"https:\/\/www.abennacional.org.br\/site\/sociedades\/#webpage\",\"url\":\"https:\/\/www.abennacional.org.br\/site\/sociedades\/\",\"name\":\"Sociedades - ABEn Nacional\",\"isPartOf\":{\"@id\":\"https:\/\/www.abennacional.org.br\/site\/#website\"},\"datePublished\":\"2019-08-20T20:28:45+00:00\",\"dateModified\":\"2019-08-21T00:04:36+00:00\",\"breadcrumb\":{\"@id\":\"https:\/\/www.abennacional.org.br\/site\/sociedades\/#breadcrumb\"},\"inLanguage\":\"pt-BR\",\"potentialAction\":[{\"@type\":\"ReadAction\",\"target\":[\"https:\/\/www.abennacional.org.br\/site\/sociedades\/\"]}]},{\"@type\":\"BreadcrumbList\",\"@id\":\"https:\/\/www.abennacional.org.br\/site\/sociedades\/#breadcrumb\",\"itemListElement\":[{\"@type\":\"ListItem\",\"position\":1,\"name\":\"In\u00edcio\",\"item\":\"https:\/\/www.abennacional.org.br\/site\/\"},{\"@type\":\"ListItem\",\"position\":2,\"name\":\"Sociedades\"}]}]}<\/script>\n<!-- \/ Yoast SEO plugin. -->","yoast_head_json":{"title":"Sociedades - ABEn Nacional","robots":{"index":"index","follow":"follow","max-snippet":"max-snippet:-1","max-image-preview":"max-image-preview:large","max-video-preview":"max-video-preview:-1"},"canonical":"https:\/\/www.abennacional.org.br\/site\/sociedades\/","og_locale":"pt_BR","og_type":"article","og_title":"Sociedades - ABEn Nacional","og_description":"A ABEn \u00e9 uma associa\u00e7\u00e3o de car\u00e1ter cultural, cient\u00edfico e pol\u00edtico, com personalidade jur\u00eddica pr\u00f3pria, de direito privado, que congrega pessoas, f\u00edsicas e jur\u00eddicas, entre elas&nbsp; Sociedades e Associa\u00e7\u00f5es de Enfermagem ou de Enfermeiros Especialistas \u2013 que a ela se filiam, individual e livremente, para fins n\u00e3o econ\u00f4micos. As Sociedades e Associa\u00e7\u00f5es de Enfermagem ou [&hellip;]","og_url":"https:\/\/www.abennacional.org.br\/site\/sociedades\/","og_site_name":"ABEn Nacional","article_publisher":"https:\/\/www.facebook.com\/ABEn-Nacional-202551919840028\/","article_modified_time":"2019-08-21T00:04:36+00:00","twitter_card":"summary_large_image","twitter_misc":{"Est. tempo de leitura":"1 minuto"},"schema":{"@context":"https:\/\/schema.org","@graph":[{"@type":"Organization","@id":"https:\/\/www.abennacional.org.br\/site\/#organization","name":"ABEn Nacional","url":"https:\/\/www.abennacional.org.br\/site\/","sameAs":["https:\/\/www.facebook.com\/ABEn-Nacional-202551919840028\/","https:\/\/br.linkedin.com\/in\/aben-nacional-42385511b","https:\/\/www.youtube.com\/watch?v=m8cvAUgypCI"],"logo":{"@type":"ImageObject","@id":"https:\/\/www.abennacional.org.br\/site\/#logo","inLanguage":"pt-BR","url":"https:\/\/www.abennacional.org.br\/site\/wp-content\/uploads\/2018\/12\/logoaben_grande-2.png","contentUrl":"https:\/\/www.abennacional.org.br\/site\/wp-content\/uploads\/2018\/12\/logoaben_grande-2.png","width":410,"height":139,"caption":"ABEn Nacional"},"image":{"@id":"https:\/\/www.abennacional.org.br\/site\/#logo"}},{"@type":"WebSite","@id":"https:\/\/www.abennacional.org.br\/site\/#website","url":"https:\/\/www.abennacional.org.br\/site\/","name":"ABEn Nacional","description":"Associa\u00e7\u00e3o Brasileira de Enfermagem","publisher":{"@id":"https:\/\/www.abennacional.org.br\/site\/#organization"},"potentialAction":[{"@type":"SearchAction","target":{"@type":"EntryPoint","urlTemplate":"https:\/\/www.abennacional.org.br\/site\/?s={search_term_string}"},"query-input":"required name=search_term_string"}],"inLanguage":"pt-BR"},{"@type":"WebPage","@id":"https:\/\/www.abennacional.org.br\/site\/sociedades\/#webpage","url":"https:\/\/www.abennacional.org.br\/site\/sociedades\/","name":"Sociedades - ABEn Nacional","isPartOf":{"@id":"https:\/\/www.abennacional.org.br\/site\/#website"},"datePublished":"2019-08-20T20:28:45+00:00","dateModified":"2019-08-21T00:04:36+00:00","breadcrumb":{"@id":"https:\/\/www.abennacional.org.br\/site\/sociedades\/#breadcrumb"},"inLanguage":"pt-BR","potentialAction":[{"@type":"ReadAction","target":["https:\/\/www.abennacional.org.br\/site\/sociedades\/"]}]},{"@type":"BreadcrumbList","@id":"https:\/\/www.abennacional.org.br\/site\/sociedades\/#breadcrumb","itemListElement":[{"@type":"ListItem","position":1,"name":"In\u00edcio","item":"https:\/\/www.abennacional.org.br\/site\/"},{"@type":"ListItem","position":2,"name":"Sociedades"}]}]}},"jetpack_sharing_enabled":true,"jetpack_shortlink":"https:\/\/wp.me\/PaUzFo-1gf","_links":{"self":[{"href":"https:\/\/www.abennacional.org.br\/site\/wp-json\/wp\/v2\/pages\/4851"}],"collection":[{"href":"https:\/\/www.abennacional.org.br\/site\/wp-json\/wp\/v2\/pages"}],"about":[{"href":"https:\/\/www.abennacional.org.br\/site\/wp-json\/wp\/v2\/types\/page"}],"author":[{"embeddable":true,"href":"https:\/\/www.abennacional.org.br\/site\/wp-json\/wp\/v2\/users\/1"}],"replies":[{"embeddable":true,"href":"https:\/\/www.abennacional.org.br\/site\/wp-json\/wp\/v2\/comments?post=4851"}],"version-history":[{"count":5,"href":"https:\/\/www.abennacional.org.br\/site\/wp-json\/wp\/v2\/pages\/4851\/revisions"}],"predecessor-version":[{"id":4880,"href":"https:\/\/www.abennacional.org.br\/site\/wp-json\/wp\/v2\/pages\/4851\/revisions\/4880"}],"wp:attachment":[{"href":"https:\/\/www.abennacional.org.br\/site\/wp-json\/wp\/v2\/media?parent=4851"}],"curies":[{"name":"wp","href":"https:\/\/api.w.org\/{rel}","templated":true}]}}