{"id":4856,"date":"2019-08-20T18:02:02","date_gmt":"2019-08-20T21:02:02","guid":{"rendered":"http:\/\/www.abennacional.org.br\/site\/?page_id=4856"},"modified":"2019-08-25T16:26:37","modified_gmt":"2019-08-25T19:26:37","slug":"sobef-sociedade-brasileira-de-enfermagem-forense","status":"publish","type":"page","link":"https:\/\/www.abennacional.org.br\/site\/sobef-sociedade-brasileira-de-enfermagem-forense\/","title":{"rendered":"SOBEF | Sociedade Brasileira de Enfermagem Forense"},"content":{"rendered":"\n<div class=\"wp-block-image\"><figure class=\"aligncenter\"><img loading=\"lazy\" width=\"300\" height=\"102\" src=\"https:\/\/www.abennacional.org.br\/site\/wp-content\/uploads\/2019\/08\/logo_SOBEF.png\" alt=\"\" class=\"wp-image-4857\"\/><figcaption><br><br><\/figcaption><\/figure><\/div>\n\n\n\n<p>A<strong> Sociedade Brasileira de Enfermagem Forense &#8211; SOBEF<\/strong> \u00e9 constitu\u00edda estrategicamente por doutores, mestres e especialistas de diversas \u00e1reas que pautam sua pr\u00e1tica profissional na \u00e9tica, compet\u00eancia, compaix\u00e3o e ci\u00eancia. <br><br>A funda\u00e7\u00e3o oficial deu-se no dia 30\/01\/2017, com a primeira Assembleia para a constitui\u00e7\u00e3o da sociedade e aprova\u00e7\u00e3o do seu estatuto. No dia 13\/03\/2017, os membros fundadores realizaram a Primeiro Semin\u00e1rio Internacional de Enfermagem Forense, na Assembleia Legislativa de S\u00e3o Paulo com a presen\u00e7a de representantes da Associa\u00e7\u00e3o Brasileira de Enfermagem (ABEn Nacional) e Conselhos Regionais de Enfermagem (COREn S\u00e3o Paulo e COREn e Pernambuco). Neste evento aconteceram debates e palestras sobre a tem\u00e1tica da viol\u00eancia envolvendo todas idades e g\u00eaneros. <br><br>Finalmente, o registro oficial da SOBEF deu-se no dia 05\/05\/2017.<br><br><\/p>\n\n\n\n<p>\u2022 <strong><a href=\"#panorama\">Panorama hoje da enfermagem Forense no Brasil<\/a><\/strong><\/p>\n<p>\u2022 <strong><a href=\"#nossa_moti\">Nossa motiva\u00e7\u00e3o<\/a><\/strong><\/p>\n<p>\u2022 <strong><a href=\"#objetivos\">Objetivos<\/a><\/strong><\/p>\n<a name=\"panorama\"><\/a>\n<p>\u2022 <strong><a href=\"#desafios\">Principais desafios da SOBEF<\/a><\/strong><\/p>\n<p>\u2022 <strong><a href=\"#diretivo\">Quadro diretivo<\/a><\/strong><\/p>\n<p><\/p>\n\n\n\n\n\n<p><\/p>\n\n\n\n<hr style=\"border-top: 1px dotted black;\">\n\n\n\n<p class=\"has-medium-font-size\"><strong>Panorama hoje da enfermagem Forense no Brasil<\/strong> <\/p>\n\n\n\n<p><\/p>\n\n\n\n<p>A Enfermagem Forense foi reconhecida pelo COFEN como especialidade, em 2011 atrav\u00e9s da Resolu\u00e7\u00e3o 389. Desde ent\u00e3o, vem sendo debatida a atua\u00e7\u00e3o e papel do enfermeiro forense, mas foi no ano de 2017, atrav\u00e9s da Resolu\u00e7\u00e3o 556 que foram regulamentadas as \u00e1reas de atua\u00e7\u00e3o desse profissional. Esse \u00e9 um grande avan\u00e7o para a consolida\u00e7\u00e3o da especialidade. <a name=\"nossa_moti\"><\/a>\u00c9 fundamental salientar que muitos enfermeiros h\u00e1 anos j\u00e1 desempenham o papel de enfermeiro forense, mas no nosso pa\u00eds essa atua\u00e7\u00e3o n\u00e3o era considerada especialidade. Acreditamos que nos pr\u00f3ximos anos s\u00f3 tenhamos a avan\u00e7ar com a conquista de diferentes \u00e1reas de atua\u00e7\u00e3o, seja na \u00e1rea de per\u00edcia e do sistema prisional, como nos diversos tipos de servi\u00e7os de sa\u00fade.<br><\/p>\n\n\n\n\n\n<p><br><\/p>\n\n\n\n<hr style=\"border-top: 1px dotted black;\">\n\n\n\n<p class=\"has-medium-font-size\"> <strong>Nossa motiva\u00e7\u00e3o<\/strong> <\/p>\n\n\n\n<p>Dentre os v\u00e1rios motivos que nos levaram a fundar a SOBEF, o principal remete aos dados alarmantes de casos de viol\u00eancia, tr\u00e1fico humano e a aparente demonstra\u00e7\u00e3o de falta de sensibiliza\u00e7\u00e3o para com este tema. Por meio da pesquisa de campo, o grupo de fundadores pode afirmar que a viol\u00eancia, al\u00e9m de trazer consequ\u00eancias devastadoras na vida dos sobreviventes e perpetradores, tem impacto na sociedade bem como na economia.<a name=\"objetivos\"><\/a> Nosso grande objetivo \u00e9 colaborar na formula\u00e7\u00e3o de estrat\u00e9gias para a preven\u00e7\u00e3o de todos os tipos de viol\u00eancia e para atua\u00e7\u00e3o eficaz do Enfermeiro na detec\u00e7\u00e3o e a assist\u00eancia aos envolvidos.<br><br><br><\/p>\n\n\n\n\n\n<hr style=\"border-top: 1px dotted black;\">\n\n\n\n<p class=\"has-medium-font-size\"> <strong>Objetivos<\/strong> <\/p>\n\n\n\n<p>Entre os objetivos principais est\u00e3o a preven\u00e7\u00e3o da viol\u00eancia, a capacita\u00e7\u00e3o de enfermeiros para identifica\u00e7\u00e3o e atendimento de sobreviventes e perpetradores, al\u00e9m da implanta\u00e7\u00e3o da Especialidade no Brasil. Os pilares da SOBEF que s\u00e3o: Ci\u00eancia, Compet\u00eancia, \u00c9tica e Compaix\u00e3o. <a name=\"desafios\"><\/a>Temos tamb\u00e9m como meta capacitar o profissional Enfermeiro que atua na Enfermagem Forense que, embora n\u00e3o tenha titula\u00e7\u00e3o de Especialista, possua conhecimentos e experi\u00eancias na \u00e1rea. <br><br><br><\/p>\n\n\n\n\n\n<p> &#8230;&#8230;&#8230;&#8230;&#8230;&#8230;&#8230;&#8230;&#8230;&#8230;&#8230;&#8230;&#8230;&#8230;&#8230;&#8230;&#8230;&#8230;&#8230;&#8230;&#8230;&#8230;&#8230;&#8230;&#8230;&#8230;&#8230;&#8230;&#8230;&#8230;&#8230;&#8230;&#8230;&#8230;&#8230;&#8230;&#8230;&#8230;&#8230;&#8230;&#8230;..   <\/p>\n\n\n\n<p class=\"has-medium-font-size\"> <strong>Principais desafios da SOBEF<\/strong> <\/p>\n\n\n\n<p>Expandir as \u00e1reas de atua\u00e7\u00e3o do enfermeiro forense no pa\u00eds, <a name=\"diretivo\"><\/a>principalmente na \u00e1rea de per\u00edcia; garantir a nossa participa\u00e7\u00e3o na cadeia de cust\u00f3dia de preserva\u00e7\u00e3o de vest\u00edgios; expandir os cursos de especializa\u00e7\u00e3o que atendam aos padr\u00f5es de qualidade necess\u00e1rios para atua\u00e7\u00e3o profissional; participar da elabora\u00e7\u00e3o de pol\u00edticas, leis e outras estrat\u00e9gias de combate \u00e0 viol\u00eancia.<br><br><br><\/p>\n\n\n\n\n\n<hr style=\"border-top: 1px dotted black;\">\n\n\n\n<p class=\"has-medium-font-size\"> <strong>Quadro diretivo<\/strong> <\/p>\n\n\n\n<p><strong>Diretoria executiva<\/strong><br><em>Presidente<\/em>: Carmela Lilia Esp\u00f3sito de Alencar<br><em>Vice-Presidente<\/em>: Maria Jos\u00e9 dos Reis<br><em>1\u00ba Secret\u00e1rio<\/em><strong>:<\/strong> Juliana de Oliveira Musse Silva <br><em>1\u00ba Tesoureiro<\/em>: Alo\u00edsio Ol\u00edmpio <br><br><strong>Comiss\u00f5es especiais<\/strong><br>Enfermagem Forense em Direitos Humanos, Bio\u00e9tica, Filosofia e Legisla\u00e7\u00e3o<br>Enfermagem Forense na Sa\u00fade do Homem<br>Enfermagem Forense na Sa\u00fade da Mulher <br>Enfermagem Forense na Sa\u00fade do Idoso <br>Enfermagem Forense na Inf\u00e2ncia e Adolesc\u00eancia <br>Sistematiza\u00e7\u00e3o da Assist\u00eancia da Enfermagem Forense e Teoria do Cuidado<br>Enfermagem Forense em Atendimento Pr\u00e9-hospitalar, Urg\u00eancia e Emerg\u00eancia<br>Enfermagem Forense na Sa\u00fade Coletiva<br>Enfermagem Forense em Psiquiatria, Psicologia e Sa\u00fade Mental<br>Enfermagem Forense no IML, Per\u00edcias e Sistema Prisional.<br><br><br><\/p>\n\n\n\n<p><strong><a href=\"https:\/\/www.abennacional.org.br\/site\/sociedades\/\">Voltar p\u00e1gina<\/a><\/strong><br><br><\/p>\n\n\n\n<p><br><\/p>\n","protected":false},"excerpt":{"rendered":"<p>A Sociedade Brasileira de Enfermagem Forense &#8211; SOBEF \u00e9 constitu\u00edda estrategicamente por doutores, mestres e especialistas de diversas \u00e1reas que pautam sua pr\u00e1tica profissional na \u00e9tica, compet\u00eancia, compaix\u00e3o e ci\u00eancia. A funda\u00e7\u00e3o oficial deu-se no dia 30\/01\/2017, com a primeira Assembleia para a constitui\u00e7\u00e3o da sociedade e aprova\u00e7\u00e3o do seu estatuto. No dia 13\/03\/2017, os [&hellip;]<\/p>\n","protected":false},"author":1,"featured_media":0,"parent":0,"menu_order":0,"comment_status":"closed","ping_status":"closed","template":"","meta":{"spay_email":""},"yoast_head":"<!-- This site is optimized with the Yoast SEO plugin v18.3 - https:\/\/yoast.com\/wordpress\/plugins\/seo\/ -->\n<title>SOBEF | Sociedade Brasileira de Enfermagem Forense - ABEn Nacional<\/title>\n<meta name=\"robots\" content=\"index, follow, max-snippet:-1, max-image-preview:large, max-video-preview:-1\" \/>\n<link rel=\"canonical\" href=\"https:\/\/www.abennacional.org.br\/site\/sobef-sociedade-brasileira-de-enfermagem-forense\/\" \/>\n<meta property=\"og:locale\" content=\"pt_BR\" \/>\n<meta property=\"og:type\" content=\"article\" \/>\n<meta property=\"og:title\" content=\"SOBEF | Sociedade Brasileira de Enfermagem Forense - ABEn Nacional\" \/>\n<meta property=\"og:description\" content=\"A Sociedade Brasileira de Enfermagem Forense &#8211; SOBEF \u00e9 constitu\u00edda estrategicamente por doutores, mestres e especialistas de diversas \u00e1reas que pautam sua pr\u00e1tica profissional na \u00e9tica, compet\u00eancia, compaix\u00e3o e ci\u00eancia. A funda\u00e7\u00e3o oficial deu-se no dia 30\/01\/2017, com a primeira Assembleia para a constitui\u00e7\u00e3o da sociedade e aprova\u00e7\u00e3o do seu estatuto. No dia 13\/03\/2017, os [&hellip;]\" \/>\n<meta property=\"og:url\" content=\"https:\/\/www.abennacional.org.br\/site\/sobef-sociedade-brasileira-de-enfermagem-forense\/\" \/>\n<meta property=\"og:site_name\" content=\"ABEn Nacional\" \/>\n<meta property=\"article:publisher\" content=\"https:\/\/www.facebook.com\/ABEn-Nacional-202551919840028\/\" \/>\n<meta property=\"article:modified_time\" content=\"2019-08-25T19:26:37+00:00\" \/>\n<meta property=\"og:image\" content=\"http:\/\/www.abennacional.org.br\/site\/wp-content\/uploads\/2019\/08\/logo_SOBEF.png\" \/>\n<meta name=\"twitter:card\" content=\"summary_large_image\" \/>\n<meta name=\"twitter:label1\" content=\"Est. tempo de leitura\" \/>\n\t<meta name=\"twitter:data1\" content=\"3 minutos\" \/>\n<script type=\"application\/ld+json\" class=\"yoast-schema-graph\">{\"@context\":\"https:\/\/schema.org\",\"@graph\":[{\"@type\":\"Organization\",\"@id\":\"https:\/\/www.abennacional.org.br\/site\/#organization\",\"name\":\"ABEn Nacional\",\"url\":\"https:\/\/www.abennacional.org.br\/site\/\",\"sameAs\":[\"https:\/\/www.facebook.com\/ABEn-Nacional-202551919840028\/\",\"https:\/\/br.linkedin.com\/in\/aben-nacional-42385511b\",\"https:\/\/www.youtube.com\/watch?v=m8cvAUgypCI\"],\"logo\":{\"@type\":\"ImageObject\",\"@id\":\"https:\/\/www.abennacional.org.br\/site\/#logo\",\"inLanguage\":\"pt-BR\",\"url\":\"https:\/\/www.abennacional.org.br\/site\/wp-content\/uploads\/2018\/12\/logoaben_grande-2.png\",\"contentUrl\":\"https:\/\/www.abennacional.org.br\/site\/wp-content\/uploads\/2018\/12\/logoaben_grande-2.png\",\"width\":410,\"height\":139,\"caption\":\"ABEn Nacional\"},\"image\":{\"@id\":\"https:\/\/www.abennacional.org.br\/site\/#logo\"}},{\"@type\":\"WebSite\",\"@id\":\"https:\/\/www.abennacional.org.br\/site\/#website\",\"url\":\"https:\/\/www.abennacional.org.br\/site\/\",\"name\":\"ABEn Nacional\",\"description\":\"Associa\u00e7\u00e3o Brasileira de Enfermagem\",\"publisher\":{\"@id\":\"https:\/\/www.abennacional.org.br\/site\/#organization\"},\"potentialAction\":[{\"@type\":\"SearchAction\",\"target\":{\"@type\":\"EntryPoint\",\"urlTemplate\":\"https:\/\/www.abennacional.org.br\/site\/?s={search_term_string}\"},\"query-input\":\"required name=search_term_string\"}],\"inLanguage\":\"pt-BR\"},{\"@type\":\"ImageObject\",\"@id\":\"https:\/\/www.abennacional.org.br\/site\/sobef-sociedade-brasileira-de-enfermagem-forense\/#primaryimage\",\"inLanguage\":\"pt-BR\",\"url\":\"http:\/\/www.abennacional.org.br\/site\/wp-content\/uploads\/2019\/08\/logo_SOBEF.png\",\"contentUrl\":\"http:\/\/www.abennacional.org.br\/site\/wp-content\/uploads\/2019\/08\/logo_SOBEF.png\"},{\"@type\":\"WebPage\",\"@id\":\"https:\/\/www.abennacional.org.br\/site\/sobef-sociedade-brasileira-de-enfermagem-forense\/#webpage\",\"url\":\"https:\/\/www.abennacional.org.br\/site\/sobef-sociedade-brasileira-de-enfermagem-forense\/\",\"name\":\"SOBEF | Sociedade Brasileira de Enfermagem Forense - ABEn Nacional\",\"isPartOf\":{\"@id\":\"https:\/\/www.abennacional.org.br\/site\/#website\"},\"primaryImageOfPage\":{\"@id\":\"https:\/\/www.abennacional.org.br\/site\/sobef-sociedade-brasileira-de-enfermagem-forense\/#primaryimage\"},\"datePublished\":\"2019-08-20T21:02:02+00:00\",\"dateModified\":\"2019-08-25T19:26:37+00:00\",\"breadcrumb\":{\"@id\":\"https:\/\/www.abennacional.org.br\/site\/sobef-sociedade-brasileira-de-enfermagem-forense\/#breadcrumb\"},\"inLanguage\":\"pt-BR\",\"potentialAction\":[{\"@type\":\"ReadAction\",\"target\":[\"https:\/\/www.abennacional.org.br\/site\/sobef-sociedade-brasileira-de-enfermagem-forense\/\"]}]},{\"@type\":\"BreadcrumbList\",\"@id\":\"https:\/\/www.abennacional.org.br\/site\/sobef-sociedade-brasileira-de-enfermagem-forense\/#breadcrumb\",\"itemListElement\":[{\"@type\":\"ListItem\",\"position\":1,\"name\":\"In\u00edcio\",\"item\":\"https:\/\/www.abennacional.org.br\/site\/\"},{\"@type\":\"ListItem\",\"position\":2,\"name\":\"SOBEF | Sociedade Brasileira de Enfermagem Forense\"}]}]}<\/script>\n<!-- \/ Yoast SEO plugin. -->","yoast_head_json":{"title":"SOBEF | Sociedade Brasileira de Enfermagem Forense - ABEn Nacional","robots":{"index":"index","follow":"follow","max-snippet":"max-snippet:-1","max-image-preview":"max-image-preview:large","max-video-preview":"max-video-preview:-1"},"canonical":"https:\/\/www.abennacional.org.br\/site\/sobef-sociedade-brasileira-de-enfermagem-forense\/","og_locale":"pt_BR","og_type":"article","og_title":"SOBEF | Sociedade Brasileira de Enfermagem Forense - ABEn Nacional","og_description":"A Sociedade Brasileira de Enfermagem Forense &#8211; SOBEF \u00e9 constitu\u00edda estrategicamente por doutores, mestres e especialistas de diversas \u00e1reas que pautam sua pr\u00e1tica profissional na \u00e9tica, compet\u00eancia, compaix\u00e3o e ci\u00eancia. A funda\u00e7\u00e3o oficial deu-se no dia 30\/01\/2017, com a primeira Assembleia para a constitui\u00e7\u00e3o da sociedade e aprova\u00e7\u00e3o do seu estatuto. No dia 13\/03\/2017, os [&hellip;]","og_url":"https:\/\/www.abennacional.org.br\/site\/sobef-sociedade-brasileira-de-enfermagem-forense\/","og_site_name":"ABEn Nacional","article_publisher":"https:\/\/www.facebook.com\/ABEn-Nacional-202551919840028\/","article_modified_time":"2019-08-25T19:26:37+00:00","og_image":[{"url":"http:\/\/www.abennacional.org.br\/site\/wp-content\/uploads\/2019\/08\/logo_SOBEF.png"}],"twitter_card":"summary_large_image","twitter_misc":{"Est. tempo de leitura":"3 minutos"},"schema":{"@context":"https:\/\/schema.org","@graph":[{"@type":"Organization","@id":"https:\/\/www.abennacional.org.br\/site\/#organization","name":"ABEn Nacional","url":"https:\/\/www.abennacional.org.br\/site\/","sameAs":["https:\/\/www.facebook.com\/ABEn-Nacional-202551919840028\/","https:\/\/br.linkedin.com\/in\/aben-nacional-42385511b","https:\/\/www.youtube.com\/watch?v=m8cvAUgypCI"],"logo":{"@type":"ImageObject","@id":"https:\/\/www.abennacional.org.br\/site\/#logo","inLanguage":"pt-BR","url":"https:\/\/www.abennacional.org.br\/site\/wp-content\/uploads\/2018\/12\/logoaben_grande-2.png","contentUrl":"https:\/\/www.abennacional.org.br\/site\/wp-content\/uploads\/2018\/12\/logoaben_grande-2.png","width":410,"height":139,"caption":"ABEn Nacional"},"image":{"@id":"https:\/\/www.abennacional.org.br\/site\/#logo"}},{"@type":"WebSite","@id":"https:\/\/www.abennacional.org.br\/site\/#website","url":"https:\/\/www.abennacional.org.br\/site\/","name":"ABEn Nacional","description":"Associa\u00e7\u00e3o Brasileira de Enfermagem","publisher":{"@id":"https:\/\/www.abennacional.org.br\/site\/#organization"},"potentialAction":[{"@type":"SearchAction","target":{"@type":"EntryPoint","urlTemplate":"https:\/\/www.abennacional.org.br\/site\/?s={search_term_string}"},"query-input":"required name=search_term_string"}],"inLanguage":"pt-BR"},{"@type":"ImageObject","@id":"https:\/\/www.abennacional.org.br\/site\/sobef-sociedade-brasileira-de-enfermagem-forense\/#primaryimage","inLanguage":"pt-BR","url":"http:\/\/www.abennacional.org.br\/site\/wp-content\/uploads\/2019\/08\/logo_SOBEF.png","contentUrl":"http:\/\/www.abennacional.org.br\/site\/wp-content\/uploads\/2019\/08\/logo_SOBEF.png"},{"@type":"WebPage","@id":"https:\/\/www.abennacional.org.br\/site\/sobef-sociedade-brasileira-de-enfermagem-forense\/#webpage","url":"https:\/\/www.abennacional.org.br\/site\/sobef-sociedade-brasileira-de-enfermagem-forense\/","name":"SOBEF | Sociedade Brasileira de Enfermagem Forense - ABEn Nacional","isPartOf":{"@id":"https:\/\/www.abennacional.org.br\/site\/#website"},"primaryImageOfPage":{"@id":"https:\/\/www.abennacional.org.br\/site\/sobef-sociedade-brasileira-de-enfermagem-forense\/#primaryimage"},"datePublished":"2019-08-20T21:02:02+00:00","dateModified":"2019-08-25T19:26:37+00:00","breadcrumb":{"@id":"https:\/\/www.abennacional.org.br\/site\/sobef-sociedade-brasileira-de-enfermagem-forense\/#breadcrumb"},"inLanguage":"pt-BR","potentialAction":[{"@type":"ReadAction","target":["https:\/\/www.abennacional.org.br\/site\/sobef-sociedade-brasileira-de-enfermagem-forense\/"]}]},{"@type":"BreadcrumbList","@id":"https:\/\/www.abennacional.org.br\/site\/sobef-sociedade-brasileira-de-enfermagem-forense\/#breadcrumb","itemListElement":[{"@type":"ListItem","position":1,"name":"In\u00edcio","item":"https:\/\/www.abennacional.org.br\/site\/"},{"@type":"ListItem","position":2,"name":"SOBEF | Sociedade Brasileira de Enfermagem Forense"}]}]}},"jetpack_sharing_enabled":true,"jetpack_shortlink":"https:\/\/wp.me\/PaUzFo-1gk","_links":{"self":[{"href":"https:\/\/www.abennacional.org.br\/site\/wp-json\/wp\/v2\/pages\/4856"}],"collection":[{"href":"https:\/\/www.abennacional.org.br\/site\/wp-json\/wp\/v2\/pages"}],"about":[{"href":"https:\/\/www.abennacional.org.br\/site\/wp-json\/wp\/v2\/types\/page"}],"author":[{"embeddable":true,"href":"https:\/\/www.abennacional.org.br\/site\/wp-json\/wp\/v2\/users\/1"}],"replies":[{"embeddable":true,"href":"https:\/\/www.abennacional.org.br\/site\/wp-json\/wp\/v2\/comments?post=4856"}],"version-history":[{"count":30,"href":"https:\/\/www.abennacional.org.br\/site\/wp-json\/wp\/v2\/pages\/4856\/revisions"}],"predecessor-version":[{"id":4937,"href":"https:\/\/www.abennacional.org.br\/site\/wp-json\/wp\/v2\/pages\/4856\/revisions\/4937"}],"wp:attachment":[{"href":"https:\/\/www.abennacional.org.br\/site\/wp-json\/wp\/v2\/media?parent=4856"}],"curies":[{"name":"wp","href":"https:\/\/api.w.org\/{rel}","templated":true}]}}