{"id":506,"date":"2018-12-16T22:17:06","date_gmt":"2018-12-17T00:17:06","guid":{"rendered":"http:\/\/www.abennacional.org.br\/validacao\/?page_id=506"},"modified":"2022-01-25T23:16:19","modified_gmt":"2022-01-26T02:16:19","slug":"enfermagem-na-atencao-basica","status":"publish","type":"page","link":"https:\/\/www.abennacional.org.br\/site\/enfermagem-na-atencao-basica\/","title":{"rendered":"Enfermagem na Aten\u00e7\u00e3o B\u00e1sica"},"content":{"rendered":"\n<div class=\"wp-block-image\"><figure class=\"aligncenter size-large is-resized\"><img loading=\"lazy\" src=\"https:\/\/www.abennacional.org.br\/site\/wp-content\/uploads\/2020\/08\/saude_basica-754x1024.png\" alt=\"\" class=\"wp-image-9142\" width=\"150\" height=\"203\" srcset=\"https:\/\/www.abennacional.org.br\/site\/wp-content\/uploads\/2020\/08\/saude_basica-754x1024.png 754w, https:\/\/www.abennacional.org.br\/site\/wp-content\/uploads\/2020\/08\/saude_basica-221x300.png 221w, https:\/\/www.abennacional.org.br\/site\/wp-content\/uploads\/2020\/08\/saude_basica-768x1043.png 768w, https:\/\/www.abennacional.org.br\/site\/wp-content\/uploads\/2020\/08\/saude_basica-1131x1536.png 1131w, https:\/\/www.abennacional.org.br\/site\/wp-content\/uploads\/2020\/08\/saude_basica-1507x2048.png 1507w, https:\/\/www.abennacional.org.br\/site\/wp-content\/uploads\/2020\/08\/saude_basica.png 1771w\" sizes=\"(max-width: 150px) 100vw, 150px\" \/><\/figure><\/div>\n\n\n\n<p><strong> APRESENTA\u00c7\u00c3O<\/strong><br>  &#8230;&#8230;&#8230;&#8230;&#8230;&#8230;&#8230;&#8230;&#8230;&#8230;&#8230;&#8230;&#8230;&#8230;&#8230;&#8230;&#8230;&#8230;&#8230;&#8230;&#8230;..  <\/p>\n\n\n\n<p>O Departamento de Enfermagem na Aten\u00e7\u00e3o B\u00e1sica (DEAB) da Associa\u00e7\u00e3o Brasileira de Enfermagem faz parte da base estrutural e organizativa da ABEn Nacional e das suas Se\u00e7\u00f5es nos Estados e Distrito Federal, como \u00f3rg\u00e3o de assessoria da Diretoria (Art. 26 do Estatuto da ABEn Nacional). <br><br>Compreende-se por Aten\u00e7\u00e3o B\u00e1sica, tudo o que se refere \u00e0 Aten\u00e7\u00e3o B\u00e1sica, \u00e0 Aten\u00e7\u00e3o Prim\u00e1ria e \u00e0 Sa\u00fade da Fam\u00edlia, e ao seu correspondente na \u00e1rea de Enfermagem.<br><br><br><strong>Conhe\u00e7a o Regimento<\/strong> <strong>Interno <\/strong><br>\u2026\u2026\u2026\u2026\u2026\u2026\u2026\u2026\u2026\u2026\u2026\u2026\u2026\u2026\u2026\u2026\u2026\u2026\u2026\u2026\u2026..<br>Departamento de Enfermagem na Aten\u00e7\u00e3o B\u00e1sica \u2013 DEAB ABEn. <a href=\"https:\/\/www.abennacional.org.br\/site\/wp-content\/uploads\/2019\/01\/regimento_interno.pdf\" target=\"_blank\" rel=\"noreferrer noopener\">Clique aqui.<\/a><br><br><br><strong>Contatos com a Coordena\u00e7\u00e3o do<\/strong> <strong>DEAB<\/strong><br>\u2026\u2026\u2026\u2026\u2026\u2026\u2026\u2026\u2026\u2026\u2026\u2026\u2026\u2026\u2026\u2026\u2026\u2026\u2026\u2026\u2026..<br><strong> <\/strong><a href=\"mailto:deab@abennacional.org.br\">deab@abennacional.org.br<\/a><br><br><br><strong>Membros do Colegiado de Coordena\u00e7\u00e3o do<\/strong> <strong>DEAB<\/strong><br>\u2026\u2026\u2026\u2026\u2026\u2026\u2026\u2026\u2026\u2026\u2026\u2026\u2026\u2026\u2026\u2026\u2026\u2026\u2026\u2026\u2026..<br><strong><strong><strong>In\u00eas Leoneza de Souza (RJ) \u2013<\/strong> ABEn-RJ \u2013 Regi\u00e3o Sudeste<\/strong><\/strong><br>Curr\u00edculo Lattes: <a href=\"http:\/\/lattes.cnpq.br\/3228177138485964\">http:\/\/lattes.cnpq.br\/3228177138485964<\/a> <br>Enfermeira h\u00e1 33 anos, Doutorado em Enfermagem EEAN\/ UFRJ; Mestrado Profissional em Sa\u00fade da Fam\u00edlia pela UNESA RJ e Mestrado Acad\u00eamico em Educa\u00e7\u00e3o e Sa\u00fade pela UniFOA. Professora Adjunta III do Campus UFRJ\/ Maca\u00e9. Especialista em Sa\u00fade Coletiva\/ Ger\u00eancia de Unidades de Sa\u00fade e Redes de Aten\u00e7\u00e3o \u00e0 Sa\u00fade no SUS. Experi\u00eancia na \u00e1rea de Sa\u00fade Coletiva com \u00eanfase em Enfermagem de Sa\u00fade P\u00fablica e Sa\u00fade Mental. Foi membro do DEAB ABEn Nacional de 2018\/2021.<br><em>E-mail<\/em>: <a href=\"mailto:ines.leoneza@gmail.com\" target=\"_blank\" rel=\"noreferrer noopener\">ines.leoneza@gmail.com<\/a><\/p>\n\n\n\n<p><br><strong>Maria do Socorro Sousa da Silva &#8211; ABEn-PB \u2013 Regi\u00e3o Nordeste<\/strong><br>Curr\u00edculo Lattes: <a href=\"http:\/\/lattes.cnpq.br\/8946217504266200\">http:\/\/lattes.cnpq.br\/8946217504266200<\/a> <br>Enfermeira h\u00e1 33 anos. Trabalha na Estrat\u00e9gia Sa\u00fade da Fam\u00edlia\/ Jo\u00e3o Pessoa-PB. Especialista em Sa\u00fade da Fam\u00edlia (UFPB). Aluna do Mestrado Profissional em Sa\u00fade da Fam\u00edlia (RENASF\/UFPB). Terapeuta Comunit\u00e1ria. Coordenadora do DABS \/ Se\u00e7\u00e3o PB.<br><em>E-mail:<\/em> <a href=\"mailto:socorrodoss@hotmail.com\">socorrodoss@hotmail.com<\/a><br><br><strong>Sandra Rejane Soares Ferreira<\/strong> <strong>\u2013 ABEn-RS \u2013 Regi\u00e3o Sul<\/strong> <br>(<strong>Coordenadora do DEAB<\/strong>)<br>Curriculo Lattes: <a href=\"http:\/\/lattes.cnpq.br\/7366017158377047\">http:\/\/lattes.cnpq.br\/7366017158377047<\/a> <br>Enfermeira h\u00e1 34 anos, trabalha no Servi\u00e7o de Sa\u00fade Comunit\u00e1ria do Grupo Hospitalar Concei\u00e7\u00e3o, h\u00e1 29 anos, em Porto Alegre (RS). Foi professora universit\u00e1ria por 12 anos. Mestrado em Enfermagem pela Universidade Federal do Rio Grande do Sul. Especialista: em Sa\u00fade P\u00fablica pela UFRGS; em Sa\u00fade Coletiva e Recursos Humanos pela Escola de Sa\u00fade P\u00fablica da Secretaria Estadual de Sa\u00fade\/RS; em Educa\u00e7\u00e3o Popular pela Universidade do Vale do Rio dos Sinos\/RS. Coordenou o DAPS da ABEn-RS de 2017\/ 2020. Foi membro do DEAB ABEn Nacional de 2018\/2021.<br><em>E-mail:<\/em> <a href=\"mailto:sandrarsfer@gmail.com\" target=\"_blank\" rel=\"noreferrer noopener\">sandrarsfer@gmail.com<\/a><br><br><strong>Suderlan Sabino Leandro<\/strong> <strong>\u2013 ABEn-DF \u2013 Regi\u00e3o Centro Oeste<\/strong><br>Curr\u00edculo Lattes: <a href=\"http:\/\/lattes.cnpq.br\/2211647164496393\">http:\/\/lattes.cnpq.br\/2211647164496393<\/a> <br>Enfermeiro h\u00e1 17 anos, Doutorado em Enfermagem pelo Programa de P\u00f3s Gradua\u00e7\u00e3o em Enfermagem da Universidade de Bras\u00edlia. Mestre em Enfermagem na Aten\u00e7\u00e3o \u00e0 Sa\u00fade pelo Programa de P\u00f3s Gradua\u00e7\u00e3o em Enfermagem da Universidade Federal da Para\u00edba. Especialista em Estrat\u00e9gia Sa\u00fade da Fam\u00edlia (2006). Foi diretor de assuntos profissionais da ABEn Nacional. Atua como docente da ESCS\/FEPECS\/SES e coordenador e professor do Curso de Gradua\u00e7\u00e3o em Enfermagem do Centro Universit\u00e1rio UDF. Foi membro do DEAB ABEn Nacional de 2020\/2021.<br><em>Email:<\/em> <a href=\"mailto:suderlan.leandro@gmail.com\">suderlan.leandro@gmail.com<\/a><br><br><strong>Tatiane Gisele Marques da Silva \u2013 ABEn-PA \u2013 Regi\u00e3o Norte<\/strong><br>Curr\u00edculo Lattes: <a href=\"http:\/\/lattes.cnpq.br\/3345197413503394\">http:\/\/lattes.cnpq.br\/3345197413503394<\/a> <br>Enfermeira h\u00e1 14 anos, trabalhou na Aten\u00e7\u00e3o B\u00e1sica e atualmente trabalha na Vigil\u00e2ncia Epidemiol\u00f3gica em Santa B\u00e1rbara do Par\u00e1. Atualmente \u00e9 coordena\u00e7\u00e3o do programa sa\u00fade da mulher &#8211; Secretaria Municipal de Sa\u00fade de Benevides e pesquisadora da Universidade do Estado do Par\u00e1. Cursando Mestrado Profissional em Tecnologia e Inova\u00e7\u00e3o em Enfermagem na Escola de Enfermagem de Ribeir\u00e3o Preto- Universidade de S\u00e3o Paulo, EERP-USP. Coordenadora do Departamento de Aten\u00e7\u00e3o B\u00e1sica da ABEn-PA. <br><em>E-mail:<\/em> <a href=\"mailto:tatigms21@gmail.com\" target=\"_blank\" rel=\"noreferrer noopener\">tatigms21@gmail.com<\/a><br><br><br><strong><em>Suplente<\/em><\/strong><br>&#8230;&#8230;&#8230;&#8230;&#8230;&#8230;&#8230;&#8230;&#8230;&#8230;&#8230;&#8230;&#8230;&#8230;&#8230;&#8230;&#8230;&#8230;&#8230;&#8230;&#8230;..<br><strong>Lenira Maria Wanderley Santos de Almeida \u2013 ABEn- Al &#8211; Regi\u00e3o Nordeste<\/strong><br><br><br><strong><strong>Not\u00edcias relacionadas ao Departamento de Enfermagem na Aten\u00e7\u00e3o B\u00e1sica<\/strong><\/strong>  <br> &#8230;&#8230;&#8230;&#8230;&#8230;&#8230;&#8230;&#8230;&#8230;&#8230;&#8230;&#8230;&#8230;&#8230;&#8230;&#8230;&#8230;&#8230;&#8230;&#8230;&#8230;..  <br>E-BOOK | A Enfermagem na Aten\u00e7\u00e3o B\u00e1sica no contexto da Covid-19. <a href=\"https:\/\/www.abennacional.org.br\/site\/wp-content\/uploads\/2020\/05\/E-BOOK-GERONTO.pdf\" target=\"_blank\" rel=\"noreferrer noopener\">Clique aqui.<\/a> <br>E-BOOK | Reflex\u00f5es sobre o escopo do trabalho da Enfermeira na Aten\u00e7\u00e3o Prim\u00e1ria. <a href=\"https:\/\/www.abennacional.org.br\/site\/wp-content\/uploads\/2020\/05\/E-BOOK-GERONTO.pdf\" target=\"_blank\" rel=\"noreferrer noopener\">Clique aqui.<\/a> <br>CARTA  | Carta aberta da ABEn Nacional\/ Departamento de Enfermagem na Aten\u00e7\u00e3o B\u00e1sica sobre amea\u00e7as ao direito \u00e0 Sa\u00fade com o programa \u201cCuida Mais Brasil\u201d. <a href=\"https:\/\/www.abennacional.org.br\/site\/wp-content\/uploads\/2022\/01\/carta_DEAB_popu_24_jan_22.pdf\" target=\"_blank\" rel=\"noreferrer noopener\">Clique aqui. <\/a> <br>CARTA | Desafios enfrentados pela enfermagem na Aten\u00e7\u00e3o Prim\u00e1ria \u00e0 Sa\u00fade. <a href=\"https:\/\/www.abennacional.org.br\/site\/wp-content\/uploads\/2021\/09\/Carta_DEAB_-ABEn-Nacional_72-CBEn.pdf\" target=\"_blank\" rel=\"noreferrer noopener\">Clique aqui<\/a>.<\/p>\n\n\n\n<p><br><br><strong>Portaria<\/strong><br>\u2026\u2026\u2026\u2026\u2026\u2026\u2026\u2026\u2026\u2026\u2026\u2026\u2026\u2026\u2026\u2026\u2026\u2026\u2026\u2026\u2026..<br>Portaria N\u00ba 073\/2021 \u2013 Disp\u00f5e sobre a Nomea\u00e7\u00e3o dos Componentes do Departamento Cient\u00edfico de Enfermagem na Aten\u00e7\u00e3o B\u00e1sica \u2013 DEAB. <a href=\"https:\/\/www.abennacional.org.br\/site\/wp-content\/uploads\/2021\/08\/Portaria-073-DEAB-2021.pdf\" target=\"_blank\" rel=\"noreferrer noopener\">Clique aqui<\/a>.<\/p>\n","protected":false},"excerpt":{"rendered":"<p>APRESENTA\u00c7\u00c3O &#8230;&#8230;&#8230;&#8230;&#8230;&#8230;&#8230;&#8230;&#8230;&#8230;&#8230;&#8230;&#8230;&#8230;&#8230;&#8230;&#8230;&#8230;&#8230;&#8230;&#8230;.. O Departamento de Enfermagem na Aten\u00e7\u00e3o B\u00e1sica (DEAB) da Associa\u00e7\u00e3o Brasileira de Enfermagem faz parte da base estrutural e organizativa da ABEn Nacional e das suas Se\u00e7\u00f5es nos Estados e Distrito Federal, como \u00f3rg\u00e3o de assessoria da Diretoria (Art. 26 do Estatuto da ABEn Nacional). Compreende-se por Aten\u00e7\u00e3o B\u00e1sica, tudo o que se [&hellip;]<\/p>\n","protected":false},"author":2,"featured_media":0,"parent":0,"menu_order":0,"comment_status":"closed","ping_status":"closed","template":"","meta":{"spay_email":""},"yoast_head":"<!-- This site is optimized with the Yoast SEO plugin v18.3 - https:\/\/yoast.com\/wordpress\/plugins\/seo\/ -->\n<title>Enfermagem na Aten\u00e7\u00e3o B\u00e1sica - ABEn Nacional<\/title>\n<meta name=\"robots\" content=\"index, follow, max-snippet:-1, max-image-preview:large, max-video-preview:-1\" \/>\n<link rel=\"canonical\" href=\"https:\/\/www.abennacional.org.br\/site\/enfermagem-na-atencao-basica\/\" \/>\n<meta property=\"og:locale\" content=\"pt_BR\" \/>\n<meta property=\"og:type\" content=\"article\" \/>\n<meta property=\"og:title\" content=\"Enfermagem na Aten\u00e7\u00e3o B\u00e1sica - ABEn Nacional\" \/>\n<meta property=\"og:description\" content=\"APRESENTA\u00c7\u00c3O &#8230;&#8230;&#8230;&#8230;&#8230;&#8230;&#8230;&#8230;&#8230;&#8230;&#8230;&#8230;&#8230;&#8230;&#8230;&#8230;&#8230;&#8230;&#8230;&#8230;&#8230;.. O Departamento de Enfermagem na Aten\u00e7\u00e3o B\u00e1sica (DEAB) da Associa\u00e7\u00e3o Brasileira de Enfermagem faz parte da base estrutural e organizativa da ABEn Nacional e das suas Se\u00e7\u00f5es nos Estados e Distrito Federal, como \u00f3rg\u00e3o de assessoria da Diretoria (Art. 26 do Estatuto da ABEn Nacional). Compreende-se por Aten\u00e7\u00e3o B\u00e1sica, tudo o que se [&hellip;]\" \/>\n<meta property=\"og:url\" content=\"https:\/\/www.abennacional.org.br\/site\/enfermagem-na-atencao-basica\/\" \/>\n<meta property=\"og:site_name\" content=\"ABEn Nacional\" \/>\n<meta property=\"article:publisher\" content=\"https:\/\/www.facebook.com\/ABEn-Nacional-202551919840028\/\" \/>\n<meta property=\"article:modified_time\" content=\"2022-01-26T02:16:19+00:00\" \/>\n<meta property=\"og:image\" content=\"http:\/\/www.abennacional.org.br\/site\/wp-content\/uploads\/2020\/08\/saude_basica-754x1024.png\" \/>\n<meta name=\"twitter:card\" content=\"summary_large_image\" \/>\n<meta name=\"twitter:label1\" content=\"Est. tempo de leitura\" \/>\n\t<meta name=\"twitter:data1\" content=\"4 minutos\" \/>\n<script type=\"application\/ld+json\" class=\"yoast-schema-graph\">{\"@context\":\"https:\/\/schema.org\",\"@graph\":[{\"@type\":\"Organization\",\"@id\":\"https:\/\/www.abennacional.org.br\/site\/#organization\",\"name\":\"ABEn Nacional\",\"url\":\"https:\/\/www.abennacional.org.br\/site\/\",\"sameAs\":[\"https:\/\/www.facebook.com\/ABEn-Nacional-202551919840028\/\",\"https:\/\/br.linkedin.com\/in\/aben-nacional-42385511b\",\"https:\/\/www.youtube.com\/watch?v=m8cvAUgypCI\"],\"logo\":{\"@type\":\"ImageObject\",\"@id\":\"https:\/\/www.abennacional.org.br\/site\/#logo\",\"inLanguage\":\"pt-BR\",\"url\":\"https:\/\/www.abennacional.org.br\/site\/wp-content\/uploads\/2018\/12\/logoaben_grande-2.png\",\"contentUrl\":\"https:\/\/www.abennacional.org.br\/site\/wp-content\/uploads\/2018\/12\/logoaben_grande-2.png\",\"width\":410,\"height\":139,\"caption\":\"ABEn Nacional\"},\"image\":{\"@id\":\"https:\/\/www.abennacional.org.br\/site\/#logo\"}},{\"@type\":\"WebSite\",\"@id\":\"https:\/\/www.abennacional.org.br\/site\/#website\",\"url\":\"https:\/\/www.abennacional.org.br\/site\/\",\"name\":\"ABEn Nacional\",\"description\":\"Associa\u00e7\u00e3o Brasileira de Enfermagem\",\"publisher\":{\"@id\":\"https:\/\/www.abennacional.org.br\/site\/#organization\"},\"potentialAction\":[{\"@type\":\"SearchAction\",\"target\":{\"@type\":\"EntryPoint\",\"urlTemplate\":\"https:\/\/www.abennacional.org.br\/site\/?s={search_term_string}\"},\"query-input\":\"required name=search_term_string\"}],\"inLanguage\":\"pt-BR\"},{\"@type\":\"ImageObject\",\"@id\":\"https:\/\/www.abennacional.org.br\/site\/enfermagem-na-atencao-basica\/#primaryimage\",\"inLanguage\":\"pt-BR\",\"url\":\"http:\/\/www.abennacional.org.br\/site\/wp-content\/uploads\/2020\/08\/saude_basica-754x1024.png\",\"contentUrl\":\"http:\/\/www.abennacional.org.br\/site\/wp-content\/uploads\/2020\/08\/saude_basica-754x1024.png\"},{\"@type\":\"WebPage\",\"@id\":\"https:\/\/www.abennacional.org.br\/site\/enfermagem-na-atencao-basica\/#webpage\",\"url\":\"https:\/\/www.abennacional.org.br\/site\/enfermagem-na-atencao-basica\/\",\"name\":\"Enfermagem na Aten\u00e7\u00e3o B\u00e1sica - ABEn Nacional\",\"isPartOf\":{\"@id\":\"https:\/\/www.abennacional.org.br\/site\/#website\"},\"primaryImageOfPage\":{\"@id\":\"https:\/\/www.abennacional.org.br\/site\/enfermagem-na-atencao-basica\/#primaryimage\"},\"datePublished\":\"2018-12-17T00:17:06+00:00\",\"dateModified\":\"2022-01-26T02:16:19+00:00\",\"breadcrumb\":{\"@id\":\"https:\/\/www.abennacional.org.br\/site\/enfermagem-na-atencao-basica\/#breadcrumb\"},\"inLanguage\":\"pt-BR\",\"potentialAction\":[{\"@type\":\"ReadAction\",\"target\":[\"https:\/\/www.abennacional.org.br\/site\/enfermagem-na-atencao-basica\/\"]}]},{\"@type\":\"BreadcrumbList\",\"@id\":\"https:\/\/www.abennacional.org.br\/site\/enfermagem-na-atencao-basica\/#breadcrumb\",\"itemListElement\":[{\"@type\":\"ListItem\",\"position\":1,\"name\":\"In\u00edcio\",\"item\":\"https:\/\/www.abennacional.org.br\/site\/\"},{\"@type\":\"ListItem\",\"position\":2,\"name\":\"Enfermagem na Aten\u00e7\u00e3o B\u00e1sica\"}]}]}<\/script>\n<!-- \/ Yoast SEO plugin. -->","yoast_head_json":{"title":"Enfermagem na Aten\u00e7\u00e3o B\u00e1sica - ABEn Nacional","robots":{"index":"index","follow":"follow","max-snippet":"max-snippet:-1","max-image-preview":"max-image-preview:large","max-video-preview":"max-video-preview:-1"},"canonical":"https:\/\/www.abennacional.org.br\/site\/enfermagem-na-atencao-basica\/","og_locale":"pt_BR","og_type":"article","og_title":"Enfermagem na Aten\u00e7\u00e3o B\u00e1sica - ABEn Nacional","og_description":"APRESENTA\u00c7\u00c3O &#8230;&#8230;&#8230;&#8230;&#8230;&#8230;&#8230;&#8230;&#8230;&#8230;&#8230;&#8230;&#8230;&#8230;&#8230;&#8230;&#8230;&#8230;&#8230;&#8230;&#8230;.. O Departamento de Enfermagem na Aten\u00e7\u00e3o B\u00e1sica (DEAB) da Associa\u00e7\u00e3o Brasileira de Enfermagem faz parte da base estrutural e organizativa da ABEn Nacional e das suas Se\u00e7\u00f5es nos Estados e Distrito Federal, como \u00f3rg\u00e3o de assessoria da Diretoria (Art. 26 do Estatuto da ABEn Nacional). Compreende-se por Aten\u00e7\u00e3o B\u00e1sica, tudo o que se [&hellip;]","og_url":"https:\/\/www.abennacional.org.br\/site\/enfermagem-na-atencao-basica\/","og_site_name":"ABEn Nacional","article_publisher":"https:\/\/www.facebook.com\/ABEn-Nacional-202551919840028\/","article_modified_time":"2022-01-26T02:16:19+00:00","og_image":[{"url":"http:\/\/www.abennacional.org.br\/site\/wp-content\/uploads\/2020\/08\/saude_basica-754x1024.png"}],"twitter_card":"summary_large_image","twitter_misc":{"Est. tempo de leitura":"4 minutos"},"schema":{"@context":"https:\/\/schema.org","@graph":[{"@type":"Organization","@id":"https:\/\/www.abennacional.org.br\/site\/#organization","name":"ABEn Nacional","url":"https:\/\/www.abennacional.org.br\/site\/","sameAs":["https:\/\/www.facebook.com\/ABEn-Nacional-202551919840028\/","https:\/\/br.linkedin.com\/in\/aben-nacional-42385511b","https:\/\/www.youtube.com\/watch?v=m8cvAUgypCI"],"logo":{"@type":"ImageObject","@id":"https:\/\/www.abennacional.org.br\/site\/#logo","inLanguage":"pt-BR","url":"https:\/\/www.abennacional.org.br\/site\/wp-content\/uploads\/2018\/12\/logoaben_grande-2.png","contentUrl":"https:\/\/www.abennacional.org.br\/site\/wp-content\/uploads\/2018\/12\/logoaben_grande-2.png","width":410,"height":139,"caption":"ABEn Nacional"},"image":{"@id":"https:\/\/www.abennacional.org.br\/site\/#logo"}},{"@type":"WebSite","@id":"https:\/\/www.abennacional.org.br\/site\/#website","url":"https:\/\/www.abennacional.org.br\/site\/","name":"ABEn Nacional","description":"Associa\u00e7\u00e3o Brasileira de Enfermagem","publisher":{"@id":"https:\/\/www.abennacional.org.br\/site\/#organization"},"potentialAction":[{"@type":"SearchAction","target":{"@type":"EntryPoint","urlTemplate":"https:\/\/www.abennacional.org.br\/site\/?s={search_term_string}"},"query-input":"required name=search_term_string"}],"inLanguage":"pt-BR"},{"@type":"ImageObject","@id":"https:\/\/www.abennacional.org.br\/site\/enfermagem-na-atencao-basica\/#primaryimage","inLanguage":"pt-BR","url":"http:\/\/www.abennacional.org.br\/site\/wp-content\/uploads\/2020\/08\/saude_basica-754x1024.png","contentUrl":"http:\/\/www.abennacional.org.br\/site\/wp-content\/uploads\/2020\/08\/saude_basica-754x1024.png"},{"@type":"WebPage","@id":"https:\/\/www.abennacional.org.br\/site\/enfermagem-na-atencao-basica\/#webpage","url":"https:\/\/www.abennacional.org.br\/site\/enfermagem-na-atencao-basica\/","name":"Enfermagem na Aten\u00e7\u00e3o B\u00e1sica - ABEn Nacional","isPartOf":{"@id":"https:\/\/www.abennacional.org.br\/site\/#website"},"primaryImageOfPage":{"@id":"https:\/\/www.abennacional.org.br\/site\/enfermagem-na-atencao-basica\/#primaryimage"},"datePublished":"2018-12-17T00:17:06+00:00","dateModified":"2022-01-26T02:16:19+00:00","breadcrumb":{"@id":"https:\/\/www.abennacional.org.br\/site\/enfermagem-na-atencao-basica\/#breadcrumb"},"inLanguage":"pt-BR","potentialAction":[{"@type":"ReadAction","target":["https:\/\/www.abennacional.org.br\/site\/enfermagem-na-atencao-basica\/"]}]},{"@type":"BreadcrumbList","@id":"https:\/\/www.abennacional.org.br\/site\/enfermagem-na-atencao-basica\/#breadcrumb","itemListElement":[{"@type":"ListItem","position":1,"name":"In\u00edcio","item":"https:\/\/www.abennacional.org.br\/site\/"},{"@type":"ListItem","position":2,"name":"Enfermagem na Aten\u00e7\u00e3o B\u00e1sica"}]}]}},"jetpack_sharing_enabled":true,"jetpack_shortlink":"https:\/\/wp.me\/PaUzFo-8a","_links":{"self":[{"href":"https:\/\/www.abennacional.org.br\/site\/wp-json\/wp\/v2\/pages\/506"}],"collection":[{"href":"https:\/\/www.abennacional.org.br\/site\/wp-json\/wp\/v2\/pages"}],"about":[{"href":"https:\/\/www.abennacional.org.br\/site\/wp-json\/wp\/v2\/types\/page"}],"author":[{"embeddable":true,"href":"https:\/\/www.abennacional.org.br\/site\/wp-json\/wp\/v2\/users\/2"}],"replies":[{"embeddable":true,"href":"https:\/\/www.abennacional.org.br\/site\/wp-json\/wp\/v2\/comments?post=506"}],"version-history":[{"count":45,"href":"https:\/\/www.abennacional.org.br\/site\/wp-json\/wp\/v2\/pages\/506\/revisions"}],"predecessor-version":[{"id":12156,"href":"https:\/\/www.abennacional.org.br\/site\/wp-json\/wp\/v2\/pages\/506\/revisions\/12156"}],"wp:attachment":[{"href":"https:\/\/www.abennacional.org.br\/site\/wp-json\/wp\/v2\/media?parent=506"}],"curies":[{"name":"wp","href":"https:\/\/api.w.org\/{rel}","templated":true}]}}