{"id":517,"date":"2018-12-16T22:22:17","date_gmt":"2018-12-17T00:22:17","guid":{"rendered":"http:\/\/www.abennacional.org.br\/validacao\/?page_id=517"},"modified":"2022-10-23T15:17:42","modified_gmt":"2022-10-23T18:17:42","slug":"historia-da-enfermagem","status":"publish","type":"page","link":"https:\/\/www.abennacional.org.br\/site\/historia-da-enfermagem\/","title":{"rendered":"Hist\u00f3ria da Enfermagem"},"content":{"rendered":"\n<div class=\"wp-block-image\"><figure class=\"aligncenter size-large is-resized\"><img loading=\"lazy\" src=\"https:\/\/www.abennacional.org.br\/site\/wp-content\/uploads\/2020\/08\/LOGO-DEPT.-HISTORIA-810x1024.png\" alt=\"\" class=\"wp-image-9144\" width=\"178\" height=\"225\" srcset=\"https:\/\/www.abennacional.org.br\/site\/wp-content\/uploads\/2020\/08\/LOGO-DEPT.-HISTORIA-810x1024.png 810w, https:\/\/www.abennacional.org.br\/site\/wp-content\/uploads\/2020\/08\/LOGO-DEPT.-HISTORIA-237x300.png 237w, https:\/\/www.abennacional.org.br\/site\/wp-content\/uploads\/2020\/08\/LOGO-DEPT.-HISTORIA-768x971.png 768w, https:\/\/www.abennacional.org.br\/site\/wp-content\/uploads\/2020\/08\/LOGO-DEPT.-HISTORIA-1215x1536.png 1215w, https:\/\/www.abennacional.org.br\/site\/wp-content\/uploads\/2020\/08\/LOGO-DEPT.-HISTORIA-1620x2048.png 1620w, https:\/\/www.abennacional.org.br\/site\/wp-content\/uploads\/2020\/08\/LOGO-DEPT.-HISTORIA.png 1932w\" sizes=\"(max-width: 178px) 100vw, 178px\" \/><\/figure><\/div>\n\n\n\n<p><strong>Departamento Cient\u00edfico de Hist\u00f3ria da Enfermagem (DHE)<\/strong><br><br> <br><strong>Apresenta\u00e7\u00e3o<\/strong><br>\u2026\u2026\u2026\u2026\u2026\u2026\u2026\u2026\u2026\u2026\u2026\u2026\u2026\u2026\u2026\u2026\u2026\u2026\u2026\u2026\u2026.. <\/p>\n\n\n\n<p>Criado em 2010, o Departamento Cient\u00edfico de Hist\u00f3ria da Enfermagem (DHE) da ABEn Nacional representa os interesses dessa Associa\u00e7\u00e3o na guarda e mapeamento do patrim\u00f4nio material e imaterial da enfermagem brasileira. Busca a conex\u00e3o e acesso entre pesquisadores nacionais e internacionais de Hist\u00f3ria da Enfermagem e da Sa\u00fade, ao lado de reunir um significativo capital cient\u00edfico para a promo\u00e7\u00e3o e preserva\u00e7\u00e3o da hist\u00f3ria da enfermagem em seus diferentes \u00e2mbitos de atua\u00e7\u00e3o e contextos socioecon\u00f4micos. <\/p>\n\n\n\n<p>Disp\u00f5e de listagem de consultoria para Assuntos de Hist\u00f3ria da Enfermagem. A interdisciplinaridade que permeia a \u00e1rea de conhecimento de hist\u00f3ria da enfermagem \u00e9 ponto de destaque nas realiza\u00e7\u00f5es do DHE, que incluem:<\/p>\n\n\n\n<p>\u2022 a luta pela perman\u00eancia destacada da disciplina de Hist\u00f3ria da Enfermagem nos Curr\u00edculos dos Cursos de Enfermagem desde o n\u00edvel m\u00e9dio, superior e de P\u00f3s-Gradua\u00e7\u00e3o;<\/p>\n\n\n\n<p>\u2022 a valoriza\u00e7\u00e3o da trajet\u00f3ria de profissionais e de personalidades destac\u00e1veis na profiss\u00e3o; <\/p>\n\n\n\n<p>\u2022 o est\u00edmulo a preserva\u00e7\u00e3o de acervos hist\u00f3ricos de enfermagem e o desenvolvimento de pesquisas em Hist\u00f3ria da Enfermagem; <\/p>\n\n\n\n<p>\u2022 o interc\u00e2mbio nacional e internacional de conhecimento tecnol\u00f3gico relacionado \u00e0 difus\u00e3o e comunica\u00e7\u00e3o da hist\u00f3ria da enfermagem; <br><br>\u2022 a continuidade de realiza\u00e7\u00e3o de Col\u00f3quios Latino-Americanos de Hist\u00f3ria da Enfermagem, dentre outras formas de express\u00e3o de reavivamento da Hist\u00f3ria no campo profissional.<\/p>\n\n\n\n<p>O DHE da ABEn nacional funciona como centro de uma rede formada tamb\u00e9m pelos DHE das Se\u00e7\u00f5es estaduais da ABEn, o que liga em todo o Brasil a hist\u00f3ria da enfermagem, difundindo o conhecimento produzido e as atividades desenvolvidas nesse campo nas diferentes regi\u00f5es do pa\u00eds, refor\u00e7ando assim, a identidade da profiss\u00e3o.<\/p>\n\n\n\n<p><br><strong>Coordena\u00e7\u00e3o<\/strong><br>\u2026\u2026\u2026\u2026\u2026\u2026\u2026\u2026\u2026\u2026\u2026\u2026\u2026\u2026\u2026\u2026\u2026\u2026\u2026..<\/p>\n\n\n\n<p><strong>Maria Ang\u00e9lica de Almeida Peres \u2013 Enfermeira.<\/strong> <br>Doutora em Enfermagem. P\u00f3s-Doutorado em Hist\u00f3ria da Enfermagem. Professora Associada da Escola de Enfermagem Anna Nery (EEAN) da Universidade Federal do Rio de Janeiro (UFRJ). Pesquisadora do N\u00facleo de Pesquisa de Hist\u00f3ria da Enfermagem Brasileira (Nuphebras). Coordenadora do Centro de Documenta\u00e7\u00e3o e do Museu da EEAN\/UFRJ.<\/p>\n\n\n\n<p><br><strong>Composi\u00e7\u00e3o do DHE-ABEn (2016- 2019)<\/strong><br>\u2026\u2026\u2026\u2026\u2026\u2026\u2026\u2026\u2026\u2026\u2026\u2026\u2026\u2026\u2026\u2026\u2026\u2026\u2026..<\/p>\n\n\n\n<p><em><strong>I. Um representante da Diretoria da ABEn Nacional e respectivo suplente:<\/strong><\/em><\/p>\n\n\n\n<p>\u2022 Maria Itayra Padilha (SC)<\/p>\n\n\n\n<p>\u2022 Regina Aparecida Garcia de Lima (SP)<\/p>\n\n\n\n<p><br><br><\/p>\n\n\n\n<p><strong><em>II. Dois Enfermeiros com atua\u00e7\u00e3o em Grupo de Estudos e Pesquisas em Hist\u00f3ria da Enfermagem e respectivos suplentes:<\/em><\/strong><\/p>\n\n\n\n<p>\u2022 Maria Ang\u00e9lica de Almeida Peres (RJ) &#8211; Coordenadora<\/p>\n\n\n\n<p>\u2022 Ana Rosete Rodrigues Maia (SC)<\/p>\n\n\n\n<p><br><br><\/p>\n\n\n\n<p><strong><em>III. Um Enfermeiro atuante como Professor de Hist\u00f3ria da Enfermagem de Curso de Ensino Superior e respectivo suplente:<\/em><\/strong><\/p>\n\n\n\n<p>\u2022 Ant\u00f4nio Jos\u00e9 de Almeida Filho (RJ)<\/p>\n\n\n\n<p>\u2022 Lais de Miranda Crispim Costa (AL) Suplente 2017<\/p>\n\n\n\n<p>\u2022 Raquel Josefina de Oliveira Lima (SP) Suplente 2018<\/p>\n\n\n\n<p>\u2022 Francilene Xavier Ferreira (AM) Suplente 2019<\/p>\n\n\n\n<p><br><br><\/p>\n\n\n\n<p><em><strong>IV. Um Enfermeiro atuante como Professor de Hist\u00f3ria da Enfermagem de Curso de Ensino M\u00e9dio Profissionalizante e respectivo suplente:<\/strong><\/em><\/p>\n\n\n\n<p>\u2022 Cleide Oliveira Gomes (RN) Titular<\/p>\n\n\n\n<p>\u2022 Mariangela Aparecida Gon\u00e7alves Figueiredo (MG) Suplente<\/p>\n\n\n\n<p><br><br><\/p>\n\n\n\n<p><br><strong>Regimento<\/strong><br>\u2026\u2026\u2026\u2026\u2026\u2026\u2026\u2026\u2026\u2026\u2026\u2026\u2026\u2026\u2026\u2026\u2026\u2026\u2026\u2026\u2026..<br>Regimento Interno do Departamento Cient\u00edfico de Hist\u00f3ria da Enfermagem (DHE) &#8211; <a href=\"https:\/\/www.abennacional.org.br\/site\/wp-content\/uploads\/2019\/02\/Regimento_Interno_Departamento_Historia_da_Enfermagem.pdf\" target=\"_blank\" rel=\"noreferrer noopener\" aria-label=\" (abre em uma nova aba)\">clique aqui<\/a>.<\/p>\n\n\n\n<p><br><strong>Edital<\/strong><br>\u2026\u2026\u2026\u2026\u2026\u2026\u2026\u2026\u2026\u2026\u2026\u2026\u2026\u2026\u2026\u2026\u2026\u2026\u2026\u2026\u2026..<br><br><\/p>\n\n\n\n<p><strong>Comiss\u00e3o Avaliadora da Prova de T\u00edtulo de Especialista em Hist\u00f3ria da Enfermagem &#8211;\u00a0 Edital ABEn\u00a0N\u00b0\u00a001\/2022.<\/strong><br>Prof. Dr. Deybson Borba Almeida\u00a0&#8211; <strong>Membro Titular &#8211; (DHE ABEn)<\/strong><br>Profa.Dra. Maria Itayra Padilha &#8211; <strong>Membro Titular(ABEn-SC)<\/strong><br>Profa. Dra. Andr\u00e9a Mathes\u00a0Faustino &#8211; <strong>Membro Titular(ABEn-DF)<\/strong><br>Profa. Dra. Maria Lelita Xavier &#8211;\u00a0 <strong>MembroSuplente(DHE ABEn)\u00a0<\/strong><br>Profa. Dra. Fernanda Batista Oliveira Santos &#8211; <strong>Membro Suplente (DHE ABEn)<\/strong><br><\/p>\n\n\n\n<p>EDITAL ABEn N\u00ba 001\/2022 &#8211; <a href=\"https:\/\/www.abennacional.org.br\/site\/wp-content\/uploads\/2022\/10\/Edital_DHE_2022.pdf\" target=\"_blank\" rel=\"noreferrer noopener\">Clique aqui<\/a>. <\/p>\n\n\n\n<p><br>I<strong>nscri\u00e7\u00e3o | Prova <\/strong><br>\u2026\u2026\u2026\u2026\u2026\u2026\u2026\u2026\u2026\u2026\u2026\u2026\u2026\u2026\u2026\u2026\u2026\u2026\u2026\u2026\u2026..<br>Inscri\u00e7\u00e3o | Prova de T\u00edtulo de Especialista em Hist\u00f3ria da Enfermagem. <a href=\"https:\/\/www.abennacional.org.br\/site\/inscricao-prova-hist-enf\/\">Clique aqui.<\/a><\/p>\n","protected":false},"excerpt":{"rendered":"<p>Departamento Cient\u00edfico de Hist\u00f3ria da Enfermagem (DHE) Apresenta\u00e7\u00e3o\u2026\u2026\u2026\u2026\u2026\u2026\u2026\u2026\u2026\u2026\u2026\u2026\u2026\u2026\u2026\u2026\u2026\u2026\u2026\u2026\u2026.. Criado em 2010, o Departamento Cient\u00edfico de Hist\u00f3ria da Enfermagem (DHE) da ABEn Nacional representa os interesses dessa Associa\u00e7\u00e3o na guarda e mapeamento do patrim\u00f4nio material e imaterial da enfermagem brasileira. Busca a conex\u00e3o e acesso entre pesquisadores nacionais e internacionais de Hist\u00f3ria da Enfermagem e da [&hellip;]<\/p>\n","protected":false},"author":2,"featured_media":0,"parent":0,"menu_order":0,"comment_status":"closed","ping_status":"closed","template":"","meta":{"spay_email":""},"yoast_head":"<!-- This site is optimized with the Yoast SEO plugin v18.3 - https:\/\/yoast.com\/wordpress\/plugins\/seo\/ -->\n<title>Hist\u00f3ria da Enfermagem - ABEn Nacional<\/title>\n<meta name=\"robots\" content=\"index, follow, max-snippet:-1, max-image-preview:large, max-video-preview:-1\" \/>\n<link rel=\"canonical\" href=\"https:\/\/www.abennacional.org.br\/site\/historia-da-enfermagem\/\" \/>\n<meta property=\"og:locale\" content=\"pt_BR\" \/>\n<meta property=\"og:type\" content=\"article\" \/>\n<meta property=\"og:title\" content=\"Hist\u00f3ria da Enfermagem - ABEn Nacional\" \/>\n<meta property=\"og:description\" content=\"Departamento Cient\u00edfico de Hist\u00f3ria da Enfermagem (DHE) Apresenta\u00e7\u00e3o\u2026\u2026\u2026\u2026\u2026\u2026\u2026\u2026\u2026\u2026\u2026\u2026\u2026\u2026\u2026\u2026\u2026\u2026\u2026\u2026\u2026.. Criado em 2010, o Departamento Cient\u00edfico de Hist\u00f3ria da Enfermagem (DHE) da ABEn Nacional representa os interesses dessa Associa\u00e7\u00e3o na guarda e mapeamento do patrim\u00f4nio material e imaterial da enfermagem brasileira. Busca a conex\u00e3o e acesso entre pesquisadores nacionais e internacionais de Hist\u00f3ria da Enfermagem e da [&hellip;]\" \/>\n<meta property=\"og:url\" content=\"https:\/\/www.abennacional.org.br\/site\/historia-da-enfermagem\/\" \/>\n<meta property=\"og:site_name\" content=\"ABEn Nacional\" \/>\n<meta property=\"article:publisher\" content=\"https:\/\/www.facebook.com\/ABEn-Nacional-202551919840028\/\" \/>\n<meta property=\"article:modified_time\" content=\"2022-10-23T18:17:42+00:00\" \/>\n<meta property=\"og:image\" content=\"http:\/\/www.abennacional.org.br\/site\/wp-content\/uploads\/2020\/08\/LOGO-DEPT.-HISTORIA-810x1024.png\" \/>\n<meta name=\"twitter:card\" content=\"summary_large_image\" \/>\n<meta name=\"twitter:label1\" content=\"Est. tempo de leitura\" \/>\n\t<meta name=\"twitter:data1\" content=\"4 minutos\" \/>\n<script type=\"application\/ld+json\" class=\"yoast-schema-graph\">{\"@context\":\"https:\/\/schema.org\",\"@graph\":[{\"@type\":\"Organization\",\"@id\":\"https:\/\/www.abennacional.org.br\/site\/#organization\",\"name\":\"ABEn Nacional\",\"url\":\"https:\/\/www.abennacional.org.br\/site\/\",\"sameAs\":[\"https:\/\/www.facebook.com\/ABEn-Nacional-202551919840028\/\",\"https:\/\/br.linkedin.com\/in\/aben-nacional-42385511b\",\"https:\/\/www.youtube.com\/watch?v=m8cvAUgypCI\"],\"logo\":{\"@type\":\"ImageObject\",\"@id\":\"https:\/\/www.abennacional.org.br\/site\/#logo\",\"inLanguage\":\"pt-BR\",\"url\":\"https:\/\/www.abennacional.org.br\/site\/wp-content\/uploads\/2018\/12\/logoaben_grande-2.png\",\"contentUrl\":\"https:\/\/www.abennacional.org.br\/site\/wp-content\/uploads\/2018\/12\/logoaben_grande-2.png\",\"width\":410,\"height\":139,\"caption\":\"ABEn Nacional\"},\"image\":{\"@id\":\"https:\/\/www.abennacional.org.br\/site\/#logo\"}},{\"@type\":\"WebSite\",\"@id\":\"https:\/\/www.abennacional.org.br\/site\/#website\",\"url\":\"https:\/\/www.abennacional.org.br\/site\/\",\"name\":\"ABEn Nacional\",\"description\":\"Associa\u00e7\u00e3o Brasileira de Enfermagem\",\"publisher\":{\"@id\":\"https:\/\/www.abennacional.org.br\/site\/#organization\"},\"potentialAction\":[{\"@type\":\"SearchAction\",\"target\":{\"@type\":\"EntryPoint\",\"urlTemplate\":\"https:\/\/www.abennacional.org.br\/site\/?s={search_term_string}\"},\"query-input\":\"required name=search_term_string\"}],\"inLanguage\":\"pt-BR\"},{\"@type\":\"ImageObject\",\"@id\":\"https:\/\/www.abennacional.org.br\/site\/historia-da-enfermagem\/#primaryimage\",\"inLanguage\":\"pt-BR\",\"url\":\"http:\/\/www.abennacional.org.br\/site\/wp-content\/uploads\/2020\/08\/LOGO-DEPT.-HISTORIA-810x1024.png\",\"contentUrl\":\"http:\/\/www.abennacional.org.br\/site\/wp-content\/uploads\/2020\/08\/LOGO-DEPT.-HISTORIA-810x1024.png\"},{\"@type\":\"WebPage\",\"@id\":\"https:\/\/www.abennacional.org.br\/site\/historia-da-enfermagem\/#webpage\",\"url\":\"https:\/\/www.abennacional.org.br\/site\/historia-da-enfermagem\/\",\"name\":\"Hist\u00f3ria da Enfermagem - ABEn Nacional\",\"isPartOf\":{\"@id\":\"https:\/\/www.abennacional.org.br\/site\/#website\"},\"primaryImageOfPage\":{\"@id\":\"https:\/\/www.abennacional.org.br\/site\/historia-da-enfermagem\/#primaryimage\"},\"datePublished\":\"2018-12-17T00:22:17+00:00\",\"dateModified\":\"2022-10-23T18:17:42+00:00\",\"breadcrumb\":{\"@id\":\"https:\/\/www.abennacional.org.br\/site\/historia-da-enfermagem\/#breadcrumb\"},\"inLanguage\":\"pt-BR\",\"potentialAction\":[{\"@type\":\"ReadAction\",\"target\":[\"https:\/\/www.abennacional.org.br\/site\/historia-da-enfermagem\/\"]}]},{\"@type\":\"BreadcrumbList\",\"@id\":\"https:\/\/www.abennacional.org.br\/site\/historia-da-enfermagem\/#breadcrumb\",\"itemListElement\":[{\"@type\":\"ListItem\",\"position\":1,\"name\":\"In\u00edcio\",\"item\":\"https:\/\/www.abennacional.org.br\/site\/\"},{\"@type\":\"ListItem\",\"position\":2,\"name\":\"Hist\u00f3ria da Enfermagem\"}]}]}<\/script>\n<!-- \/ Yoast SEO plugin. -->","yoast_head_json":{"title":"Hist\u00f3ria da Enfermagem - ABEn Nacional","robots":{"index":"index","follow":"follow","max-snippet":"max-snippet:-1","max-image-preview":"max-image-preview:large","max-video-preview":"max-video-preview:-1"},"canonical":"https:\/\/www.abennacional.org.br\/site\/historia-da-enfermagem\/","og_locale":"pt_BR","og_type":"article","og_title":"Hist\u00f3ria da Enfermagem - ABEn Nacional","og_description":"Departamento Cient\u00edfico de Hist\u00f3ria da Enfermagem (DHE) Apresenta\u00e7\u00e3o\u2026\u2026\u2026\u2026\u2026\u2026\u2026\u2026\u2026\u2026\u2026\u2026\u2026\u2026\u2026\u2026\u2026\u2026\u2026\u2026\u2026.. Criado em 2010, o Departamento Cient\u00edfico de Hist\u00f3ria da Enfermagem (DHE) da ABEn Nacional representa os interesses dessa Associa\u00e7\u00e3o na guarda e mapeamento do patrim\u00f4nio material e imaterial da enfermagem brasileira. Busca a conex\u00e3o e acesso entre pesquisadores nacionais e internacionais de Hist\u00f3ria da Enfermagem e da [&hellip;]","og_url":"https:\/\/www.abennacional.org.br\/site\/historia-da-enfermagem\/","og_site_name":"ABEn Nacional","article_publisher":"https:\/\/www.facebook.com\/ABEn-Nacional-202551919840028\/","article_modified_time":"2022-10-23T18:17:42+00:00","og_image":[{"url":"http:\/\/www.abennacional.org.br\/site\/wp-content\/uploads\/2020\/08\/LOGO-DEPT.-HISTORIA-810x1024.png"}],"twitter_card":"summary_large_image","twitter_misc":{"Est. tempo de leitura":"4 minutos"},"schema":{"@context":"https:\/\/schema.org","@graph":[{"@type":"Organization","@id":"https:\/\/www.abennacional.org.br\/site\/#organization","name":"ABEn Nacional","url":"https:\/\/www.abennacional.org.br\/site\/","sameAs":["https:\/\/www.facebook.com\/ABEn-Nacional-202551919840028\/","https:\/\/br.linkedin.com\/in\/aben-nacional-42385511b","https:\/\/www.youtube.com\/watch?v=m8cvAUgypCI"],"logo":{"@type":"ImageObject","@id":"https:\/\/www.abennacional.org.br\/site\/#logo","inLanguage":"pt-BR","url":"https:\/\/www.abennacional.org.br\/site\/wp-content\/uploads\/2018\/12\/logoaben_grande-2.png","contentUrl":"https:\/\/www.abennacional.org.br\/site\/wp-content\/uploads\/2018\/12\/logoaben_grande-2.png","width":410,"height":139,"caption":"ABEn Nacional"},"image":{"@id":"https:\/\/www.abennacional.org.br\/site\/#logo"}},{"@type":"WebSite","@id":"https:\/\/www.abennacional.org.br\/site\/#website","url":"https:\/\/www.abennacional.org.br\/site\/","name":"ABEn Nacional","description":"Associa\u00e7\u00e3o Brasileira de Enfermagem","publisher":{"@id":"https:\/\/www.abennacional.org.br\/site\/#organization"},"potentialAction":[{"@type":"SearchAction","target":{"@type":"EntryPoint","urlTemplate":"https:\/\/www.abennacional.org.br\/site\/?s={search_term_string}"},"query-input":"required name=search_term_string"}],"inLanguage":"pt-BR"},{"@type":"ImageObject","@id":"https:\/\/www.abennacional.org.br\/site\/historia-da-enfermagem\/#primaryimage","inLanguage":"pt-BR","url":"http:\/\/www.abennacional.org.br\/site\/wp-content\/uploads\/2020\/08\/LOGO-DEPT.-HISTORIA-810x1024.png","contentUrl":"http:\/\/www.abennacional.org.br\/site\/wp-content\/uploads\/2020\/08\/LOGO-DEPT.-HISTORIA-810x1024.png"},{"@type":"WebPage","@id":"https:\/\/www.abennacional.org.br\/site\/historia-da-enfermagem\/#webpage","url":"https:\/\/www.abennacional.org.br\/site\/historia-da-enfermagem\/","name":"Hist\u00f3ria da Enfermagem - ABEn Nacional","isPartOf":{"@id":"https:\/\/www.abennacional.org.br\/site\/#website"},"primaryImageOfPage":{"@id":"https:\/\/www.abennacional.org.br\/site\/historia-da-enfermagem\/#primaryimage"},"datePublished":"2018-12-17T00:22:17+00:00","dateModified":"2022-10-23T18:17:42+00:00","breadcrumb":{"@id":"https:\/\/www.abennacional.org.br\/site\/historia-da-enfermagem\/#breadcrumb"},"inLanguage":"pt-BR","potentialAction":[{"@type":"ReadAction","target":["https:\/\/www.abennacional.org.br\/site\/historia-da-enfermagem\/"]}]},{"@type":"BreadcrumbList","@id":"https:\/\/www.abennacional.org.br\/site\/historia-da-enfermagem\/#breadcrumb","itemListElement":[{"@type":"ListItem","position":1,"name":"In\u00edcio","item":"https:\/\/www.abennacional.org.br\/site\/"},{"@type":"ListItem","position":2,"name":"Hist\u00f3ria da Enfermagem"}]}]}},"jetpack_sharing_enabled":true,"jetpack_shortlink":"https:\/\/wp.me\/PaUzFo-8l","_links":{"self":[{"href":"https:\/\/www.abennacional.org.br\/site\/wp-json\/wp\/v2\/pages\/517"}],"collection":[{"href":"https:\/\/www.abennacional.org.br\/site\/wp-json\/wp\/v2\/pages"}],"about":[{"href":"https:\/\/www.abennacional.org.br\/site\/wp-json\/wp\/v2\/types\/page"}],"author":[{"embeddable":true,"href":"https:\/\/www.abennacional.org.br\/site\/wp-json\/wp\/v2\/users\/2"}],"replies":[{"embeddable":true,"href":"https:\/\/www.abennacional.org.br\/site\/wp-json\/wp\/v2\/comments?post=517"}],"version-history":[{"count":28,"href":"https:\/\/www.abennacional.org.br\/site\/wp-json\/wp\/v2\/pages\/517\/revisions"}],"predecessor-version":[{"id":13061,"href":"https:\/\/www.abennacional.org.br\/site\/wp-json\/wp\/v2\/pages\/517\/revisions\/13061"}],"wp:attachment":[{"href":"https:\/\/www.abennacional.org.br\/site\/wp-json\/wp\/v2\/media?parent=517"}],"curies":[{"name":"wp","href":"https:\/\/api.w.org\/{rel}","templated":true}]}}