{"id":523,"date":"2018-12-16T22:31:34","date_gmt":"2018-12-17T00:31:34","guid":{"rendered":"http:\/\/www.abennacional.org.br\/validacao\/?page_id=523"},"modified":"2023-01-12T12:29:14","modified_gmt":"2023-01-12T15:29:14","slug":"outros-links","status":"publish","type":"page","link":"https:\/\/www.abennacional.org.br\/site\/outros-links\/","title":{"rendered":"Outros links"},"content":{"rendered":"\n<p class=\"has-text-align-left\">\u2022 <a href=\"https:\/\/www.abennacional.org.br\/site\/mensagem-de-final-de-ano-da-aben-nacional\/\">Mensagem de Final de Ano da ABEn Nacional! 2021<\/a><br>\u2022 <a href=\"https:\/\/www.abennacional.org.br\/site\/boas-festas-feliz-natal-e-um-prospero-ano-novo\/\">Mensagem de BOAS FESTAS! FELIZ NATAL E UM PR\u00d3SPERO ANO NOVO!! 2021 <\/a><br>\u2022 <a aria-label=\"Celebra\u00e7\u00e3o de 90 anos da ABEn | 2016 (opens in a new tab)\" href=\"https:\/\/www.youtube.com\/watch?v=Xlv7xaa_sJ0&amp;feature=youtu.be\" target=\"_blank\" rel=\"noreferrer noopener\">Celebra\u00e7\u00e3o de 90 anos da ABEn | 2016<\/a>. <br>\u2022 <a aria-label=\"Rede Sa\u00fade da Mulher (opens in a new tab)\" href=\"http:\/\/www.abennacional.org.br\/saudedamulher\/\" target=\"_blank\" rel=\"noreferrer noopener\">Rede Sa\u00fade da Mulher<\/a><br>\u2022 <a aria-label=\" (opens in a new tab)\" href=\"http:\/\/www.abennacional.org.br\/centrodememoria\/index.htm\" target=\"_blank\" rel=\"noreferrer noopener\">Centro de Mem\u00f3ria da Enfermagem Brasileira<\/a><br>\u2022 <a aria-label=\"Site Jornal ABEn - ABEn promove qualifica\u00e7\u00e3o nas a\u00e7\u00f5es de controle da Hansen\u00edase (opens in a new tab)\" href=\"http:\/\/www.abennacional.org.br\/download\/SITE-JornalABEn-jan-fev-mar2012.pdf\" target=\"_blank\" rel=\"noreferrer noopener\">Site Jornal ABEn &#8211; ABEn promove qualifica\u00e7\u00e3o nas a\u00e7\u00f5es de controle da Hansen\u00edase<\/a><br>\u2022 <a href=\"https:\/\/www.abennacional.org.br\/site\/dia-internacional-da-mulher\/\">8 de Mar\u00e7o  &#8211; Dia Internacional da Mulher<\/a><br>\u2022 <a href=\"https:\/\/www.abennacional.org.br\/site\/dia-do-enfermeiro-obstetrico\/\">12 de Abril &#8211; Dia da Enfermeira Obst\u00e9trica <\/a><br>\u2022 <a href=\"https:\/\/www.abennacional.org.br\/site\/2019\/08\/08\/dia-historico-para-a-enfermagem-brasileira\/\">7 de Agosto &#8211; Dia hist\u00f3rico para a Enfermagem Brasileira<\/a> <br>\u2022 <a href=\"https:\/\/www.abennacional.org.br\/site\/niver-aben\/\">12 de Agosto &#8211; ABEn | 93 anos <\/a><br>\u2022 <a href=\"https:\/\/www.abennacional.org.br\/site\/2019\/02\/26\/16a-conferencia-nacional-de-saude\/\">16\u00aa Confer\u00eancia Nacional de Sa\u00fade<\/a><br>\u2022 <a href=\"https:\/\/www.abennacional.org.br\/site\/a-aben-faz-96-anos\/\">ABEn 96 anos | 2022<\/a><br>\u2022 <a href=\"https:\/\/www.abennacional.org.br\/site\/mensagem-de-boas-festas-da-aben-nacional\/\">Mensagem de Final de Ano 2022<\/a><\/p>\n","protected":false},"excerpt":{"rendered":"<p>\u2022 Mensagem de Final de Ano da ABEn Nacional! 2021\u2022 Mensagem de BOAS FESTAS! FELIZ NATAL E UM PR\u00d3SPERO ANO NOVO!! 2021 \u2022 Celebra\u00e7\u00e3o de 90 anos da ABEn | 2016. \u2022 Rede Sa\u00fade da Mulher\u2022 Centro de Mem\u00f3ria da Enfermagem Brasileira\u2022 Site Jornal ABEn &#8211; ABEn promove qualifica\u00e7\u00e3o nas a\u00e7\u00f5es de controle da Hansen\u00edase\u2022 [&hellip;]<\/p>\n","protected":false},"author":2,"featured_media":0,"parent":0,"menu_order":0,"comment_status":"closed","ping_status":"closed","template":"","meta":{"spay_email":""},"yoast_head":"<!-- This site is optimized with the Yoast SEO plugin v18.3 - https:\/\/yoast.com\/wordpress\/plugins\/seo\/ -->\n<title>Outros links - ABEn Nacional<\/title>\n<meta name=\"robots\" content=\"index, follow, max-snippet:-1, max-image-preview:large, max-video-preview:-1\" \/>\n<link rel=\"canonical\" href=\"https:\/\/www.abennacional.org.br\/site\/outros-links\/\" \/>\n<meta property=\"og:locale\" content=\"pt_BR\" \/>\n<meta property=\"og:type\" content=\"article\" \/>\n<meta property=\"og:title\" content=\"Outros links - ABEn Nacional\" \/>\n<meta property=\"og:description\" content=\"\u2022 Mensagem de Final de Ano da ABEn Nacional! 2021\u2022 Mensagem de BOAS FESTAS! FELIZ NATAL E UM PR\u00d3SPERO ANO NOVO!! 2021 \u2022 Celebra\u00e7\u00e3o de 90 anos da ABEn | 2016. \u2022 Rede Sa\u00fade da Mulher\u2022 Centro de Mem\u00f3ria da Enfermagem Brasileira\u2022 Site Jornal ABEn &#8211; ABEn promove qualifica\u00e7\u00e3o nas a\u00e7\u00f5es de controle da Hansen\u00edase\u2022 [&hellip;]\" \/>\n<meta property=\"og:url\" content=\"https:\/\/www.abennacional.org.br\/site\/outros-links\/\" \/>\n<meta property=\"og:site_name\" content=\"ABEn Nacional\" \/>\n<meta property=\"article:publisher\" content=\"https:\/\/www.facebook.com\/ABEn-Nacional-202551919840028\/\" \/>\n<meta property=\"article:modified_time\" content=\"2023-01-12T15:29:14+00:00\" \/>\n<meta name=\"twitter:card\" content=\"summary_large_image\" \/>\n<meta name=\"twitter:label1\" content=\"Est. tempo de leitura\" \/>\n\t<meta name=\"twitter:data1\" content=\"1 minuto\" \/>\n<script type=\"application\/ld+json\" class=\"yoast-schema-graph\">{\"@context\":\"https:\/\/schema.org\",\"@graph\":[{\"@type\":\"Organization\",\"@id\":\"https:\/\/www.abennacional.org.br\/site\/#organization\",\"name\":\"ABEn Nacional\",\"url\":\"https:\/\/www.abennacional.org.br\/site\/\",\"sameAs\":[\"https:\/\/www.facebook.com\/ABEn-Nacional-202551919840028\/\",\"https:\/\/br.linkedin.com\/in\/aben-nacional-42385511b\",\"https:\/\/www.youtube.com\/watch?v=m8cvAUgypCI\"],\"logo\":{\"@type\":\"ImageObject\",\"@id\":\"https:\/\/www.abennacional.org.br\/site\/#logo\",\"inLanguage\":\"pt-BR\",\"url\":\"https:\/\/www.abennacional.org.br\/site\/wp-content\/uploads\/2018\/12\/logoaben_grande-2.png\",\"contentUrl\":\"https:\/\/www.abennacional.org.br\/site\/wp-content\/uploads\/2018\/12\/logoaben_grande-2.png\",\"width\":410,\"height\":139,\"caption\":\"ABEn Nacional\"},\"image\":{\"@id\":\"https:\/\/www.abennacional.org.br\/site\/#logo\"}},{\"@type\":\"WebSite\",\"@id\":\"https:\/\/www.abennacional.org.br\/site\/#website\",\"url\":\"https:\/\/www.abennacional.org.br\/site\/\",\"name\":\"ABEn Nacional\",\"description\":\"Associa\u00e7\u00e3o Brasileira de Enfermagem\",\"publisher\":{\"@id\":\"https:\/\/www.abennacional.org.br\/site\/#organization\"},\"potentialAction\":[{\"@type\":\"SearchAction\",\"target\":{\"@type\":\"EntryPoint\",\"urlTemplate\":\"https:\/\/www.abennacional.org.br\/site\/?s={search_term_string}\"},\"query-input\":\"required name=search_term_string\"}],\"inLanguage\":\"pt-BR\"},{\"@type\":\"WebPage\",\"@id\":\"https:\/\/www.abennacional.org.br\/site\/outros-links\/#webpage\",\"url\":\"https:\/\/www.abennacional.org.br\/site\/outros-links\/\",\"name\":\"Outros links - ABEn Nacional\",\"isPartOf\":{\"@id\":\"https:\/\/www.abennacional.org.br\/site\/#website\"},\"datePublished\":\"2018-12-17T00:31:34+00:00\",\"dateModified\":\"2023-01-12T15:29:14+00:00\",\"breadcrumb\":{\"@id\":\"https:\/\/www.abennacional.org.br\/site\/outros-links\/#breadcrumb\"},\"inLanguage\":\"pt-BR\",\"potentialAction\":[{\"@type\":\"ReadAction\",\"target\":[\"https:\/\/www.abennacional.org.br\/site\/outros-links\/\"]}]},{\"@type\":\"BreadcrumbList\",\"@id\":\"https:\/\/www.abennacional.org.br\/site\/outros-links\/#breadcrumb\",\"itemListElement\":[{\"@type\":\"ListItem\",\"position\":1,\"name\":\"In\u00edcio\",\"item\":\"https:\/\/www.abennacional.org.br\/site\/\"},{\"@type\":\"ListItem\",\"position\":2,\"name\":\"Outros links\"}]}]}<\/script>\n<!-- \/ Yoast SEO plugin. -->","yoast_head_json":{"title":"Outros links - ABEn Nacional","robots":{"index":"index","follow":"follow","max-snippet":"max-snippet:-1","max-image-preview":"max-image-preview:large","max-video-preview":"max-video-preview:-1"},"canonical":"https:\/\/www.abennacional.org.br\/site\/outros-links\/","og_locale":"pt_BR","og_type":"article","og_title":"Outros links - ABEn Nacional","og_description":"\u2022 Mensagem de Final de Ano da ABEn Nacional! 2021\u2022 Mensagem de BOAS FESTAS! FELIZ NATAL E UM PR\u00d3SPERO ANO NOVO!! 2021 \u2022 Celebra\u00e7\u00e3o de 90 anos da ABEn | 2016. \u2022 Rede Sa\u00fade da Mulher\u2022 Centro de Mem\u00f3ria da Enfermagem Brasileira\u2022 Site Jornal ABEn &#8211; ABEn promove qualifica\u00e7\u00e3o nas a\u00e7\u00f5es de controle da Hansen\u00edase\u2022 [&hellip;]","og_url":"https:\/\/www.abennacional.org.br\/site\/outros-links\/","og_site_name":"ABEn Nacional","article_publisher":"https:\/\/www.facebook.com\/ABEn-Nacional-202551919840028\/","article_modified_time":"2023-01-12T15:29:14+00:00","twitter_card":"summary_large_image","twitter_misc":{"Est. tempo de leitura":"1 minuto"},"schema":{"@context":"https:\/\/schema.org","@graph":[{"@type":"Organization","@id":"https:\/\/www.abennacional.org.br\/site\/#organization","name":"ABEn Nacional","url":"https:\/\/www.abennacional.org.br\/site\/","sameAs":["https:\/\/www.facebook.com\/ABEn-Nacional-202551919840028\/","https:\/\/br.linkedin.com\/in\/aben-nacional-42385511b","https:\/\/www.youtube.com\/watch?v=m8cvAUgypCI"],"logo":{"@type":"ImageObject","@id":"https:\/\/www.abennacional.org.br\/site\/#logo","inLanguage":"pt-BR","url":"https:\/\/www.abennacional.org.br\/site\/wp-content\/uploads\/2018\/12\/logoaben_grande-2.png","contentUrl":"https:\/\/www.abennacional.org.br\/site\/wp-content\/uploads\/2018\/12\/logoaben_grande-2.png","width":410,"height":139,"caption":"ABEn Nacional"},"image":{"@id":"https:\/\/www.abennacional.org.br\/site\/#logo"}},{"@type":"WebSite","@id":"https:\/\/www.abennacional.org.br\/site\/#website","url":"https:\/\/www.abennacional.org.br\/site\/","name":"ABEn Nacional","description":"Associa\u00e7\u00e3o Brasileira de Enfermagem","publisher":{"@id":"https:\/\/www.abennacional.org.br\/site\/#organization"},"potentialAction":[{"@type":"SearchAction","target":{"@type":"EntryPoint","urlTemplate":"https:\/\/www.abennacional.org.br\/site\/?s={search_term_string}"},"query-input":"required name=search_term_string"}],"inLanguage":"pt-BR"},{"@type":"WebPage","@id":"https:\/\/www.abennacional.org.br\/site\/outros-links\/#webpage","url":"https:\/\/www.abennacional.org.br\/site\/outros-links\/","name":"Outros links - ABEn Nacional","isPartOf":{"@id":"https:\/\/www.abennacional.org.br\/site\/#website"},"datePublished":"2018-12-17T00:31:34+00:00","dateModified":"2023-01-12T15:29:14+00:00","breadcrumb":{"@id":"https:\/\/www.abennacional.org.br\/site\/outros-links\/#breadcrumb"},"inLanguage":"pt-BR","potentialAction":[{"@type":"ReadAction","target":["https:\/\/www.abennacional.org.br\/site\/outros-links\/"]}]},{"@type":"BreadcrumbList","@id":"https:\/\/www.abennacional.org.br\/site\/outros-links\/#breadcrumb","itemListElement":[{"@type":"ListItem","position":1,"name":"In\u00edcio","item":"https:\/\/www.abennacional.org.br\/site\/"},{"@type":"ListItem","position":2,"name":"Outros links"}]}]}},"jetpack_sharing_enabled":true,"jetpack_shortlink":"https:\/\/wp.me\/PaUzFo-8r","_links":{"self":[{"href":"https:\/\/www.abennacional.org.br\/site\/wp-json\/wp\/v2\/pages\/523"}],"collection":[{"href":"https:\/\/www.abennacional.org.br\/site\/wp-json\/wp\/v2\/pages"}],"about":[{"href":"https:\/\/www.abennacional.org.br\/site\/wp-json\/wp\/v2\/types\/page"}],"author":[{"embeddable":true,"href":"https:\/\/www.abennacional.org.br\/site\/wp-json\/wp\/v2\/users\/2"}],"replies":[{"embeddable":true,"href":"https:\/\/www.abennacional.org.br\/site\/wp-json\/wp\/v2\/comments?post=523"}],"version-history":[{"count":28,"href":"https:\/\/www.abennacional.org.br\/site\/wp-json\/wp\/v2\/pages\/523\/revisions"}],"predecessor-version":[{"id":13415,"href":"https:\/\/www.abennacional.org.br\/site\/wp-json\/wp\/v2\/pages\/523\/revisions\/13415"}],"wp:attachment":[{"href":"https:\/\/www.abennacional.org.br\/site\/wp-json\/wp\/v2\/media?parent=523"}],"curies":[{"name":"wp","href":"https:\/\/api.w.org\/{rel}","templated":true}]}}