{"id":574,"date":"2018-12-17T10:23:05","date_gmt":"2018-12-17T12:23:05","guid":{"rendered":"http:\/\/www.abennacional.org.br\/validacao\/?page_id=574"},"modified":"2023-04-06T09:49:31","modified_gmt":"2023-04-06T12:49:31","slug":"regimento-2","status":"publish","type":"page","link":"https:\/\/www.abennacional.org.br\/site\/regimento-2\/","title":{"rendered":"Regimentos"},"content":{"rendered":"\n<p><br>\u2022 Regimento da Associa\u00e7\u00e3o\u00a0Brasileira de Enfermagem (ABEn). <a href=\"https:\/\/www.abennacional.org.br\/site\/wp-content\/uploads\/2019\/02\/eleicoes-REGIMENTO-eleitoral-2019.pdf\" target=\"_blank\" rel=\"noreferrer noopener\">Clique aqui<\/a><\/p>\n\n\n\n<p>\u2022 Regimento Interno Departamento Cientifico de Enfermagem Gerontol\u00f3gica \u2013 DCEG. <a aria-label=\" (abre em uma nova aba)\" href=\"https:\/\/www.abennacional.org.br\/site\/wp-content\/uploads\/2019\/01\/regimento.pdf\" target=\"_blank\" rel=\"noreferrer noopener\">Clique aqui.<\/a><\/p>\n\n\n\n<p>\u2022 Regimento Interno Departamento de Enfermagem na Aten\u00e7\u00e3o B\u00e1sica \u2013 DEAB ABEn. <a href=\"https:\/\/www.abennacional.org.br\/site\/wp-content\/uploads\/2019\/01\/regimento_interno.pdf\">Clique aqui.<\/a><\/p>\n\n\n\n<p>\u2022  Regimento Interno do Departamento de Enfermagem Psiqui\u00e1trica e Sa\u00fade Mental (DEPSM) . <a rel=\"noreferrer noopener\" href=\"https:\/\/www.abennacional.org.br\/site\/wp-content\/uploads\/2019\/03\/REGIMENTO_DEPSM_Departamento_Saude_Mental.pdf\" target=\"_blank\">Clique aqui<\/a> <\/p>\n\n\n\n<p>\u2022 Regimento Interno da Comiss\u00e3o Permanente de Sistematiza\u00e7\u00e3o da Pr\u00e1tica de Enfermagem \u2013 COMSISTE ABEn Nacional (Atualizado em 19\/02\/2018). <a rel=\"noreferrer noopener\" aria-label=\"Clique aqui. (abre em uma nova aba)\" href=\"https:\/\/www.abennacional.org.br\/site\/wp-content\/uploads\/2019\/01\/regimento_COMSISTE.pdf\" target=\"_blank\">Clique aqui.<\/a><\/p>\n","protected":false},"excerpt":{"rendered":"<p>\u2022 Regimento da Associa\u00e7\u00e3o\u00a0Brasileira de Enfermagem (ABEn). Clique aqui \u2022 Regimento Interno Departamento Cientifico de Enfermagem Gerontol\u00f3gica \u2013 DCEG. Clique aqui. \u2022 Regimento Interno Departamento de Enfermagem na Aten\u00e7\u00e3o B\u00e1sica \u2013 DEAB ABEn. Clique aqui. \u2022 Regimento Interno do Departamento de Enfermagem Psiqui\u00e1trica e Sa\u00fade Mental (DEPSM) . Clique aqui \u2022 Regimento Interno da Comiss\u00e3o [&hellip;]<\/p>\n","protected":false},"author":2,"featured_media":0,"parent":0,"menu_order":0,"comment_status":"closed","ping_status":"closed","template":"","meta":{"spay_email":""},"yoast_head":"<!-- This site is optimized with the Yoast SEO plugin v18.3 - https:\/\/yoast.com\/wordpress\/plugins\/seo\/ -->\n<title>Regimentos - ABEn Nacional<\/title>\n<meta name=\"robots\" content=\"index, follow, max-snippet:-1, max-image-preview:large, max-video-preview:-1\" \/>\n<link rel=\"canonical\" href=\"https:\/\/www.abennacional.org.br\/site\/regimento-2\/\" \/>\n<meta property=\"og:locale\" content=\"pt_BR\" \/>\n<meta property=\"og:type\" content=\"article\" \/>\n<meta property=\"og:title\" content=\"Regimentos - ABEn Nacional\" \/>\n<meta property=\"og:description\" content=\"\u2022 Regimento da Associa\u00e7\u00e3o\u00a0Brasileira de Enfermagem (ABEn). Clique aqui \u2022 Regimento Interno Departamento Cientifico de Enfermagem Gerontol\u00f3gica \u2013 DCEG. Clique aqui. \u2022 Regimento Interno Departamento de Enfermagem na Aten\u00e7\u00e3o B\u00e1sica \u2013 DEAB ABEn. Clique aqui. \u2022 Regimento Interno do Departamento de Enfermagem Psiqui\u00e1trica e Sa\u00fade Mental (DEPSM) . Clique aqui \u2022 Regimento Interno da Comiss\u00e3o [&hellip;]\" \/>\n<meta property=\"og:url\" content=\"https:\/\/www.abennacional.org.br\/site\/regimento-2\/\" \/>\n<meta property=\"og:site_name\" content=\"ABEn Nacional\" \/>\n<meta property=\"article:publisher\" content=\"https:\/\/www.facebook.com\/ABEn-Nacional-202551919840028\/\" \/>\n<meta property=\"article:modified_time\" content=\"2023-04-06T12:49:31+00:00\" \/>\n<meta name=\"twitter:card\" content=\"summary_large_image\" \/>\n<meta name=\"twitter:label1\" content=\"Est. tempo de leitura\" \/>\n\t<meta name=\"twitter:data1\" content=\"1 minuto\" \/>\n<script type=\"application\/ld+json\" class=\"yoast-schema-graph\">{\"@context\":\"https:\/\/schema.org\",\"@graph\":[{\"@type\":\"Organization\",\"@id\":\"https:\/\/www.abennacional.org.br\/site\/#organization\",\"name\":\"ABEn Nacional\",\"url\":\"https:\/\/www.abennacional.org.br\/site\/\",\"sameAs\":[\"https:\/\/www.facebook.com\/ABEn-Nacional-202551919840028\/\",\"https:\/\/br.linkedin.com\/in\/aben-nacional-42385511b\",\"https:\/\/www.youtube.com\/watch?v=m8cvAUgypCI\"],\"logo\":{\"@type\":\"ImageObject\",\"@id\":\"https:\/\/www.abennacional.org.br\/site\/#logo\",\"inLanguage\":\"pt-BR\",\"url\":\"https:\/\/www.abennacional.org.br\/site\/wp-content\/uploads\/2018\/12\/logoaben_grande-2.png\",\"contentUrl\":\"https:\/\/www.abennacional.org.br\/site\/wp-content\/uploads\/2018\/12\/logoaben_grande-2.png\",\"width\":410,\"height\":139,\"caption\":\"ABEn Nacional\"},\"image\":{\"@id\":\"https:\/\/www.abennacional.org.br\/site\/#logo\"}},{\"@type\":\"WebSite\",\"@id\":\"https:\/\/www.abennacional.org.br\/site\/#website\",\"url\":\"https:\/\/www.abennacional.org.br\/site\/\",\"name\":\"ABEn Nacional\",\"description\":\"Associa\u00e7\u00e3o Brasileira de Enfermagem\",\"publisher\":{\"@id\":\"https:\/\/www.abennacional.org.br\/site\/#organization\"},\"potentialAction\":[{\"@type\":\"SearchAction\",\"target\":{\"@type\":\"EntryPoint\",\"urlTemplate\":\"https:\/\/www.abennacional.org.br\/site\/?s={search_term_string}\"},\"query-input\":\"required name=search_term_string\"}],\"inLanguage\":\"pt-BR\"},{\"@type\":\"WebPage\",\"@id\":\"https:\/\/www.abennacional.org.br\/site\/regimento-2\/#webpage\",\"url\":\"https:\/\/www.abennacional.org.br\/site\/regimento-2\/\",\"name\":\"Regimentos - ABEn Nacional\",\"isPartOf\":{\"@id\":\"https:\/\/www.abennacional.org.br\/site\/#website\"},\"datePublished\":\"2018-12-17T12:23:05+00:00\",\"dateModified\":\"2023-04-06T12:49:31+00:00\",\"breadcrumb\":{\"@id\":\"https:\/\/www.abennacional.org.br\/site\/regimento-2\/#breadcrumb\"},\"inLanguage\":\"pt-BR\",\"potentialAction\":[{\"@type\":\"ReadAction\",\"target\":[\"https:\/\/www.abennacional.org.br\/site\/regimento-2\/\"]}]},{\"@type\":\"BreadcrumbList\",\"@id\":\"https:\/\/www.abennacional.org.br\/site\/regimento-2\/#breadcrumb\",\"itemListElement\":[{\"@type\":\"ListItem\",\"position\":1,\"name\":\"In\u00edcio\",\"item\":\"https:\/\/www.abennacional.org.br\/site\/\"},{\"@type\":\"ListItem\",\"position\":2,\"name\":\"Regimentos\"}]}]}<\/script>\n<!-- \/ Yoast SEO plugin. -->","yoast_head_json":{"title":"Regimentos - ABEn Nacional","robots":{"index":"index","follow":"follow","max-snippet":"max-snippet:-1","max-image-preview":"max-image-preview:large","max-video-preview":"max-video-preview:-1"},"canonical":"https:\/\/www.abennacional.org.br\/site\/regimento-2\/","og_locale":"pt_BR","og_type":"article","og_title":"Regimentos - ABEn Nacional","og_description":"\u2022 Regimento da Associa\u00e7\u00e3o\u00a0Brasileira de Enfermagem (ABEn). Clique aqui \u2022 Regimento Interno Departamento Cientifico de Enfermagem Gerontol\u00f3gica \u2013 DCEG. Clique aqui. \u2022 Regimento Interno Departamento de Enfermagem na Aten\u00e7\u00e3o B\u00e1sica \u2013 DEAB ABEn. Clique aqui. \u2022 Regimento Interno do Departamento de Enfermagem Psiqui\u00e1trica e Sa\u00fade Mental (DEPSM) . Clique aqui \u2022 Regimento Interno da Comiss\u00e3o [&hellip;]","og_url":"https:\/\/www.abennacional.org.br\/site\/regimento-2\/","og_site_name":"ABEn Nacional","article_publisher":"https:\/\/www.facebook.com\/ABEn-Nacional-202551919840028\/","article_modified_time":"2023-04-06T12:49:31+00:00","twitter_card":"summary_large_image","twitter_misc":{"Est. tempo de leitura":"1 minuto"},"schema":{"@context":"https:\/\/schema.org","@graph":[{"@type":"Organization","@id":"https:\/\/www.abennacional.org.br\/site\/#organization","name":"ABEn Nacional","url":"https:\/\/www.abennacional.org.br\/site\/","sameAs":["https:\/\/www.facebook.com\/ABEn-Nacional-202551919840028\/","https:\/\/br.linkedin.com\/in\/aben-nacional-42385511b","https:\/\/www.youtube.com\/watch?v=m8cvAUgypCI"],"logo":{"@type":"ImageObject","@id":"https:\/\/www.abennacional.org.br\/site\/#logo","inLanguage":"pt-BR","url":"https:\/\/www.abennacional.org.br\/site\/wp-content\/uploads\/2018\/12\/logoaben_grande-2.png","contentUrl":"https:\/\/www.abennacional.org.br\/site\/wp-content\/uploads\/2018\/12\/logoaben_grande-2.png","width":410,"height":139,"caption":"ABEn Nacional"},"image":{"@id":"https:\/\/www.abennacional.org.br\/site\/#logo"}},{"@type":"WebSite","@id":"https:\/\/www.abennacional.org.br\/site\/#website","url":"https:\/\/www.abennacional.org.br\/site\/","name":"ABEn Nacional","description":"Associa\u00e7\u00e3o Brasileira de Enfermagem","publisher":{"@id":"https:\/\/www.abennacional.org.br\/site\/#organization"},"potentialAction":[{"@type":"SearchAction","target":{"@type":"EntryPoint","urlTemplate":"https:\/\/www.abennacional.org.br\/site\/?s={search_term_string}"},"query-input":"required name=search_term_string"}],"inLanguage":"pt-BR"},{"@type":"WebPage","@id":"https:\/\/www.abennacional.org.br\/site\/regimento-2\/#webpage","url":"https:\/\/www.abennacional.org.br\/site\/regimento-2\/","name":"Regimentos - ABEn Nacional","isPartOf":{"@id":"https:\/\/www.abennacional.org.br\/site\/#website"},"datePublished":"2018-12-17T12:23:05+00:00","dateModified":"2023-04-06T12:49:31+00:00","breadcrumb":{"@id":"https:\/\/www.abennacional.org.br\/site\/regimento-2\/#breadcrumb"},"inLanguage":"pt-BR","potentialAction":[{"@type":"ReadAction","target":["https:\/\/www.abennacional.org.br\/site\/regimento-2\/"]}]},{"@type":"BreadcrumbList","@id":"https:\/\/www.abennacional.org.br\/site\/regimento-2\/#breadcrumb","itemListElement":[{"@type":"ListItem","position":1,"name":"In\u00edcio","item":"https:\/\/www.abennacional.org.br\/site\/"},{"@type":"ListItem","position":2,"name":"Regimentos"}]}]}},"jetpack_sharing_enabled":true,"jetpack_shortlink":"https:\/\/wp.me\/PaUzFo-9g","_links":{"self":[{"href":"https:\/\/www.abennacional.org.br\/site\/wp-json\/wp\/v2\/pages\/574"}],"collection":[{"href":"https:\/\/www.abennacional.org.br\/site\/wp-json\/wp\/v2\/pages"}],"about":[{"href":"https:\/\/www.abennacional.org.br\/site\/wp-json\/wp\/v2\/types\/page"}],"author":[{"embeddable":true,"href":"https:\/\/www.abennacional.org.br\/site\/wp-json\/wp\/v2\/users\/2"}],"replies":[{"embeddable":true,"href":"https:\/\/www.abennacional.org.br\/site\/wp-json\/wp\/v2\/comments?post=574"}],"version-history":[{"count":10,"href":"https:\/\/www.abennacional.org.br\/site\/wp-json\/wp\/v2\/pages\/574\/revisions"}],"predecessor-version":[{"id":13805,"href":"https:\/\/www.abennacional.org.br\/site\/wp-json\/wp\/v2\/pages\/574\/revisions\/13805"}],"wp:attachment":[{"href":"https:\/\/www.abennacional.org.br\/site\/wp-json\/wp\/v2\/media?parent=574"}],"curies":[{"name":"wp","href":"https:\/\/api.w.org\/{rel}","templated":true}]}}