{"id":577,"date":"2018-12-17T10:23:28","date_gmt":"2018-12-17T12:23:28","guid":{"rendered":"http:\/\/www.abennacional.org.br\/validacao\/?page_id=577"},"modified":"2023-04-06T10:18:29","modified_gmt":"2023-04-06T13:18:29","slug":"relatorios-2","status":"publish","type":"page","link":"https:\/\/www.abennacional.org.br\/site\/relatorios-2\/","title":{"rendered":"Relat\u00f3rios"},"content":{"rendered":"\n<p><strong>Relat\u00f3rios da Gest\u00e3o Nacional<\/strong><br>\u2022 Gest\u00e3o 2019-2020 &#8211; <a href=\"https:\/\/www.abennacional.org.br\/site\/wp-content\/uploads\/2021\/01\/relat_gestao_2019_2020.pdf\" target=\"_blank\" rel=\"noreferrer noopener\">Clique aqui<\/a>. <br>\u2022 Gest\u00e3o 2016-2019 &#8211; <a href=\"https:\/\/www.abennacional.org.br\/site\/wp-content\/uploads\/2021\/02\/RelGest-2016-2019.pdf\" target=\"_blank\" rel=\"noreferrer noopener\">Clique aqui<\/a>. <br>\u2022 Of\u00edcio n. 31\/2016 \u2013 ABEn\/Presid\u00eancia). <a href=\"https:\/\/www.abennacional.org.br\/site\/wp-content\/uploads\/2021\/08\/REUNIAO_Pesq_enf.pdf\" target=\"_blank\" rel=\"noreferrer noopener\">Clique aqui<\/a>. <br>\u2022 Gest\u00e3o 2012-2015 (P\u00f3s-Gradua\u00e7\u00e3o Stricto Sensu em enfermagem: Protagonismo no educar e pesquisar). <a href=\"https:\/\/www.abennacional.org.br\/site\/wp-content\/uploads\/2021\/08\/anais_carmen_belem.pdf\" target=\"_blank\" rel=\"noreferrer noopener\">Clique aqui<\/a>. <br>\u2022 Gest\u00e3o 2010 \u2013 2013. <a href=\"https:\/\/www.abennacional.org.br\/site\/wp-content\/uploads\/2021\/02\/gestao_2010_2013.pdf\" target=\"_blank\" rel=\"noreferrer noopener\">Clique aqui<\/a>.<br><br><strong>Relat\u00f3rios CONABEn<\/strong><br>\u2022 2019. <a aria-label=\"Clique aqui   (opens in a new tab)\" href=\"https:\/\/www.abennacional.org.br\/site\/wp-content\/uploads\/2019\/05\/CONABEn_fevereiro_2019.pdf\" target=\"_blank\" rel=\"noreferrer noopener\">Clique aqui<\/a><br>\u2022 2018. <a aria-label=\" (abre em uma nova aba)\" href=\"https:\/\/www.abennacional.org.br\/site\/wp-content\/uploads\/2019\/01\/relatorios_reunioes_2018.pdf\" target=\"_blank\" rel=\"noreferrer noopener\">Clique aqui.<\/a> <\/p>\n\n\n\n<p><strong>Relat\u00f3rios COMSISTE<\/strong><br>\u2022 2018. <a aria-label=\"Clique aqui (abre em uma nova aba)\" href=\"https:\/\/www.abennacional.org.br\/site\/wp-content\/uploads\/2019\/01\/relatorio_COMSIST_ABEn2018.pdf\" target=\"_blank\" rel=\"noreferrer noopener\">Clique aqui<\/a>.  <br>\u2022 2017. <a aria-label=\" (abre em uma nova aba)\" href=\"https:\/\/www.abennacional.org.br\/site\/wp-content\/uploads\/2019\/01\/relatorio_COMSISTE_ABEn-Nacional2017-1.pdf\" target=\"_blank\" rel=\"noreferrer noopener\">Clique aqui<\/a>.<br><\/p>\n\n\n\n<p><br>\u2022 Relat\u00f3rio final &#8211; 1\u00aa Confer\u00eancia Nacional Livre de Juventude Sa\u00fade &#8211; <a aria-label=\"Clique aqui.    (abre em uma nova aba)\" href=\"https:\/\/www.abennacional.org.br\/site\/wp-content\/uploads\/2019\/02\/relatorio_final.pdf\" target=\"_blank\" rel=\"noreferrer noopener\">Clique aqui.<\/a><br>\u2022 Resolu\u00e7\u00e3o CNS n\u00ba 594, de 9 de agosto de 2018. <a aria-label=\" (abre em uma nova aba)\" href=\"https:\/\/www.abennacional.org.br\/site\/wp-content\/uploads\/2019\/02\/resolucao_594.pdf\" target=\"_blank\" rel=\"noreferrer noopener\">Clique aqui.<\/a>  <\/p>\n","protected":false},"excerpt":{"rendered":"<p>Relat\u00f3rios da Gest\u00e3o Nacional\u2022 Gest\u00e3o 2019-2020 &#8211; Clique aqui. \u2022 Gest\u00e3o 2016-2019 &#8211; Clique aqui. \u2022 Of\u00edcio n. 31\/2016 \u2013 ABEn\/Presid\u00eancia). Clique aqui. \u2022 Gest\u00e3o 2012-2015 (P\u00f3s-Gradua\u00e7\u00e3o Stricto Sensu em enfermagem: Protagonismo no educar e pesquisar). Clique aqui. \u2022 Gest\u00e3o 2010 \u2013 2013. Clique aqui. Relat\u00f3rios CONABEn\u2022 2019. Clique aqui\u2022 2018. Clique aqui. Relat\u00f3rios COMSISTE\u2022 [&hellip;]<\/p>\n","protected":false},"author":2,"featured_media":0,"parent":0,"menu_order":0,"comment_status":"closed","ping_status":"closed","template":"","meta":{"spay_email":""},"yoast_head":"<!-- This site is optimized with the Yoast SEO plugin v18.3 - https:\/\/yoast.com\/wordpress\/plugins\/seo\/ -->\n<title>Relat\u00f3rios - ABEn Nacional<\/title>\n<meta name=\"robots\" content=\"index, follow, max-snippet:-1, max-image-preview:large, max-video-preview:-1\" \/>\n<link rel=\"canonical\" href=\"https:\/\/www.abennacional.org.br\/site\/relatorios-2\/\" \/>\n<meta property=\"og:locale\" content=\"pt_BR\" \/>\n<meta property=\"og:type\" content=\"article\" \/>\n<meta property=\"og:title\" content=\"Relat\u00f3rios - ABEn Nacional\" \/>\n<meta property=\"og:description\" content=\"Relat\u00f3rios da Gest\u00e3o Nacional\u2022 Gest\u00e3o 2019-2020 &#8211; Clique aqui. \u2022 Gest\u00e3o 2016-2019 &#8211; Clique aqui. \u2022 Of\u00edcio n. 31\/2016 \u2013 ABEn\/Presid\u00eancia). Clique aqui. \u2022 Gest\u00e3o 2012-2015 (P\u00f3s-Gradua\u00e7\u00e3o Stricto Sensu em enfermagem: Protagonismo no educar e pesquisar). Clique aqui. \u2022 Gest\u00e3o 2010 \u2013 2013. Clique aqui. Relat\u00f3rios CONABEn\u2022 2019. Clique aqui\u2022 2018. Clique aqui. Relat\u00f3rios COMSISTE\u2022 [&hellip;]\" \/>\n<meta property=\"og:url\" content=\"https:\/\/www.abennacional.org.br\/site\/relatorios-2\/\" \/>\n<meta property=\"og:site_name\" content=\"ABEn Nacional\" \/>\n<meta property=\"article:publisher\" content=\"https:\/\/www.facebook.com\/ABEn-Nacional-202551919840028\/\" \/>\n<meta property=\"article:modified_time\" content=\"2023-04-06T13:18:29+00:00\" \/>\n<meta name=\"twitter:card\" content=\"summary_large_image\" \/>\n<meta name=\"twitter:label1\" content=\"Est. tempo de leitura\" \/>\n\t<meta name=\"twitter:data1\" content=\"1 minuto\" \/>\n<script type=\"application\/ld+json\" class=\"yoast-schema-graph\">{\"@context\":\"https:\/\/schema.org\",\"@graph\":[{\"@type\":\"Organization\",\"@id\":\"https:\/\/www.abennacional.org.br\/site\/#organization\",\"name\":\"ABEn Nacional\",\"url\":\"https:\/\/www.abennacional.org.br\/site\/\",\"sameAs\":[\"https:\/\/www.facebook.com\/ABEn-Nacional-202551919840028\/\",\"https:\/\/br.linkedin.com\/in\/aben-nacional-42385511b\",\"https:\/\/www.youtube.com\/watch?v=m8cvAUgypCI\"],\"logo\":{\"@type\":\"ImageObject\",\"@id\":\"https:\/\/www.abennacional.org.br\/site\/#logo\",\"inLanguage\":\"pt-BR\",\"url\":\"https:\/\/www.abennacional.org.br\/site\/wp-content\/uploads\/2018\/12\/logoaben_grande-2.png\",\"contentUrl\":\"https:\/\/www.abennacional.org.br\/site\/wp-content\/uploads\/2018\/12\/logoaben_grande-2.png\",\"width\":410,\"height\":139,\"caption\":\"ABEn Nacional\"},\"image\":{\"@id\":\"https:\/\/www.abennacional.org.br\/site\/#logo\"}},{\"@type\":\"WebSite\",\"@id\":\"https:\/\/www.abennacional.org.br\/site\/#website\",\"url\":\"https:\/\/www.abennacional.org.br\/site\/\",\"name\":\"ABEn Nacional\",\"description\":\"Associa\u00e7\u00e3o Brasileira de Enfermagem\",\"publisher\":{\"@id\":\"https:\/\/www.abennacional.org.br\/site\/#organization\"},\"potentialAction\":[{\"@type\":\"SearchAction\",\"target\":{\"@type\":\"EntryPoint\",\"urlTemplate\":\"https:\/\/www.abennacional.org.br\/site\/?s={search_term_string}\"},\"query-input\":\"required name=search_term_string\"}],\"inLanguage\":\"pt-BR\"},{\"@type\":\"WebPage\",\"@id\":\"https:\/\/www.abennacional.org.br\/site\/relatorios-2\/#webpage\",\"url\":\"https:\/\/www.abennacional.org.br\/site\/relatorios-2\/\",\"name\":\"Relat\u00f3rios - ABEn Nacional\",\"isPartOf\":{\"@id\":\"https:\/\/www.abennacional.org.br\/site\/#website\"},\"datePublished\":\"2018-12-17T12:23:28+00:00\",\"dateModified\":\"2023-04-06T13:18:29+00:00\",\"breadcrumb\":{\"@id\":\"https:\/\/www.abennacional.org.br\/site\/relatorios-2\/#breadcrumb\"},\"inLanguage\":\"pt-BR\",\"potentialAction\":[{\"@type\":\"ReadAction\",\"target\":[\"https:\/\/www.abennacional.org.br\/site\/relatorios-2\/\"]}]},{\"@type\":\"BreadcrumbList\",\"@id\":\"https:\/\/www.abennacional.org.br\/site\/relatorios-2\/#breadcrumb\",\"itemListElement\":[{\"@type\":\"ListItem\",\"position\":1,\"name\":\"In\u00edcio\",\"item\":\"https:\/\/www.abennacional.org.br\/site\/\"},{\"@type\":\"ListItem\",\"position\":2,\"name\":\"Relat\u00f3rios\"}]}]}<\/script>\n<!-- \/ Yoast SEO plugin. -->","yoast_head_json":{"title":"Relat\u00f3rios - ABEn Nacional","robots":{"index":"index","follow":"follow","max-snippet":"max-snippet:-1","max-image-preview":"max-image-preview:large","max-video-preview":"max-video-preview:-1"},"canonical":"https:\/\/www.abennacional.org.br\/site\/relatorios-2\/","og_locale":"pt_BR","og_type":"article","og_title":"Relat\u00f3rios - ABEn Nacional","og_description":"Relat\u00f3rios da Gest\u00e3o Nacional\u2022 Gest\u00e3o 2019-2020 &#8211; Clique aqui. \u2022 Gest\u00e3o 2016-2019 &#8211; Clique aqui. \u2022 Of\u00edcio n. 31\/2016 \u2013 ABEn\/Presid\u00eancia). Clique aqui. \u2022 Gest\u00e3o 2012-2015 (P\u00f3s-Gradua\u00e7\u00e3o Stricto Sensu em enfermagem: Protagonismo no educar e pesquisar). Clique aqui. \u2022 Gest\u00e3o 2010 \u2013 2013. Clique aqui. Relat\u00f3rios CONABEn\u2022 2019. Clique aqui\u2022 2018. Clique aqui. Relat\u00f3rios COMSISTE\u2022 [&hellip;]","og_url":"https:\/\/www.abennacional.org.br\/site\/relatorios-2\/","og_site_name":"ABEn Nacional","article_publisher":"https:\/\/www.facebook.com\/ABEn-Nacional-202551919840028\/","article_modified_time":"2023-04-06T13:18:29+00:00","twitter_card":"summary_large_image","twitter_misc":{"Est. tempo de leitura":"1 minuto"},"schema":{"@context":"https:\/\/schema.org","@graph":[{"@type":"Organization","@id":"https:\/\/www.abennacional.org.br\/site\/#organization","name":"ABEn Nacional","url":"https:\/\/www.abennacional.org.br\/site\/","sameAs":["https:\/\/www.facebook.com\/ABEn-Nacional-202551919840028\/","https:\/\/br.linkedin.com\/in\/aben-nacional-42385511b","https:\/\/www.youtube.com\/watch?v=m8cvAUgypCI"],"logo":{"@type":"ImageObject","@id":"https:\/\/www.abennacional.org.br\/site\/#logo","inLanguage":"pt-BR","url":"https:\/\/www.abennacional.org.br\/site\/wp-content\/uploads\/2018\/12\/logoaben_grande-2.png","contentUrl":"https:\/\/www.abennacional.org.br\/site\/wp-content\/uploads\/2018\/12\/logoaben_grande-2.png","width":410,"height":139,"caption":"ABEn Nacional"},"image":{"@id":"https:\/\/www.abennacional.org.br\/site\/#logo"}},{"@type":"WebSite","@id":"https:\/\/www.abennacional.org.br\/site\/#website","url":"https:\/\/www.abennacional.org.br\/site\/","name":"ABEn Nacional","description":"Associa\u00e7\u00e3o Brasileira de Enfermagem","publisher":{"@id":"https:\/\/www.abennacional.org.br\/site\/#organization"},"potentialAction":[{"@type":"SearchAction","target":{"@type":"EntryPoint","urlTemplate":"https:\/\/www.abennacional.org.br\/site\/?s={search_term_string}"},"query-input":"required name=search_term_string"}],"inLanguage":"pt-BR"},{"@type":"WebPage","@id":"https:\/\/www.abennacional.org.br\/site\/relatorios-2\/#webpage","url":"https:\/\/www.abennacional.org.br\/site\/relatorios-2\/","name":"Relat\u00f3rios - ABEn Nacional","isPartOf":{"@id":"https:\/\/www.abennacional.org.br\/site\/#website"},"datePublished":"2018-12-17T12:23:28+00:00","dateModified":"2023-04-06T13:18:29+00:00","breadcrumb":{"@id":"https:\/\/www.abennacional.org.br\/site\/relatorios-2\/#breadcrumb"},"inLanguage":"pt-BR","potentialAction":[{"@type":"ReadAction","target":["https:\/\/www.abennacional.org.br\/site\/relatorios-2\/"]}]},{"@type":"BreadcrumbList","@id":"https:\/\/www.abennacional.org.br\/site\/relatorios-2\/#breadcrumb","itemListElement":[{"@type":"ListItem","position":1,"name":"In\u00edcio","item":"https:\/\/www.abennacional.org.br\/site\/"},{"@type":"ListItem","position":2,"name":"Relat\u00f3rios"}]}]}},"jetpack_sharing_enabled":true,"jetpack_shortlink":"https:\/\/wp.me\/PaUzFo-9j","_links":{"self":[{"href":"https:\/\/www.abennacional.org.br\/site\/wp-json\/wp\/v2\/pages\/577"}],"collection":[{"href":"https:\/\/www.abennacional.org.br\/site\/wp-json\/wp\/v2\/pages"}],"about":[{"href":"https:\/\/www.abennacional.org.br\/site\/wp-json\/wp\/v2\/types\/page"}],"author":[{"embeddable":true,"href":"https:\/\/www.abennacional.org.br\/site\/wp-json\/wp\/v2\/users\/2"}],"replies":[{"embeddable":true,"href":"https:\/\/www.abennacional.org.br\/site\/wp-json\/wp\/v2\/comments?post=577"}],"version-history":[{"count":14,"href":"https:\/\/www.abennacional.org.br\/site\/wp-json\/wp\/v2\/pages\/577\/revisions"}],"predecessor-version":[{"id":13814,"href":"https:\/\/www.abennacional.org.br\/site\/wp-json\/wp\/v2\/pages\/577\/revisions\/13814"}],"wp:attachment":[{"href":"https:\/\/www.abennacional.org.br\/site\/wp-json\/wp\/v2\/media?parent=577"}],"curies":[{"name":"wp","href":"https:\/\/api.w.org\/{rel}","templated":true}]}}