{"id":599,"date":"2018-12-17T10:35:50","date_gmt":"2018-12-17T12:35:50","guid":{"rendered":"http:\/\/www.abennacional.org.br\/validacao\/?page_id=599"},"modified":"2019-02-20T00:03:30","modified_gmt":"2019-02-20T03:03:30","slug":"atas","status":"publish","type":"page","link":"https:\/\/www.abennacional.org.br\/site\/atas\/","title":{"rendered":"Atas"},"content":{"rendered":"\n<p>\u2022 Ata da Primeira (1\u00aa) Reuni\u00e3o Extraordin\u00e1ria de AND &#8211; ASSEMBLEIA NACIONAL DE DELEGADOS DA ASSOCIA\u00c7\u00c3O BRASILEIRA DE ENFERMAGEM \u2013 ABEn, Gest\u00e3o 2016-2019 &#8211; <a href=\"https:\/\/www.abennacional.org.br\/site\/wp-content\/uploads\/2019\/02\/ATA1_AND_Extra_fev2018.pdf\" target=\"_blank\" rel=\"noreferrer noopener\" aria-label=\" (abre em uma nova aba)\">Clique aqui<\/a>.<\/p>\n\n\n\n<p>\u2022 Ata da 1\u00aa ASSEMBLEIA NACIONAL DE DELEGADOS (AND) sess\u00e3o ordin\u00e1ria Gest\u00e3o 2016-2019 &#8211; <a href=\"https:\/\/www.abennacional.org.br\/site\/wp-content\/uploads\/2019\/02\/ATA1_AND_set2017.pdf\" target=\"_blank\" rel=\"noreferrer noopener\" aria-label=\" (abre em uma nova aba)\">Clique aqui<\/a>.<\/p>\n\n\n\n<p>\u2022 Ata da 1\u00aa ASSEMBLEIA NACIONAL DE DELEGADOS (AND) sess\u00e3o ordin\u00e1ria Gest\u00e3o 2016-2019 &#8211; <a href=\"https:\/\/www.abennacional.org.br\/site\/wp-content\/uploads\/2019\/02\/ATA1_AND_set2017_final.pdf\" target=\"_blank\" rel=\"noreferrer noopener\" aria-label=\" (abre em uma nova aba)\">Clique aqui<\/a>.<\/p>\n\n\n\n<p>\u2022 Ata da 1\u00aa ASSEMBLEIA NACIONAL DE DELEGADOS (AND) sess\u00e3o ordin\u00e1ria Gest\u00e3o 2016-2019 &#8211; <a href=\"https:\/\/www.abennacional.org.br\/site\/wp-content\/uploads\/2019\/02\/ATA1a_AND_EXTRA_fev2018.pdf\" target=\"_blank\" rel=\"noreferrer noopener\" aria-label=\"Clique aqui (abre em uma nova aba)\">Clique aqui<\/a>.<\/p>\n\n\n\n<p>\u2022 ATA da Primeira (1\u00aa) Reuni\u00e3o Extraordin\u00e1ria de AND &#8211; ASSEMBLEIA NACIONAL DE DELEGADOS DA ASSOCIA\u00c7\u00c3O BRASILEIRA DE ENFERMAGEM \u2013 ABEn, Gest\u00e3o 2016-2019  &#8211; <a href=\"https:\/\/www.abennacional.org.br\/site\/wp-content\/uploads\/2019\/02\/ATA2_AND_EXTRA_ESTATUTTO.pdf\" target=\"_blank\" rel=\"noreferrer noopener\" aria-label=\"Clique aqui (abre em uma nova aba)\">Clique aqui<\/a>.<\/p>\n\n\n\n<p>\u2022 Ata da 2\u00aa ASSEMBLEIA NACIONAL DE DELEGADOS (AND) sess\u00e3o ordin\u00e1ria Gest\u00e3o 2016-2019 &#8211; <a href=\"https:\/\/www.abennacional.org.br\/site\/wp-content\/uploads\/2019\/02\/ATA2_AND_EXTRAjun_2018.pdf\" target=\"_blank\" rel=\"noreferrer noopener\" aria-label=\" (abre em uma nova aba)\">Clique aqui<\/a>.<\/p>\n\n\n\n<p>\u2022 Ata da 3\u00aa ASSEMBLEIA NACIONAL DE DELEGADOS (AND) sess\u00e3o extraordin\u00e1ria Gest\u00e3o 2016-2019 &#8211; <a href=\"https:\/\/www.abennacional.org.br\/site\/wp-content\/uploads\/2019\/02\/ATA3_AND_EXTRAjun_2018.pdf\" target=\"_blank\" rel=\"noreferrer noopener\" aria-label=\" (abre em uma nova aba)\">Clique aqui<\/a>.<\/p>\n\n\n\n<p>\u2022 Ata da 3\u00aa ASSEMBLEIA NACIONAL DE DELEGADOS (AND) sess\u00e3o extraordin\u00e1ria Gest\u00e3o 2016-2019 &#8211; <a href=\"https:\/\/www.abennacional.org.br\/site\/wp-content\/uploads\/2019\/02\/ATA3_AND_EXTRAjun2018_final.pdf\" target=\"_blank\" rel=\"noreferrer noopener\" aria-label=\"Clique aqui (abre em uma nova aba)\">Clique aqui<\/a>.<\/p>\n\n\n\n<p><\/p>\n","protected":false},"excerpt":{"rendered":"<p>\u2022 Ata da Primeira (1\u00aa) Reuni\u00e3o Extraordin\u00e1ria de AND &#8211; ASSEMBLEIA NACIONAL DE DELEGADOS DA ASSOCIA\u00c7\u00c3O BRASILEIRA DE ENFERMAGEM \u2013 ABEn, Gest\u00e3o 2016-2019 &#8211; Clique aqui. \u2022 Ata da 1\u00aa ASSEMBLEIA NACIONAL DE DELEGADOS (AND) sess\u00e3o ordin\u00e1ria Gest\u00e3o 2016-2019 &#8211; Clique aqui. \u2022 Ata da 1\u00aa ASSEMBLEIA NACIONAL DE DELEGADOS (AND) sess\u00e3o ordin\u00e1ria Gest\u00e3o 2016-2019 [&hellip;]<\/p>\n","protected":false},"author":2,"featured_media":0,"parent":0,"menu_order":0,"comment_status":"closed","ping_status":"closed","template":"","meta":{"spay_email":""},"yoast_head":"<!-- This site is optimized with the Yoast SEO plugin v18.3 - https:\/\/yoast.com\/wordpress\/plugins\/seo\/ -->\n<title>Atas - ABEn Nacional<\/title>\n<meta name=\"robots\" content=\"index, follow, max-snippet:-1, max-image-preview:large, max-video-preview:-1\" \/>\n<link rel=\"canonical\" href=\"https:\/\/www.abennacional.org.br\/site\/atas\/\" \/>\n<meta property=\"og:locale\" content=\"pt_BR\" \/>\n<meta property=\"og:type\" content=\"article\" \/>\n<meta property=\"og:title\" content=\"Atas - ABEn Nacional\" \/>\n<meta property=\"og:description\" content=\"\u2022 Ata da Primeira (1\u00aa) Reuni\u00e3o Extraordin\u00e1ria de AND &#8211; ASSEMBLEIA NACIONAL DE DELEGADOS DA ASSOCIA\u00c7\u00c3O BRASILEIRA DE ENFERMAGEM \u2013 ABEn, Gest\u00e3o 2016-2019 &#8211; Clique aqui. \u2022 Ata da 1\u00aa ASSEMBLEIA NACIONAL DE DELEGADOS (AND) sess\u00e3o ordin\u00e1ria Gest\u00e3o 2016-2019 &#8211; Clique aqui. \u2022 Ata da 1\u00aa ASSEMBLEIA NACIONAL DE DELEGADOS (AND) sess\u00e3o ordin\u00e1ria Gest\u00e3o 2016-2019 [&hellip;]\" \/>\n<meta property=\"og:url\" content=\"https:\/\/www.abennacional.org.br\/site\/atas\/\" \/>\n<meta property=\"og:site_name\" content=\"ABEn Nacional\" \/>\n<meta property=\"article:publisher\" content=\"https:\/\/www.facebook.com\/ABEn-Nacional-202551919840028\/\" \/>\n<meta property=\"article:modified_time\" content=\"2019-02-20T03:03:30+00:00\" \/>\n<meta name=\"twitter:card\" content=\"summary_large_image\" \/>\n<meta name=\"twitter:label1\" content=\"Est. tempo de leitura\" \/>\n\t<meta name=\"twitter:data1\" content=\"1 minuto\" \/>\n<script type=\"application\/ld+json\" class=\"yoast-schema-graph\">{\"@context\":\"https:\/\/schema.org\",\"@graph\":[{\"@type\":\"Organization\",\"@id\":\"https:\/\/www.abennacional.org.br\/site\/#organization\",\"name\":\"ABEn Nacional\",\"url\":\"https:\/\/www.abennacional.org.br\/site\/\",\"sameAs\":[\"https:\/\/www.facebook.com\/ABEn-Nacional-202551919840028\/\",\"https:\/\/br.linkedin.com\/in\/aben-nacional-42385511b\",\"https:\/\/www.youtube.com\/watch?v=m8cvAUgypCI\"],\"logo\":{\"@type\":\"ImageObject\",\"@id\":\"https:\/\/www.abennacional.org.br\/site\/#logo\",\"inLanguage\":\"pt-BR\",\"url\":\"https:\/\/www.abennacional.org.br\/site\/wp-content\/uploads\/2018\/12\/logoaben_grande-2.png\",\"contentUrl\":\"https:\/\/www.abennacional.org.br\/site\/wp-content\/uploads\/2018\/12\/logoaben_grande-2.png\",\"width\":410,\"height\":139,\"caption\":\"ABEn Nacional\"},\"image\":{\"@id\":\"https:\/\/www.abennacional.org.br\/site\/#logo\"}},{\"@type\":\"WebSite\",\"@id\":\"https:\/\/www.abennacional.org.br\/site\/#website\",\"url\":\"https:\/\/www.abennacional.org.br\/site\/\",\"name\":\"ABEn Nacional\",\"description\":\"Associa\u00e7\u00e3o Brasileira de Enfermagem\",\"publisher\":{\"@id\":\"https:\/\/www.abennacional.org.br\/site\/#organization\"},\"potentialAction\":[{\"@type\":\"SearchAction\",\"target\":{\"@type\":\"EntryPoint\",\"urlTemplate\":\"https:\/\/www.abennacional.org.br\/site\/?s={search_term_string}\"},\"query-input\":\"required name=search_term_string\"}],\"inLanguage\":\"pt-BR\"},{\"@type\":\"WebPage\",\"@id\":\"https:\/\/www.abennacional.org.br\/site\/atas\/#webpage\",\"url\":\"https:\/\/www.abennacional.org.br\/site\/atas\/\",\"name\":\"Atas - ABEn Nacional\",\"isPartOf\":{\"@id\":\"https:\/\/www.abennacional.org.br\/site\/#website\"},\"datePublished\":\"2018-12-17T12:35:50+00:00\",\"dateModified\":\"2019-02-20T03:03:30+00:00\",\"breadcrumb\":{\"@id\":\"https:\/\/www.abennacional.org.br\/site\/atas\/#breadcrumb\"},\"inLanguage\":\"pt-BR\",\"potentialAction\":[{\"@type\":\"ReadAction\",\"target\":[\"https:\/\/www.abennacional.org.br\/site\/atas\/\"]}]},{\"@type\":\"BreadcrumbList\",\"@id\":\"https:\/\/www.abennacional.org.br\/site\/atas\/#breadcrumb\",\"itemListElement\":[{\"@type\":\"ListItem\",\"position\":1,\"name\":\"In\u00edcio\",\"item\":\"https:\/\/www.abennacional.org.br\/site\/\"},{\"@type\":\"ListItem\",\"position\":2,\"name\":\"Atas\"}]}]}<\/script>\n<!-- \/ Yoast SEO plugin. -->","yoast_head_json":{"title":"Atas - ABEn Nacional","robots":{"index":"index","follow":"follow","max-snippet":"max-snippet:-1","max-image-preview":"max-image-preview:large","max-video-preview":"max-video-preview:-1"},"canonical":"https:\/\/www.abennacional.org.br\/site\/atas\/","og_locale":"pt_BR","og_type":"article","og_title":"Atas - ABEn Nacional","og_description":"\u2022 Ata da Primeira (1\u00aa) Reuni\u00e3o Extraordin\u00e1ria de AND &#8211; ASSEMBLEIA NACIONAL DE DELEGADOS DA ASSOCIA\u00c7\u00c3O BRASILEIRA DE ENFERMAGEM \u2013 ABEn, Gest\u00e3o 2016-2019 &#8211; Clique aqui. \u2022 Ata da 1\u00aa ASSEMBLEIA NACIONAL DE DELEGADOS (AND) sess\u00e3o ordin\u00e1ria Gest\u00e3o 2016-2019 &#8211; Clique aqui. \u2022 Ata da 1\u00aa ASSEMBLEIA NACIONAL DE DELEGADOS (AND) sess\u00e3o ordin\u00e1ria Gest\u00e3o 2016-2019 [&hellip;]","og_url":"https:\/\/www.abennacional.org.br\/site\/atas\/","og_site_name":"ABEn Nacional","article_publisher":"https:\/\/www.facebook.com\/ABEn-Nacional-202551919840028\/","article_modified_time":"2019-02-20T03:03:30+00:00","twitter_card":"summary_large_image","twitter_misc":{"Est. tempo de leitura":"1 minuto"},"schema":{"@context":"https:\/\/schema.org","@graph":[{"@type":"Organization","@id":"https:\/\/www.abennacional.org.br\/site\/#organization","name":"ABEn Nacional","url":"https:\/\/www.abennacional.org.br\/site\/","sameAs":["https:\/\/www.facebook.com\/ABEn-Nacional-202551919840028\/","https:\/\/br.linkedin.com\/in\/aben-nacional-42385511b","https:\/\/www.youtube.com\/watch?v=m8cvAUgypCI"],"logo":{"@type":"ImageObject","@id":"https:\/\/www.abennacional.org.br\/site\/#logo","inLanguage":"pt-BR","url":"https:\/\/www.abennacional.org.br\/site\/wp-content\/uploads\/2018\/12\/logoaben_grande-2.png","contentUrl":"https:\/\/www.abennacional.org.br\/site\/wp-content\/uploads\/2018\/12\/logoaben_grande-2.png","width":410,"height":139,"caption":"ABEn Nacional"},"image":{"@id":"https:\/\/www.abennacional.org.br\/site\/#logo"}},{"@type":"WebSite","@id":"https:\/\/www.abennacional.org.br\/site\/#website","url":"https:\/\/www.abennacional.org.br\/site\/","name":"ABEn Nacional","description":"Associa\u00e7\u00e3o Brasileira de Enfermagem","publisher":{"@id":"https:\/\/www.abennacional.org.br\/site\/#organization"},"potentialAction":[{"@type":"SearchAction","target":{"@type":"EntryPoint","urlTemplate":"https:\/\/www.abennacional.org.br\/site\/?s={search_term_string}"},"query-input":"required name=search_term_string"}],"inLanguage":"pt-BR"},{"@type":"WebPage","@id":"https:\/\/www.abennacional.org.br\/site\/atas\/#webpage","url":"https:\/\/www.abennacional.org.br\/site\/atas\/","name":"Atas - ABEn Nacional","isPartOf":{"@id":"https:\/\/www.abennacional.org.br\/site\/#website"},"datePublished":"2018-12-17T12:35:50+00:00","dateModified":"2019-02-20T03:03:30+00:00","breadcrumb":{"@id":"https:\/\/www.abennacional.org.br\/site\/atas\/#breadcrumb"},"inLanguage":"pt-BR","potentialAction":[{"@type":"ReadAction","target":["https:\/\/www.abennacional.org.br\/site\/atas\/"]}]},{"@type":"BreadcrumbList","@id":"https:\/\/www.abennacional.org.br\/site\/atas\/#breadcrumb","itemListElement":[{"@type":"ListItem","position":1,"name":"In\u00edcio","item":"https:\/\/www.abennacional.org.br\/site\/"},{"@type":"ListItem","position":2,"name":"Atas"}]}]}},"jetpack_sharing_enabled":true,"jetpack_shortlink":"https:\/\/wp.me\/PaUzFo-9F","_links":{"self":[{"href":"https:\/\/www.abennacional.org.br\/site\/wp-json\/wp\/v2\/pages\/599"}],"collection":[{"href":"https:\/\/www.abennacional.org.br\/site\/wp-json\/wp\/v2\/pages"}],"about":[{"href":"https:\/\/www.abennacional.org.br\/site\/wp-json\/wp\/v2\/types\/page"}],"author":[{"embeddable":true,"href":"https:\/\/www.abennacional.org.br\/site\/wp-json\/wp\/v2\/users\/2"}],"replies":[{"embeddable":true,"href":"https:\/\/www.abennacional.org.br\/site\/wp-json\/wp\/v2\/comments?post=599"}],"version-history":[{"count":21,"href":"https:\/\/www.abennacional.org.br\/site\/wp-json\/wp\/v2\/pages\/599\/revisions"}],"predecessor-version":[{"id":2418,"href":"https:\/\/www.abennacional.org.br\/site\/wp-json\/wp\/v2\/pages\/599\/revisions\/2418"}],"wp:attachment":[{"href":"https:\/\/www.abennacional.org.br\/site\/wp-json\/wp\/v2\/media?parent=599"}],"curies":[{"name":"wp","href":"https:\/\/api.w.org\/{rel}","templated":true}]}}